{"id":988,"date":"2013-08-07T09:00:12","date_gmt":"2013-08-07T07:00:12","guid":{"rendered":"http:\/\/www.lifetremedal.eu\/?page_id=988"},"modified":"2022-03-14T15:24:26","modified_gmt":"2022-03-14T14:24:26","slug":"los-socios","status":"publish","type":"page","link":"https:\/\/lifetremedal.eu\/gl\/life-tremedal-2\/los-socios\/","title":{"rendered":"Os beneficiarios do proxecto"},"content":{"rendered":"<h3>TREMEDAL xorde da colaboraci\u00f3n entre sete organismo p\u00fablicos con experiencia na planificaci\u00f3n de espazos da Rede Natura 2000.<\/h3>\n<p>M\u00e1is al\u00f3 das acci\u00f3ns concretas de conservaci\u00f3n, que se realizar\u00e1n a nivel local, o proxecto ten un enfoque transversal dirixido ao intercambio de experiencias e \u00e1 aprendizaxe com\u00fan en relaci\u00f3n coa <strong>conservaci\u00f3n dos tipos de h\u00e1bitats turbosos e higr\u00f3filo<\/strong>s.<\/p>\n<div class=\"hr hr-solid\">&nbsp;<\/div>\n<h4>Socios<\/h4>\n<div class=\"one_third\">\n<a href=\"http:\/\/www.uniovi.es\/inicio\" target=\"_blank\" rel=\"noopener\"><img loading=\"lazy\" decoding=\"async\" class=\"alignnone size-full wp-image-204\" src=\"https:\/\/www.lifetremedal.eu\/wp-content\/uploads\/Uni-Oviedo.gif\" alt=\"Uni-Oviedo\" width=\"225\" height=\"100\" \/><\/a><a href=\"http:\/\/www.hazi.es\" target=\"_blank\" rel=\"noopener\"><img loading=\"lazy\" decoding=\"async\" class=\"alignnone size-full wp-image-200\" src=\"https:\/\/www.lifetremedal.eu\/wp-content\/uploads\/logo-hazi_vertical_alta.png\" alt=\"hazi\" width=\"225\" height=\"100\" \/><\/a>\n<\/div>\n<div class=\"one_third\">\n<a href=\"http:\/\/ibader.org\/\/\" target=\"_blank\" rel=\"noopener\"><img loading=\"lazy\" decoding=\"async\" class=\"alignnone size-full wp-image-205\" src=\"https:\/\/www.lifetremedal.eu\/wp-content\/uploads\/Uni-SC1.gif\" alt=\"Uni-SC\" width=\"225\" height=\"100\" \/><\/a><a href=\"http:\/\/www.alava.net\/cs\/Satellite?pagename=DiputacionAlava\/Page\/DPA_home\" target=\"_blank\" rel=\"noopener\"><img loading=\"lazy\" decoding=\"async\" class=\"alignnone size-full wp-image-195\" src=\"https:\/\/www.lifetremedal.eu\/wp-content\/uploads\/DF-Alava.gif\" alt=\"DF-Alava\" width=\"225\" height=\"100\" \/><\/a><a href=\"http:\/\/www.tragsa.es\" target=\"_blank\" rel=\"noopener\"><img loading=\"lazy\" decoding=\"async\" class=\"alignnone size-full wp-image-195\" src=\"https:\/\/www.lifetremedal.eu\/wp-content\/uploads\/Tragsa.gif\" alt=\"Grupo Tragsa\" width=\"225\" height=\"100\" \/><\/a>\n<\/div>\n<div class=\"one_third\">\n<a href=\"http:\/\/www.picoseuropa.net\/\" target=\"_blank\" rel=\"noopener\"><img loading=\"lazy\" decoding=\"async\" class=\"alignnone size-full wp-image-193\" src=\"https:\/\/www.lifetremedal.eu\/wp-content\/uploads\/Consorcio.gif\" alt=\"Consorcio\" width=\"225\" height=\"100\" \/><\/a><\/p>\n<p><a href=\"http:\/\/www.gan-nik.es\/\/\" target=\"_blank\" rel=\"noopener\"><img loading=\"lazy\" decoding=\"async\" class=\"alignnone size-full wp-image-198\" src=\"https:\/\/www.lifetremedal.eu\/wp-content\/uploads\/GAN.gif\" alt=\"GAN\" width=\"225\" height=\"100\" \/><\/a>\n<\/div>\n<div class=\"hr hr-solid\">&nbsp;<\/div>\n<div class=\"one_third\">\n<h4>Colaboradores<\/h4>\n<p><a href=\"http:\/\/www.xunta.es\/portada\" target=\"_blank\" rel=\"noopener\"><img loading=\"lazy\" decoding=\"async\" class=\"alignnone size-full wp-image-207\" src=\"https:\/\/www.lifetremedal.eu\/wp-content\/uploads\/Xunta-Gal.gif\" alt=\"Xunta-Gal\" width=\"225\" height=\"100\" \/><\/a><br \/>\n<a href=\"http:\/\/www.deputacionlugo.org\/portal_localweb_ag\/p_1_principal1.jsp?codResi=1&amp;language=gl\" target=\"_blank\" rel=\"noopener\"><img loading=\"lazy\" decoding=\"async\" class=\"alignnone size-full wp-image-194\" src=\"https:\/\/www.lifetremedal.eu\/wp-content\/uploads\/deputacion_lugo.gif\" alt=\"deputacion_lugo\" width=\"225\" height=\"100\" \/><\/a><br \/>\n<a href=\"http:\/\/botanico.gijon.es\/\" target=\"_blank\" rel=\"noopener\"><img loading=\"lazy\" decoding=\"async\" class=\"alignnone size-full wp-image-201\" src=\"https:\/\/www.lifetremedal.eu\/wp-content\/uploads\/Jardin-BA.gif\" alt=\"Jardin-BA\" width=\"225\" height=\"100\" \/><\/a>\n<\/div>\n<div class=\"one_third\">\n<h4><span style=\"color: #ffffff;\">Colaboradores<\/span><\/h4>\n<p><a href=\"http:\/\/www.asturias.es\/\" target=\"_blank\" rel=\"noopener\"><img loading=\"lazy\" decoding=\"async\" class=\"alignnone size-full wp-image-203\" src=\"https:\/\/www.lifetremedal.eu\/wp-content\/uploads\/Principado.gif\" alt=\"Principado\" width=\"225\" height=\"100\" \/><\/a><br \/>\n<a href=\"http:\/\/www.jcyl.es\/\" target=\"_blank\" rel=\"noopener\"><img loading=\"lazy\" decoding=\"async\" class=\"alignnone size-full wp-image-202\" src=\"https:\/\/www.lifetremedal.eu\/wp-content\/uploads\/Junta-CyL.gif\" alt=\"Junta-CyL\" width=\"225\" height=\"100\" \/><\/a><br \/>\n<a href=\"http:\/\/www.gipuzkoaaldundia.net\/es\/html\/index.shtml\" target=\"_blank\" rel=\"noopener\"><img loading=\"lazy\" decoding=\"async\" class=\"alignnone size-full wp-image-196\" src=\"https:\/\/www.lifetremedal.eu\/wp-content\/uploads\/DF-Guipuzkoa.gif\" alt=\"DF-Guipuzkoa\" width=\"225\" height=\"100\" \/><\/a>\n<\/div>\n<div class=\"one_third\">\n<h4><span style=\"color: #ffffff;\">Colaboradores<\/span><\/h4>\n<p><a href=\"http:\/\/www.uragentzia.euskadi.net\/\" target=\"_blank\" rel=\"noopener\"><img loading=\"lazy\" decoding=\"async\" class=\"alignnone size-full wp-image-206\" src=\"https:\/\/www.lifetremedal.eu\/wp-content\/uploads\/URA.gif\" alt=\"URA\" width=\"225\" height=\"100\" \/><\/a><br \/>\n<a href=\"http:\/\/www.euskadi.net\/r33-2220\/es\" target=\"_blank\" rel=\"noopener\"><img loading=\"lazy\" decoding=\"async\" class=\"alignnone size-full wp-image-197\" src=\"https:\/\/www.lifetremedal.eu\/wp-content\/uploads\/Euskadi.gif\" alt=\"Euskadi\" width=\"225\" height=\"100\" \/><\/a><\/p>\n<p><a href=\"http:\/\/www.navarra.es\" target=\"_blank\" rel=\"noopener\"><img loading=\"lazy\" decoding=\"async\" class=\"alignnone size-full wp-image-199\" src=\"https:\/\/www.lifetremedal.eu\/wp-content\/uploads\/GN.gif\" alt=\"GN\" width=\"225\" height=\"100\" \/><\/a>\n<\/div>\n","protected":false},"excerpt":{"rendered":"<p>TREMEDAL xorde da colaboraci\u00f3n entre sete organismo p\u00fablicos con experiencia na planificaci\u00f3n de espazos da Rede Natura 2000. M\u00e1is al\u00f3 das acci\u00f3ns concretas de conservaci\u00f3n, que se realizar\u00e1n a nivel local, o proxecto ten un enfoque transversal dirixido ao intercambio de experiencias e \u00e1 aprendizaxe com\u00fan en relaci\u00f3n coa conservaci\u00f3n dos tipos de h\u00e1bitats turbosos [&hellip;]<\/p>\n","protected":false},"author":2,"featured_media":0,"parent":977,"menu_order":0,"comment_status":"open","ping_status":"closed","template":"page-template-full-width.php","meta":{"footnotes":""},"class_list":["post-988","page","type-page","status-publish","hentry"],"_links":{"self":[{"href":"https:\/\/lifetremedal.eu\/gl\/wp-json\/wp\/v2\/pages\/988","targetHints":{"allow":["GET"]}}],"collection":[{"href":"https:\/\/lifetremedal.eu\/gl\/wp-json\/wp\/v2\/pages"}],"about":[{"href":"https:\/\/lifetremedal.eu\/gl\/wp-json\/wp\/v2\/types\/page"}],"author":[{"embeddable":true,"href":"https:\/\/lifetremedal.eu\/gl\/wp-json\/wp\/v2\/users\/2"}],"replies":[{"embeddable":true,"href":"https:\/\/lifetremedal.eu\/gl\/wp-json\/wp\/v2\/comments?post=988"}],"version-history":[{"count":19,"href":"https:\/\/lifetremedal.eu\/gl\/wp-json\/wp\/v2\/pages\/988\/revisions"}],"predecessor-version":[{"id":11963,"href":"https:\/\/lifetremedal.eu\/gl\/wp-json\/wp\/v2\/pages\/988\/revisions\/11963"}],"up":[{"embeddable":true,"href":"https:\/\/lifetremedal.eu\/gl\/wp-json\/wp\/v2\/pages\/977"}],"wp:attachment":[{"href":"https:\/\/lifetremedal.eu\/gl\/wp-json\/wp\/v2\/media?parent=988"}],"curies":[{"name":"wp","href":"https:\/\/api.w.org\/{rel}","templated":true}]}}