{"id":981,"date":"2013-08-07T08:49:23","date_gmt":"2013-08-07T06:49:23","guid":{"rendered":"http:\/\/www.lifetremedal.eu\/?page_id=981"},"modified":"2023-08-24T12:58:14","modified_gmt":"2023-08-24T10:58:14","slug":"programa-life","status":"publish","type":"page","link":"https:\/\/lifetremedal.eu\/gl\/programa-life\/","title":{"rendered":"Programa LIFE"},"content":{"rendered":"<h3>O <strong>Programa LIFE<\/strong> \u00e9 un instrumento financeiro da Uni\u00f3n Europea que ten como finalidade proporcionar o apoio necesario para desenvolver e aplicar a pol\u00edtica e lexislaci\u00f3n comunitaria en materia de medio ambiente.<\/h3>\n<div class=\"one_half\">\n<p>O Programa comezou en 1992; o 1 de xaneiro de 2007 pasou a denominarse Programa LIFE+, que se desenvolver\u00e1 ata o 31 de decembro de 2013.<\/p>\n<p>Os proxectos financiados por LIFE+ deben contribu\u00edr \u00e1 consecuci\u00f3n dos obxectivos espec\u00edficos dos seus tres \u00e1mbitos tem\u00e1ticos: <strong>Natureza e Biodiversidade, Pol\u00edtica e Gobernanza Medioambiental e Informaci\u00f3n e Comunicaci\u00f3n.<\/strong><\/p>\n<p><strong>O obxectivo principal do programa LIFE+ Natureza e Biodiversidade<\/strong> (ao que pertence o proxecto TREMEDAL) \u00e9 protexer, conservar, restaurar a flora e a fauna silvestres, os h\u00e1bitats naturais e en xeral, desenvolver o funcionamento dos sistemas naturais co fin de deter a perda de biodiversidade.<\/p>\n<\/div>\n<div class=\"one_half\">\n<p><img loading=\"lazy\" decoding=\"async\" class=\"alignright size-full wp-image-302\" alt=\"logo-LIFE\" src=\"http:\/\/www.lifetremedal.eu\/wp-content\/uploads\/logo-LIFE.jpg\" width=\"175\" height=\"145\" \/> Entre os <strong>obxectivos espec\u00edficos<\/strong> do programa prevese a aplicaci\u00f3n das Directivas Aves 2009\/147\/CE e H\u00e1bitat 92\/43\/CEE, e avalar o posterior desenvolvemento e execuci\u00f3n da Rede Natura 2000. Neste sentido, todas as acci\u00f3ns propostas no proxecto TREMEDAL est\u00e1n directamente relacionadas coa conservaci\u00f3n e manexo de h\u00e1bitats e especies de interese comunitario en aplicaci\u00f3n da Directiva H\u00e1bitats (1992\/43).<\/p>\n<p><strong>M\u00e1is informaci\u00f3n en:<\/strong><br \/>\n<a href=\"http:\/\/ec.europa.eu\/environment\/life\/\" target=\"_blank\" rel=\"noopener\">Official European page of the Life Programm<\/a><\/p>\n<\/div>\n","protected":false},"excerpt":{"rendered":"<p>O Programa LIFE \u00e9 un instrumento financeiro da Uni\u00f3n Europea que ten como finalidade proporcionar o apoio necesario para desenvolver e aplicar a pol\u00edtica e lexislaci\u00f3n comunitaria en materia de medio ambiente.<\/p>\n","protected":false},"author":2,"featured_media":0,"parent":0,"menu_order":0,"comment_status":"open","ping_status":"closed","template":"page-template-full-width.php","meta":{"footnotes":""},"class_list":["post-981","page","type-page","status-publish","hentry"],"_links":{"self":[{"href":"https:\/\/lifetremedal.eu\/gl\/wp-json\/wp\/v2\/pages\/981","targetHints":{"allow":["GET"]}}],"collection":[{"href":"https:\/\/lifetremedal.eu\/gl\/wp-json\/wp\/v2\/pages"}],"about":[{"href":"https:\/\/lifetremedal.eu\/gl\/wp-json\/wp\/v2\/types\/page"}],"author":[{"embeddable":true,"href":"https:\/\/lifetremedal.eu\/gl\/wp-json\/wp\/v2\/users\/2"}],"replies":[{"embeddable":true,"href":"https:\/\/lifetremedal.eu\/gl\/wp-json\/wp\/v2\/comments?post=981"}],"version-history":[{"count":9,"href":"https:\/\/lifetremedal.eu\/gl\/wp-json\/wp\/v2\/pages\/981\/revisions"}],"predecessor-version":[{"id":12135,"href":"https:\/\/lifetremedal.eu\/gl\/wp-json\/wp\/v2\/pages\/981\/revisions\/12135"}],"wp:attachment":[{"href":"https:\/\/lifetremedal.eu\/gl\/wp-json\/wp\/v2\/media?parent=981"}],"curies":[{"name":"wp","href":"https:\/\/api.w.org\/{rel}","templated":true}]}}