{"id":979,"date":"2013-08-07T08:44:38","date_gmt":"2013-08-07T06:44:38","guid":{"rendered":"http:\/\/www.lifetremedal.eu\/?page_id=979"},"modified":"2013-10-11T11:01:01","modified_gmt":"2013-10-11T09:01:01","slug":"obxectivos","status":"publish","type":"page","link":"https:\/\/lifetremedal.eu\/gl\/life-tremedal-2\/obxectivos\/","title":{"rendered":"Obxectivos"},"content":{"rendered":"<h3>O obxectivo xeral do proxecto \u00e9 <strong>mellorar o estado de conservaci\u00f3n<\/strong> e a <strong>resiliencia<\/strong> dos tipos de h\u00e1bitats turbosos e higr\u00f3filos presentes nos enclaves que conforman o \u00e1mbito de TREMEDAL.<\/h3>\n<p>Outros obxectivos m\u00e1is espec\u00edficos van dirixidos a paliar as diferentes causas que contrib\u00faen \u00e1 degradaci\u00f3n destes h\u00e1bitats:<\/p>\n<div class=\"one_half\">\n<ul>\n<li>Executar <strong>actuaci\u00f3ns de restauraci\u00f3n<\/strong> de correcci\u00f3n hidrol\u00f3xica e topogr\u00e1fica, de erradicaci\u00f3n de especies ex\u00f3ticas e de instalaci\u00f3n de infraestruturas de xesti\u00f3n gandeira.<\/li>\n<li>Desenvolver medidas para <strong>asegurar a conservaci\u00f3n no tempo dos h\u00e1bitats e especies<\/strong> obxecto do proxecto (eliminando ou reducindo a intensidade das presi\u00f3ns que reciben e desenvolvendo ferramentas apropiadas como por exemplo o banco de xermoplasma ou a elaboraci\u00f3n de directrices de xesti\u00f3n).<\/li>\n<li><strong>Dispo\u00f1er de informaci\u00f3n actualizada e homox\u00e9nea<\/strong> para a Rexi\u00f3n Bioxeogr\u00e1fica Atl\u00e1ntica da Pen\u00ednsula Ib\u00e9rica e a s\u00faa zona de transici\u00f3n sobre a presenza e distribuci\u00f3n, as\u00ed como a tipificaci\u00f3n e caracterizaci\u00f3n dos h\u00e1bitats de turbeira.<\/li>\n<\/ul>\n<\/div>\n<div class=\"one_half\">\n<ul>\n<li><strong>Mellorar o co\u00f1ecemento<\/strong> sobre a forma de xestionar e restaurar este tipo de h\u00e1bitats.<\/li>\n<li><strong>Informar e sensibilizar a sociedade<\/strong> en xeral sobre valores e servizos ambientais que proporcionan os humidais continentais en xeral e os h\u00e1bitats de turbeira e medios higr\u00f3filos en particular.<\/li>\n<\/ul>\n<\/div>\n","protected":false},"excerpt":{"rendered":"<p>O obxectivo xeral do proxecto \u00e9 mellorar o estado de conservaci\u00f3n e a resiliencia dos tipos de h\u00e1bitats turbosos e higr\u00f3filos presentes nos enclaves que conforman o \u00e1mbito de TREMEDAL. Outros obxectivos m\u00e1is espec\u00edficos van dirixidos a paliar as diferentes causas que contrib\u00faen \u00e1 degradaci\u00f3n destes h\u00e1bitats:<\/p>\n","protected":false},"author":2,"featured_media":0,"parent":977,"menu_order":0,"comment_status":"open","ping_status":"closed","template":"page-template-full-width.php","meta":{"footnotes":""},"class_list":["post-979","page","type-page","status-publish","hentry"],"_links":{"self":[{"href":"https:\/\/lifetremedal.eu\/gl\/wp-json\/wp\/v2\/pages\/979","targetHints":{"allow":["GET"]}}],"collection":[{"href":"https:\/\/lifetremedal.eu\/gl\/wp-json\/wp\/v2\/pages"}],"about":[{"href":"https:\/\/lifetremedal.eu\/gl\/wp-json\/wp\/v2\/types\/page"}],"author":[{"embeddable":true,"href":"https:\/\/lifetremedal.eu\/gl\/wp-json\/wp\/v2\/users\/2"}],"replies":[{"embeddable":true,"href":"https:\/\/lifetremedal.eu\/gl\/wp-json\/wp\/v2\/comments?post=979"}],"version-history":[{"count":2,"href":"https:\/\/lifetremedal.eu\/gl\/wp-json\/wp\/v2\/pages\/979\/revisions"}],"predecessor-version":[{"id":1247,"href":"https:\/\/lifetremedal.eu\/gl\/wp-json\/wp\/v2\/pages\/979\/revisions\/1247"}],"up":[{"embeddable":true,"href":"https:\/\/lifetremedal.eu\/gl\/wp-json\/wp\/v2\/pages\/977"}],"wp:attachment":[{"href":"https:\/\/lifetremedal.eu\/gl\/wp-json\/wp\/v2\/media?parent=979"}],"curies":[{"name":"wp","href":"https:\/\/api.w.org\/{rel}","templated":true}]}}