{"id":977,"date":"2013-08-07T08:41:09","date_gmt":"2013-08-07T06:41:09","guid":{"rendered":"http:\/\/www.lifetremedal.eu\/?page_id=977"},"modified":"2013-08-07T08:41:09","modified_gmt":"2013-08-07T06:41:09","slug":"life-tremedal-2","status":"publish","type":"page","link":"https:\/\/lifetremedal.eu\/gl\/life-tremedal-2\/","title":{"rendered":"Life Tremedal"},"content":{"rendered":"<h3><strong>TREMEDAL<\/strong> \u00e9 un proxecto <strong>LIFE Natureza<\/strong> que ten como obxectivo mellorar o estado de conservaci\u00f3n e garantir a supervivencia a longo prazo dalg\u00fans dos tipos de h\u00e1bitats e especies de interese comunitario asociados aos humidais continentais do norte da Pen\u00ednsula Ib\u00e9rica.<\/h3>\n<h5><span style=\"color: #ff0000\">Para logralo vai desenvolver as seguintes acci\u00f3ns:<\/span><\/h5>\n<div class=\"one_third\">\n<ul>\n<li><strong>Mellora do co\u00f1ecemento,<\/strong> para obter informaci\u00f3n actualizada e homox\u00e9nea sobre a presenza, distribuci\u00f3n e caracterizaci\u00f3n dos h\u00e1bitats de turbeira, e recompilar experiencias para mellorar a s\u00faa xesti\u00f3n e restauraci\u00f3n.<\/li>\n<\/ul>\n<\/div>\n<div class=\"one_third\">\n<ul>\n<li><strong>Proxectos para a restauraci\u00f3n e conservaci\u00f3n destes h\u00e1bitats<\/strong> (medidas de correcci\u00f3n hidrol\u00f3xica e topogr\u00e1fica, erradicaci\u00f3n de especies ex\u00f3ticas e instalaci\u00f3n de infraestruturas de xesti\u00f3n gandeira).<\/li>\n<\/ul>\n<\/div>\n<div class=\"one_third\">\n<ul>\n<li><strong>Informaci\u00f3n e sensibilizaci\u00f3n da sociedade<\/strong> sobre os valores e servizos ambientais que proporcionan os humidais continentais en xeral, e os h\u00e1bitats de turbeira e medios higr\u00f3filos en particular.<\/li>\n<\/ul>\n<\/div>\n<div class=\"hr hr-dotted\">&nbsp;<\/div>\n<p>Entre os H\u00e1bitats de Interese Comunitario e prioritario) obxecto deste proxecto destacan alg\u00fans tipos de turbeiras acedas de esfagnos (7130*, 7140, 7150), \u00e1reas lamacentas calc\u00e1reas (7210*,7230), prados h\u00famidos e de sega (6410, 6510) e lagos k\u00e1rsticos sobre xesos (3190).<\/p>\n<p>Entre as especies de flora de Interese Comunitario que son obxectivo do proxecto destacan <em>Eryngium viviparum, Narcissus pseudonarcissus subsp. nobilis<\/em> e <em>Spiranthes aestivalis<\/em>.<\/p>\n","protected":false},"excerpt":{"rendered":"<p>TREMEDAL \u00e9 un proxecto LIFE Natureza que ten como obxectivo mellorar o estado de conservaci\u00f3n e garantir a supervivencia a longo prazo dalg\u00fans dos tipos de h\u00e1bitats e especies de interese comunitario asociados aos humidais continentais do norte da Pen\u00ednsula Ib\u00e9rica. Para logralo vai desenvolver as seguintes acci\u00f3ns: Entre os H\u00e1bitats de Interese Comunitario e [&hellip;]<\/p>\n","protected":false},"author":2,"featured_media":0,"parent":0,"menu_order":0,"comment_status":"open","ping_status":"closed","template":"page-template-full-width.php","meta":{"footnotes":""},"class_list":["post-977","page","type-page","status-publish","hentry"],"_links":{"self":[{"href":"https:\/\/lifetremedal.eu\/gl\/wp-json\/wp\/v2\/pages\/977","targetHints":{"allow":["GET"]}}],"collection":[{"href":"https:\/\/lifetremedal.eu\/gl\/wp-json\/wp\/v2\/pages"}],"about":[{"href":"https:\/\/lifetremedal.eu\/gl\/wp-json\/wp\/v2\/types\/page"}],"author":[{"embeddable":true,"href":"https:\/\/lifetremedal.eu\/gl\/wp-json\/wp\/v2\/users\/2"}],"replies":[{"embeddable":true,"href":"https:\/\/lifetremedal.eu\/gl\/wp-json\/wp\/v2\/comments?post=977"}],"version-history":[{"count":2,"href":"https:\/\/lifetremedal.eu\/gl\/wp-json\/wp\/v2\/pages\/977\/revisions"}],"predecessor-version":[{"id":4057,"href":"https:\/\/lifetremedal.eu\/gl\/wp-json\/wp\/v2\/pages\/977\/revisions\/4057"}],"wp:attachment":[{"href":"https:\/\/lifetremedal.eu\/gl\/wp-json\/wp\/v2\/media?parent=977"}],"curies":[{"name":"wp","href":"https:\/\/api.w.org\/{rel}","templated":true}]}}