{"id":974,"date":"2013-08-07T08:36:39","date_gmt":"2013-08-07T06:36:39","guid":{"rendered":"http:\/\/www.lifetremedal.eu\/?page_id=974"},"modified":"2022-03-14T15:18:35","modified_gmt":"2022-03-14T14:18:35","slug":"inicio-gl","status":"publish","type":"page","link":"https:\/\/lifetremedal.eu\/gl\/","title":{"rendered":"Home"},"content":{"rendered":"<div class=\"one_half\">\n<img decoding=\"async\" id=\"map-image\" style=\"width: 425px; max-width: 100%; height: auto;\" src=\"https:\/\/lifetremedal.eu\/wp-content\/uploads\/publis-e1557220012900.jpg\" alt=\"\" usemap=\"#publis\" \/><\/p>\n<map name=\"publis\">\n<area title=\"Manual-de-buenas-practicas-en-la-gestion-de-turberas-y-humedales\" alt=\"turberas-y-humedales\" coords=\"4, 3, 152, 206\" shape=\"rect\" href=\"https:\/\/lifetremedal.eu\/wp-content\/uploads\/Manual-de-buenas-practicas-en-la-gestion-de-turberas-y-humedales.pdf\" \/>\n<area title=\"Habitats-de-turbera-en-la-Red-Natura-2000\" alt=\"Turbera-Natura-2000\" coords=\"157, 4, 422, 206\" shape=\"rect\" href=\"http:\/\/lifetremedal.eu\/wp-content\/uploads\/HabitatsdeTurberaenlaRedNatura2000-94.pdf\" \/>\n<area title=\"Conservacion-e-Xestion-de-Humidais-en-Galicia\" alt=\"Humidais-en-Galicia\" coords=\"4, 211, 152, 574\" shape=\"rect\" href=\"http:\/\/lifetremedal.eu\/wp-content\/uploads\/2017_xestionhumidais-98.pdf\" \/>\n<area title=\"Identificacion-valoraci\u00f3n-y-restauraci\u00f3n-de-turberas\" alt=\"Identificacion-de-turberas\" coords=\"157, 211, 423, 575\" shape=\"rect\" href=\"http:\/\/www.bizkaia.eus\/home2\/archivos\/DPTO9\/Temas\/Life\/SEMINARIO_FINAL\/MONOGRAFICO%20TURBERA\/Identificacion,valoracion_%20y_restaurecion_de_turberas_contribuciones_recientes.pdf?hash=8ba474dd827b721211ca31665dd00182&amp;idioma=CA\" \/> <\/map>\n<p><script type=\"text\/javascript\" src=\"\/\/ajax.googleapis.com\/ajax\/libs\/jquery\/1.10.2\/jquery.min.js\"><\/script>\n<\/div>\n<div class=\"one_half\">\n<div class=\"tt-notification neutral\">\n<p style=\"font-size:14px;\"><a href=\"http:\/\/lifetremedal.eu\/wp-content\/uploads\/Cuento-drosera-GL.png\"><img loading=\"lazy\" decoding=\"async\" class=\"alignnone wp-image-10060 size-full\" src=\"http:\/\/lifetremedal.eu\/wp-content\/uploads\/Cuento-drosera-GL.png\" alt=\"\" width=\"1260\" height=\"1260\" srcset=\"https:\/\/lifetremedal.eu\/wp-content\/uploads\/Cuento-drosera-GL.png 1260w, https:\/\/lifetremedal.eu\/wp-content\/uploads\/Cuento-drosera-GL-150x150.png 150w, https:\/\/lifetremedal.eu\/wp-content\/uploads\/Cuento-drosera-GL-300x300.png 300w, https:\/\/lifetremedal.eu\/wp-content\/uploads\/Cuento-drosera-GL-1024x1024.png 1024w\" sizes=\"auto, (max-width: 1260px) 100vw, 1260px\" \/><\/a><a title=\"Informe Layman GAL\" href=\"http:\/\/lifetremedal.eu\/wp-content\/uploads\/Layman-GALEGO.pdf\" target=\"_blank\" rel=\"noopener noreferrer\">Descargar<\/a> <\/p>\n<\/div>\n<h5><strong>LIFE+TREMEDAL<\/strong> \u00e9 un proxecto que ten como obxectivo mellorar o estado de conservaci\u00f3n e garantir a supervivencia a longo prazo dalg\u00fans dos tipos de h\u00e1bitats e especies de interese comunitario asociados aos humidais continentais do norte da Pen\u00ednsula Ib\u00e9rica.<\/h5>\n<\/div>\n<p style=\"text-align: center;\"><img loading=\"lazy\" decoding=\"async\" class=\"alignnone wp-image-3310 size-full\" src=\"http:\/\/lifetremedal.eu\/wp-content\/uploads\/banner-dia-red-natura.gif\" alt=\"banner-dia-red-natura\" width=\"728\" height=\"90\" \/><\/p>\n","protected":false},"excerpt":{"rendered":"","protected":false},"author":2,"featured_media":0,"parent":0,"menu_order":0,"comment_status":"open","ping_status":"closed","template":"page-template-home-jquery-sidebar.php","meta":{"footnotes":""},"class_list":["post-974","page","type-page","status-publish","hentry"],"_links":{"self":[{"href":"https:\/\/lifetremedal.eu\/gl\/wp-json\/wp\/v2\/pages\/974","targetHints":{"allow":["GET"]}}],"collection":[{"href":"https:\/\/lifetremedal.eu\/gl\/wp-json\/wp\/v2\/pages"}],"about":[{"href":"https:\/\/lifetremedal.eu\/gl\/wp-json\/wp\/v2\/types\/page"}],"author":[{"embeddable":true,"href":"https:\/\/lifetremedal.eu\/gl\/wp-json\/wp\/v2\/users\/2"}],"replies":[{"embeddable":true,"href":"https:\/\/lifetremedal.eu\/gl\/wp-json\/wp\/v2\/comments?post=974"}],"version-history":[{"count":42,"href":"https:\/\/lifetremedal.eu\/gl\/wp-json\/wp\/v2\/pages\/974\/revisions"}],"predecessor-version":[{"id":11959,"href":"https:\/\/lifetremedal.eu\/gl\/wp-json\/wp\/v2\/pages\/974\/revisions\/11959"}],"wp:attachment":[{"href":"https:\/\/lifetremedal.eu\/gl\/wp-json\/wp\/v2\/media?parent=974"}],"curies":[{"name":"wp","href":"https:\/\/api.w.org\/{rel}","templated":true}]}}