{"id":5051,"date":"2013-06-18T08:00:25","date_gmt":"2013-06-18T06:00:25","guid":{"rendered":"http:\/\/www.lifetremedal.eu\/?page_id=5051"},"modified":"2014-11-13T14:00:07","modified_gmt":"2014-11-13T13:00:07","slug":"natura-2000","status":"publish","type":"page","link":"https:\/\/lifetremedal.eu\/gl\/natura-2000\/","title":{"rendered":"Natura 2000"},"content":{"rendered":"<h3><b>Introduci\u00f3n \u00e1 Rede Natura Rexi\u00f3n Atl\u00e1ntica<\/b><\/h3>\n<h5><span style=\"color: #ff0000;\">A Uni\u00f3n Europea conta con nove rexi\u00f3ns bioxeogr\u00e1ficas, cada unha das cales conserva as s\u00faas propias caracter\u00edsticas en canto \u00e1 variedade da vexetaci\u00f3n, o clima e a xeolox\u00eda. Os Lugares de Interese Comunitario (LIC) selecci\u00f3nanse de acordo a cada rexi\u00f3n sobre a base das listas nacionais presentadas por cada Estado membro na rexi\u00f3n correspondente<\/span>.<\/h5>\n<div class=\"one_half\">\n<p><span style=\"color: #000000;\">Traballar a este nivel fai que sexa m\u00e1is doado de conservar as especies e tipos de h\u00e1bitats que mostran condici\u00f3ns naturais similares a trav\u00e9s dos pa\u00edses, independentemente das s\u00faas fronteiras pol\u00edticas e administrativas. Xunto coas zonas de protecci\u00f3n especial para as aves designadas na Directiva Aves, os LIC seleccionados para cada rexi\u00f3n biogeogr\u00e1fica conforman a rede Natura 2000, que abrangue 27 pa\u00edses da Uni\u00f3n Europea. Unha destas rexi\u00f3ns \u00e9 a Atl\u00e1ntica, na que se enmarca o proxecto TREMEDAL<\/span>.<\/p>\n<p><strong>Natura 2000<\/strong> \u00e9 unha rede ecol\u00f3xica europea de \u00e1reas de conservaci\u00f3n da biodiversidade, cuxo obxectivo \u00e9 a supervivencia a longo prazo das especies e os h\u00e1bitats m\u00e1is ameazados de Europa, contribu\u00edndo a deter a perda de biodiversidade causada polo impacto negativo das actividades humanas.<\/p>\n<p><span style=\"color: #000000;\">Componse de Lugares de Interese Comunitario (LIC) declarados polos Estados membros en virtude da Directiva de H\u00e1bitats (1992\/43) e Zonas de Especial Protecci\u00f3n para as Aves (ZEPA) que se designan baixo a Directiva de Aves 1979<\/span>.<\/p>\n<\/div>\n<div class=\"one_half\">\n<p>Estes LIC deben ser designados como Zonas Especiais de Conservaci\u00f3n (ZEC) e para iso \u00e9 necesario desenvolver un plan de xesti\u00f3n que establecer\u00e1 os obxectivos operativos, medidas e directrices necesarias para lograr os obxectivos.<\/p>\n<p>Segundo datos de 2009, Espa\u00f1a designou un 24,5% da s\u00faa superficie terrestre como Lugares de Interese Comunitario (LIC) e 20,6% como Zonas de Especial Protecci\u00f3n para as Aves (ZEPA).<\/p>\n<p><strong>Para m\u00e1is informaci\u00f3n:<\/strong><br \/>\n<a href=\"http:\/\/ec.europa.eu\/environment\/nature\/natura2000\/\" target=\"_blank\">A web da Rede Europea Natura 2000<\/a><br \/>\n<a href=\"http:\/\/www.magrama.gob.es\/es\/\">Oficial MAGRAMA web sobre Natura 2000<\/a><\/p>\n<\/div>\n","protected":false},"excerpt":{"rendered":"<p>Introduci\u00f3n \u00e1 Rede Natura Rexi\u00f3n Atl\u00e1ntica A Uni\u00f3n Europea conta con nove rexi\u00f3ns bioxeogr\u00e1ficas, cada unha das cales conserva as s\u00faas propias caracter\u00edsticas en canto \u00e1 variedade da vexetaci\u00f3n, o clima e a xeolox\u00eda. Os Lugares de Interese Comunitario (LIC) selecci\u00f3nanse de acordo a cada rexi\u00f3n sobre a base das listas nacionais presentadas por cada [&hellip;]<\/p>\n","protected":false},"author":2,"featured_media":0,"parent":0,"menu_order":0,"comment_status":"open","ping_status":"closed","template":"page-template-full-width.php","meta":{"footnotes":""},"class_list":["post-5051","page","type-page","status-publish","hentry"],"_links":{"self":[{"href":"https:\/\/lifetremedal.eu\/gl\/wp-json\/wp\/v2\/pages\/5051","targetHints":{"allow":["GET"]}}],"collection":[{"href":"https:\/\/lifetremedal.eu\/gl\/wp-json\/wp\/v2\/pages"}],"about":[{"href":"https:\/\/lifetremedal.eu\/gl\/wp-json\/wp\/v2\/types\/page"}],"author":[{"embeddable":true,"href":"https:\/\/lifetremedal.eu\/gl\/wp-json\/wp\/v2\/users\/2"}],"replies":[{"embeddable":true,"href":"https:\/\/lifetremedal.eu\/gl\/wp-json\/wp\/v2\/comments?post=5051"}],"version-history":[{"count":2,"href":"https:\/\/lifetremedal.eu\/gl\/wp-json\/wp\/v2\/pages\/5051\/revisions"}],"predecessor-version":[{"id":5059,"href":"https:\/\/lifetremedal.eu\/gl\/wp-json\/wp\/v2\/pages\/5051\/revisions\/5059"}],"wp:attachment":[{"href":"https:\/\/lifetremedal.eu\/gl\/wp-json\/wp\/v2\/media?parent=5051"}],"curies":[{"name":"wp","href":"https:\/\/api.w.org\/{rel}","templated":true}]}}