{"id":3109,"date":"2014-05-08T09:55:17","date_gmt":"2014-05-08T07:55:17","guid":{"rendered":"http:\/\/www.lifetremedal.eu\/?page_id=3109"},"modified":"2015-05-13T12:37:43","modified_gmt":"2015-05-13T10:37:43","slug":"arquivo-fotografico","status":"publish","type":"page","link":"https:\/\/lifetremedal.eu\/gl\/arquivo-fotografico\/","title":{"rendered":"Arquivo Fotogr\u00e1fico"},"content":{"rendered":"<table width=\"955\" border=\"1\" cellspacing=\"0\" cellpadding=\"0\">\n<tbody>\n<tr>\n<td valign=\"top\" width=\"144\">\n<h5 style=\"text-align: center;\"><b><a title=\"Arquivo fotogr\u00e1fico de Navarra\" href=\"http:\/\/www.lifetremedal.eu\/gl\/arquivo-fotografico\/arquivo-fotografico-de-navarra\/\">Navarra<\/a><\/b><\/h5>\n<\/td>\n<td valign=\"top\" width=\"144\">\n<h5 style=\"text-align: center;\"><b><a title=\"Arquivo Fotogr\u00e1fico do Pa\u00eds Vasco\" href=\"http:\/\/www.lifetremedal.eu\/gl\/arquivo-fotografico\/arquivo-fotografico-do-pais-vasco\/\">Pa\u00eds Vasco<\/a><\/b><\/h5>\n<\/td>\n<td valign=\"top\" width=\"144\">\n<h5 style=\"text-align: center;\">\u00a0<a title=\"Foto Arquivo PN Picos de Europa\" href=\"http:\/\/www.lifetremedal.eu\/gl\/arquivo-fotografico\/foto-arquivo-pn-picos-de-europa\/\">Asturias PN Picos de Europa<\/a><\/h5>\n<\/td>\n<td valign=\"top\" width=\"144\">\n<h5 style=\"text-align: center;\">\u00a0<a title=\"Arquivo Fotogr\u00e1fico de Galicia\" href=\"http:\/\/www.lifetremedal.eu\/gl\/arquivo-fotografico\/arquivo-fotografico-de-galicia\/\">Galicia<\/a><\/h5>\n<\/td>\n<\/tr>\n<\/tbody>\n<\/table>\n<h5>Xeral<\/h5>\n<style type=\"text\/css\">\n\t\t\t#gallery-1 {\n\t\t\t\tmargin: auto;\n\t\t\t}\n\t\t\t#gallery-1 .gallery-item {\n\t\t\t\tfloat: left;\n\t\t\t\tmargin-top: 10px;\n\t\t\t\ttext-align: center;\n\t\t\t\twidth: 33%;\n\t\t\t}\n\t\t\t#gallery-1 img {\n\t\t\t\tborder: 2px solid #cfcfcf;\n\t\t\t}\n\t\t\t#gallery-1 .gallery-caption {\n\t\t\t\tmargin-left: 0;\n\t\t\t}\n\t\t\t\/* see gallery_shortcode() in wp-includes\/media.php *\/\n\t\t<\/style>\n<div id='gallery-1' class='gallery galleryid-3109 gallery-columns-3 gallery-size-thumbnail'>\n<dl class='gallery-item'>\n<dt class='gallery-icon landscape'>\n\t\t\t\t<a href='https:\/\/lifetremedal.eu\/wp-content\/uploads\/Reuni\u00f3n-de-trabajo-Comision-Europea-2015.jpg'><img loading=\"lazy\" decoding=\"async\" width=\"150\" height=\"150\" src=\"https:\/\/lifetremedal.eu\/wp-content\/uploads\/Reuni\u00f3n-de-trabajo-Comision-Europea-2015-150x150.jpg\" class=\"attachment-thumbnail size-thumbnail\" alt=\"\" aria-describedby=\"gallery-1-10912\" \/><\/a>\n\t\t\t<\/dt>\n<dd class='wp-caption-text gallery-caption' id='gallery-1-10912'>\n\t\t\t\tReuni\u00f3n de trabajo Comision Europea 2015\n\t\t\t\t<\/dd>\n<\/dl>\n<dl class='gallery-item'>\n<dt class='gallery-icon landscape'>\n\t\t\t\t<a href='https:\/\/lifetremedal.eu\/wp-content\/uploads\/Visita-Comison-Europeoa-grupo-2015.jpg'><img loading=\"lazy\" decoding=\"async\" width=\"150\" height=\"150\" src=\"https:\/\/lifetremedal.eu\/wp-content\/uploads\/Visita-Comison-Europeoa-grupo-2015-150x150.jpg\" class=\"attachment-thumbnail size-thumbnail\" alt=\"\" aria-describedby=\"gallery-1-10904\" \/><\/a>\n\t\t\t<\/dt>\n<dd class='wp-caption-text gallery-caption' id='gallery-1-10904'>\n\t\t\t\tVisita Comison Europea 2015 (1)\n\t\t\t\t<\/dd>\n<\/dl>\n<dl class='gallery-item'>\n<dt class='gallery-icon landscape'>\n\t\t\t\t<a href='https:\/\/lifetremedal.eu\/wp-content\/uploads\/Visita-Comision-Europea-Belate-2015.jpg'><img loading=\"lazy\" decoding=\"async\" width=\"150\" height=\"150\" src=\"https:\/\/lifetremedal.eu\/wp-content\/uploads\/Visita-Comision-Europea-Belate-2015-150x150.jpg\" class=\"attachment-thumbnail size-thumbnail\" alt=\"\" aria-describedby=\"gallery-1-10916\" \/><\/a>\n\t\t\t<\/dt>\n<dd class='wp-caption-text gallery-caption' id='gallery-1-10916'>\n\t\t\t\tVisita Comision Europea Belate 2015 (2)\n\t\t\t\t<\/dd>\n<\/dl>\n<p><br style=\"clear: both\" \/><\/p>\n<dl class='gallery-item'>\n<dt class='gallery-icon landscape'>\n\t\t\t\t<a href='https:\/\/lifetremedal.eu\/wp-content\/uploads\/Visita-Comision-Europea-Belate-2015-2.jpg'><img loading=\"lazy\" decoding=\"async\" width=\"150\" height=\"150\" src=\"https:\/\/lifetremedal.eu\/wp-content\/uploads\/Visita-Comision-Europea-Belate-2015-2-150x150.jpg\" class=\"attachment-thumbnail size-thumbnail\" alt=\"\" aria-describedby=\"gallery-1-10920\" \/><\/a>\n\t\t\t<\/dt>\n<dd class='wp-caption-text gallery-caption' id='gallery-1-10920'>\n\t\t\t\tVisita Comision Europea Belate 2015 (3)\n\t\t\t\t<\/dd>\n<\/dl>\n<dl class='gallery-item'>\n<dt class='gallery-icon landscape'>\n\t\t\t\t<a href='https:\/\/lifetremedal.eu\/wp-content\/uploads\/Visita-Comision-Europea-Belate-2015-4.jpg'><img loading=\"lazy\" decoding=\"async\" width=\"150\" height=\"150\" src=\"https:\/\/lifetremedal.eu\/wp-content\/uploads\/Visita-Comision-Europea-Belate-2015-4-150x150.jpg\" class=\"attachment-thumbnail size-thumbnail\" alt=\"\" aria-describedby=\"gallery-1-10928\" \/><\/a>\n\t\t\t<\/dt>\n<dd class='wp-caption-text gallery-caption' id='gallery-1-10928'>\n\t\t\t\tVisita Comision Europea Belate 2015 (4)\n\t\t\t\t<\/dd>\n<\/dl>\n<dl class='gallery-item'>\n<dt class='gallery-icon landscape'>\n\t\t\t\t<a href='https:\/\/lifetremedal.eu\/wp-content\/uploads\/Visita-Comision-Europea-Belate-2015-5.jpg'><img loading=\"lazy\" decoding=\"async\" width=\"150\" height=\"150\" src=\"https:\/\/lifetremedal.eu\/wp-content\/uploads\/Visita-Comision-Europea-Belate-2015-5-150x150.jpg\" class=\"attachment-thumbnail size-thumbnail\" alt=\"\" aria-describedby=\"gallery-1-10924\" \/><\/a>\n\t\t\t<\/dt>\n<dd class='wp-caption-text gallery-caption' id='gallery-1-10924'>\n\t\t\t\tVisita Comision Europea Belate 2015 (5)\n\t\t\t\t<\/dd>\n<\/dl>\n<p><br style=\"clear: both\" \/><\/p>\n<dl class='gallery-item'>\n<dt class='gallery-icon portrait'>\n\t\t\t\t<a href='https:\/\/lifetremedal.eu\/wp-content\/uploads\/Ping\u00fcicula-grandiflora.jpg'><img loading=\"lazy\" decoding=\"async\" width=\"150\" height=\"150\" src=\"https:\/\/lifetremedal.eu\/wp-content\/uploads\/Ping\u00fcicula-grandiflora-150x150.jpg\" class=\"attachment-thumbnail size-thumbnail\" alt=\"\" aria-describedby=\"gallery-1-10908\" \/><\/a>\n\t\t\t<\/dt>\n<dd class='wp-caption-text gallery-caption' id='gallery-1-10908'>\n\t\t\t\tPing\u00fcicula grandiflora\n\t\t\t\t<\/dd>\n<\/dl>\n<dl class='gallery-item'>\n<dt class='gallery-icon landscape'>\n\t\t\t\t<a href='https:\/\/lifetremedal.eu\/wp-content\/uploads\/VI-Comite-Tecnico_-Gijon-23-4-2015.jpg'><img loading=\"lazy\" decoding=\"async\" width=\"150\" height=\"150\" src=\"https:\/\/lifetremedal.eu\/wp-content\/uploads\/VI-Comite-Tecnico_-Gijon-23-4-2015-150x150.jpg\" class=\"attachment-thumbnail size-thumbnail\" alt=\"\" aria-describedby=\"gallery-1-10576\" \/><\/a>\n\t\t\t<\/dt>\n<dd class='wp-caption-text gallery-caption' id='gallery-1-10576'>\n\t\t\t\tVI Comit\u00e9 T\u00e9cnico en Gij\u00f3n 23\/04\/2015\n\t\t\t\t<\/dd>\n<\/dl>\n<dl class='gallery-item'>\n<dt class='gallery-icon landscape'>\n\t\t\t\t<a href='https:\/\/lifetremedal.eu\/wp-content\/uploads\/VI-Comite-Tecnico_-JBA-Gijon-23-4-2015.jpg'><img loading=\"lazy\" decoding=\"async\" width=\"150\" height=\"150\" src=\"https:\/\/lifetremedal.eu\/wp-content\/uploads\/VI-Comite-Tecnico_-JBA-Gijon-23-4-2015-150x150.jpg\" class=\"attachment-thumbnail size-thumbnail\" alt=\"\" aria-describedby=\"gallery-1-10580\" \/><\/a>\n\t\t\t<\/dt>\n<dd class='wp-caption-text gallery-caption' id='gallery-1-10580'>\n\t\t\t\tVI Comit\u00e9 T\u00e9cnico en Gijon 23\/04\/2015\n\t\t\t\t<\/dd>\n<\/dl>\n<p><br style=\"clear: both\" \/><\/p>\n<dl class='gallery-item'>\n<dt class='gallery-icon landscape'>\n\t\t\t\t<a href='https:\/\/lifetremedal.eu\/wp-content\/uploads\/Visita-al-tremedal-flotante-del-lago-Ercina_24-4-2015.jpg'><img loading=\"lazy\" decoding=\"async\" width=\"150\" height=\"150\" src=\"https:\/\/lifetremedal.eu\/wp-content\/uploads\/Visita-al-tremedal-flotante-del-lago-Ercina_24-4-2015-150x150.jpg\" class=\"attachment-thumbnail size-thumbnail\" alt=\"\" aria-describedby=\"gallery-1-10584\" \/><\/a>\n\t\t\t<\/dt>\n<dd class='wp-caption-text gallery-caption' id='gallery-1-10584'>\n\t\t\t\tVisita al tremedal flotante del lago Ercina 24\/04\/2015\n\t\t\t\t<\/dd>\n<\/dl>\n<dl class='gallery-item'>\n<dt class='gallery-icon landscape'>\n\t\t\t\t<a href='https:\/\/lifetremedal.eu\/wp-content\/uploads\/Entrevista-en-el-JBS_VI-Comite-Tecnico-23-4-2015.jpg'><img loading=\"lazy\" decoding=\"async\" width=\"150\" height=\"150\" src=\"https:\/\/lifetremedal.eu\/wp-content\/uploads\/Entrevista-en-el-JBS_VI-Comite-Tecnico-23-4-2015-150x150.jpg\" class=\"attachment-thumbnail size-thumbnail\" alt=\"\" aria-describedby=\"gallery-1-10588\" \/><\/a>\n\t\t\t<\/dt>\n<dd class='wp-caption-text gallery-caption' id='gallery-1-10588'>\n\t\t\t\tEntrevista VI Comit\u00e9 T\u00e9cnico 23\/04\/2015\n\t\t\t\t<\/dd>\n<\/dl>\n<dl class='gallery-item'>\n<dt class='gallery-icon portrait'>\n\t\t\t\t<a href='https:\/\/lifetremedal.eu\/wp-content\/uploads\/Visita-al-tremedal-flotante-del-lago-Ercina_24-4-2015-2.jpg'><img loading=\"lazy\" decoding=\"async\" width=\"150\" height=\"150\" src=\"https:\/\/lifetremedal.eu\/wp-content\/uploads\/Visita-al-tremedal-flotante-del-lago-Ercina_24-4-2015-2-150x150.jpg\" class=\"attachment-thumbnail size-thumbnail\" alt=\"\" aria-describedby=\"gallery-1-10592\" \/><\/a>\n\t\t\t<\/dt>\n<dd class='wp-caption-text gallery-caption' id='gallery-1-10592'>\n\t\t\t\tVisita al tremedal flotante del lago Ercina 24\/04\/2015 (2)\n\t\t\t\t<\/dd>\n<\/dl>\n<p><br style=\"clear: both\" \/><\/p>\n<dl class='gallery-item'>\n<dt class='gallery-icon landscape'>\n\t\t\t\t<a href='https:\/\/lifetremedal.eu\/wp-content\/uploads\/11-2014_LUGO-NETWORKING_01.jpg'><img loading=\"lazy\" decoding=\"async\" width=\"150\" height=\"150\" src=\"https:\/\/lifetremedal.eu\/wp-content\/uploads\/11-2014_LUGO-NETWORKING_01-150x150.jpg\" class=\"attachment-thumbnail size-thumbnail\" alt=\"\" aria-describedby=\"gallery-1-10160\" \/><\/a>\n\t\t\t<\/dt>\n<dd class='wp-caption-text gallery-caption' id='gallery-1-10160'>\n\t\t\t\tNetworking Lugo (1)\n\t\t\t\t<\/dd>\n<\/dl>\n<dl class='gallery-item'>\n<dt class='gallery-icon landscape'>\n\t\t\t\t<a href='https:\/\/lifetremedal.eu\/wp-content\/uploads\/11-2014_LUGO-NETWORKING_02.jpg'><img loading=\"lazy\" decoding=\"async\" width=\"150\" height=\"150\" src=\"https:\/\/lifetremedal.eu\/wp-content\/uploads\/11-2014_LUGO-NETWORKING_02-150x150.jpg\" class=\"attachment-thumbnail size-thumbnail\" alt=\"\" aria-describedby=\"gallery-1-10140\" \/><\/a>\n\t\t\t<\/dt>\n<dd class='wp-caption-text gallery-caption' id='gallery-1-10140'>\n\t\t\t\tNetworking Lugo (2)\n\t\t\t\t<\/dd>\n<\/dl>\n<dl class='gallery-item'>\n<dt class='gallery-icon landscape'>\n\t\t\t\t<a href='https:\/\/lifetremedal.eu\/wp-content\/uploads\/11-2014_VI-Comite-Tecnico-TREMEDAL-LUGO_01.jpg'><img loading=\"lazy\" decoding=\"async\" width=\"150\" height=\"150\" src=\"https:\/\/lifetremedal.eu\/wp-content\/uploads\/11-2014_VI-Comite-Tecnico-TREMEDAL-LUGO_01-150x150.jpg\" class=\"attachment-thumbnail size-thumbnail\" alt=\"\" aria-describedby=\"gallery-1-10144\" \/><\/a>\n\t\t\t<\/dt>\n<dd class='wp-caption-text gallery-caption' id='gallery-1-10144'>\n\t\t\t\tVI Comite Tecnico en Lugo (1)\n\t\t\t\t<\/dd>\n<\/dl>\n<p><br style=\"clear: both\" \/><\/p>\n<dl class='gallery-item'>\n<dt class='gallery-icon landscape'>\n\t\t\t\t<a href='https:\/\/lifetremedal.eu\/wp-content\/uploads\/11-2014_VI-Comite-Tecnico-TREMEDAL-LUGO_02.jpg'><img loading=\"lazy\" decoding=\"async\" width=\"150\" height=\"150\" src=\"https:\/\/lifetremedal.eu\/wp-content\/uploads\/11-2014_VI-Comite-Tecnico-TREMEDAL-LUGO_02-150x150.jpg\" class=\"attachment-thumbnail size-thumbnail\" alt=\"\" aria-describedby=\"gallery-1-10148\" \/><\/a>\n\t\t\t<\/dt>\n<dd class='wp-caption-text gallery-caption' id='gallery-1-10148'>\n\t\t\t\tVI Comite Tecnico en Lugo (2)\n\t\t\t\t<\/dd>\n<\/dl>\n<dl class='gallery-item'>\n<dt class='gallery-icon landscape'>\n\t\t\t\t<a href='https:\/\/lifetremedal.eu\/wp-content\/uploads\/11-2014_Visita-Serra-do-Xistral_01.jpg'><img loading=\"lazy\" decoding=\"async\" width=\"150\" height=\"150\" src=\"https:\/\/lifetremedal.eu\/wp-content\/uploads\/11-2014_Visita-Serra-do-Xistral_01-150x150.jpg\" class=\"attachment-thumbnail size-thumbnail\" alt=\"\" aria-describedby=\"gallery-1-10152\" \/><\/a>\n\t\t\t<\/dt>\n<dd class='wp-caption-text gallery-caption' id='gallery-1-10152'>\n\t\t\t\tVisita Serra do Xistral (1)\n\t\t\t\t<\/dd>\n<\/dl>\n<dl class='gallery-item'>\n<dt class='gallery-icon landscape'>\n\t\t\t\t<a href='https:\/\/lifetremedal.eu\/wp-content\/uploads\/11-2014_Visita-Serra-do-Xistral_02.jpg'><img loading=\"lazy\" decoding=\"async\" width=\"150\" height=\"150\" src=\"https:\/\/lifetremedal.eu\/wp-content\/uploads\/11-2014_Visita-Serra-do-Xistral_02-150x150.jpg\" class=\"attachment-thumbnail size-thumbnail\" alt=\"\" aria-describedby=\"gallery-1-10156\" \/><\/a>\n\t\t\t<\/dt>\n<dd class='wp-caption-text gallery-caption' id='gallery-1-10156'>\n\t\t\t\tVisita Serra do Xistral (2)\n\t\t\t\t<\/dd>\n<\/dl>\n<p><br style=\"clear: both\" \/><\/p>\n<dl class='gallery-item'>\n<dt class='gallery-icon landscape'>\n\t\t\t\t<a href='https:\/\/lifetremedal.eu\/wp-content\/uploads\/Comite-Tecnico-en-Caicedo-Yuso-Arreo-1.jpg'><img loading=\"lazy\" decoding=\"async\" width=\"150\" height=\"150\" src=\"https:\/\/lifetremedal.eu\/wp-content\/uploads\/Comite-Tecnico-en-Caicedo-Yuso-Arreo-1-150x150.jpg\" class=\"attachment-thumbnail size-thumbnail\" alt=\"\" aria-describedby=\"gallery-1-9756\" \/><\/a>\n\t\t\t<\/dt>\n<dd class='wp-caption-text gallery-caption' id='gallery-1-9756'>\n\t\t\t\tComit\u00e9 T\u00e9cnico en Caicedo-Yuso-Arreo (1)\n\t\t\t\t<\/dd>\n<\/dl>\n<dl class='gallery-item'>\n<dt class='gallery-icon landscape'>\n\t\t\t\t<a href='https:\/\/lifetremedal.eu\/wp-content\/uploads\/Comite-Tecnico-en-Caicedo-Yuso-Arreo-2.jpg'><img loading=\"lazy\" decoding=\"async\" width=\"150\" height=\"150\" src=\"https:\/\/lifetremedal.eu\/wp-content\/uploads\/Comite-Tecnico-en-Caicedo-Yuso-Arreo-2-150x150.jpg\" class=\"attachment-thumbnail size-thumbnail\" alt=\"\" aria-describedby=\"gallery-1-9760\" \/><\/a>\n\t\t\t<\/dt>\n<dd class='wp-caption-text gallery-caption' id='gallery-1-9760'>\n\t\t\t\tComit\u00e9 T\u00e9cnico en Caicedo-Yuso-Arreo (2)\n\t\t\t\t<\/dd>\n<\/dl>\n<dl class='gallery-item'>\n<dt class='gallery-icon landscape'>\n\t\t\t\t<a href='https:\/\/lifetremedal.eu\/wp-content\/uploads\/Comite-Tecnico-en-Caicedo-Yuso-Arreo-3.jpg'><img loading=\"lazy\" decoding=\"async\" width=\"150\" height=\"150\" src=\"https:\/\/lifetremedal.eu\/wp-content\/uploads\/Comite-Tecnico-en-Caicedo-Yuso-Arreo-3-150x150.jpg\" class=\"attachment-thumbnail size-thumbnail\" alt=\"\" aria-describedby=\"gallery-1-9764\" \/><\/a>\n\t\t\t<\/dt>\n<dd class='wp-caption-text gallery-caption' id='gallery-1-9764'>\n\t\t\t\tComit\u00e9 T\u00e9cnico en Caicedo-Yuso-Arreo (3)\n\t\t\t\t<\/dd>\n<\/dl>\n<p><br style=\"clear: both\" \/><\/p>\n<dl class='gallery-item'>\n<dt class='gallery-icon landscape'>\n\t\t\t\t<a href='https:\/\/lifetremedal.eu\/wp-content\/uploads\/Comite-Tecnico-en-Caicedo-Yuso-Arreo.jpg'><img loading=\"lazy\" decoding=\"async\" width=\"150\" height=\"150\" src=\"https:\/\/lifetremedal.eu\/wp-content\/uploads\/Comite-Tecnico-en-Caicedo-Yuso-Arreo-150x150.jpg\" class=\"attachment-thumbnail size-thumbnail\" alt=\"\" aria-describedby=\"gallery-1-9768\" \/><\/a>\n\t\t\t<\/dt>\n<dd class='wp-caption-text gallery-caption' id='gallery-1-9768'>\n\t\t\t\tComit\u00e9 T\u00e9cnico en Caicedo-Yuso-Arreo\n\t\t\t\t<\/dd>\n<\/dl>\n<dl class='gallery-item'>\n<dt class='gallery-icon landscape'>\n\t\t\t\t<a href='https:\/\/lifetremedal.eu\/wp-content\/uploads\/Comite-Tecnico-en-Comeya-1.jpg'><img loading=\"lazy\" decoding=\"async\" width=\"150\" height=\"150\" src=\"https:\/\/lifetremedal.eu\/wp-content\/uploads\/Comite-Tecnico-en-Comeya-1-150x150.jpg\" class=\"attachment-thumbnail size-thumbnail\" alt=\"\" aria-describedby=\"gallery-1-9772\" \/><\/a>\n\t\t\t<\/dt>\n<dd class='wp-caption-text gallery-caption' id='gallery-1-9772'>\n\t\t\t\tComit\u00e9 T\u00e9cnico en Comeya (1)\n\t\t\t\t<\/dd>\n<\/dl>\n<dl class='gallery-item'>\n<dt class='gallery-icon landscape'>\n\t\t\t\t<a href='https:\/\/lifetremedal.eu\/wp-content\/uploads\/Comite-Tecnico-en-Comeya-2.jpg'><img loading=\"lazy\" decoding=\"async\" width=\"150\" height=\"150\" src=\"https:\/\/lifetremedal.eu\/wp-content\/uploads\/Comite-Tecnico-en-Comeya-2-150x150.jpg\" class=\"attachment-thumbnail size-thumbnail\" alt=\"\" aria-describedby=\"gallery-1-9776\" \/><\/a>\n\t\t\t<\/dt>\n<dd class='wp-caption-text gallery-caption' id='gallery-1-9776'>\n\t\t\t\tComit\u00e9 T\u00e9cnico en Comeya (2)\n\t\t\t\t<\/dd>\n<\/dl>\n<p><br style=\"clear: both\" \/><\/p>\n<dl class='gallery-item'>\n<dt class='gallery-icon landscape'>\n\t\t\t\t<a href='https:\/\/lifetremedal.eu\/wp-content\/uploads\/Comite-Tecnico-en-Comeya-3.jpg'><img loading=\"lazy\" decoding=\"async\" width=\"150\" height=\"150\" src=\"https:\/\/lifetremedal.eu\/wp-content\/uploads\/Comite-Tecnico-en-Comeya-3-150x150.jpg\" class=\"attachment-thumbnail size-thumbnail\" alt=\"\" aria-describedby=\"gallery-1-9780\" \/><\/a>\n\t\t\t<\/dt>\n<dd class='wp-caption-text gallery-caption' id='gallery-1-9780'>\n\t\t\t\tComit\u00e9 T\u00e9cnico en Comeya (3)\n\t\t\t\t<\/dd>\n<\/dl>\n<dl class='gallery-item'>\n<dt class='gallery-icon landscape'>\n\t\t\t\t<a href='https:\/\/lifetremedal.eu\/wp-content\/uploads\/Comite-Tecnico-en-Comeya.jpg'><img loading=\"lazy\" decoding=\"async\" width=\"150\" height=\"150\" src=\"https:\/\/lifetremedal.eu\/wp-content\/uploads\/Comite-Tecnico-en-Comeya-150x150.jpg\" class=\"attachment-thumbnail size-thumbnail\" alt=\"\" aria-describedby=\"gallery-1-9784\" \/><\/a>\n\t\t\t<\/dt>\n<dd class='wp-caption-text gallery-caption' id='gallery-1-9784'>\n\t\t\t\tComit\u00e9 T\u00e9cnico en Comeya\n\t\t\t\t<\/dd>\n<\/dl>\n<dl class='gallery-item'>\n<dt class='gallery-icon landscape'>\n\t\t\t\t<a href='https:\/\/lifetremedal.eu\/wp-content\/uploads\/Comite-Tecnico-en-el-JBA-1.jpg'><img loading=\"lazy\" decoding=\"async\" width=\"150\" height=\"150\" src=\"https:\/\/lifetremedal.eu\/wp-content\/uploads\/Comite-Tecnico-en-el-JBA-1-150x150.jpg\" class=\"attachment-thumbnail size-thumbnail\" alt=\"\" aria-describedby=\"gallery-1-9788\" \/><\/a>\n\t\t\t<\/dt>\n<dd class='wp-caption-text gallery-caption' id='gallery-1-9788'>\n\t\t\t\tComit\u00e9 T\u00e9cnico en el JBA (1)\n\t\t\t\t<\/dd>\n<\/dl>\n<p><br style=\"clear: both\" \/><\/p>\n<dl class='gallery-item'>\n<dt class='gallery-icon landscape'>\n\t\t\t\t<a href='https:\/\/lifetremedal.eu\/wp-content\/uploads\/Comite-Tecnico-en-el-JBA-2.jpg'><img loading=\"lazy\" decoding=\"async\" width=\"150\" height=\"150\" src=\"https:\/\/lifetremedal.eu\/wp-content\/uploads\/Comite-Tecnico-en-el-JBA-2-150x150.jpg\" class=\"attachment-thumbnail size-thumbnail\" alt=\"\" aria-describedby=\"gallery-1-9792\" \/><\/a>\n\t\t\t<\/dt>\n<dd class='wp-caption-text gallery-caption' id='gallery-1-9792'>\n\t\t\t\tComit\u00e9 T\u00e9cnico en el JBA (2)\n\t\t\t\t<\/dd>\n<\/dl>\n<dl class='gallery-item'>\n<dt class='gallery-icon landscape'>\n\t\t\t\t<a href='https:\/\/lifetremedal.eu\/wp-content\/uploads\/Comite-Tecnico-en-el-JBA-3.jpg'><img loading=\"lazy\" decoding=\"async\" width=\"150\" height=\"150\" src=\"https:\/\/lifetremedal.eu\/wp-content\/uploads\/Comite-Tecnico-en-el-JBA-3-150x150.jpg\" class=\"attachment-thumbnail size-thumbnail\" alt=\"\" aria-describedby=\"gallery-1-9796\" \/><\/a>\n\t\t\t<\/dt>\n<dd class='wp-caption-text gallery-caption' id='gallery-1-9796'>\n\t\t\t\tComit\u00e9 T\u00e9cnico en el JBA (3)\n\t\t\t\t<\/dd>\n<\/dl>\n<dl class='gallery-item'>\n<dt class='gallery-icon landscape'>\n\t\t\t\t<a href='https:\/\/lifetremedal.eu\/wp-content\/uploads\/Comite-Tecnico-en-el-JBA.jpg'><img loading=\"lazy\" decoding=\"async\" width=\"150\" height=\"150\" src=\"https:\/\/lifetremedal.eu\/wp-content\/uploads\/Comite-Tecnico-en-el-JBA-150x150.jpg\" class=\"attachment-thumbnail size-thumbnail\" alt=\"\" aria-describedby=\"gallery-1-9800\" \/><\/a>\n\t\t\t<\/dt>\n<dd class='wp-caption-text gallery-caption' id='gallery-1-9800'>\n\t\t\t\tComit\u00e9 T\u00e9cnico en el JBA\n\t\t\t\t<\/dd>\n<\/dl>\n<p><br style=\"clear: both\" \/><\/p>\n<dl class='gallery-item'>\n<dt class='gallery-icon landscape'>\n\t\t\t\t<a href='https:\/\/lifetremedal.eu\/wp-content\/uploads\/Detalles-de-la-visita-del-Comite-Tecnico-a-Comeya-4.jpg'><img loading=\"lazy\" decoding=\"async\" width=\"150\" height=\"150\" src=\"https:\/\/lifetremedal.eu\/wp-content\/uploads\/Detalles-de-la-visita-del-Comite-Tecnico-a-Comeya-4-150x150.jpg\" class=\"attachment-thumbnail size-thumbnail\" alt=\"\" aria-describedby=\"gallery-1-9804\" \/><\/a>\n\t\t\t<\/dt>\n<dd class='wp-caption-text gallery-caption' id='gallery-1-9804'>\n\t\t\t\tDetalles de la visita del Comit\u00e9 T\u00e9cnico a Comeya (4)\n\t\t\t\t<\/dd>\n<\/dl>\n<dl class='gallery-item'>\n<dt class='gallery-icon landscape'>\n\t\t\t\t<a href='https:\/\/lifetremedal.eu\/wp-content\/uploads\/Detalles-de-la-visita-del-Comite-Tecnico-a-Comeya-5.jpg'><img loading=\"lazy\" decoding=\"async\" width=\"150\" height=\"150\" src=\"https:\/\/lifetremedal.eu\/wp-content\/uploads\/Detalles-de-la-visita-del-Comite-Tecnico-a-Comeya-5-150x150.jpg\" class=\"attachment-thumbnail size-thumbnail\" alt=\"\" aria-describedby=\"gallery-1-9808\" \/><\/a>\n\t\t\t<\/dt>\n<dd class='wp-caption-text gallery-caption' id='gallery-1-9808'>\n\t\t\t\tDetalles de la visita del Comit\u00e9 T\u00e9cnico a Comeya (5)\n\t\t\t\t<\/dd>\n<\/dl>\n<dl class='gallery-item'>\n<dt class='gallery-icon landscape'>\n\t\t\t\t<a href='https:\/\/lifetremedal.eu\/wp-content\/uploads\/Detalles-de-la-visita-del-Comite-Tecnico-a-Comeya-6.jpg'><img loading=\"lazy\" decoding=\"async\" width=\"150\" height=\"150\" src=\"https:\/\/lifetremedal.eu\/wp-content\/uploads\/Detalles-de-la-visita-del-Comite-Tecnico-a-Comeya-6-150x150.jpg\" class=\"attachment-thumbnail size-thumbnail\" alt=\"\" aria-describedby=\"gallery-1-9812\" \/><\/a>\n\t\t\t<\/dt>\n<dd class='wp-caption-text gallery-caption' id='gallery-1-9812'>\n\t\t\t\tDetalles de la visita del Comit\u00e9 T\u00e9cnico a Comeya (6)\n\t\t\t\t<\/dd>\n<\/dl>\n<p><br style=\"clear: both\" \/><\/p>\n<dl class='gallery-item'>\n<dt class='gallery-icon landscape'>\n\t\t\t\t<a href='https:\/\/lifetremedal.eu\/wp-content\/uploads\/Detalles-de-la-visita-del-Comite-Tecnico-a-Comeya-7.jpg'><img loading=\"lazy\" decoding=\"async\" width=\"150\" height=\"150\" src=\"https:\/\/lifetremedal.eu\/wp-content\/uploads\/Detalles-de-la-visita-del-Comite-Tecnico-a-Comeya-7-150x150.jpg\" class=\"attachment-thumbnail size-thumbnail\" alt=\"\" aria-describedby=\"gallery-1-9816\" \/><\/a>\n\t\t\t<\/dt>\n<dd class='wp-caption-text gallery-caption' id='gallery-1-9816'>\n\t\t\t\tDetalles de la visita del Comit\u00e9 T\u00e9cnico a Comeya (7)\n\t\t\t\t<\/dd>\n<\/dl>\n<dl class='gallery-item'>\n<dt class='gallery-icon landscape'>\n\t\t\t\t<a href='https:\/\/lifetremedal.eu\/wp-content\/uploads\/Detalles-de-la-visita-del-Comite-Tecnico-a-Comeya-8.jpg'><img loading=\"lazy\" decoding=\"async\" width=\"150\" height=\"150\" src=\"https:\/\/lifetremedal.eu\/wp-content\/uploads\/Detalles-de-la-visita-del-Comite-Tecnico-a-Comeya-8-150x150.jpg\" class=\"attachment-thumbnail size-thumbnail\" alt=\"\" aria-describedby=\"gallery-1-9820\" \/><\/a>\n\t\t\t<\/dt>\n<dd class='wp-caption-text gallery-caption' id='gallery-1-9820'>\n\t\t\t\tDetalles de la visita del Comit\u00e9 T\u00e9cnico a Comeya (8)\n\t\t\t\t<\/dd>\n<\/dl>\n<dl class='gallery-item'>\n<dt class='gallery-icon landscape'>\n\t\t\t\t<a href='https:\/\/lifetremedal.eu\/wp-content\/uploads\/Detalles-de-la-visita-del-Comite-Tecnico-a-Comeya-9.jpg'><img loading=\"lazy\" decoding=\"async\" width=\"150\" height=\"150\" src=\"https:\/\/lifetremedal.eu\/wp-content\/uploads\/Detalles-de-la-visita-del-Comite-Tecnico-a-Comeya-9-150x150.jpg\" class=\"attachment-thumbnail size-thumbnail\" alt=\"\" aria-describedby=\"gallery-1-9824\" \/><\/a>\n\t\t\t<\/dt>\n<dd class='wp-caption-text gallery-caption' id='gallery-1-9824'>\n\t\t\t\tDetalles de la visita del Comit\u00e9 T\u00e9cnico a Comeya (9)\n\t\t\t\t<\/dd>\n<\/dl>\n<p><br style=\"clear: both\" \/><\/p>\n<dl class='gallery-item'>\n<dt class='gallery-icon landscape'>\n\t\t\t\t<a href='https:\/\/lifetremedal.eu\/wp-content\/uploads\/Detalles-de-la-visita-del-Comite-Tecnico-a-Comeya-10.jpg'><img loading=\"lazy\" decoding=\"async\" width=\"150\" height=\"150\" src=\"https:\/\/lifetremedal.eu\/wp-content\/uploads\/Detalles-de-la-visita-del-Comite-Tecnico-a-Comeya-10-150x150.jpg\" class=\"attachment-thumbnail size-thumbnail\" alt=\"\" aria-describedby=\"gallery-1-9828\" \/><\/a>\n\t\t\t<\/dt>\n<dd class='wp-caption-text gallery-caption' id='gallery-1-9828'>\n\t\t\t\tDetalles de la visita del Comit\u00e9 T\u00e9cnico a Comeya (10)\n\t\t\t\t<\/dd>\n<\/dl>\n<dl class='gallery-item'>\n<dt class='gallery-icon landscape'>\n\t\t\t\t<a href='https:\/\/lifetremedal.eu\/wp-content\/uploads\/Detalles-de-la-visita-del-Comite-Tecnico-a-Comeya-11.jpg'><img loading=\"lazy\" decoding=\"async\" width=\"150\" height=\"150\" src=\"https:\/\/lifetremedal.eu\/wp-content\/uploads\/Detalles-de-la-visita-del-Comite-Tecnico-a-Comeya-11-150x150.jpg\" class=\"attachment-thumbnail size-thumbnail\" alt=\"\" aria-describedby=\"gallery-1-9832\" \/><\/a>\n\t\t\t<\/dt>\n<dd class='wp-caption-text gallery-caption' id='gallery-1-9832'>\n\t\t\t\tDetalles de la visita del Comit\u00e9 T\u00e9cnico a Comeya (11)\n\t\t\t\t<\/dd>\n<\/dl>\n<dl class='gallery-item'>\n<dt class='gallery-icon landscape'>\n\t\t\t\t<a href='https:\/\/lifetremedal.eu\/wp-content\/uploads\/El-Comite-Tecnico-visita-la-turabera-de-la-Vega-de-Comeya.jpg'><img loading=\"lazy\" decoding=\"async\" width=\"150\" height=\"150\" src=\"https:\/\/lifetremedal.eu\/wp-content\/uploads\/El-Comite-Tecnico-visita-la-turabera-de-la-Vega-de-Comeya-150x150.jpg\" class=\"attachment-thumbnail size-thumbnail\" alt=\"\" aria-describedby=\"gallery-1-9836\" \/><\/a>\n\t\t\t<\/dt>\n<dd class='wp-caption-text gallery-caption' id='gallery-1-9836'>\n\t\t\t\tEl Comit\u00e9 T\u00e9cnico visita la turabera de la Vega de Comeya\n\t\t\t\t<\/dd>\n<\/dl>\n<p><br style=\"clear: both\" \/>\n\t\t<\/div>\n","protected":false},"excerpt":{"rendered":"<p>Navarra Pa\u00eds Vasco \u00a0Asturias PN Picos de Europa \u00a0Galicia Xeral<\/p>\n","protected":false},"author":2,"featured_media":0,"parent":0,"menu_order":0,"comment_status":"open","ping_status":"closed","template":"","meta":{"footnotes":""},"class_list":["post-3109","page","type-page","status-publish","hentry"],"_links":{"self":[{"href":"https:\/\/lifetremedal.eu\/gl\/wp-json\/wp\/v2\/pages\/3109","targetHints":{"allow":["GET"]}}],"collection":[{"href":"https:\/\/lifetremedal.eu\/gl\/wp-json\/wp\/v2\/pages"}],"about":[{"href":"https:\/\/lifetremedal.eu\/gl\/wp-json\/wp\/v2\/types\/page"}],"author":[{"embeddable":true,"href":"https:\/\/lifetremedal.eu\/gl\/wp-json\/wp\/v2\/users\/2"}],"replies":[{"embeddable":true,"href":"https:\/\/lifetremedal.eu\/gl\/wp-json\/wp\/v2\/comments?post=3109"}],"version-history":[{"count":16,"href":"https:\/\/lifetremedal.eu\/gl\/wp-json\/wp\/v2\/pages\/3109\/revisions"}],"predecessor-version":[{"id":6259,"href":"https:\/\/lifetremedal.eu\/gl\/wp-json\/wp\/v2\/pages\/3109\/revisions\/6259"}],"wp:attachment":[{"href":"https:\/\/lifetremedal.eu\/gl\/wp-json\/wp\/v2\/media?parent=3109"}],"curies":[{"name":"wp","href":"https:\/\/api.w.org\/{rel}","templated":true}]}}