{"id":3107,"date":"2014-05-08T09:54:05","date_gmt":"2014-05-08T07:54:05","guid":{"rendered":"http:\/\/www.lifetremedal.eu\/?page_id=3107"},"modified":"2023-08-24T12:48:04","modified_gmt":"2023-08-24T10:48:04","slug":"documentos-de-interese","status":"publish","type":"page","link":"https:\/\/lifetremedal.eu\/gl\/documentos-de-interese\/","title":{"rendered":"Documentos de interese"},"content":{"rendered":"<h5>After-Life TREMEDAL. <a title=\"After-Life CAS\" href=\"http:\/\/www.lifetremedal.eu\/wp-content\/uploads\/AFTER-LIFE-TREMEDAL-Castellano.pdf\" target=\"_blank\" rel=\"noopener\">Consulte o documento<\/a><\/h5>\n<h5>Informe Layman. <a title=\"Informe Layman GAL\" href=\"http:\/\/www.lifetremedal.eu\/wp-content\/uploads\/Layman-GALEGO.pdf\" target=\"_blank\" rel=\"noopener\">Consulte o documento<\/a><\/h5>\n<h5>Manual de buenas pr\u00e1cticas en la gesti\u00f3n de turberas. <a title=\"Buenas pr\u00e1cticas TREMEDAL\" href=\"http:\/\/www.lifetremedal.eu\/wp-content\/uploads\/Manual-de-buenas-practicas-en-la-gestion-de-turberas-y-humedales.pdf\" target=\"_blank\" rel=\"noopener\">Consulte o documento<\/a><\/h5>\n<h5>Informe final LIFE TREMEDAL (versi\u00f3n web). <a title=\"Informe final LIFE TREMEDAL (versi\u00f3n web)\" href=\"http:\/\/www.lifetremedal.eu\/wp-content\/uploads\/Informe-FINAL-TREMEDAL-version-WEB.pdf\" target=\"_blank\" rel=\"noopener\">Consulte o documento<\/a><\/h5>\n<p>&nbsp;<\/p>\n<h5>Caracterizaci\u00f3n das especies de interese.<\/h5>\n<ul>\n<li><a href=\"http:\/\/www.lifetremedal.eu\/wp-content\/uploads\/Carex-davalliana.pdf\" target=\"_blank\" rel=\"noopener\"> Carex davalliana<\/a><\/li>\n<li><a href=\"http:\/\/www.lifetremedal.eu\/wp-content\/uploads\/Carex-echinata.pdf\" target=\"_blank\" rel=\"noopener\">Carex echinata<\/a><\/li>\n<li><a href=\"http:\/\/www.lifetremedal.eu\/wp-content\/uploads\/Carex-hostiana.pdf\" target=\"_blank\" rel=\"noopener\">Carex hostiana<\/a><\/li>\n<li><a href=\"http:\/\/www.lifetremedal.eu\/wp-content\/uploads\/Carex-lepidocarpa.pdf\" target=\"_blank\" rel=\"noopener\">Carex lepidocarpa<\/a><\/li>\n<li><a href=\"http:\/\/www.lifetremedal.eu\/wp-content\/uploads\/drosera-intermedia.pdf\" target=\"_blank\" rel=\"noopener\">Drosera intermedia<\/a><\/li>\n<li><a href=\"http:\/\/www.lifetremedal.eu\/wp-content\/uploads\/drosera-rotundifolia.pdf\" target=\"_blank\" rel=\"noopener\">Drosera rotundifolia<\/a><\/li>\n<li><a href=\"http:\/\/www.lifetremedal.eu\/wp-content\/uploads\/equisetum-variegatum.pdf\" target=\"_blank\" rel=\"noopener\">Equisetum variegatum<\/a><\/li>\n<li><a href=\"http:\/\/www.lifetremedal.eu\/wp-content\/uploads\/eriophorum-angustifolium.pdf\" target=\"_blank\" rel=\"noopener\">Eriophorum angustifolium<\/a><\/li>\n<li><a href=\"http:\/\/www.lifetremedal.eu\/wp-content\/uploads\/eryngium-viviparum.pdf\" target=\"_blank\" rel=\"noopener\">Eryngium viviparum<\/a><\/li>\n<li><a href=\"http:\/\/www.lifetremedal.eu\/wp-content\/uploads\/Juncus-balticus-subsp-cantabricus.pdf\" target=\"_blank\" rel=\"noopener\">Juncus balticus subsp. cantabricus<\/a><\/li>\n<li><a href=\"http:\/\/www.lifetremedal.eu\/wp-content\/uploads\/Narcissus-pseudonarcissus-subsp.-nobilis.pdf\" target=\"_blank\" rel=\"noopener\">Narcissus pseudonarcisus subsp. nobilis<\/a><\/li>\n<li><a href=\"http:\/\/www.lifetremedal.eu\/wp-content\/uploads\/Narthecium-ossifragum.pdf\">Narthecium ossifragum<\/a><\/li>\n<li><a href=\"http:\/\/www.lifetremedal.eu\/wp-content\/uploads\/Parnassia-palustris.pdf\">Parnassia palustris<\/a><\/li>\n<li><a href=\"http:\/\/www.lifetremedal.eu\/wp-content\/uploads\/Pedicularis-mixta.pdf\">Pedicularis mixta<\/a><\/li>\n<li><a href=\"http:\/\/www.lifetremedal.eu\/wp-content\/uploads\/Potentilla-fruticosa.pdf\">Potentilla fruticosa<\/a><\/li>\n<li><a href=\"http:\/\/www.lifetremedal.eu\/wp-content\/uploads\/Rhynchospora-fusca.pdf\">Rhynchospora fusca<\/a><\/li>\n<li><a href=\"http:\/\/www.lifetremedal.eu\/wp-content\/uploads\/Salix-hastata-subsp.-picoeuropeana.pdf\">Salix hastata subsp. picoeuropeana<\/a><\/li>\n<li><a href=\"http:\/\/www.lifetremedal.eu\/wp-content\/uploads\/Spiranthes-aestivalis.pdf\">Spiranthes aestivalis<\/a><\/li>\n<li><a href=\"http:\/\/www.lifetremedal.eu\/wp-content\/uploads\/Swertia-perennis.pdf\">Swertia perennis<\/a><\/li>\n<li><a href=\"http:\/\/www.lifetremedal.eu\/wp-content\/uploads\/Triglochin-palustris.pdf\">Triglochin palustris<\/a><\/li>\n<\/ul>\n<h5>Bolet\u00edn do proxecto\u00a0LIFE TREMEDAL<\/h5>\n<ul>\n<li><a href=\"http:\/\/www.lifetremedal.eu\/wp-content\/uploads\/Boletin1_TREMEDAL_GL.pdf\">Bolet\u00edn 1. Febreiro 2014.<\/a><\/li>\n<li><a href=\"http:\/\/www.lifetremedal.eu\/wp-content\/uploads\/Boletin2_TREMEDAL_GL.pdf\">Bolet\u00edn 2. Setembro 2014<\/a><\/li>\n<li><a href=\"http:\/\/www.lifetremedal.eu\/wp-content\/uploads\/BOLETIN-3_tremedal_galego.pdf\">Bolet\u00edn 3. Decembro 2014<\/a><\/li>\n<li><a href=\"http:\/\/www.lifetremedal.eu\/wp-content\/uploads\/BOLETIN-4-gal.pdf\">Bolet\u00edn 4. Setembro 2015<\/a><\/li>\n<li><a href=\"http:\/\/www.lifetremedal.eu\/wp-content\/uploads\/BOLETIN-5-gal.pdf\">Bolet\u00edn 5. Outubro 2015<\/a><\/li>\n<\/ul>\n<h5>Folleto Turbera de Belate. Reedici\u00f3n. <a href=\"http:\/\/www.lifetremedal.eu\/wp-content\/uploads\/reedicion-folleto-Belate_2015.pdf\">Descargar.<\/a><\/h5>\n<h5>Folleto TREMEDAL. <a href=\"http:\/\/www.lifetremedal.eu\/wp-content\/uploads\/carpeta-tremedal.pdf\" target=\"_blank\" rel=\"noopener\">Descargar.<\/a><\/h5>\n<h5>Presentaci\u00f3n do d\u00eda mundial dos humidais 2013 e do LIFE TREMEDAL. <a href=\"http:\/\/www.lifetremedal.eu\/wp-content\/uploads\/E5_Presentacion_DMH_2013_TREMEDAL.pdf\" target=\"_blank\" rel=\"noopener\">Descargar<\/a>.<\/h5>\n<h5>Presentaci\u00f3n do d\u00eda mundial dos humidais 2014 e do LIFE TREMEDAL. <a href=\"http:\/\/www.lifetremedal.eu\/wp-content\/uploads\/E5_Presentacion_DMH_2014_TREMEDAL.pdf\" target=\"_blank\" rel=\"noopener\">Descargar<\/a>.<\/h5>\n<h5>Imaxes dos paneis colocados nos enclaves:<\/h5>\n<dl class=\"tabs_type_1\"><dt class=\"current\">Asturias\/Castela y Le\u00f3n (Picos de Europa)<\/dt><dd class=\"current\"><h5>Asturias\/Castela y Le\u00f3n (Picos de Europa)<\/h5>\n<p><a href=\"http:\/\/www.lifetremedal.eu\/wp-content\/uploads\/Turbera_Liordes_AF_def1.jpg\">Veiga de Comeya<\/a><\/p>\n<p><a href=\"http:\/\/www.lifetremedal.eu\/wp-content\/uploads\/Turbera_Liordes_AF_def2.jpg\">Veiga de Liordes<\/a><\/p>\n<\/dd><dt>Galicia<\/dt><dd><h5>Galicia<\/h5>\n<p><a title=\"Isla de San Roque\" href=\"http:\/\/www.lifetremedal.eu\/wp-content\/uploads\/paneis_rabade.jpg\" target=\"_blank\" rel=\"noopener\">Illa de San Roque<\/a><\/p>\n<p><a href=\"http:\/\/www.lifetremedal.eu\/wp-content\/uploads\/paneis_cospeito.jpg\" target=\"_blank\" rel=\"noopener\">Lagoa de Cospeito<\/a><\/p>\n<p><a title=\"Begonte\" href=\"http:\/\/www.lifetremedal.eu\/wp-content\/uploads\/paneis_begonte.jpg\" target=\"_blank\" rel=\"noopener\">Ollos de Begonte<\/a><\/p>\n<\/dd><dt>Navarra<\/dt><dd><h5>Navarra<\/h5>\n<p><a title=\"Alkurruntz\" href=\"http:\/\/www.lifetremedal.eu\/wp-content\/uploads\/ALKURRUNTZ-LIFE.pdf\" target=\"_blank\" rel=\"noopener\">Alkurruntz<\/a><\/p>\n<p>Anue<\/p>\n<p><a title=\"Arxuri\" href=\"http:\/\/www.lifetremedal.eu\/wp-content\/uploads\/Arxuri1.pdf\" target=\"_blank\" rel=\"noopener\">Arxuri<\/a><\/p>\n<p><a title=\"Belate Tremedal\" href=\"http:\/\/www.lifetremedal.eu\/wp-content\/uploads\/BELATE-TREMEDAL.pdf\" target=\"_blank\" rel=\"noopener\">Belate Tremedal<\/a><\/p>\n<p><a title=\"Belate Red Natura 2000\" href=\"http:\/\/www.lifetremedal.eu\/wp-content\/uploads\/BELATE-RED-NATURA.jpg\" target=\"_blank\" rel=\"noopener\">Belate Red Natura 2000<\/a><\/p>\n<p><a title=\"Lixketa\" href=\"http:\/\/www.lifetremedal.eu\/wp-content\/uploads\/LIXKETA.pdf\" target=\"_blank\" rel=\"noopener\">Lixketa<\/a><\/p>\n<p><a title=\"Maulitx\" href=\"http:\/\/www.lifetremedal.eu\/wp-content\/uploads\/MAULITX.pdf\" target=\"_blank\" rel=\"noopener\">Maulitx<\/a><\/p>\n<p><a href=\"http:\/\/www.lifetremedal.eu\/wp-content\/uploads\/Mendaur1.pdf\">Mendaur<\/a><\/p>\n<p><a title=\"Okolin\" href=\"http:\/\/www.lifetremedal.eu\/wp-content\/uploads\/OKOLIN.pdf\" target=\"_blank\" rel=\"noopener\">Okolin<\/a><\/p>\n<p><a href=\"http:\/\/www.lifetremedal.eu\/wp-content\/uploads\/Xuriain.pdf\">Xuriain<\/a><\/p>\n<p>&nbsp;<\/p>\n<p>&nbsp;<\/p>\n<\/dd><dt>Pa\u00eds Vasco<\/dt><dd><h5>Pa\u00eds Vasco<\/h5>\n<p><a href=\"http:\/\/www.lifetremedal.eu\/wp-content\/uploads\/Jaizkibel.pdf\" target=\"_blank\" rel=\"noopener\">Jaizkibel<\/a><\/p>\n<p><a href=\"http:\/\/www.lifetremedal.eu\/wp-content\/uploads\/Lago-Caidedo-Yuso.pdf\" target=\"_blank\" rel=\"noopener\">Lago Caidedo-Yuso<\/a><\/p>\n<p><a href=\"http:\/\/www.lifetremedal.eu\/wp-content\/uploads\/Usabelartza.pdf\" target=\"_blank\" rel=\"noopener\">Usabelartza<\/a><\/p>\n<p>&nbsp;<\/p>\n<\/dd><\/dl>","protected":false},"excerpt":{"rendered":"<p>After-Life TREMEDAL. Consulte o documento Informe Layman. Consulte o documento Manual de buenas pr\u00e1cticas en la gesti\u00f3n de turberas. Consulte o documento Informe final LIFE TREMEDAL (versi\u00f3n web). Consulte o documento &nbsp; Caracterizaci\u00f3n das especies de interese. Carex davalliana Carex echinata Carex hostiana Carex lepidocarpa Drosera intermedia Drosera rotundifolia Equisetum variegatum Eriophorum angustifolium Eryngium viviparum [&hellip;]<\/p>\n","protected":false},"author":2,"featured_media":0,"parent":0,"menu_order":0,"comment_status":"open","ping_status":"closed","template":"","meta":{"footnotes":""},"class_list":["post-3107","page","type-page","status-publish","hentry"],"_links":{"self":[{"href":"https:\/\/lifetremedal.eu\/gl\/wp-json\/wp\/v2\/pages\/3107","targetHints":{"allow":["GET"]}}],"collection":[{"href":"https:\/\/lifetremedal.eu\/gl\/wp-json\/wp\/v2\/pages"}],"about":[{"href":"https:\/\/lifetremedal.eu\/gl\/wp-json\/wp\/v2\/types\/page"}],"author":[{"embeddable":true,"href":"https:\/\/lifetremedal.eu\/gl\/wp-json\/wp\/v2\/users\/2"}],"replies":[{"embeddable":true,"href":"https:\/\/lifetremedal.eu\/gl\/wp-json\/wp\/v2\/comments?post=3107"}],"version-history":[{"count":53,"href":"https:\/\/lifetremedal.eu\/gl\/wp-json\/wp\/v2\/pages\/3107\/revisions"}],"predecessor-version":[{"id":12129,"href":"https:\/\/lifetremedal.eu\/gl\/wp-json\/wp\/v2\/pages\/3107\/revisions\/12129"}],"wp:attachment":[{"href":"https:\/\/lifetremedal.eu\/gl\/wp-json\/wp\/v2\/media?parent=3107"}],"curies":[{"name":"wp","href":"https:\/\/api.w.org\/{rel}","templated":true}]}}