{"id":2425,"date":"2014-02-27T12:08:57","date_gmt":"2014-02-27T11:08:57","guid":{"rendered":"http:\/\/www.lifetremedal.eu\/?page_id=2425"},"modified":"2023-02-10T15:42:41","modified_gmt":"2023-02-10T14:42:41","slug":"lago-caicedo-yuso-arreo","status":"publish","type":"page","link":"https:\/\/lifetremedal.eu\/gl\/humidais\/lago-caicedo-yuso-arreo\/","title":{"rendered":"Lago de Caicedo Yuso y Arreo"},"content":{"rendered":"<p><strong><\/strong><strong>Nome do enclave:<\/strong>\u00a0Lago de Caicedo Yuso y Arreo<a href=\"http:\/\/www.lifetremedal.eu\/wp-content\/uploads\/Arreo021.jpg\"><img loading=\"lazy\" decoding=\"async\" class=\"alignright\" alt=\"OLYMPUS DIGITAL CAMERA\" src=\"https:\/\/www.lifetremedal.eu\/wp-content\/uploads\/Arreo021-300x224.jpg\" width=\"299\" height=\"222\" \/><\/a><br \/>\n<strong>Categor\u00edas de protecci\u00f3n:<\/strong> Incl\u00faese no ZEC ES2110007\u00a0Caicedo Yuso eta Arreoko lakua \/ Lago de Caicedo Yuso y Arreo<br \/>\n<strong>Localidade:<\/strong> Pertence ao concello de Caicedo Yuso, termo municipal de Lantar\u00f3n, Territorio Hist\u00f3rico de \u00c1lava.<br \/>\n<strong>Rexi\u00f3n:<\/strong> Pa\u00eds Vasco<br \/>\n<strong>Altitude:<\/strong> 655 metros<br \/>\n<strong>Superficie:<\/strong> 25 hect\u00e1reas<br \/>\n<strong>Coordenada de referencia:<\/strong> 30TWN0036, 30TWN0136<\/p>\n<p><a href=\"http:\/\/www.lifetremedal.eu\/wp-content\/uploads\/Euskadi_TremedalEnclaves_A3_Lago.pdf\">Ver mapa<\/a><\/p>\n<div class=\"hr hr-dotted\">&nbsp;<\/div>\n<h5>O\u00a0Lago de Caicedo Yuso y Arreo abrangue unha superficie de 136 ha que comprende o ecosistema lacustre (xunto co manancial salino), as terras agr\u00edcolas circundantes e varias masas arb\u00f3reas que cobren as pequenas elevaci\u00f3ns en torno ao humidal.<\/h5>\n<p>Situado a unha altitude de 650 msm, disp\u00f3n dunha pequena cunca de alimentaci\u00f3n completada por un manancial salino. Este espazo constit\u00fae a \u00fanica representaci\u00f3n de sistema lacustre permanente no Pa\u00eds Vasco e \u00e9 un dos dous \u00fanicos lagos peninsulares formados sobre chemineas salinas. Conta con dous subsistemas, un lacustre e outro palustre, intimamente relacionados. O subsistema palustre, que representa dous terzos da superficie, atopa englobado na l\u00e1mina de auga ata unha profundidade de 3-4 metros, cunha morfometr\u00eda de pendentes suaves e un substrato colonizado por macr\u00f3fitos acu\u00e1ticos mergullados e hel\u00f3fitos. O subsistema lacustre presenta unha grande profundidade (superior a 20 m), favorec\u00e9ndose deste modo os procesos de estratificaci\u00f3n t\u00e9rmica, e conta con augas de car\u00e1cter lixeiramente b\u00e1sico e unha mineralizaci\u00f3n elevada que o definir\u00eda como un sistema subhalino, se ben cunha marcada diferenciaci\u00f3n tanto espacial como temporal.<\/p>\n<dl class=\"accordion\"><dt>VALORES M\u00c1IS RELEVANTES<\/dt><dd><p><strong>Singularidade<\/strong><br \/>\nDestaca especialmente a presenza do h\u00e1bitat &#8220;3190 Lagos k\u00e1rsticos sobre xesos&#8221;, dado que Espa\u00f1a, xunto con Lituania, conta coas mellores representaci\u00f3ns deste tipo de h\u00e1bitats a nivel europeo. En calquera caso non \u00e9 frecuente en Espa\u00f1a, contando unicamente con representaci\u00f3ns en 8 enclaves. No subsistema palustre, destaca a presenza do h\u00e1bitat &#8220;7210* Turbeiras calc\u00e1reas de <em>Cladium mariscus<\/em> e outras especies de <em>Caricion davallianae<\/em>&#8221; que na CAPV soamente se atopa presente en 8 enclaves. Outro tipo de h\u00e1bitat de interese comunitario de relevancia no espazo \u00e9 o h\u00e1bitat &#8220;7230 Turbeiras baixas alcalinas&#8221;. Tam\u00e9n ten escasa representaci\u00f3n na CAPV o h\u00e1bitat &#8220;1410 Pasteiros salinos mediterr\u00e1neos (<em>Juncetalia maritimae<\/em>)&#8221;, con s\u00f3 dous localizaci\u00f3ns, unha delas neste lago.<\/p>\n<p><strong>Valores biol\u00f3xicos e ecol\u00f3xicos<\/strong><br \/>\nNo lago conf\u00f3rmase un mosaico de h\u00e1bitats ligados ao medio acu\u00e1tico estreitamente relacionados entre si. En torno \u00e1 cubeta do lago (HIC 3190), at\u00f3pase unha orla de carrizais que conta con zonas de turbeiras b\u00e1sicas (HIC 7210* e 7230) e un manancial salino (HIC 1410). Rodeando a este conxunto at\u00f3panse cultivos intensivos, prados secos (HIC 6210*) e zonas boscosas (HIC 9240 e 9340).<\/p>\n<p><strong>Valores hist\u00f3ricos e paleoecol\u00f3xicos<\/strong><br \/>\nOs h\u00e1bitats higroturbosos de Arreo, de natureza calc\u00e1rea, non contan con dep\u00f3sitos relevantes dende o punto de vista paleoecol\u00f3xico.<\/p>\n<p><strong>H\u00e1bitats de Interese Comunitario<\/strong><\/p>\n<ul>\n<li>1410 Pasteiros salinos mediterr\u00e1neos.<\/li>\n<li>1510* Estepas salinas mediterr\u00e1neas (<em>Limonietalia<\/em>).<\/li>\n<li>3190 Lagos k\u00e1rsticas sobre xesos.<\/li>\n<li>6210 Prados secos seminaturais e facies de matogueira sobre substratos calcarios (<em>Festuco-Brometalia<\/em>).<\/li>\n<li>6210* H\u00e1bitat anterior con comunidades importantes de orqu\u00eddeas.<\/li>\n<li>7210* Turbeiras calc\u00e1reas do <em>Cladium mariscus<\/em> e con especies do <em>Caricion davallianae<\/em><\/li>\n<li>7230 Turbeiras baixas alcalinas.<\/li>\n<li>9230 Carballeiras galaico-portugueses con <em>Quercus robur<\/em> e <em>Quercus pyrenaica.<\/em><\/li>\n<li>9240 Carballeiras ib\u00e9ricas de <em>Quercus faginea<\/em> e <em>Q. canariensis<\/em>.<\/li>\n<li>9340 Bosques de <em>Quercus ilex<\/em> e <em>Q. rotundifolia<\/em>.<\/li>\n<\/ul>\n<p><strong>Flora<\/strong><br \/>\nAs especies de flora m\u00e1is relevantes do\u00a0Lago de Caicedo Yuso y Arreo son <em>Berula erecta<\/em> EN, <em>Puccinellia hispanica<\/em> EN, <em>Utricularia australis<\/em> EN, <em>Puccinellia fasciculata<\/em> VU, <em>Cistus crispus<\/em> NT e <em>Juncus acutus<\/em> NT.<\/p>\n<p><strong>Fauna<\/strong><br \/>\nO m\u00e1is destacable \u00e9 a presenza do cole\u00f3ptero acu\u00e1tico <em>Gyrinus paykulli, <\/em>que pos\u00fae aqu\u00ed a s\u00faa \u00fanica poboaci\u00f3n ib\u00e9rica co\u00f1ecida, <em>Coenagrion<\/em> mercuriale de escasa representaci\u00f3n na CAPV, o lepid\u00f3ptero forestal (<em>Euphydryas aurinia)<\/em> e a presenza ata un pasado recente de cangrexo aut\u00f3ctono (<em>Austropotamobius pallipes<\/em>).<br \/>\nEn canto a fauna pisc\u00edcola, na actualidade a \u00fanica especie aut\u00f3ctona do lago \u00e9 a tenca (<em>Tinca tinca<\/em>). Historicamente citouse tam\u00e9n \u00e1 angu\u00eda (<em>Anguilla anguilla<\/em>) e ao barbo de Graells (<em>Barbus graellsi<\/em>).<br \/>\nPor outra banda, rexistr\u00e1ronse 29 especies de aves no que \u00e9 estritamente o humidal, varias delas nidificantes, as\u00ed como 8 especies de anfibios, 2 r\u00e9ptiles (as cobras de auga <em>Natrix natrix<\/em> e <em>N.<\/em> <em>maura<\/em>) e entre os mam\u00edferos a rata de auga com\u00fan (<em>Arvicola<\/em> <em>sapidus<\/em>) e ao morcego das ribeiras (<em>Myotis daubentoni<\/em>).<\/p>\n<\/dd><dt>ESTADO ACTUAL<\/dt><dd><p>A proximidade de cultivos intensivos constit\u00fae unha ameaza, principalmente por contaminaci\u00f3n difusa. Substitu\u00edr os cultivos m\u00e1is pr\u00f3ximos ao lago constit\u00fae, ademais, unha oportunidade para recuperar ecosistemas valiosos que non existen na actualidade ou pouco representados actualmente. Tam\u00e9n son relevantes as presi\u00f3ns por fauna al\u00f3ctona (cangrexo vermello, carpa, peixe sol e Black-bass) e por usos recreativos (Se estes se fixesen m\u00e1is intensos no futuro).<\/p>\n<\/dd><dt>DIRECTRICES PARA A XESTI\u00d3N E A CONSERVACI\u00d3N<\/dt><dd><p>O\u00a0Lago de Caicedo Yuso y Arreo e os ecosistemas que alberga est\u00e1n sometidos a diversas presi\u00f3ns relacionadas principalmente coa actividade agraria. A compra de terreos e o cambio de usos posterior constit\u00faen ferramentas eficaces, pero resulta necesario complementalas coas seguintes actuaci\u00f3ns:<\/p>\n<ul>\n<li>Recuperaci\u00f3n da vexetaci\u00f3n natural (bosque de ribeira do regueiro do lago, masa forestal na marxe do bosque existente nas partes m\u00e1is altas, favorecer a rexeneraci\u00f3n natural do carregal-carrizal e restauraci\u00f3n do h\u00e1bitat 6210* no \u00e1mbito m\u00e1is pr\u00f3ximo ao lago)<\/li>\n<li>Prevenci\u00f3n da erosi\u00f3n no noiro da zona norte.<\/li>\n<li>Control de fauna al\u00f3ctona, tanto pisc\u00edcola como cangrexo vermello.<\/li>\n<li>Medida preventiva: Regulaci\u00f3n do uso recreativo, dificultando o acceso a zonas vulnerables e fomentando a visita e posta en valor de zonas compatibles con este uso.<\/li>\n<\/ul>\n<p>&nbsp;<\/p>\n<\/dd><dt>FOTOS<\/dt><dd><p><a href=\"http:\/\/www.lifetremedal.eu\/wp-content\/uploads\/Arreo03.jpg\"><img loading=\"lazy\" decoding=\"async\" alt=\"OLYMPUS DIGITAL CAMERA\" src=\"https:\/\/www.lifetremedal.eu\/wp-content\/uploads\/Arreo03-300x224.jpg\" width=\"354\" height=\"263\" \/><\/a><\/p>\n<p><a href=\"http:\/\/www.lifetremedal.eu\/wp-content\/uploads\/Arreo021.jpg\"><img loading=\"lazy\" decoding=\"async\" alt=\"OLYMPUS DIGITAL CAMERA\" src=\"https:\/\/www.lifetremedal.eu\/wp-content\/uploads\/Arreo021-300x224.jpg\" width=\"357\" height=\"266\" \/><\/a><\/p>\n<p><a href=\"http:\/\/www.lifetremedal.eu\/wp-content\/uploads\/Arreo01.jpg\"><img loading=\"lazy\" decoding=\"async\" alt=\"Lago de Arreo\" src=\"https:\/\/www.lifetremedal.eu\/wp-content\/uploads\/Arreo01-300x195.jpg\" width=\"360\" height=\"233\" \/><\/a><\/p>\n<p><a href=\"http:\/\/www.lifetremedal.eu\/wp-content\/uploads\/Lago-Arreo-Caicedo-1-DFA.jpg\"><img loading=\"lazy\" decoding=\"async\" alt=\"Lago Arreo Caicedo 1 DFA\" src=\"https:\/\/www.lifetremedal.eu\/wp-content\/uploads\/Lago-Arreo-Caicedo-1-DFA-300x225.jpg\" width=\"359\" height=\"273\" \/><\/a><\/p>\n<p><a href=\"http:\/\/www.lifetremedal.eu\/wp-content\/uploads\/Lago-Arreo-Caicedo-2-DFA.jpg\"><img loading=\"lazy\" decoding=\"async\" alt=\"Lago Arreo Caicedo 2 DFA\" src=\"https:\/\/www.lifetremedal.eu\/wp-content\/uploads\/Lago-Arreo-Caicedo-2-DFA-300x225.jpg\" width=\"361\" height=\"270\" \/><\/a><\/p>\n<p>&nbsp;<\/p>\n<\/dd><\/dl>","protected":false},"excerpt":{"rendered":"<p>Nome do enclave:\u00a0Lago de Caicedo Yuso y Arreo Categor\u00edas de protecci\u00f3n: Incl\u00faese no ZEC ES2110007\u00a0Caicedo Yuso eta Arreoko lakua \/ Lago de Caicedo Yuso y Arreo Localidade: Pertence ao concello de Caicedo Yuso, termo municipal de Lantar\u00f3n, Territorio Hist\u00f3rico de \u00c1lava. Rexi\u00f3n: Pa\u00eds Vasco Altitude: 655 metros Superficie: 25 hect\u00e1reas Coordenada de referencia: 30TWN0036, 30TWN0136 [&hellip;]<\/p>\n","protected":false},"author":2,"featured_media":0,"parent":992,"menu_order":0,"comment_status":"open","ping_status":"closed","template":"page-template-left-nav.php","meta":{"footnotes":""},"class_list":["post-2425","page","type-page","status-publish","hentry"],"_links":{"self":[{"href":"https:\/\/lifetremedal.eu\/gl\/wp-json\/wp\/v2\/pages\/2425","targetHints":{"allow":["GET"]}}],"collection":[{"href":"https:\/\/lifetremedal.eu\/gl\/wp-json\/wp\/v2\/pages"}],"about":[{"href":"https:\/\/lifetremedal.eu\/gl\/wp-json\/wp\/v2\/types\/page"}],"author":[{"embeddable":true,"href":"https:\/\/lifetremedal.eu\/gl\/wp-json\/wp\/v2\/users\/2"}],"replies":[{"embeddable":true,"href":"https:\/\/lifetremedal.eu\/gl\/wp-json\/wp\/v2\/comments?post=2425"}],"version-history":[{"count":20,"href":"https:\/\/lifetremedal.eu\/gl\/wp-json\/wp\/v2\/pages\/2425\/revisions"}],"predecessor-version":[{"id":12058,"href":"https:\/\/lifetremedal.eu\/gl\/wp-json\/wp\/v2\/pages\/2425\/revisions\/12058"}],"up":[{"embeddable":true,"href":"https:\/\/lifetremedal.eu\/gl\/wp-json\/wp\/v2\/pages\/992"}],"wp:attachment":[{"href":"https:\/\/lifetremedal.eu\/gl\/wp-json\/wp\/v2\/media?parent=2425"}],"curies":[{"name":"wp","href":"https:\/\/api.w.org\/{rel}","templated":true}]}}