{"id":2420,"date":"2014-02-27T12:00:49","date_gmt":"2014-02-27T11:00:49","guid":{"rendered":"http:\/\/www.lifetremedal.eu\/?page_id=2420"},"modified":"2023-02-11T08:50:20","modified_gmt":"2023-02-11T07:50:20","slug":"xuriain","status":"publish","type":"page","link":"https:\/\/lifetremedal.eu\/gl\/humidais\/xuriain\/","title":{"rendered":"Xuriain"},"content":{"rendered":"<div class=\"one_half\">\n<p><strong>Categor\u00edas de protecci\u00f3n:<\/strong> Incl\u00faese no LIC ES2200018 Belate e queda recollido como Solo Non Urbanizable de Protecci\u00f3n polo seu Valor Ambiental, Humidais no Plan de Ordenaci\u00f3n do Territorio 3 &#8220;\u00c1rea Central&#8221; de Navarra.<br \/>\n<strong>Localizaci\u00f3n:<\/strong> O enclave sit\u00faase no termo municipal de Anue, xunto ao l\u00edmite de Esteribar na ladeira este.<br \/>\n<strong>Rexi\u00f3n:<\/strong> Navarra<br \/>\n<strong>Coordenada de referencia:<\/strong> 30TXN1765<br \/>\n<strong>Superficie do humidal:<\/strong> 2,74 hect\u00e1reas<br \/>\n<strong>Altitude:<\/strong> 1320-1395 m<br \/>\n<a href=\"http:\/\/www.lifetremedal.eu\/wp-content\/uploads\/Navarra_TremedalEnclaves_A4_Xuriain.pdf\">Ver mapa <\/a><\/p>\n<\/div>\n<div class=\"one_half\">\n<img loading=\"lazy\" decoding=\"async\" alt=\"Xuriain\" src=\"http:\/\/www.lifetremedal.eu\/wp-content\/uploads\/Xuriain.jpg\" width=\"320\" height=\"181\" \/>\n<\/div>\n<div class=\"hr hr-dotted\">&nbsp;<\/div>\n<h5>Este enclave, de grande orixinalidade por ser o \u00fanico enclave <strong>ombrotr\u00f3fico<\/strong> en Navarra, \u00e9 unha \u00e1rea de 2,74 ha situada nunha ladeira no alto do cumio do monte Xuriain e orientada ao N-NW.<\/h5>\n<p>Debido a esta situaci\u00f3n a auga que alimenta este enclave s\u00f3 pode proceder das precipitaci\u00f3ns e n\u00e9boas (de a\u00ed o car\u00e1cter ombrotr\u00f3fico do enclave).<br \/>\nAt\u00f3pase <strong>moi degradada<\/strong> xa que na zona se realizaron queimas como medida de xesti\u00f3n dos queirogais e apenas conserva vestixios da flora e fauna caracter\u00edsticas das turbeiras. As caracter\u00edsticas da flora e a orixe da auga indican condici\u00f3ns de <strong>oligotrof\u00eda<\/strong>.<br \/>\nIncl\u00fae dous niveis de gleras de bloques de pedra de gra entre as que se integran relanzos con substrato de turba pouco potente, a excepci\u00f3n dunha zona situada ao p\u00e9 do primeiro nivel de glera, con 45 cm de turba composta por restos de esfagno. Na zona con maior profundidade de turba f\u00f3rmanse mont\u00edculos entre 25-40 cm de altura, con arando e <em>Sphagnum spp<\/em>.<br \/>\nNo segundo nivel de glera desenv\u00f3lvese unha breixeira moi h\u00famida, con mont\u00edculos entre 20 e 30 cm de altura, con <em>Leucobryum glaucum<\/em> na actualidade.<\/p>\n<dl class=\"accordion\"><dt>VALORES M\u00c1IS RELEVANTES<\/dt><dd><p><span style=\"color: #ff0000\"><strong>Singularidade<\/strong><\/span><br \/>\n\u00c9 o \u00fanico enclave claramente ombr\u00f3xeno detectado en Navarra.<\/p>\n<p><span style=\"color: #ff0000\"><strong>Valores biol\u00f3xicos e ecol\u00f3xicos<\/strong><\/span><br \/>\nFlor\u00edsticamente, \u00e9 de salientar no apartado de bri\u00f3fitos a <em>Lophozia incisa como<\/em> novidade para o cat\u00e1logo brioflor\u00edstico de Navarra; a segunda localidade Navarra para <em>Kurzia trichoclados<\/em> e a presenza relativamente abundante de <em>Racomitrium lanuginosum<\/em>, un bri\u00f3n de car\u00e1cter atl\u00e1ntico e aerohigr\u00f3filo.<br \/>\nNo referente a vasculares e a h\u00e1bitats, cabe dicir que a zona perdeu en gran parte o seu interese tras as queimas.<\/p>\n<p><span style=\"color: #ff0000\"><strong>Valores hist\u00f3ricos e paleoecol\u00f3xicos<\/strong><\/span><br \/>\nOs h\u00e1bitats higroturbosos do enclave de Xuriain non contan con dep\u00f3sitos relevantes dende o punto de vista paleoecol\u00f3xico.<\/p>\n<p><span style=\"color: #ff0000\"><strong>H\u00e1bitats de Interese Comunitario<\/strong><\/span><\/p>\n<table width=\"100%\" border=\"1\" cellspacing=\"0\" cellpadding=\"0\" align=\"left\">\n<tbody>\n<tr>\n<td valign=\"top\" width=\"98\"><strong>H\u00e1bitat<\/strong><\/td>\n<td valign=\"top\" width=\"336\"><strong>Nome<\/strong><\/td>\n<\/tr>\n<tr>\n<td valign=\"top\" width=\"98\">4030<\/td>\n<td valign=\"top\" width=\"336\">Queirogais secos europeos<\/td>\n<\/tr>\n<tr>\n<td valign=\"top\" width=\"98\">6230*<\/td>\n<td valign=\"top\" width=\"336\">Formaci\u00f3ns herb\u00e1ceas con <em>Nardus<\/em>, con numerosas especies, sobre substratos sil\u00edceos de zonas monta\u00f1osas (e de zonas submonta\u00f1osas da Europa continental)<\/td>\n<\/tr>\n<\/tbody>\n<\/table>\n<p>&nbsp;<\/p>\n<p><span style=\"color: #ff0000\"><strong>Flora<\/strong><\/span><br \/>\nNo cumio de Xuriain existen citas antigas de <em>Huperzia selago<\/em> e <em>Trichophorum caespitosum <\/em><em>subsp. germanicum<\/em> a\u00ednda que a s\u00faa presenza non foi comprobada recentemente.<br \/>\nRexistr\u00e1ronse 20 especies de vasculares e 16 especies de bri\u00f3fitos.<\/p>\n<p><span style=\"color: #ff0000\"><strong>Fauna<\/strong><\/span><br \/>\nNon se constatou a presenza de fauna propia de turbeiras ou medios turbosos<\/p>\n<\/dd><dt>ESTADO ACTUAL<\/dt><dd><p>O enclave actualmente at\u00f3pase <strong>moi degradado<\/strong> polo efecto das queimas que se vi\u00f1eron realizando na zona.<br \/>\nA presi\u00f3n gandeira \u00e9 a maior ameaza para a conservaci\u00f3n do enclave, xa que sup\u00f3n cambios e\/ou destruci\u00f3n da vexetaci\u00f3n, destruci\u00f3n parcial e desecamento do substrato turboso producido polas queimas, o pastado e pisoteo, que tam\u00e9n provoca perdas na cobertura.<\/p>\n<\/dd><dt>DIRECTRICES PARA A XESTI\u00d3N E A CONSERVACI\u00d3N<\/dt><dd><p>Para alcanzar os obxectivos de <strong>conservaci\u00f3n<\/strong> do enclave \u00e9 necesaria a <strong>redacci\u00f3n de medidas<\/strong> que leven consigo a minimizaci\u00f3n do impacto da actividade gandeira mediante as seguintes actuaci\u00f3ns: reduci\u00f3n da presi\u00f3n gandeira na zona, instalaci\u00f3n de valados, reduci\u00f3n do uso do lume, regulaci\u00f3n doutros usos gandeiros como son as rozas, encalados, aboados, etc.<br \/>\nSer\u00e1 necesario ademais o establecemento dun <strong>Plan de Seguimento<\/strong> que servir\u00e1 para definir o estado de partida de conservaci\u00f3n do enclave e as\u00ed controlar os cambios que se vaian producindo na vexetaci\u00f3n, no nivel de humidade do enclave (climatolox\u00eda e hidrolox\u00eda).<br \/>\nNo que se refire \u00e1 <strong>mellora dos co\u00f1ecementos sobre o enclave,<\/strong> \u00e9 importante afondar no comportamento hidrol\u00f3xico en relaci\u00f3n coa climatolox\u00eda do lugar, tanto do substrato turboso coma da vexetaci\u00f3n.<br \/>\nPara a <strong>posta en valor do lugar,<\/strong> deberanse realizar actuaci\u00f3ns de difusi\u00f3n e divulgaci\u00f3n dos valores do enclave, posto que se sit\u00faa no visitado cumio de Xuriain<\/p>\n<\/dd><dt>FOTOS<\/dt><dd><div>\n<dl id=\"attachment_264\">\n<dt><img loading=\"lazy\" decoding=\"async\" alt=\"Vista general del enclave de Zuriain (P. Heras)\" src=\"http:\/\/www.lifetremedal.eu\/wp-content\/uploads\/Xuriain-1.jpg\" width=\"370\" height=\"244\" \/><\/dt>\n<dd>Vista xeral do enclave de Zuriain (P. Heras)<\/dd>\n<\/dl>\n<\/div>\n<div>\n<dl id=\"attachment_265\">\n<dt><a href=\"http:\/\/www.lifetremedal.eu\/wp-content\/uploads\/Xuriain-2.jpg\"><img loading=\"lazy\" decoding=\"async\" alt=\"Zona con mayor profundidad de turba, promontorios quemados. (M. Infante). \" src=\"http:\/\/www.lifetremedal.eu\/wp-content\/uploads\/Xuriain-2.jpg\" width=\"371\" height=\"245\" \/><\/a><\/dt>\n<dd>Zona con maior profundidade de turba, promontorios queimados. (M. Infante).<\/dd>\n<\/dl>\n<\/div>\n<div>\n<dl id=\"attachment_266\">\n<dt><a href=\"http:\/\/www.lifetremedal.eu\/wp-content\/uploads\/Xuriain-3.jpg\"><img loading=\"lazy\" decoding=\"async\" alt=\"Promontorio erosionado, mostrando entramado de bloques areniscos. (P. Heras)\" src=\"http:\/\/www.lifetremedal.eu\/wp-content\/uploads\/Xuriain-3.jpg\" width=\"365\" height=\"241\" \/><\/a><\/dt>\n<dd>Promontorio erosionado, mostrando armaz\u00f3n de bloques arenitas. (P. Heras)<\/dd>\n<\/dl>\n<\/div>\n<\/dd><\/dl>","protected":false},"excerpt":{"rendered":"<p>Este enclave, de grande orixinalidade por ser o \u00fanico enclave ombrotr\u00f3fico en Navarra, \u00e9 unha \u00e1rea de 2,74 ha situada nunha ladeira no alto do cumio do monte Xuriain e orientada ao N-NW. Debido a esta situaci\u00f3n a auga que alimenta este enclave s\u00f3 pode proceder das precipitaci\u00f3ns e n\u00e9boas (de a\u00ed o car\u00e1cter ombrotr\u00f3fico [&hellip;]<\/p>\n","protected":false},"author":2,"featured_media":0,"parent":992,"menu_order":0,"comment_status":"open","ping_status":"closed","template":"page-template-left-nav.php","meta":{"footnotes":""},"class_list":["post-2420","page","type-page","status-publish","hentry"],"_links":{"self":[{"href":"https:\/\/lifetremedal.eu\/gl\/wp-json\/wp\/v2\/pages\/2420","targetHints":{"allow":["GET"]}}],"collection":[{"href":"https:\/\/lifetremedal.eu\/gl\/wp-json\/wp\/v2\/pages"}],"about":[{"href":"https:\/\/lifetremedal.eu\/gl\/wp-json\/wp\/v2\/types\/page"}],"author":[{"embeddable":true,"href":"https:\/\/lifetremedal.eu\/gl\/wp-json\/wp\/v2\/users\/2"}],"replies":[{"embeddable":true,"href":"https:\/\/lifetremedal.eu\/gl\/wp-json\/wp\/v2\/comments?post=2420"}],"version-history":[{"count":8,"href":"https:\/\/lifetremedal.eu\/gl\/wp-json\/wp\/v2\/pages\/2420\/revisions"}],"predecessor-version":[{"id":12096,"href":"https:\/\/lifetremedal.eu\/gl\/wp-json\/wp\/v2\/pages\/2420\/revisions\/12096"}],"up":[{"embeddable":true,"href":"https:\/\/lifetremedal.eu\/gl\/wp-json\/wp\/v2\/pages\/992"}],"wp:attachment":[{"href":"https:\/\/lifetremedal.eu\/gl\/wp-json\/wp\/v2\/media?parent=2420"}],"curies":[{"name":"wp","href":"https:\/\/api.w.org\/{rel}","templated":true}]}}