{"id":2418,"date":"2014-02-27T11:53:59","date_gmt":"2014-02-27T10:53:59","guid":{"rendered":"http:\/\/www.lifetremedal.eu\/?page_id=2418"},"modified":"2023-02-10T15:32:02","modified_gmt":"2023-02-10T14:32:02","slug":"okolin","status":"publish","type":"page","link":"https:\/\/lifetremedal.eu\/gl\/humidais\/okolin\/","title":{"rendered":"Okolin"},"content":{"rendered":"<div class=\"one_half\">\n<p><strong><\/strong><strong>Nome do enclave:<\/strong> Okolin<br \/>\n<strong>Categor\u00edas de protecci\u00f3n:<\/strong> Este enclave incl\u00faese no LIC ES220018 Belate.<br \/>\n<strong>Localizaci\u00f3n:<\/strong> Baztan e Anue<br \/>\n<strong>Rexi\u00f3n:<\/strong> Navarra<br \/>\n<strong>Coordenada de referencia:<\/strong> 30TXN1466, 30TXN1566, 30TXN1567, 30TXN1467<br \/>\n<strong>Superficie do humidal:<\/strong> Nunha superficie moi ampla, entorno a 40 hect\u00e1reas, o enclave incl\u00fae un serie de surxencias en ladeira.<br \/>\n<strong>Altitude:<\/strong> 1.060-1.020 m<\/p>\n<p><a href=\"http:\/\/www.lifetremedal.eu\/wp-content\/uploads\/Navarra_TremedalEnclaves_A3_Okolin.pdf\">Ver mapa<\/a><\/p>\n<\/div>\n<div class=\"one_half\">\n<p><img loading=\"lazy\" decoding=\"async\" class=\"alignnone size-full wp-image-221\" alt=\"Okolin\" src=\"http:\/\/www.lifetremedal.eu\/wp-content\/uploads\/Okolin.jpg\" width=\"320\" height=\"181\" \/><\/p>\n<\/div>\n<div class=\"hr hr-dotted\">&nbsp;<\/div>\n<h5>Tr\u00e1tase dun conxunto de pequenos enclaves turbosos que se atopan nas ladeiras orientadas ao oeste do monte Okolin e a ladeira sueste de Gartzaga.<\/h5>\n<p>No enclave dist\u00ednguense dous tipos de mananciais, asociados a lousas uns e a coluvi\u00f3ns os outros, sendo os primeiros algo m\u00e1is amplos que os segundos.<\/p>\n<p>Nestas surxencias de ladeira pres\u00e9ntanse comunidades de <em>Sphagnum auriculatum <\/em>e <em>Narthecium ossifragum, <\/em>estando presentes nos regatos <em>Viola palustris. <\/em>Nas surxencias de maior entidade, desenv\u00f3lvense tam\u00e9n comunidades de <i>Erica tetralix<\/i> e <em>Sphagnum papillosum,<\/em> mentres que nas de menor entidade, as comunidades de <em>Sphagnum auriculatum <\/em>contactan con cervunais (<em>Nardus stricta<\/em>). Nas aldeiras, aparecen os pasteiros acid\u00f3filos atl\u00e1nticos de <em>Agrostis curtisii, <\/em>que ocupan a maior parte das ladeiras. Os queirogais de <em>Ulex gallii <\/em>interc\u00e1lanse entre estes pasteiros nas zonas menos pastoreadas.<\/p>\n<dl class=\"accordion\"><dt>VALORES M\u00c1IS RELEVANTES<\/dt><dd><p><span style=\"color: #ff0000\"><strong>Singularidade<\/strong><\/span><br \/>\nEste enclave incl\u00fae as pequenas zonas higroturbosas que se desenvolven nas ladeiras dos montes Okolin e Gartzaga.<\/p>\n<p><span style=\"color: #ff0000\"><strong>Valores biol\u00f3xicos e ecol\u00f3xicos<\/strong><\/span><br \/>\nA pesar das reducidas dimensi\u00f3ns das zonas higroturbosas do enclave, destaca por albergar flora de interese. \u00c9 salientable a presenza de <em>Nardia compressa<\/em> e <em>Warnstorfia exannulata<\/em>, posto que non foron achadas noutros enclaves navarros.<\/p>\n<p><span style=\"color: #ff0000\"><strong>Valores hist\u00f3ricos e paleoecol\u00f3xicos<\/strong><\/span><br \/>\nOkolin non ten unha caracter\u00edstica singular a sinalar a este respecto.<\/p>\n<p><span style=\"color: #ff0000\"><strong>H\u00e1bitats de Interese Comunitario<\/strong><\/span><\/p>\n<table border=\"1\" cellspacing=\"0\" cellpadding=\"0\">\n<tbody>\n<tr>\n<td nowrap=\"nowrap\" width=\"99\"><strong>H\u00e1bitat<\/strong><\/td>\n<td width=\"346\"><\/td>\n<\/tr>\n<tr>\n<td nowrap=\"nowrap\" width=\"99\">4030<\/td>\n<td width=\"346\">Queirogais secos europeos<\/td>\n<\/tr>\n<tr>\n<td nowrap=\"nowrap\" width=\"99\">6230*<\/td>\n<td width=\"346\">Formaci\u00f3ns herb\u00e1ceas con <em>Nardus<\/em>, con numerosas especies, sobre substratos sil\u00edceos de zonas monta\u00f1osas (e de zonas submonta\u00f1osas da Europa continental)<\/td>\n<\/tr>\n<tr>\n<td nowrap=\"nowrap\" width=\"99\">6410<\/td>\n<td width=\"346\">Prados con molinias sobre substratos calcarios, turbosos ou arxilolimosos (<em>Molinion caeruleae<\/em>)<\/td>\n<\/tr>\n<tr>\n<td nowrap=\"nowrap\" width=\"99\">7140<\/td>\n<td width=\"346\">&#8216;Mires&#8217; de transici\u00f3n<\/td>\n<\/tr>\n<\/tbody>\n<\/table>\n<p><span style=\"color: #ff0000\"><strong>Flora<\/strong><\/span><br \/>\nDestaca a cita de <em>Trichophorum caespitosum <\/em><em>subsp. germanicum, <\/em>a\u00ednda que esta cita \u00e9 relativamente antiga e non se confirmou recentemente.<\/p>\n<p>Rexistr\u00e1ronse 48 especies de plantas vasculares e 22 bri\u00f3fitos, entre os que destaca a presenza de <em>Gymnocolea inflata<\/em>, <em>Marsupella sphacelata, Nardia compressa, Straminergon stramineum e Warnstorfia exannulata<\/em> (que contan con moi poucas poboaci\u00f3ns en Navarra). Sinalouse ademais a presenza de cinco especies de esfagnos.<\/p>\n<p><span style=\"color: #ff0000\"><strong>Fauna<\/strong><\/span><br \/>\nNon se conta con informaci\u00f3n espec\u00edfica sobre fauna asociada \u00e1s surxencias de Okolin.<\/p>\n<\/dd><dt>ESTADO ACTUAL<\/dt><dd><p>O enclave, que se atopa nun estado de conservaci\u00f3n bo, ten pequenas tomas de auga para bebedoiros preto dunha borda existente. As ameazas detectadas no enclave son a intensificaci\u00f3n da presi\u00f3n do gando, e os efectos que isto produce en canto ao pastoreo e remoci\u00f3n do solo, os residuos que pode xerar a borda existente e as tomas de auga citadas anteriormente.<\/p>\n<\/dd><dt>DIRECTRICES PARA A XESTI\u00d3N E A CONSERVACI\u00d3N<\/dt><dd><p>O enclave, que se atopa nun estado de conservaci\u00f3n bo, ten pequenas tomas de auga para bebedoiros preto dunha borda existente. As ameazas detectadas no enclave son a intensificaci\u00f3n da presi\u00f3n do gando, e os efectos que isto produce en canto ao pastoreo e remoci\u00f3n do solo, os residuos que pode xerar a borda existente e as tomas de auga citadas anteriormente.<\/p>\n<\/dd><dt>FOTOS<\/dt><dd><p><a href=\"http:\/\/www.lifetremedal.eu\/wp-content\/uploads\/Okolin.jpg\"><img loading=\"lazy\" decoding=\"async\" src=\"http:\/\/www.lifetremedal.eu\/wp-content\/uploads\/Okolin-300x225.jpg\" alt=\"Okolin\" width=\"300\" height=\"225\" class=\"aligncenter size-medium wp-image-4972\" srcset=\"https:\/\/lifetremedal.eu\/wp-content\/uploads\/Okolin-300x225.jpg 300w, https:\/\/lifetremedal.eu\/wp-content\/uploads\/Okolin-1024x768.jpg 1024w, https:\/\/lifetremedal.eu\/wp-content\/uploads\/Okolin.jpg 2048w\" sizes=\"auto, (max-width: 300px) 100vw, 300px\" \/><\/a><\/p>\n<\/dd><\/dl>","protected":false},"excerpt":{"rendered":"<p>Tr\u00e1tase dun conxunto de pequenos enclaves turbosos que se atopan nas ladeiras orientadas ao oeste do monte Okolin e a ladeira sueste de Gartzaga. No enclave dist\u00ednguense dous tipos de mananciais, asociados a lousas uns e a coluvi\u00f3ns os outros, sendo os primeiros algo m\u00e1is amplos que os segundos. Nestas surxencias de ladeira pres\u00e9ntanse comunidades [&hellip;]<\/p>\n","protected":false},"author":2,"featured_media":0,"parent":992,"menu_order":0,"comment_status":"open","ping_status":"closed","template":"page-template-left-nav.php","meta":{"footnotes":""},"class_list":["post-2418","page","type-page","status-publish","hentry"],"_links":{"self":[{"href":"https:\/\/lifetremedal.eu\/gl\/wp-json\/wp\/v2\/pages\/2418","targetHints":{"allow":["GET"]}}],"collection":[{"href":"https:\/\/lifetremedal.eu\/gl\/wp-json\/wp\/v2\/pages"}],"about":[{"href":"https:\/\/lifetremedal.eu\/gl\/wp-json\/wp\/v2\/types\/page"}],"author":[{"embeddable":true,"href":"https:\/\/lifetremedal.eu\/gl\/wp-json\/wp\/v2\/users\/2"}],"replies":[{"embeddable":true,"href":"https:\/\/lifetremedal.eu\/gl\/wp-json\/wp\/v2\/comments?post=2418"}],"version-history":[{"count":11,"href":"https:\/\/lifetremedal.eu\/gl\/wp-json\/wp\/v2\/pages\/2418\/revisions"}],"predecessor-version":[{"id":12045,"href":"https:\/\/lifetremedal.eu\/gl\/wp-json\/wp\/v2\/pages\/2418\/revisions\/12045"}],"up":[{"embeddable":true,"href":"https:\/\/lifetremedal.eu\/gl\/wp-json\/wp\/v2\/pages\/992"}],"wp:attachment":[{"href":"https:\/\/lifetremedal.eu\/gl\/wp-json\/wp\/v2\/media?parent=2418"}],"curies":[{"name":"wp","href":"https:\/\/api.w.org\/{rel}","templated":true}]}}