{"id":2414,"date":"2014-02-27T11:46:56","date_gmt":"2014-02-27T10:46:56","guid":{"rendered":"http:\/\/www.lifetremedal.eu\/?page_id=2414"},"modified":"2023-02-15T05:25:52","modified_gmt":"2023-02-15T04:25:52","slug":"mendibil","status":"publish","type":"page","link":"https:\/\/lifetremedal.eu\/gl\/humidais\/mendibil\/","title":{"rendered":"Mendibil"},"content":{"rendered":"<div class=\"one_half\">\n<p><strong>Nome do enclave:<\/strong> Mendibil<br \/>\n<strong>Categor\u00edas de protecci\u00f3n:<\/strong> Este enclave queda recollido como Solo Non Urbanizable de Protecci\u00f3n polo seu Valor Ambiental, Humidais, no Plan de Ordenaci\u00f3n do Territorio &#8220;Navarra Atl\u00e1ntica&#8221; de Navarra.<br \/>\n<strong>Localizaci\u00f3n:<\/strong> Zugarramurdi<br \/>\n<strong>Rexi\u00f3n:<\/strong> Navarra<br \/>\n<strong>Coordenada de referencia:<\/strong> 30TXN1790<br \/>\n<strong>Superficie do humidal:<\/strong> 4,4 hect\u00e1reas<br \/>\n<strong>Altitude:<\/strong> 520-524 m<\/p>\n<p><a href=\"http:\/\/www.lifetremedal.eu\/wp-content\/uploads\/Navarra_TremedalEnclaves_A3_Mendibil.pdf\">Ver mapa<\/a><\/p>\n<\/div>\n<div class=\"one_half\">\n<\/div>\n<div class=\"hr hr-dotted\">&nbsp;<\/div>\n<h5>Este enclave, que se atopa en bo estado de conservaci\u00f3n, \u00e9 unha \u00e1rea de 4,4 ha que alberga pequenos enclaves turbosos de menos de 2100 m<sup>2<\/sup><\/h5>\n<p>Alberga comunidades de <em>Hypericum elodes <\/em>e <em>Potamogeton polygonifolius <\/em>nos regueiros, comunidades de <em>Sphagnum auriculatum <\/em>e <em>Narthecium ossifragum <\/em>nas \u00e1reas encharcadas das beiras, xunqueiras de <em>Juncus acutiflorus <\/em>e <em>Scutellaria minor <\/em>e queirogais con <i>Erica<\/i> <em>ciliaris.<\/em><\/p>\n<p>Destaca a presenza dos H\u00e1bitats de Interese Comunitario &#8220;6410 Prados con molinias sobre substratos calcarios, turbosos ou arxilolimosos (<em>Molinion caeruleae<\/em>)&#8221; e &#8220;7140 &#8216;Mires&#8217; de transici\u00f3n&#8221;.<\/p>\n<dl class=\"accordion\"><dt>VALORES M\u00c1IS RELEVANTES<\/dt><dd><p><span style=\"color: #ff0000\"><strong>Singularidade<\/strong><\/span><br \/>\nO enclave de Mendibil destaca pola presenza dos H\u00e1bitats de Interese Comunitario 6410 e 7140, e de flora vascular de interese.<\/p>\n<p><span style=\"color: #ff0000\"><strong>Valores biol\u00f3xicos e ecol\u00f3xicos<\/strong><\/span><br \/>\nRespecto \u00e1 flora, \u00e9 salientable a presenza de <em>Rhynchospora alba<\/em>.<\/p>\n<p><span style=\"color: #ff0000\"><strong>Valores hist\u00f3ricos e paleoecol\u00f3xicos<\/strong><\/span><br \/>\nOs h\u00e1bitats higroturbosos de Mendibil non contan con dep\u00f3sitos relevantes dende o punto de vista paleoecol\u00f3xico.<\/p>\n<p><span style=\"color: #ff0000\"><strong>H\u00e1bitats de Interese Comunitario<\/strong><\/span><\/p>\n<table width=\"451\" border=\"1\" cellspacing=\"0\" cellpadding=\"0\">\n<tbody>\n<tr>\n<td nowrap=\"nowrap\" width=\"109\"><strong>H\u00e1bitat<\/strong><\/td>\n<td width=\"342\"><\/td>\n<\/tr>\n<tr>\n<td nowrap=\"nowrap\" width=\"109\">4030<\/td>\n<td width=\"342\">Queirogais secos europeos<\/td>\n<\/tr>\n<tr>\n<td nowrap=\"nowrap\" width=\"109\">6230*<\/td>\n<td width=\"342\">Formaci\u00f3ns herb\u00e1ceas con <em>Nardus<\/em>, con numerosas especies, sobre substratos sil\u00edceos de zonas<\/td>\n<\/tr>\n<tr>\n<td nowrap=\"nowrap\" width=\"109\">6410<\/td>\n<td width=\"342\">Prados con molinias sobre substratos calcarios, turbosos ou arxilolimosos (<em>Molinion caeruleae<\/em>)<\/td>\n<\/tr>\n<tr>\n<td valign=\"bottom\" nowrap=\"nowrap\" width=\"109\">7140<\/td>\n<td width=\"342\">&#8216;Mires&#8217; de transici\u00f3n<\/td>\n<\/tr>\n<\/tbody>\n<\/table>\n<p>&nbsp;<\/p>\n<p><span style=\"color: #ff0000\"><strong>Flora<\/strong><\/span><br \/>\nRexistr\u00e1ronse 49 especies (39 vasculares e 10 bri\u00f3fitos). Respecto \u00e1 flora existente en Mendibil, destaca a presenza de <em>Rhynchospora alba<\/em>.<\/p>\n<p><span style=\"color: #ff0000\"><strong>Fauna<\/strong><\/span><br \/>\nNon se conta con informaci\u00f3n espec\u00edfica sobre fauna asociada ao enclave de Mendibil.<\/p>\n<\/dd><dt>ESTADO ACTUAL<\/dt><dd><p>O enclave, que se atopa en bo estado de conservaci\u00f3n, est\u00e1 frecuentado polo gando, pero at\u00f3pase moderadamente pastoreado e pisado. O \u00fanico elemento que pode supo\u00f1er unha ameaza na conservaci\u00f3n do enclave \u00e9 o aumento da presi\u00f3n do gando e o seu efecto de pastoreo e remoci\u00f3n do solo.<\/p>\n<\/dd><dt>DIRECTRICES PARA A XESTI\u00d3N E A CONSERVACI\u00d3N<\/dt><dd><p>Para a conservaci\u00f3n do enclave deber\u00edase desenvolver un programa de vixilancia e prevenci\u00f3n, que servir\u00eda para detectar posibles aumentos nos efectos que ten o gando sobre o solo. Tam\u00e9n se deber\u00edan regular outras pr\u00e1cticas relacionadas co uso gandeiro, como as rozas e o uso do lume.<\/p>\n<\/dd><\/dl>","protected":false},"excerpt":{"rendered":"<p>Este enclave, que se atopa en bo estado de conservaci\u00f3n, \u00e9 unha \u00e1rea de 4,4 ha que alberga pequenos enclaves turbosos de menos de 2100 m2 Alberga comunidades de Hypericum elodes e Potamogeton polygonifolius nos regueiros, comunidades de Sphagnum auriculatum e Narthecium ossifragum nas \u00e1reas encharcadas das beiras, xunqueiras de Juncus acutiflorus e Scutellaria minor [&hellip;]<\/p>\n","protected":false},"author":2,"featured_media":0,"parent":992,"menu_order":0,"comment_status":"open","ping_status":"closed","template":"page-template-left-nav.php","meta":{"footnotes":""},"class_list":["post-2414","page","type-page","status-publish","hentry"],"_links":{"self":[{"href":"https:\/\/lifetremedal.eu\/gl\/wp-json\/wp\/v2\/pages\/2414","targetHints":{"allow":["GET"]}}],"collection":[{"href":"https:\/\/lifetremedal.eu\/gl\/wp-json\/wp\/v2\/pages"}],"about":[{"href":"https:\/\/lifetremedal.eu\/gl\/wp-json\/wp\/v2\/types\/page"}],"author":[{"embeddable":true,"href":"https:\/\/lifetremedal.eu\/gl\/wp-json\/wp\/v2\/users\/2"}],"replies":[{"embeddable":true,"href":"https:\/\/lifetremedal.eu\/gl\/wp-json\/wp\/v2\/comments?post=2414"}],"version-history":[{"count":9,"href":"https:\/\/lifetremedal.eu\/gl\/wp-json\/wp\/v2\/pages\/2414\/revisions"}],"predecessor-version":[{"id":12119,"href":"https:\/\/lifetremedal.eu\/gl\/wp-json\/wp\/v2\/pages\/2414\/revisions\/12119"}],"up":[{"embeddable":true,"href":"https:\/\/lifetremedal.eu\/gl\/wp-json\/wp\/v2\/pages\/992"}],"wp:attachment":[{"href":"https:\/\/lifetremedal.eu\/gl\/wp-json\/wp\/v2\/media?parent=2414"}],"curies":[{"name":"wp","href":"https:\/\/api.w.org\/{rel}","templated":true}]}}