{"id":2410,"date":"2014-02-27T11:27:06","date_gmt":"2014-02-27T10:27:06","guid":{"rendered":"http:\/\/www.lifetremedal.eu\/?page_id=2410"},"modified":"2023-02-10T15:28:45","modified_gmt":"2023-02-10T14:28:45","slug":"mendaur","status":"publish","type":"page","link":"https:\/\/lifetremedal.eu\/gl\/humidais\/mendaur\/","title":{"rendered":"Mendaur"},"content":{"rendered":"<div class=\"one_half\">\n<p><strong><\/strong><strong>Nome do enclave:<\/strong> Mendaur<br \/>\n<strong>Categor\u00edas de protecci\u00f3n:<\/strong> Queda recollido como Solo Non Urbanizable de Protecci\u00f3n polo seu Valor Ambiental, Humidais, no Plan de Ordenaci\u00f3n do Territorio 2 &#8220;Navarra Atl\u00e1ntica&#8221;.<br \/>\n<strong>Localizaci\u00f3n:<\/strong> Entre Ituren e Facer\u00eda 87<br \/>\n<strong>Rexi\u00f3n:<\/strong> Navarra<br \/>\n<strong>Coordenada de referencia:<\/strong> 30TXN0379, 30TXN0479<br \/>\n<strong>Superficie do humidal:<\/strong> 4,11 hect\u00e1reas<br \/>\n<strong>Altitude:<\/strong> 934-1.100 m<\/p>\n<p><a href=\"http:\/\/www.lifetremedal.eu\/wp-content\/uploads\/Navarra_TremedalEnclaves_A3_Mendaur.pdf\">Ver mapa<\/a><\/p>\n<\/div>\n<div class=\"one_half\">\n<p><img loading=\"lazy\" decoding=\"async\" class=\"alignnone size-full wp-image-221\" alt=\"Mendaur\" src=\"http:\/\/www.lifetremedal.eu\/wp-content\/uploads\/Mendaur.jpg\" width=\"320\" height=\"181\" \/><\/p>\n<\/div>\n<div class=\"hr hr-dotted\">&nbsp;<\/div>\n<h5>O enclave, de aproximadamente 4 ha, comprende d\u00faas zonas diferenciadas, unha moi ampla a media ladeira dende o cumio de Mendaur (Zona A) e outra moito m\u00e1is reducida no outeiro de Bustiz (Zona B).<\/h5>\n<p>A Zona A re\u00fane unha serie de surxencias xunto coas s\u00faas canles de fluxo e est\u00e1n rodeados por pastos e bloques rochosos. A Zona B pola contra consta dunha plataforma con ill\u00f3s, que desauga a trav\u00e9s dun regueiro cara ao barranco.<\/p>\n<p>Ademais, at\u00f3panse esfagnos nos rochedos case verticais da crista do cumio de Mendaur que est\u00e1n cubertos por unha breixeira dominada por arando.<\/p>\n<p>Tanto nas surxencias e no \u00e1mbito dos pequenos regueiros da ladeira, como no outeiro de Bustiz, se atopan xunqueiras de <em>Juncus effusus <\/em>e <em>Scutellaria minor, <\/em>comunidades de <em>Sphagnum auriculatum <\/em>e <em>Narthecium ossifragum <\/em>e comunidades de <em>Sphangum papillosum <\/em>e <i>Erica<\/i> <em>tetralix. <\/em>Ademais, nas surxencias at\u00f3panse <em>Soldanella villosa <\/em>e <em>Ranunculus omiophyllus.<\/em><\/p>\n<p>Nos rochedos h\u00famidos da zona do cumio non se forman medios turbosos, pero presentan nas zonas m\u00e1is h\u00famidas e mellor conservadas poboaci\u00f3ns de esfagnos. Ademais dos esfagnos, destaca a riqueza de especies de bri\u00f3fitos, alg\u00fans de especial interese<\/p>\n<dl class=\"accordion\"><dt>VALORES M\u00c1IS RELEVANTES<\/dt><dd><p><span style=\"color: #ff0000\"><strong>Singularidade<\/strong><\/span><br \/>\nO enclave de Mendaur destaca por albergar comunidades vexetais propias de enclaves turbosos, tam\u00e9n queirogais con <em>Erica tetralix <\/em>e, por \u00faltimo, comunidades de bri\u00f3fitos de interese asociados aos rochedos h\u00famidos da zona do cumio.<\/p>\n<p><span style=\"color: #ff0000\"><strong>Valores biol\u00f3xicos e ecol\u00f3xicos<\/strong><\/span><br \/>\nRespecto \u00e1 flora vascular, o m\u00e1is destacable \u00e9 a presenza de <em>Soldanella villosa, <\/em>especie inclu\u00edda nos Anexos II e IV de\u00a0 e tam\u00e9n no Cat\u00e1logo de Flora Ameazada de Navarra.<\/p>\n<p>Tam\u00e9n son destacables os roquedos h\u00famidos pr\u00f3ximos ao cumio, en particular os m\u00e1is setentrionais, que se atopan m\u00e1is afastados da influencia humana. Son floristicamente moi ricos, en particular no que se refire a bri\u00f3fitos de car\u00e1cter atl\u00e1ntico (<em>Kurzia trichoclados, Odontoschisma sphagni, Sphagnum quinquefarium, Bazzania tricrenata, Bazzania trilobata, Racomitrium lanuginosum, Douinia ovata<\/em>, etc.). Este tipo de rochedo \u00e9 escaso tanto en Navarra coma no resto da cornixa cant\u00e1brica; enclaves similares en Navarra at\u00f3panse por exemplo en Pikuda, na divisoria de augas.<\/p>\n<p><span style=\"color: #ff0000\"><strong>Valores hist\u00f3ricos e paleoecol\u00f3xicos<\/strong><\/span><br \/>\nOs h\u00e1bitats higroturbosos de Mendaur non contan con dep\u00f3sitos relevantes dende o punto de vista paleoecol\u00f3xico.<\/p>\n<p><span style=\"color: #ff0000\"><strong>H\u00e1bitats de Interese Comunitario<\/strong><\/span><\/p>\n<table border=\"1\" cellspacing=\"0\" cellpadding=\"0\">\n<tbody>\n<tr>\n<td nowrap=\"nowrap\" width=\"83\"><strong>H\u00e1bitat<\/strong><\/td>\n<td width=\"317\"><\/td>\n<\/tr>\n<tr>\n<td nowrap=\"nowrap\" width=\"83\">4030<\/td>\n<td width=\"317\">Queirogais secos europeos<\/td>\n<\/tr>\n<tr>\n<td nowrap=\"nowrap\" width=\"83\">6230*<\/td>\n<td width=\"317\">Formaci\u00f3ns herb\u00e1ceas con <em>Nardus<\/em>, con numerosas especies, sobre substratos sil\u00edceos de zonas monta\u00f1osas (e de zonas submonta\u00f1osas da Europa continental)<\/td>\n<\/tr>\n<tr>\n<td nowrap=\"nowrap\" width=\"83\">6410<\/td>\n<td width=\"317\">Prados con molinias sobre substratos calcarios, turbosos ou arxilolimosos (<em>Molinion caeruleae<\/em>)<\/td>\n<\/tr>\n<tr>\n<td nowrap=\"nowrap\" width=\"83\">7140<\/td>\n<td width=\"317\">&#8216;Mires&#8217; de transici\u00f3n<\/td>\n<\/tr>\n<\/tbody>\n<\/table>\n<p>&nbsp;<\/p>\n<p><span style=\"color: #ff0000\"><strong>Flora<\/strong><\/span><br \/>\nNeste enclave de Mendaur o m\u00e1is sinalable en canto a flora \u00e9 a presenza de <em>Soldanella villosa, <\/em>inclu\u00edda nos Anexos II e IV da Directiva H\u00e1bitats e tam\u00e9n no Cat\u00e1logo de Flora Ameazada de Navarra, e <em>Huperzia selago, <\/em>do Anexo V de\u00a0 e relativamente escasa en Navarra.<\/p>\n<p>Outras especies destacables que se citaron no enclave son <em>Arnica montana<\/em> (Garc\u00eda et al. 1985: 39) ou <em>Trichophorum caespitosum<\/em> subsp. <em>germanicum <\/em>(Catal\u00e1n &amp; Aizpuru 1986: 166), entre outras.<\/p>\n<p>Dende o punto flor\u00edstico destaca tam\u00e9n a presenza de bri\u00f3fitos de car\u00e1cter atl\u00e1ntico como <em>Kurzia trichoclados, Odontoschisma sphagni, Sphagnum quinquefarium, Bazzania tricrenata, Bazzania trilobata, Racomitrium lanuginosum, Douinia ovata<\/em>, etc.<\/p>\n<p>Rexistr\u00e1ronse 59 especies de vasculares e 38 bri\u00f3fitos, dos que catro son esfagnos.<\/p>\n<p><span style=\"color: #ff0000\"><strong>Fauna<\/strong><\/span><br \/>\nNon se conta con informaci\u00f3n espec\u00edfica sobre fauna asociada ao enclave de Mendaur.<\/p>\n<p>&nbsp;<\/p>\n<\/dd><dt>ESTADO ACTUAL<\/dt><dd><p>O enclave presenta en xeral un estado de conservaci\u00f3n bo. Unicamente algunhas zonas presentan impactos por presi\u00f3n gandeira (pastoreo, remoci\u00f3n e erosi\u00f3n do solo), principalmente por gando cabalar e ovino.<\/p>\n<\/dd><dt>DIRECTRICES PARA A XESTI\u00d3N E A CONSERVACI\u00d3N<\/dt><dd><p>Para lograr os obxectivos de conservaci\u00f3n do enclave ser\u00e1 necesario o establecemento dun programa de vixilancia e prevenci\u00f3n que permita detectar ou previr cambios negativos no enclave. Este programa incluir\u00eda o seguimento do uso gandeiro, tanto da carga gandeira evitando o seu aumento e o impacto que isto levar\u00eda consigo por piso e pastoreo fundamentalmente, como das actuaci\u00f3ns que leva consigo: queimas e rozas.<\/p>\n<\/dd><dt>FOTOS<\/dt><dd><p><a href=\"http:\/\/www.lifetremedal.eu\/wp-content\/uploads\/Mendaur.jpg\"><img loading=\"lazy\" decoding=\"async\" class=\"aligncenter size-medium wp-image-4971\" alt=\"Mendaur\" src=\"http:\/\/www.lifetremedal.eu\/wp-content\/uploads\/Mendaur-300x225.jpg\" width=\"300\" height=\"225\" srcset=\"https:\/\/lifetremedal.eu\/wp-content\/uploads\/Mendaur-300x225.jpg 300w, https:\/\/lifetremedal.eu\/wp-content\/uploads\/Mendaur-1024x768.jpg 1024w\" sizes=\"auto, (max-width: 300px) 100vw, 300px\" \/><\/a><\/p>\n<\/dd><\/dl>","protected":false},"excerpt":{"rendered":"<p>O enclave, de aproximadamente 4 ha, comprende d\u00faas zonas diferenciadas, unha moi ampla a media ladeira dende o cumio de Mendaur (Zona A) e outra moito m\u00e1is reducida no outeiro de Bustiz (Zona B). A Zona A re\u00fane unha serie de surxencias xunto coas s\u00faas canles de fluxo e est\u00e1n rodeados por pastos e bloques [&hellip;]<\/p>\n","protected":false},"author":2,"featured_media":0,"parent":992,"menu_order":0,"comment_status":"open","ping_status":"closed","template":"page-template-left-nav.php","meta":{"footnotes":""},"class_list":["post-2410","page","type-page","status-publish","hentry"],"_links":{"self":[{"href":"https:\/\/lifetremedal.eu\/gl\/wp-json\/wp\/v2\/pages\/2410","targetHints":{"allow":["GET"]}}],"collection":[{"href":"https:\/\/lifetremedal.eu\/gl\/wp-json\/wp\/v2\/pages"}],"about":[{"href":"https:\/\/lifetremedal.eu\/gl\/wp-json\/wp\/v2\/types\/page"}],"author":[{"embeddable":true,"href":"https:\/\/lifetremedal.eu\/gl\/wp-json\/wp\/v2\/users\/2"}],"replies":[{"embeddable":true,"href":"https:\/\/lifetremedal.eu\/gl\/wp-json\/wp\/v2\/comments?post=2410"}],"version-history":[{"count":12,"href":"https:\/\/lifetremedal.eu\/gl\/wp-json\/wp\/v2\/pages\/2410\/revisions"}],"predecessor-version":[{"id":12027,"href":"https:\/\/lifetremedal.eu\/gl\/wp-json\/wp\/v2\/pages\/2410\/revisions\/12027"}],"up":[{"embeddable":true,"href":"https:\/\/lifetremedal.eu\/gl\/wp-json\/wp\/v2\/pages\/992"}],"wp:attachment":[{"href":"https:\/\/lifetremedal.eu\/gl\/wp-json\/wp\/v2\/media?parent=2410"}],"curies":[{"name":"wp","href":"https:\/\/api.w.org\/{rel}","templated":true}]}}