{"id":2407,"date":"2014-02-27T10:46:35","date_gmt":"2014-02-27T09:46:35","guid":{"rendered":"http:\/\/www.lifetremedal.eu\/?page_id=2407"},"modified":"2023-02-10T15:26:42","modified_gmt":"2023-02-10T14:26:42","slug":"maulitx","status":"publish","type":"page","link":"https:\/\/lifetremedal.eu\/gl\/humidais\/maulitx\/","title":{"rendered":"Maulitx"},"content":{"rendered":"<div class=\"one_half\">\n<p><strong><\/strong><strong>Nome do enclave:<\/strong> Maulitx<br \/>\n<strong>Categor\u00edas de protecci\u00f3n:<\/strong> Queda recollido como Solo Non Urbanizable de Protecci\u00f3n polo seu Valor Ambiental, Humidais, no Plan de Ordenaci\u00f3n do Territorio 2 &#8220;Navarra Atl\u00e1ntica&#8221; de Navarra.<br \/>\n<strong>Localizaci\u00f3n:<\/strong> Baztan<br \/>\n<strong>Rexi\u00f3n:<\/strong> Navarra<br \/>\n<strong>Coordenada de referencia:<\/strong> 30TXN2377, 30TXN2477<br \/>\n<strong>Superficie do humidal:<\/strong> 3,06 hect\u00e1reas<br \/>\n<strong>Altitude:<\/strong> 610-650m<\/p>\n<p><a href=\"http:\/\/www.lifetremedal.eu\/wp-content\/uploads\/Navarra_TremedalEnclaves_A3_Maultiz.pdf\">Ver mapa<\/a><\/p>\n<\/div>\n<div class=\"one_half\">\n<p><img loading=\"lazy\" decoding=\"async\" class=\"alignnone size-full wp-image-221\" alt=\"Maulitx\" src=\"http:\/\/www.lifetremedal.eu\/wp-content\/uploads\/Maulitx.jpg\" width=\"320\" height=\"181\" \/><\/p>\n<\/div>\n<div class=\"hr hr-dotted\">&nbsp;<\/div>\n<h5>Este enclave local\u00edzase no termo municipal de Baztan, e ten unha extensi\u00f3n de 3,06 ha. O enclave consta de varias surxencias m\u00e1is ou menos difusas e as s\u00faas canles de fluxo en aldeira sobre un regueiro do fondo do barranco.<\/h5>\n<p>Presenta dous mananciais principais, que xorden entre unha vexetaci\u00f3n dominada por queirogais con <em>Erica tetralix <\/em>en mosaico con pasteiros con <em>Agrostis curtisii.<\/em><\/p>\n<p>O enclave consta de d\u00faas zonas diferenciadas:<\/p>\n<p>Unha m\u00e1is diversa e \u00e1 vez m\u00e1is complexa, e de maior superficie. Dentro desta \u00e1rea, onde predomina o queirogal cubrindo o solo seco, distinguimos distintas zonas de solo encharcado:<\/p>\n<ul>\n<li>\u00c1rea na que se atopa a surxencia m\u00e1is b\u00e1sica, con especies como <em>Illecebrum verticillatum<\/em>, <em>Juncus bulbosus<\/em>, <em>Ranunculus flammula<\/em>, <em>Anagallis tenella<\/em>, <em>Philonotis fontana<\/em>, <em>Bryum pseudotriquetrum<\/em>, <em>Hypericum elodes<\/em>, <em>Stellaria alsine<\/em>, <em>Carex demissa<\/em> (moi pastado), <em>Eleocharis multicaulis<\/em>, <em>Montia fontana<\/em>, <em>Carex echinata<\/em>, <em>Potamogeton polygonifolius<\/em>. A surxencia e a s\u00faa canle de fluxo est\u00e1 bordeada por unha xunqueira bastante desestruturada de <em>Juncus effusus<\/em>, <em>Sphagnum auriculatum<\/em> e <em>Wahlenbergia hederacea<\/em>. Na sa\u00edda desta zona, xunto \u00e1 pista, at\u00f3pase unha poboaci\u00f3n de <em>Pinguicula lusitanica<\/em>.<\/li>\n<li>Zona con dous ou tres surxencias moi difusas, cuxas canles de fluxo rematan coincidindo e posteriormente confl\u00faen tam\u00e9n coa canle da subzona anterior. Nas zonas onde aflora a auga de xeito difuso at\u00f3panse <em>Rhynchospora fusca<\/em> e <em>Lycopodiella inundata<\/em>. Entre o armaz\u00f3n de canles desenv\u00f3lvense promontorios de ombrotrofizaci\u00f3n, con <em>Racomitrium lanuginosum<\/em>, <em>Leucobryum glaucum<\/em> e <em>Sphagnum <\/em><em>spp<\/em>. Esta subzona est\u00e1 bruscamente cortada no seu bordo sueste por unha pista.<\/li>\n<li>\u00c1rea de mananciais pouco activos, e polo tanto pouco visibles. Hai unha poboaci\u00f3n de <em>Lycopodiella inundata<\/em> e c\u00e9spedes pouco profundos de <em>Eleocharis multicaulis<\/em> e <em>Narthecium ossifragum<\/em>. Os bordos cara \u00e1 breixeira est\u00e1n cubertos por <em>Sphagnum compactum<\/em>. Non se desenvolve en moita superficie e non chega a alcanzar o regueiro principal do barranco.<\/li>\n<li>Zona onde o regueiro procedente da uni\u00f3n das canles das anteriores \u00e1reas, tras atravesar a pista, descende de xeito bastante difuso polo prado que se atopa cercado e situado m\u00e1is abaixo, ata que alcanza o regueiro do barranco principal, cunha comunidade de <em>Narthecium ossifragum<\/em> e <em>Sphagnum auriculatum<\/em>, con promontorios e pequenas canles con <em>Hypericum elodes<\/em> entre a mesma.<\/li>\n<\/ul>\n<p>Outra \u00e1rea cunha surxencia ben definida e outros puntos pouco activos, sendo unha delas bastante \u00e9utrofa desenvolv\u00e9ndose no seu centro unha poboaci\u00f3n de <em>Campylium stellatum<\/em>. Seguindo a canle de fluxo desta surxencia ch\u00e9gase a unha zona moi encharcada, en parte represada polo noiro da pista e cunha pequena poboaci\u00f3n de <em>Lycopodiella inundata<\/em> e tapices de <em>Sphagnum <\/em><em>spp<\/em>.<\/p>\n<p>Dende o punto de vista dos H\u00e1bitats de Interese Comunitario destaca por albergar unha importante representaci\u00f3n do h\u00e1bitat 7150 que incl\u00fae as comunidades primocolonizadoras de turbeiras.<\/p>\n<dl class=\"accordion\"><dt>VALORES M\u00c1IS RELEVANTES<\/dt><dd><p><span style=\"color: #ff0000;\"><strong>Singularidade<\/strong><\/span><br \/>\nMaulitx mant\u00e9n unha importante representaci\u00f3n de especies colonizadoras de solos encharcados.<\/p>\n<p><span style=\"color: #ff0000;\"><strong>Valores biol\u00f3xicos e ecol\u00f3xicos<\/strong><\/span><br \/>\nRespecto \u00e1 flora vascular, hai que destacar a presenza dunha das moi escasas poboaci\u00f3ns ib\u00e9ricas de <em>Rhynchospora fusca<\/em>. Outras especies relevantes son <em>Lycopodiella inundata<\/em>, <em>Illecebrum verticillatum<\/em> e <em>Pinguicula lusitanica<\/em> (as d\u00faas \u00faltimas inclu\u00eddas como vulnerable e como sensible \u00e1 alteraci\u00f3n do seu h\u00e1bitat, respectivamente, no Cat\u00e1logo navarro). Entre os bri\u00f3fitos \u00e9 de destacar a presenza de hep\u00e1ticas t\u00edpicas de ambientes turbosos como <em>Odontoschisma sphagni<\/em> e <em>Kurzia pauciflora<\/em>, e o numeroso grupo dos esfagnos, con sete especies.<\/p>\n<p><span style=\"color: #ff0000;\"><strong>Valores hist\u00f3ricos e paleoecol\u00f3xicos<\/strong><\/span><br \/>\nOs h\u00e1bitats higroturbosos de Maulitx non contan con dep\u00f3sitos relevantes dende o punto de vista paleoecol\u00f3xico.<\/p>\n<p><span style=\"color: #ff0000;\"><strong>H\u00e1bitats de Interese Comunitario<\/strong><\/span><\/p>\n<table width=\"446\" border=\"1\" cellspacing=\"0\" cellpadding=\"0\">\n<tbody>\n<tr>\n<td valign=\"top\" width=\"56\"><strong>H\u00e1bitat<\/strong><\/td>\n<td valign=\"top\" width=\"390\"><strong>Nome<\/strong><\/td>\n<\/tr>\n<tr>\n<td valign=\"top\" width=\"56\">4020*<\/td>\n<td valign=\"top\" width=\"390\">Queirogais h\u00famidos atl\u00e1nticos de zonas temperadasde <em>Erica cillaris <\/em>e <em>Erica tetralix<\/em><\/td>\n<\/tr>\n<tr>\n<td valign=\"top\" width=\"56\">4030<\/td>\n<td valign=\"top\" width=\"390\">Queirogais secos europeos<\/td>\n<\/tr>\n<tr>\n<td valign=\"top\" width=\"56\">6230*<\/td>\n<td valign=\"top\" width=\"390\">Formaci\u00f3ns herb\u00e1ceas con <em>Nardus<\/em>, con numerosas especies, sobre substratos sil\u00edceos de zonas monta\u00f1osas (e de zonas submonta\u00f1osas da Europa continental)<\/td>\n<\/tr>\n<tr>\n<td valign=\"top\" width=\"56\">6410<\/td>\n<td valign=\"top\" width=\"390\">Prados con molinias sobre substratos calcarios, turbosos ou arxilolimosos (<em>Molinion caeruleae<\/em>)<\/td>\n<\/tr>\n<tr>\n<td valign=\"top\" width=\"56\">7140<\/td>\n<td valign=\"top\" width=\"390\">&#8216;Mires&#8217; de transici\u00f3n<\/td>\n<\/tr>\n<tr>\n<td valign=\"top\" width=\"56\">7150<\/td>\n<td valign=\"top\" width=\"390\">Depresi\u00f3ns sobre substratos turbosos do <em>Rhynchosporion<\/em><\/td>\n<\/tr>\n<\/tbody>\n<\/table>\n<p><span style=\"color: #ff0000;\"><strong>Flora<\/strong><\/span><br \/>\nRexistr\u00e1ronse 64 especies de vasculares e 23 de bri\u00f3fitos.<\/p>\n<p>Entre as especies vasculares destacan en Maulitx varias especies pioneiras de solos areentos encharcados, como <em>Rhynchospora alba<\/em>, <em>R. fusca<\/em>, <em>Lycopodiella inundata<\/em>, <em>Illecebrum verticillatum<\/em> e <em>Pinguicula lusitanica<\/em>. <em>Pinguicula lusitanica <\/em>rec\u00f3llese como &#8220;sensible \u00e1 alteraci\u00f3n do h\u00e1bitat&#8221; no Cat\u00e1logo de Flora Ameazada de Navarra, mentres que <em>Illecebrum verticillatum <\/em>se incl\u00fae no devandito Cat\u00e1logo na categor\u00eda de &#8220;vulnerable&#8221;.<\/p>\n<p>Entre os bri\u00f3fitos \u00e9 de destacar a presenza de hep\u00e1ticas t\u00edpicas de ambientes turbosos como <em>Odontoschisma sphagni<\/em> e <em>Kurzia pauciflora<\/em>, e o numeroso grupo dos esfagnos, con sete especies.<\/p>\n<p><span style=\"color: #ff0000;\"><strong>Fauna<\/strong><\/span><br \/>\nNon se conta con informaci\u00f3n espec\u00edfica sobre fauna asociada \u00e1 zona turbosa de Maulitx.<\/p>\n<\/dd><dt>ESTADO ACTUAL<\/dt><dd><p>O enclave at\u00f3pase nun estado de conservaci\u00f3n medio. A mellora do trazado das pistas, posiblemente seguindo antigos cami\u00f1os supuxo danos \u00e1 hidrolox\u00eda do enclave e \u00e9 evidente a pegada que deixa o uso gandeiro na \u00e1rea por pisoteo e o impacto das actuaci\u00f3ns relacionadas con este como o uso do lume. As ameazas que se detectan nesta \u00e1rea son o aumento da presi\u00f3n gandeira e a posible mellora do trazado das pistas.<\/p>\n<\/dd><dt>DIRECTRICES PARA A XESTI\u00d3N E A CONSERVACI\u00d3N<\/dt><dd><p>Por un lado, debe formularse unha adecuaci\u00f3n do tramo de pista que separa as d\u00faas zonas que se diferencian en Maulitx e que conectan \u00e1 s\u00faa vez a parte superior do enclave coa que discorre baixo este. Deberase ter en conta que este enclave \u00e9 fr\u00e1xil e se atopa en equilibrio, sendo probable que os seus valores se deban en parte \u00e1 presenza de gando e \u00e1s actuaci\u00f3ns realizadas. Ademais, deberase establecer un protocolo de seguimento da evoluci\u00f3n dos h\u00e1bitats e as especies que alberga o enclave<\/p>\n<\/dd><dt>FOTOS<\/dt><dd><p><a href=\"http:\/\/www.lifetremedal.eu\/wp-content\/uploads\/P9070015_Illecebrum-verticillatum.jpg\"><img loading=\"lazy\" decoding=\"async\" class=\"alignnone size-medium wp-image-3378\" alt=\"OLYMPUS DIGITAL CAMERA\" src=\"http:\/\/www.lifetremedal.eu\/wp-content\/uploads\/P9070015_Illecebrum-verticillatum-300x225.jpg\" width=\"300\" height=\"225\" srcset=\"https:\/\/lifetremedal.eu\/wp-content\/uploads\/P9070015_Illecebrum-verticillatum-300x225.jpg 300w, https:\/\/lifetremedal.eu\/wp-content\/uploads\/P9070015_Illecebrum-verticillatum-1024x768.jpg 1024w\" sizes=\"auto, (max-width: 300px) 100vw, 300px\" \/><\/a><\/p>\n<p><a href=\"http:\/\/www.lifetremedal.eu\/wp-content\/uploads\/P9070008_Pinlus_habitat.jpg\"><img loading=\"lazy\" decoding=\"async\" class=\"alignnone size-medium wp-image-3377\" alt=\"OLYMPUS DIGITAL CAMERA\" src=\"http:\/\/www.lifetremedal.eu\/wp-content\/uploads\/P9070008_Pinlus_habitat-300x225.jpg\" width=\"300\" height=\"225\" srcset=\"https:\/\/lifetremedal.eu\/wp-content\/uploads\/P9070008_Pinlus_habitat-300x225.jpg 300w, https:\/\/lifetremedal.eu\/wp-content\/uploads\/P9070008_Pinlus_habitat-1024x768.jpg 1024w\" sizes=\"auto, (max-width: 300px) 100vw, 300px\" \/><\/a><\/p>\n<p><a href=\"http:\/\/www.lifetremedal.eu\/wp-content\/uploads\/P9070028.jpg\"><img loading=\"lazy\" decoding=\"async\" class=\"alignnone size-medium wp-image-3376\" alt=\"OLYMPUS DIGITAL CAMERA\" src=\"http:\/\/www.lifetremedal.eu\/wp-content\/uploads\/P9070028-300x225.jpg\" width=\"300\" height=\"225\" srcset=\"https:\/\/lifetremedal.eu\/wp-content\/uploads\/P9070028-300x225.jpg 300w, https:\/\/lifetremedal.eu\/wp-content\/uploads\/P9070028-1024x768.jpg 1024w\" sizes=\"auto, (max-width: 300px) 100vw, 300px\" \/><\/a><\/p>\n<p>&nbsp;<\/p>\n<p>&nbsp;<\/p>\n<\/dd><\/dl><p>&nbsp;<\/p>\n","protected":false},"excerpt":{"rendered":"<p>Este enclave local\u00edzase no termo municipal de Baztan, e ten unha extensi\u00f3n de 3,06 ha. O enclave consta de varias surxencias m\u00e1is ou menos difusas e as s\u00faas canles de fluxo en aldeira sobre un regueiro do fondo do barranco. Presenta dous mananciais principais, que xorden entre unha vexetaci\u00f3n dominada por queirogais con Erica tetralix [&hellip;]<\/p>\n","protected":false},"author":2,"featured_media":0,"parent":992,"menu_order":0,"comment_status":"open","ping_status":"closed","template":"page-template-left-nav.php","meta":{"footnotes":""},"class_list":["post-2407","page","type-page","status-publish","hentry"],"_links":{"self":[{"href":"https:\/\/lifetremedal.eu\/gl\/wp-json\/wp\/v2\/pages\/2407","targetHints":{"allow":["GET"]}}],"collection":[{"href":"https:\/\/lifetremedal.eu\/gl\/wp-json\/wp\/v2\/pages"}],"about":[{"href":"https:\/\/lifetremedal.eu\/gl\/wp-json\/wp\/v2\/types\/page"}],"author":[{"embeddable":true,"href":"https:\/\/lifetremedal.eu\/gl\/wp-json\/wp\/v2\/users\/2"}],"replies":[{"embeddable":true,"href":"https:\/\/lifetremedal.eu\/gl\/wp-json\/wp\/v2\/comments?post=2407"}],"version-history":[{"count":11,"href":"https:\/\/lifetremedal.eu\/gl\/wp-json\/wp\/v2\/pages\/2407\/revisions"}],"predecessor-version":[{"id":12020,"href":"https:\/\/lifetremedal.eu\/gl\/wp-json\/wp\/v2\/pages\/2407\/revisions\/12020"}],"up":[{"embeddable":true,"href":"https:\/\/lifetremedal.eu\/gl\/wp-json\/wp\/v2\/pages\/992"}],"wp:attachment":[{"href":"https:\/\/lifetremedal.eu\/gl\/wp-json\/wp\/v2\/media?parent=2407"}],"curies":[{"name":"wp","href":"https:\/\/api.w.org\/{rel}","templated":true}]}}