{"id":2405,"date":"2014-02-27T10:42:30","date_gmt":"2014-02-27T09:42:30","guid":{"rendered":"http:\/\/www.lifetremedal.eu\/?page_id=2405"},"modified":"2023-02-10T15:23:31","modified_gmt":"2023-02-10T14:23:31","slug":"lixketa","status":"publish","type":"page","link":"https:\/\/lifetremedal.eu\/gl\/humidais\/lixketa\/","title":{"rendered":"Lixketa"},"content":{"rendered":"<div class=\"one_half\">\n<p><strong>Nome do enclave:<\/strong> Lixketa<br \/>\n<strong>Categor\u00edas de protecci\u00f3n:<\/strong> Queda recollido como Solo NoN Urbanizable de Protecci\u00f3n polo seu Valor Ambiental (Humiedais), no Plan de Ordenaci\u00f3n do Territorio 1 &#8220;Navarra atl\u00e1ntica&#8221;.<br \/>\n<strong>Localizaci\u00f3n:<\/strong> Pertence ao termo municipal de Baztan.<br \/>\n<strong>Rexi\u00f3n:<\/strong> Navarra<br \/>\n<strong>Coordenada de referencia:<\/strong> 30TXN2270<br \/>\n<strong>Superficie do humidal:<\/strong> 1,54 hect\u00e1reas.<br \/>\n<strong>Altitude:<\/strong> 675 metros.<\/p>\n<p><a href=\"http:\/\/www.lifetremedal.eu\/wp-content\/uploads\/Navarra_TremedalEnclaves_A4_Lixketa.pdf\">Ver mapa<\/a><\/p>\n<p>&nbsp;<\/p>\n<\/div>\n<div class=\"one_half\">\n<p><img loading=\"lazy\" decoding=\"async\" alt=\"Lixketa\" src=\"http:\/\/www.lifetremedal.eu\/wp-content\/uploads\/Lixketa-300x169.jpg\" width=\"300\" height=\"169\" \/><\/p>\n<\/div>\n<div class=\"hr hr-dotted\">&nbsp;<\/div>\n<h5>Este enclave, de aproximadamente 1,54 ha, sit\u00faase na ladeira norte do monte Argintzu e at\u00f3pase rodeado de faiais. Nel, difer\u00e9ncianse unha zona principal, m\u00e1is extensa e algo heterox\u00e9nea, con varios manaciais, e outras zonas, situadas cara ao leste, m\u00e1is pequenas, con solo h\u00famido e compostas de salgueirai de Salix atrocinerea.<em><br \/>\n<\/em><\/h5>\n<p>Na zona m\u00e1is extensa \u00e9 onde se achan os tapices de esfagno. Nesta zona p\u00f3dense diferenciar \u00e1 s\u00faa vez a parte que desauga ao norte, cunha pequena canle de fluxo discontinuo pero bastante marcado, que se filtra no faial, e a parte que desauga ao oeste a trav\u00e9s do prado estremeiro. Esta segunda parte recolle a auga de varias pequenas surxencias e at\u00f3pase parcialmente alterada, mediante gabias de drenaxe. No contacto co faial desta zona m\u00e1is extensa, desenv\u00f3lvese un salgueiral de <em>Salix atrocinerea<\/em> e <em>Alnus glutinosa.<\/em> Ademais, a zona h\u00famida a contin\u00faa dentro do prado, a\u00ednda que a composici\u00f3n flor\u00edstica cambia, sendo predominantes as plantas pratenses.<\/p>\n<dl class=\"accordion\"><dt>VALORES M\u00c1IS RELEVANTES<\/dt><dd><p><span style=\"color: #ff0000;\"><strong>Singularidade<\/strong><\/span><br \/>\nLixketa \u00e9 singular pola s\u00faa oligotrof\u00eda e polo marcado car\u00e1cter acid\u00f3filo.<\/p>\n<p><span style=\"color: #ff0000;\"><strong>Valores biol\u00f3xicos e ecol\u00f3xicos<\/strong><\/span><br \/>\nLixketa destaca pola superficie que ocupan os tapices de esfagnos con carroucha das bra\u00f1as e outras especies caracter\u00edsticas, propias dos H\u00e1bitats de Interese Comunitario &#8220;6410 Prados con molinias sobre substratos calcarios, turbosos ou arxilolimosos (<em>Molinion caeruleae<\/em>)&#8221; e &#8220;7140 &#8216;Mires&#8217; de transici\u00f3n&#8221;. Destaca tam\u00e9n pola presenza de flora singular, destacando o fento <em>Dryopteris carthusiana<\/em> e a hep\u00e1tica<em> Odontoschisma sphagni<\/em>.<\/p>\n<p><span style=\"color: #ff0000;\"><strong>Valores hist\u00f3ricos e paleoecol\u00f3xicos<\/strong><\/span><br \/>\nOs h\u00e1bitats higroturbosos do enclave de Lixketa non contan con dep\u00f3sitos relevantes dende o punto de vista paleoecol\u00f3xico.<\/p>\n<p><span style=\"color: #ff0000;\"><strong>H\u00e1bitats de Interese Comunitario<\/strong><\/span><\/p>\n<table width=\"437\" border=\"1\" cellspacing=\"0\" cellpadding=\"0\">\n<tbody>\n<tr>\n<td valign=\"top\" width=\"56\"><strong>H\u00e1bitat<\/strong><\/td>\n<td valign=\"top\" width=\"381\"><\/td>\n<\/tr>\n<tr>\n<td valign=\"top\" width=\"56\">4020*<\/td>\n<td valign=\"top\" width=\"381\">Queirogais h\u00famidos atl\u00e1nticos de zonas temperadas de <em>Erica cillaris<\/em> e <em>Erica tetralix<\/em><\/td>\n<\/tr>\n<tr>\n<td valign=\"top\" width=\"56\">6410<\/td>\n<td valign=\"top\" width=\"381\">Prados con molinias sobre substratos calcarios, turbosos ou arxilolimosos (<em>Molinion caeruleae<\/em>)<\/td>\n<\/tr>\n<tr>\n<td valign=\"top\" width=\"56\">7140<\/td>\n<td valign=\"top\" width=\"381\">&#8216;Mires&#8217; de transici\u00f3n<\/td>\n<\/tr>\n<\/tbody>\n<\/table>\n<p><span style=\"color: #ff0000;\"><strong>Flora<\/strong><\/span><br \/>\nChama a atenci\u00f3n en Lixketa o grande desenvolvemento de <em>Narthecium ossifragum<\/em>, se ben neste caso non \u00e9 tan espectacular como no enclave Azaldegi. O elemento flor\u00edstico m\u00e1is destacable \u00e9 non obstante o fento <em>Dryopteris carthusiana<\/em>. Chama tam\u00e9n a atenci\u00f3n a ausencia de especies propias das \u00e1reas encharcadas m\u00e1is \u00e9utrofas, como <em>Anagallis tenella, Carex demissa, C. panicea, Juncus articulatus<\/em> e <em>Pinguicula grandiflora<\/em>. Por outra banda, <em>Molinia caerulea,<\/em> especie tan abundante nos medios turbosos, tanto nas \u00e1reas encharcadas coma en promontorios e queirogais, \u00e9 escasa en Lixketa.<br \/>\nEntre os bri\u00f3fitos, destaca a presenza de a hep\u00e1tica <em>Odontoschisma sphagni<\/em>.<br \/>\nRexistr\u00e1ronse 51 especies de plantas vasculares e 20 de bri\u00f3fitos, entre eles sete esfagnos.<\/p>\n<p><span style=\"color: #ff0000;\"><strong>Fauna<\/strong><\/span><br \/>\nNos h\u00e1bitats higroturbosos do enclave de Lixketa non se constatou ata a data a presenza de especies de fauna relevantes<\/p>\n<\/dd><dt>ESTADO ACTUAL<\/dt><dd><p>O enclave at\u00f3pase nun estado de conservaci\u00f3n bo a\u00ednda que se constata que o funcionamento hidrol\u00f3xico do humidal sufriu pequenas alteraci\u00f3ns, mediante gabias de drenaxe.<br \/>\nAdemais das alteraci\u00f3ns por drenaxe, existe unha pista que rodea o enclave polo seu extremo occidental nun tramo duns 100 m. A mellora desta pista poder\u00eda supo\u00f1er unha alteraci\u00f3n importante do enclave.<br \/>\nPor \u00faltimo, o aumento da presi\u00f3n gandeira poder\u00eda supo\u00f1er unha ameaza na conservaci\u00f3n do enclave, polo que leva consigo de pastoreo, remoci\u00f3n e erosi\u00f3n do solo, realizaci\u00f3n de tomas de auga e uso do lume.<\/p>\n<\/dd><dt>DIRECTRICES PARA A XESTI\u00d3N E A CONSERVACI\u00d3N<\/dt><dd><p>Para lograr os obxectivos de conservaci\u00f3n do enclave ser\u00e1 necesario o establecemento dun programa de vixilancia e prevenci\u00f3n que permita detectar ou previr cambios negativos.<br \/>\nEste programa incluir\u00eda o seguimento do uso gandeiro, tanto da carga gandeira evitando o seu aumento e o impacto que isto levar\u00eda consigo por pisoteo e pastoreo fundamentalmente, como das actuaci\u00f3ns que leva consigo: queimas e rozas se non se producen en \u00e1reas de solo seco.<br \/>\nTam\u00e9n se deber\u00eda prever unha soluci\u00f3n para a pista que delimita o enclave polo oeste e corrixir as gabias de drenaxe existentes<\/p>\n<\/dd><dt>FOTOS<\/dt><dd><div>\n<dl id=\"attachment_331\">\n<dt><img loading=\"lazy\" decoding=\"async\" class=\"aligncenter\" alt=\"Vista general de la Zona A hacia el Oeste (P. Heras)\" src=\"http:\/\/www.lifetremedal.eu\/wp-content\/uploads\/Lixketa-1.jpg\" width=\"418\" height=\"276\" \/><\/dt>\n<dd>Vista xeneral de \u00c1 Zona A cara ao Oeste (P. Heras)<\/dd>\n<\/dl>\n<\/div>\n<div>\n<dl id=\"attachment_338\">\n<dt><img loading=\"lazy\" decoding=\"async\" class=\"aligncenter\" alt=\"  Aspecto general de la zona A hacia el Sur, al fondo borde de Salix atrocinerea, en primer plano, vaguada-arroyo de salida (P. Heras).\" src=\"http:\/\/www.lifetremedal.eu\/wp-content\/uploads\/Lixketa-4.jpg\" width=\"423\" height=\"279\" \/><\/dt>\n<dd>Aspecto xeral de \u00c1 zona A cara ao Sur, ao fondo bordo de Salix atrocinerea, en primeiro plano, cavorco-regueiro de sa\u00edda (P. Heras).<\/dd>\n<\/dl>\n<\/div>\n<div>\n<dl id=\"attachment_332\">\n<dt><img loading=\"lazy\" decoding=\"async\" class=\"aligncenter\" alt=\"Brezal con esfagno. (P. Heras)\" src=\"http:\/\/www.lifetremedal.eu\/wp-content\/uploads\/Lixketa-2.jpg\" width=\"406\" height=\"268\" \/><\/dt>\n<dd>Queirogal con esfagno (P. Heras)<\/dd>\n<\/dl>\n<\/div>\n<div>\n<dl id=\"attachment_333\">\n<dt><img loading=\"lazy\" decoding=\"async\" alt=\"Detalle del brezal con esfagno, Erico-Sphagnetum papillosi (P. Heras)\" src=\"http:\/\/www.lifetremedal.eu\/wp-content\/uploads\/Lixketa-3.jpg\" width=\"587\" height=\"388\" \/><\/dt>\n<dd>Detalle do queirogal con esfagno, Erico-Sphagnetum papillosi (P. Heras)<\/dd>\n<\/dl>\n<\/div>\n<\/dd><\/dl>","protected":false},"excerpt":{"rendered":"<p>Este enclave, de aproximadamente 1,54 ha, sit\u00faase na ladeira norte do monte Argintzu e at\u00f3pase rodeado de faiais. Nel, difer\u00e9ncianse unha zona principal, m\u00e1is extensa e algo heterox\u00e9nea, con varios manaciais, e outras zonas, situadas cara ao leste, m\u00e1is pequenas, con solo h\u00famido e compostas de salgueirai de Salix atrocinerea. Na zona m\u00e1is extensa \u00e9 [&hellip;]<\/p>\n","protected":false},"author":2,"featured_media":0,"parent":992,"menu_order":0,"comment_status":"open","ping_status":"closed","template":"page-template-left-nav.php","meta":{"footnotes":""},"class_list":["post-2405","page","type-page","status-publish","hentry"],"_links":{"self":[{"href":"https:\/\/lifetremedal.eu\/gl\/wp-json\/wp\/v2\/pages\/2405","targetHints":{"allow":["GET"]}}],"collection":[{"href":"https:\/\/lifetremedal.eu\/gl\/wp-json\/wp\/v2\/pages"}],"about":[{"href":"https:\/\/lifetremedal.eu\/gl\/wp-json\/wp\/v2\/types\/page"}],"author":[{"embeddable":true,"href":"https:\/\/lifetremedal.eu\/gl\/wp-json\/wp\/v2\/users\/2"}],"replies":[{"embeddable":true,"href":"https:\/\/lifetremedal.eu\/gl\/wp-json\/wp\/v2\/comments?post=2405"}],"version-history":[{"count":8,"href":"https:\/\/lifetremedal.eu\/gl\/wp-json\/wp\/v2\/pages\/2405\/revisions"}],"predecessor-version":[{"id":12011,"href":"https:\/\/lifetremedal.eu\/gl\/wp-json\/wp\/v2\/pages\/2405\/revisions\/12011"}],"up":[{"embeddable":true,"href":"https:\/\/lifetremedal.eu\/gl\/wp-json\/wp\/v2\/pages\/992"}],"wp:attachment":[{"href":"https:\/\/lifetremedal.eu\/gl\/wp-json\/wp\/v2\/media?parent=2405"}],"curies":[{"name":"wp","href":"https:\/\/api.w.org\/{rel}","templated":true}]}}