{"id":2403,"date":"2014-02-27T10:38:12","date_gmt":"2014-02-27T09:38:12","guid":{"rendered":"http:\/\/www.lifetremedal.eu\/?page_id=2403"},"modified":"2023-02-10T15:21:00","modified_gmt":"2023-02-10T14:21:00","slug":"jauregiaroztegi","status":"publish","type":"page","link":"https:\/\/lifetremedal.eu\/gl\/humidais\/jauregiaroztegi\/","title":{"rendered":"Jauregiaroztegi"},"content":{"rendered":"<div class=\"one_half\">\n<p><strong><\/strong><strong>Nome do enclave:<\/strong> Jauregiaroztegi<br \/>\n<strong>Categor\u00edas de protecci\u00f3n:<\/strong> Queda recollido como Solo Non Urbanizable de Protecci\u00f3n polo seu Valor Ambiental, Humidais, no Plan de Ordenaci\u00f3n do Territorio 1 &#8220;Pireneos&#8221;.<br \/>\n<strong>Localizaci\u00f3n:<\/strong> Auritz-Burguete<br \/>\n<strong>Rexi\u00f3n:<\/strong> Navarra<br \/>\n<strong>Coordenada de referencia:<\/strong> 30TXN3660<br \/>\n<strong>Superficie do humidal:<\/strong> 12 hect\u00e1reas<br \/>\n<strong>Altitude:<\/strong> 880 m<\/p>\n<p><a href=\"http:\/\/www.lifetremedal.eu\/wp-content\/uploads\/Navarra_TremedalEnclaves_A3_Jaureg.pdf\">Ver mapa<\/a><\/p>\n<\/div>\n<div class=\"one_half\">\n<p><a href=\"http:\/\/www.lifetremedal.eu\/wp-content\/uploads\/Jauregiaroztegi-4.jpg\"><img loading=\"lazy\" decoding=\"async\" class=\"aligncenter size-medium wp-image-5207\" alt=\"Jauregiaroztegi 4\" src=\"http:\/\/www.lifetremedal.eu\/wp-content\/uploads\/Jauregiaroztegi-4-300x225.jpg\" width=\"300\" height=\"225\" srcset=\"https:\/\/lifetremedal.eu\/wp-content\/uploads\/Jauregiaroztegi-4-300x225.jpg 300w, https:\/\/lifetremedal.eu\/wp-content\/uploads\/Jauregiaroztegi-4-1024x768.jpg 1024w, https:\/\/lifetremedal.eu\/wp-content\/uploads\/Jauregiaroztegi-4.jpg 1280w\" sizes=\"auto, (max-width: 300px) 100vw, 300px\" \/><\/a><\/p>\n<\/div>\n<div class=\"hr hr-dotted\">&nbsp;<\/div>\n<h5>Este enclave \u00e9 unha depresi\u00f3n inundable moi suave, utilizada como pastos e prados gandeiros rodeados de faiais. Presenta tres afloramentos importantes de auga dende o dep\u00f3sito aluvionar que forma a chaira.<\/h5>\n<p>Difer\u00e9ncianse d\u00faas zonas, unha m\u00e1is alongada, cun tapiz muscinal ben desenvolvido, formado fundamentalmente por <em>Calliergonella cuspidata<\/em>, <em>Campylium stellatum <\/em>e <em>Palustriella falcata<\/em>. A outra \u00e1rea diferenciada presenta d\u00faas surxencias alteradas, con maior cantidade de auga que na outra \u00e1rea e maior diversidade no referente a comunidades vexetais<\/p>\n<dl class=\"accordion\"><dt>VALORES M\u00c1IS RELEVANTES<\/dt><dd><p><span style=\"color: #ff0000;\"><strong>Singularidade<\/strong><\/span><br \/>\nJauregiaroztegi \u00e9 o enclave m\u00e1is bas\u00f3filo de todos os estudados.<\/p>\n<p><span style=\"color: #ff0000;\"><strong>Valores biol\u00f3xicos e ecol\u00f3xicos<\/strong><\/span><br \/>\nRespecto \u00e1 flora vascular, hai que destacar a presenza de <em>Menyanthes trifoliata<\/em>, <em>Triglochin palustris<\/em> e <em>Sanguisorba officinalis<\/em>. Destaca ademais a importante superficie ocupada por xunqueiras e herbazais higr\u00f3filos.<\/p>\n<p><span style=\"color: #ff0000;\"><strong>Valores hist\u00f3ricos e paleoecol\u00f3xicos<\/strong><\/span><br \/>\nNon existe dep\u00f3sito de turba.<\/p>\n<p><span style=\"color: #ff0000;\"><strong>H\u00e1bitats de Interese Comunitario<\/strong><\/span><\/p>\n<table width=\"437\" border=\"1\" cellspacing=\"0\" cellpadding=\"0\">\n<tbody>\n<tr>\n<td valign=\"top\" width=\"56\"><strong>H\u00e1bitat<\/strong><\/td>\n<td valign=\"top\" width=\"381\"><strong>Nome<\/strong><\/td>\n<\/tr>\n<tr>\n<td valign=\"top\" width=\"56\">3260<\/td>\n<td valign=\"top\" width=\"381\">R\u00edos, de pisos de planicie a montano con vexetaci\u00f3n de <em>Ranunculion fluitantis<\/em> e de <em>Callitricho-Batrachion<\/em><\/td>\n<\/tr>\n<tr>\n<td valign=\"top\" width=\"56\">6410<\/td>\n<td valign=\"top\" width=\"381\">Prados con molinias sobre substratos calcarios, turbosos ou arxilolimosos (<em>Molinion caeruleae<\/em>)<\/td>\n<\/tr>\n<tr>\n<td valign=\"top\" width=\"56\">6430<\/td>\n<td valign=\"top\" width=\"381\">Megaforbios eutrofos hidr\u00f3filos das orlas de chaira e dos pisos montano a alpino<\/td>\n<\/tr>\n<tr>\n<td valign=\"top\" width=\"56\">6510<\/td>\n<td valign=\"top\" width=\"381\">Prados pobres de sega de baixa altitude (<em>Alopecurus pratensis<\/em>, <em>Sanguisorba officinalis<\/em>)<\/td>\n<\/tr>\n<tr>\n<td valign=\"top\" width=\"56\">7140<\/td>\n<td valign=\"top\" width=\"381\">&#8216;Mires&#8217; de transici\u00f3n<\/td>\n<\/tr>\n<tr>\n<td valign=\"top\" width=\"56\">91E0*<\/td>\n<td valign=\"top\" width=\"381\">Bosques aluviais de <em>Alnus glutinosa<\/em> e <em>Fraxinus excelsior<\/em> (<em>Alno- Padion, Alnion incanae, Salicion albae<\/em>)<\/td>\n<\/tr>\n<\/tbody>\n<\/table>\n<p>&nbsp;<\/p>\n<p><span style=\"color: #ff0000;\"><strong>Flora<\/strong><\/span><br \/>\nNo que respecta a especies propias de \u00e1reas encharcadas dos medios turbosos, \u00e9 destacable a presenza en Jauregiaroztegi de <i>Menyanthes trifoliata<\/i>, <em>cunha poboaci\u00f3n moi nutrida de individuos de gran porte, e de Triglochin palustris<\/em>, bastante m\u00e1is escaso.<\/p>\n<p>Destaca ademais en Jauregiaroztegi a existencia de especies m\u00e1is ou menos raras propias de xunqueiras e herbazais higr\u00f3filos; as\u00ed, \u00e9 moi abundante <i>Sanguisorba<\/i> officinalis, e m\u00e1is escasas <em>Centaurea nigra<\/em>, <em>Angelica major<\/em>, <em>Alopecurus geniculatus<\/em> e <i>Bi<em>dens cernua<\/em><\/i>.<\/p>\n<p>Rexistr\u00e1ronse 106 especies de plantas vasculares e tan s\u00f3 5 de bri\u00f3fitos, de entre os que \u00e9 necesario destacar a ausencia de esfagnos e que este \u00e9 o \u00fanico enclave en que se achou <em>Philonotis calcarea<\/em>, unha especie decididamente bas\u00f3fila.<\/p>\n<p><span style=\"color: #ff0000;\"><strong>Fauna<\/strong><\/span><br \/>\nEste lugar \u00e9 id\u00f3neo para a proliferaci\u00f3n de numerosos insectos, entre os que destacan lepid\u00f3pteros e odonatos, especialmente <em>Coenagrion mercuriale<\/em>, inclu\u00edda no Anexo II de el Directivo H\u00e1bitats. Este enclave, pola s\u00faa localizaci\u00f3n at\u00f3pase no \u00e1mbito das rutas migratorias atl\u00e1nticas, e moi pr\u00f3ximo ao importante outeiro de Lindus-Iba\u00f1eta, e pola s\u00faa diversidade de h\u00e1bitats presenta unhas condici\u00f3ns id\u00f3neas para ser un lugar de descanso e alimentaci\u00f3n de aves migratorias, fundamentalmente de paseriformes.<\/p>\n<\/dd><dt>ESTADO ACTUAL<\/dt><dd><p>En 2008 o Servizo de Conservaci\u00f3n da Biodiversidade do Goberno de Navarra levou a cabo as primeiras actuaci\u00f3ns para mellorar a xesti\u00f3n do humidal, delimitando as \u00e1reas m\u00e1is sensibles. Ademais, o documento de Bases T\u00e9cnicas do Plan de Xesti\u00f3n do Lugar de Importancia Comunitaria (LIC) &#8220;Sistema fluvial Irati-Urrobi-Erro considera a inclusi\u00f3n do humidal de Jauregiaroztegi no seu \u00e1mbito, de maneira que se ampl\u00eda a superficie do LIC na marxe esquerda do r\u00edo Urrobi (Gesti\u00f3n Ambiental de Navarra 2011).<\/p>\n<p>M\u00e1is tarde, o proxecto de concentraci\u00f3n parceira realizado na zona do enclave inclu\u00eda medidas para garantir o bo estado de conservaci\u00f3n dos importantes valores ecol\u00f3xicos que acolle.<\/p>\n<p>En 2011, o convenio de colaboraci\u00f3n entre Caixa e o Goberno de Navarra inclu\u00edu o proxecto de restauraci\u00f3n e valorizaci\u00f3n da Linga de Jauregiaroztegi, que recolleu actuaci\u00f3ns de correcci\u00f3n hidrol\u00f3xica no humidal, como son a instalaci\u00f3n de pequenos diques, e a construci\u00f3n de infraestruturas para unha correcta xesti\u00f3n gandeira (peches gandeiros). Proxect\u00e1ronse tam\u00e9n acci\u00f3ns de valorizaci\u00f3n do humidal, que consistiron na sinalizaci\u00f3n dun sendeiro e a instalaci\u00f3n de paneis interpretativos no seu \u00e1mbito, as\u00ed como un punto de informaci\u00f3n no centro de Auritz-Burguete que recolle informaci\u00f3n tanto sobre o humidal coma sobre o conxunto da Rede Natura en Navarra.<\/p>\n<p>As ameazas que afectan ao enclave son o aumento da presi\u00f3n gandeira e os seus efectos, como o pastado, a remoci\u00f3n e erosi\u00f3n do solo e a posible extinci\u00f3n local dalgunhas especies como <em>Triglochin palustris<\/em>. A mellora de pastos mediante fertilizaci\u00f3ns e intentos de drenaxe, co afondamento de surxencias e regos son tam\u00e9n os perigos que a conservaci\u00f3n do enclave pode ter.<\/p>\n<\/dd><dt>DIRECTRICES PARA A XESTI\u00d3N E A CONSERVACI\u00d3N<\/dt><dd><p>En primeiro lugar, d\u00e9bese propo\u00f1er a inclusi\u00f3n do enclave no LIC ES2200025 Sistema fluvial dos R\u00edos Itrati, Urrobi e Erro. No enclave de Jauregiaroztegi \u00e9 necesario ademais continuar coa regulaci\u00f3n da xesti\u00f3n gandeira co obxectivo prioritario de conservar os h\u00e1bitats de zonas h\u00famidas. Para iso deberanse manter axeitadamente os peches necesarios para a xesti\u00f3n gandeira e deberanse establecer per\u00edodos axeitados de presenza de gando no enclave. Tam\u00e9n se fai necesario continuar coas acci\u00f3ns de valorizaci\u00f3n do enclave e cos traballos de seguimento da evoluci\u00f3n do enclave.<\/p>\n<\/dd><dt>FOTOS<\/dt><dd><p><a href=\"http:\/\/www.lifetremedal.eu\/wp-content\/uploads\/Imagen-020-Urrobi-Jauregiaroztegi-la-rosa-es-Lychnis-en-flor-junio-2009.jpg\"><img loading=\"lazy\" decoding=\"async\" alt=\"Imagen 020-Urrobi-Jauregiaroztegi-la rosa es Lychnis en flor-junio 2009\" src=\"http:\/\/www.lifetremedal.eu\/wp-content\/uploads\/Imagen-020-Urrobi-Jauregiaroztegi-la-rosa-es-Lychnis-en-flor-junio-2009-300x200.jpg\" width=\"300\" height=\"200\" \/><\/a><\/p>\n<p><a href=\"http:\/\/www.lifetremedal.eu\/wp-content\/uploads\/Imagen-022-Urrobi-Jauregiaroztegi_Menyanthes_trifoliata.jpg\"><img loading=\"lazy\" decoding=\"async\" alt=\"Imagen 022-Urrobi-Jauregiaroztegi_Menyanthes_trifoliata\" src=\"http:\/\/www.lifetremedal.eu\/wp-content\/uploads\/Imagen-022-Urrobi-Jauregiaroztegi_Menyanthes_trifoliata-300x200.jpg\" width=\"300\" height=\"200\" \/><\/a><\/p>\n<p><a href=\"http:\/\/www.lifetremedal.eu\/wp-content\/uploads\/DSCN3807Jauregiaroztegi-junio-2012.jpg\"><img loading=\"lazy\" decoding=\"async\" alt=\"DSCN3807Jauregiaroztegi junio 2012\" src=\"http:\/\/www.lifetremedal.eu\/wp-content\/uploads\/DSCN3807Jauregiaroztegi-junio-2012-300x225.jpg\" width=\"300\" height=\"225\" \/><\/a><\/p>\n<p><a href=\"http:\/\/www.lifetremedal.eu\/wp-content\/uploads\/Imagen-035-Urrobi-Jauregiaroztegi_Triglochin_palustris.jpg\"><img loading=\"lazy\" decoding=\"async\" alt=\"Imagen 035-Urrobi-Jauregiaroztegi_Triglochin_palustris\" src=\"http:\/\/www.lifetremedal.eu\/wp-content\/uploads\/Imagen-035-Urrobi-Jauregiaroztegi_Triglochin_palustris-200x300.jpg\" width=\"200\" height=\"300\" \/><\/a><\/p>\n<p>&nbsp;<\/p>\n<\/dd><\/dl><p>&nbsp;<\/p>\n","protected":false},"excerpt":{"rendered":"<p>Este enclave \u00e9 unha depresi\u00f3n inundable moi suave, utilizada como pastos e prados gandeiros rodeados de faiais. Presenta tres afloramentos importantes de auga dende o dep\u00f3sito aluvionar que forma a chaira. Difer\u00e9ncianse d\u00faas zonas, unha m\u00e1is alongada, cun tapiz muscinal ben desenvolvido, formado fundamentalmente por Calliergonella cuspidata, Campylium stellatum e Palustriella falcata. A outra \u00e1rea [&hellip;]<\/p>\n","protected":false},"author":2,"featured_media":0,"parent":992,"menu_order":0,"comment_status":"open","ping_status":"closed","template":"page-template-left-nav.php","meta":{"footnotes":""},"class_list":["post-2403","page","type-page","status-publish","hentry"],"_links":{"self":[{"href":"https:\/\/lifetremedal.eu\/gl\/wp-json\/wp\/v2\/pages\/2403","targetHints":{"allow":["GET"]}}],"collection":[{"href":"https:\/\/lifetremedal.eu\/gl\/wp-json\/wp\/v2\/pages"}],"about":[{"href":"https:\/\/lifetremedal.eu\/gl\/wp-json\/wp\/v2\/types\/page"}],"author":[{"embeddable":true,"href":"https:\/\/lifetremedal.eu\/gl\/wp-json\/wp\/v2\/users\/2"}],"replies":[{"embeddable":true,"href":"https:\/\/lifetremedal.eu\/gl\/wp-json\/wp\/v2\/comments?post=2403"}],"version-history":[{"count":11,"href":"https:\/\/lifetremedal.eu\/gl\/wp-json\/wp\/v2\/pages\/2403\/revisions"}],"predecessor-version":[{"id":12006,"href":"https:\/\/lifetremedal.eu\/gl\/wp-json\/wp\/v2\/pages\/2403\/revisions\/12006"}],"up":[{"embeddable":true,"href":"https:\/\/lifetremedal.eu\/gl\/wp-json\/wp\/v2\/pages\/992"}],"wp:attachment":[{"href":"https:\/\/lifetremedal.eu\/gl\/wp-json\/wp\/v2\/media?parent=2403"}],"curies":[{"name":"wp","href":"https:\/\/api.w.org\/{rel}","templated":true}]}}