{"id":2400,"date":"2014-02-27T10:30:46","date_gmt":"2014-02-27T09:30:46","guid":{"rendered":"http:\/\/www.lifetremedal.eu\/?page_id=2400"},"modified":"2023-02-10T15:15:21","modified_gmt":"2023-02-10T14:15:21","slug":"baltsagorrieta","status":"publish","type":"page","link":"https:\/\/lifetremedal.eu\/gl\/humidais\/baltsagorrieta\/","title":{"rendered":"Baltsagorrieta"},"content":{"rendered":"<div class=\"one_half\">\n<p><strong>Nome do enclave:<\/strong> Baltsagorrieta<br \/>\n<strong>Categor\u00edas de protecci\u00f3n:<\/strong> Queda recollido como Solo Non Urbanizable de Protecci\u00f3n polo seu Valor Ambiental, Humidais no Plan de Ordenaci\u00f3n do Territorio 3 &#8220;\u00c1rea central&#8221;.<br \/>\n<strong>Localizaci\u00f3n:<\/strong> pertence ao Val de Esteribar, e sit\u00faase xunto ao l\u00edmite de Anue.<br \/>\n<strong>Rexi\u00f3n:<\/strong> Navarra<br \/>\n<strong>Coordenada de referencia:<\/strong> XN1759, XN1760<br \/>\n<strong>Superficie do humidal:<\/strong> 2,69 hect\u00e1reas<br \/>\n<a href=\"http:\/\/lifetremedal.eu\/wp-content\/uploads\/Navarra_TremedalEnclaves_A4_Baltsagorrieta.pdf\">Ver mapa<\/a><\/p>\n<\/div>\n<div class=\"one_half\">\n<a href=\"http:\/\/lifetremedal.eu\/wp-content\/uploads\/Baltsagorrieta.jpg\"><img loading=\"lazy\" decoding=\"async\" class=\"alignnone\" src=\"http:\/\/lifetremedal.eu\/wp-content\/uploads\/Baltsagorrieta.jpg\" alt=\"Baltsagorrieta\" width=\"320\" height=\"181\" \/><\/a>\n<\/div>\n<div class=\"hr hr-dotted\">&nbsp;<\/div>\n<h5>Este enclave, que se sit\u00faa no <strong>claro dun faial,<\/strong> nun relanzo de ladeira pr\u00f3ximo \u00e1 cabeceira dun barranco, est\u00e1 formado por <strong>d\u00faas zonas<\/strong> a distinto nivel: a superior plana e bastante seca; a inferior m\u00e1is grande, con certa pendente e moi encharcada.<\/h5>\n<p>Ambos os dous niveis est\u00e1n unidos por unha pendente cuberta de faial, pi\u00f1eiral e folgueira-queirogal. Isto pode servir de resumo xeral<br \/>\nNa zona superior, onde non se desenvolveu turba ou o dep\u00f3sito \u00e9 pouco profundo, p\u00f3dense distinguir d\u00faas \u00e1reas, de mananciais,<\/p>\n<ul>\n<li>a Norte, onde atopamos un manancial difuso, con grandes oscilaci\u00f3ns de caudal e augas mes\u00f3trofas,<\/li>\n<li>a Sur, moi heterox\u00e9nea, con mananciais inestables e de funcionamento irregular, algo que se reflicte mesmo na presenza de haxas novas mortas no bordo occidental, e augas de car\u00e1cter m\u00e1is \u00e1cido.<\/li>\n<\/ul>\n<p>A <strong>zona h\u00famida inferior<\/strong> \u00e9 moito m\u00e1is extensa, at\u00f3pase uniformemente encharcada e conta cun potente dep\u00f3sito de turba (aproximadamente 1,5 m de profundidade).<br \/>\nNo extremo superior, existe un &#8220;ollo&#8221; que verque augas minerotr\u00f3ficas, cuxa influencia permite o desenvolvemento de <i>Menyanthes trifoliata<\/i> existindo tam\u00e9n outros &#8220;ollos&#8221; que parecen moi pouco estables na s\u00faa situaci\u00f3n e funcionamento.<br \/>\nEsta zona conta con dous regos laterais, sendo o occidental m\u00e1is curto, e menos profundo e ancho que o do bordo oriental, que ademais corre baixo unha fileira de <i>Salix atrocinerea<\/i>.<br \/>\nA <strong>drenaxe<\/strong> faise por un \u00fanico regueiro de sa\u00edda, onde o dep\u00f3sito de turba remata bruscamente, e se detectan emanaci\u00f3ns de metano e sulfh\u00eddrico<\/p>\n<dl class=\"accordion\"><dt>VALORES M\u00c1IS RELEVANTES<\/dt><dd><p><span style=\"color: #ff0000;\"><strong>Singularidade<\/strong><\/span><br \/>\nEste enclave p\u00f3dese considerar unha das catro <strong>turbeiras en sentido estrito<\/strong> detectadas en Navarra, e unha das d\u00faas inequivocamente activas. A s\u00faa orixe \u00e9 unha estrutura moi particular, un cabalgamento que fai que un potente paquete de pedras de gra (permeables) quede sobre rochas margosas (impermeables), e a s\u00faa conservaci\u00f3n d\u00e9bese ao constante e abundante caudal que mana do acu\u00edfero colgado nesta estrutura.<\/p>\n<p><span style=\"color: #ff0000;\"><strong>Valores biol\u00f3xicos e ecol\u00f3xicos<\/strong><\/span><br \/>\nDestaca a vexetaci\u00f3n da \u00e1rea con dep\u00f3sito de turba, que se describe como <em>Eriophoro angustifolii-Sphagnetum rubelli.<\/em> \u00c9 de salientar a presenza de <em>Pinus sylvestris<\/em> e <em>Betula pubescens <\/em><em>subsp. celtiberica,<\/em> que poder\u00edan considerarse pr\u00f3ximos a unha turbeira boscosa (91D0*) a\u00ednda que extraordinariamente empobrecida por raz\u00f3ns de clima e orientaci\u00f3n.<br \/>\nNo que respecta \u00e1s especies vexetais, \u00e9 de salientar a presenza de <em>Menyanthes trifoliata, Sphagnum rubellum<\/em> e <em>S. fallax<\/em> (ambos os dous esfagnos non se citaran en Navarra).<\/p>\n<p><span style=\"color: #ff0000;\"><strong>Valores hist\u00f3ricos e paleoecol\u00f3xicos<\/strong><\/span><br \/>\nO enclave pos\u00fae un dep\u00f3sito de turba considerable (1,5 metros), sen estudar.<\/p>\n<p><span style=\"color: #ff0000;\"><strong>H\u00e1bitats de Interese Comunitario<\/strong><\/span><\/p>\n<table border=\"1\" cellspacing=\"0\" cellpadding=\"0\">\n<tbody>\n<tr>\n<td valign=\"top\" width=\"54\"><strong>H\u00e1bitat<\/strong><\/td>\n<td valign=\"top\" width=\"342\"><strong>Nome<\/strong><\/td>\n<\/tr>\n<tr>\n<td width=\"54\">4010<\/td>\n<td valign=\"top\" width=\"342\">Queirogais h\u00famidos atl\u00e1nticos setentrionais de <i>Erica tetralix<\/i><\/td>\n<\/tr>\n<tr>\n<td valign=\"top\" width=\"54\">4030<\/td>\n<td valign=\"top\" width=\"342\">Queirogais secos europeos<\/td>\n<\/tr>\n<tr>\n<td valign=\"top\" width=\"54\">6410<\/td>\n<td valign=\"top\" width=\"342\">Prados con molinias sobre substratos calcarios, turbosos ou arxilolimosos (<em>Molinion caeruleae<\/em>)<\/td>\n<\/tr>\n<tr>\n<td valign=\"top\" width=\"54\">7140<\/td>\n<td valign=\"top\" width=\"342\">&#8216;Mires&#8217; de transici\u00f3n<\/td>\n<\/tr>\n<tr>\n<td width=\"54\">91D0*<\/td>\n<td valign=\"top\" width=\"342\">Turbeiras boscosas<\/td>\n<\/tr>\n<\/tbody>\n<\/table>\n<p>&nbsp;<\/p>\n<p><span style=\"color: #ff0000;\"><strong>Flora<\/strong><\/span><br \/>\nRexistr\u00e1ronse 66 especies de vasculares e 39 de bri\u00f3fitos, sete deles son esfagnos.<br \/>\nEntre as vasculares, o m\u00e1is destacable floristicamente \u00e9 a presenza do mesto <em>Salix aurita x atrocinerea.<\/em> Ademais, hai que sinalar a abundancia de <em>Lastrea limbosperma<\/em> e a presenza de <em>Polygonatum verticillatum, Gentiana lutea<\/em> e <em>Convallaria majalis<\/em> nos bidueirais e faiais. Nas \u00e1reas encharcadas destaca a presenza de <em>Eriophorum angustifolium<\/em> e <em>Trichophorum caespitosum <\/em><em>subsp. germanicum,<\/em> e nos pasteiros circundantes e Nardus <em>stricta<\/em> e <em>Juncus squarrosus<\/em>.<br \/>\nEntre os bri\u00f3fitos hai que salientar algunhas novidades para o cat\u00e1logo navarro: as hep\u00e1ticas <em>Calypogeia integristipula, Cephalozia connivens, Cladopodiella fluitans, Kurzia pauciflora<\/em> e <em>Scapania mucronata,<\/em> e os bri\u00f3ns <em>Sphagnum magellanicum, Sphagnum rubellum<\/em> e <em>Splachnum ampullaceum,<\/em> unha especie copr\u00f3fila. Especialmente relevante \u00e9 a presenza de <em>Sphagnum magellanicum,<\/em> un esfagno particularmente turb\u00f3xeno e ombr\u00f3filo.<\/p>\n<p><span style=\"color: #ff0000;\"><strong>Fauna<\/strong><\/span><br \/>\nNeste enclave at\u00f3pase o lagarto das bra\u00f1as (<em>Zootoca vivipara<\/em>), clasificada como &#8220;Case Amenazada pola UICN, e inclu\u00edda no Listado de Especies en R\u00e9xime de Protecci\u00f3n Especial a nivel nacional.<\/p>\n<\/dd><dt>ESTADO ACTUAL<\/dt><dd><p>Na actualidade, o enclave at\u00f3pase <strong>moi ben conservado, <\/strong><strong>sendo a<\/strong><b> <\/b>intensificaci\u00f3n do <strong>uso gandeiro<\/strong> e a mellora da <strong>pista de acceso<\/strong> (co que a facilidade de chegada ao \u00e1mbito poder\u00eda supo\u00f1er), as ameazas que poder\u00eda sufrir o enclave.<\/p>\n<\/dd><dt>DIRECTRICES PARA A XESTI\u00d3N E A CONSERVACI\u00d3N<\/dt><dd><p>Para alcanzar os obxectivos de conservaci\u00f3n do enclave son necesarias a vixilancia e prevenci\u00f3n neste, o que implica:<\/p>\n<ul>\n<li>Deberase promover a s\u00faa inclusi\u00f3n no pr\u00f3ximo LIC ES2200018 &#8220;Belate&#8221; de acordo \u00e1s Bases T\u00e9cnicas do Plan de Xesti\u00f3n de Belate<\/li>\n<li>\u00a0Deberase vixiar a presi\u00f3n gandeira, non permitindo a s\u00faa intensificaci\u00f3n, nin a mellora do pasto sobre a turbeira,<\/li>\n<li>Deberase protexer a hidrolox\u00eda, non permitindo a realizaci\u00f3n de actuaci\u00f3ns que modifiquen a mesma, como poden ser iniciativas de drenaxe da zona, realizaci\u00f3n de desv\u00edos dos cursos de auga naturais e afondamento das s\u00faas canles, execuci\u00f3n de captaci\u00f3ns de auga, &#8230; Deber\u00edase considerar a posibilidade de crear un per\u00edmetro de protecci\u00f3n libre das actuaci\u00f3ns forestais e de construci\u00f3n de pistas, e non permitir catas mineiras nos arredores do enclave,<\/li>\n<li>Protecci\u00f3n do arquivo hist\u00f3rico do dep\u00f3sito de turba, regulando calquera tipo de explotaci\u00f3n do dep\u00f3sito turboso e aproveitamento da turba,<\/li>\n<\/ul>\n<p>Para a mellora do co\u00f1ecemento sobre este enclave, polas s\u00faas caracter\u00edsticas e estado de conservaci\u00f3n o id\u00f3neo ser\u00eda realizar un estudio de tipo integral, que incl\u00faa<\/p>\n<ul>\n<li>An\u00e1lise da diversidade vexetal e faun\u00edstica, e de aspectos abi\u00f3ticos e de funcionamento dos sistemas de turbeira. Ser\u00eda interesante tam\u00e9n a elaboraci\u00f3n dun estudio microbiol\u00f3xico dos tapetes bacterianos e da fonte das emanaci\u00f3ns de gases.<\/li>\n<li>Incrementar o co\u00f1ecemento paleoecol\u00f3xico da turbeira, inicio e evoluci\u00f3n do dep\u00f3sito de turba e estudios de pole f\u00f3sil, sedimentolox\u00eda, macrorrestos vexetais e quitinosos, taxas de acumulaci\u00f3n de turba, etc.<\/li>\n<\/ul>\n<p>Para a posta en valor do lugar, deberanse realizar actuaci\u00f3ns de difusi\u00f3n e divulgaci\u00f3n dos valores naturais da turbeira como pode ser a edici\u00f3n de folletos ou tr\u00edpticos divulgativos, a colocaci\u00f3n de paneis informativos no lugar e a creaci\u00f3n de itinerarios pedag\u00f3xicos ou a inclusi\u00f3n do lugar nos xa existentes.<\/p>\n<p>&nbsp;<\/p>\n<\/dd><dt>FOTOS<\/dt><dd><p><div id=\"attachment_253\" style=\"width: 282px\" class=\"wp-caption alignnone\"><a href=\"http:\/\/lifetremedal.eu\/wp-content\/uploads\/Baltsagorrieta-3.jpg\"><img loading=\"lazy\" decoding=\"async\" aria-describedby=\"caption-attachment-253\" class=\"wp-image-253 size-full\" src=\"http:\/\/lifetremedal.eu\/wp-content\/uploads\/Baltsagorrieta-3.jpg\" alt=\"Vista general del enclave desde el punto de salida de aguas; se ve la cubeta inferior y el hayedo que la separa de la cubeta superior. (M. Infante):\" width=\"272\" height=\"409\" \/><\/a><\/p>\n<p id=\"caption-attachment-253\" class=\"wp-caption-text\">Vista xeneral do enclave dende o punto de sa\u00edda de augas; vese a cubeta inferior e o faial que a separa da cubeta superior. (M. Infante).<\/p>\n<\/div>\n<p><div id=\"attachment_254\" style=\"width: 330px\" class=\"wp-caption alignnone\"><a href=\"http:\/\/lifetremedal.eu\/wp-content\/uploads\/Baltsagorrieta.jpg\"><img loading=\"lazy\" decoding=\"async\" aria-describedby=\"caption-attachment-254\" class=\"wp-image-254 size-full\" src=\"http:\/\/lifetremedal.eu\/wp-content\/uploads\/Baltsagorrieta.jpg\" alt=\"Aspecto general de la cubeta superior (P. Heras).\" width=\"320\" height=\"181\" \/><\/a><\/p>\n<p id=\"caption-attachment-254\" class=\"wp-caption-text\">Aspecto xeral da cubeta superior (P. Heras).<\/p>\n<\/div>\n<p><div id=\"attachment_252\" style=\"width: 336px\" class=\"wp-caption alignnone\"><a href=\"http:\/\/lifetremedal.eu\/wp-content\/uploads\/Baltsagorrieta-2.jpg\"><img loading=\"lazy\" decoding=\"async\" aria-describedby=\"caption-attachment-252\" class=\"wp-image-252 size-full\" src=\"http:\/\/lifetremedal.eu\/wp-content\/uploads\/Baltsagorrieta-2.jpg\" alt=\"Eriophorum angustifolium. (P. Heras)\" width=\"326\" height=\"215\" \/><\/a><\/p>\n<p id=\"caption-attachment-252\" class=\"wp-caption-text\">Eriophorum angustifolium. (P. Heras).<\/p>\n<\/div>\n<\/dd><\/dl>","protected":false},"excerpt":{"rendered":"<p>Este enclave, que se sit\u00faa no claro dun faial, nun relanzo de ladeira pr\u00f3ximo \u00e1 cabeceira dun barranco, est\u00e1 formado por d\u00faas zonas a distinto nivel: a superior plana e bastante seca; a inferior m\u00e1is grande, con certa pendente e moi encharcada. Ambos os dous niveis est\u00e1n unidos por unha pendente cuberta de faial, pi\u00f1eiral [&hellip;]<\/p>\n","protected":false},"author":2,"featured_media":0,"parent":992,"menu_order":0,"comment_status":"open","ping_status":"closed","template":"page-template-left-nav.php","meta":{"footnotes":""},"class_list":["post-2400","page","type-page","status-publish","hentry"],"_links":{"self":[{"href":"https:\/\/lifetremedal.eu\/gl\/wp-json\/wp\/v2\/pages\/2400","targetHints":{"allow":["GET"]}}],"collection":[{"href":"https:\/\/lifetremedal.eu\/gl\/wp-json\/wp\/v2\/pages"}],"about":[{"href":"https:\/\/lifetremedal.eu\/gl\/wp-json\/wp\/v2\/types\/page"}],"author":[{"embeddable":true,"href":"https:\/\/lifetremedal.eu\/gl\/wp-json\/wp\/v2\/users\/2"}],"replies":[{"embeddable":true,"href":"https:\/\/lifetremedal.eu\/gl\/wp-json\/wp\/v2\/comments?post=2400"}],"version-history":[{"count":12,"href":"https:\/\/lifetremedal.eu\/gl\/wp-json\/wp\/v2\/pages\/2400\/revisions"}],"predecessor-version":[{"id":11989,"href":"https:\/\/lifetremedal.eu\/gl\/wp-json\/wp\/v2\/pages\/2400\/revisions\/11989"}],"up":[{"embeddable":true,"href":"https:\/\/lifetremedal.eu\/gl\/wp-json\/wp\/v2\/pages\/992"}],"wp:attachment":[{"href":"https:\/\/lifetremedal.eu\/gl\/wp-json\/wp\/v2\/media?parent=2400"}],"curies":[{"name":"wp","href":"https:\/\/api.w.org\/{rel}","templated":true}]}}