{"id":2398,"date":"2014-02-27T10:20:28","date_gmt":"2014-02-27T09:20:28","guid":{"rendered":"http:\/\/www.lifetremedal.eu\/?page_id=2398"},"modified":"2023-02-10T15:03:09","modified_gmt":"2023-02-10T14:03:09","slug":"baigura","status":"publish","type":"page","link":"https:\/\/lifetremedal.eu\/gl\/humidais\/baigura\/","title":{"rendered":"Baigura"},"content":{"rendered":"<div class=\"one_half\">\n<p><strong>Nome do enclave:<\/strong> Baigura<br \/>\n<strong>Categor\u00edas de protecci\u00f3n:<\/strong> O \u00e1mbito deste enclave incl\u00faese no LIC ES0000129 Serra de Artxuga, Zarikieta e Montes de Areta e queda recollido como Solo Non Urbanizable de Protecci\u00f3n polo seu Valor Ambiental, Humidais no Plan de Ordenaci\u00f3n do Territorio 1 &#8220;Pireneos&#8221; de Navarra.<br \/>\n<strong>Localizaci\u00f3n:<\/strong> O enclave sit\u00faase no l\u00edmite dos termos municipais de Abaurrea Baja e Abaurrea Alta.<br \/>\n<strong>Rexi\u00f3n:<\/strong> Navarra<br \/>\n<strong>Coordenada de referencia:<\/strong> XN4449<br \/>\n<strong>Superficie do humidal:<\/strong> 3,44 hect\u00e1reas<br \/>\n<strong>Altitude:<\/strong> 1.200 m<br \/>\n<a href=\"http:\/\/lifetremedal.eu\/wp-content\/uploads\/Navarra_TremedalEnclaves_A3_Baigura.pdf\">Ver mapa<\/a><\/p>\n<\/div>\n<div class=\"one_half\">\n<a href=\"http:\/\/lifetremedal.eu\/wp-content\/uploads\/Biagura.jpg\"><img loading=\"lazy\" decoding=\"async\" class=\"alignnone\" src=\"http:\/\/lifetremedal.eu\/wp-content\/uploads\/Biagura.jpg\" alt=\"Biagura\" width=\"320\" height=\"181\" \/><\/a>\n<\/div>\n<div class=\"hr hr-dotted\">&nbsp;<\/div>\n<h5>Este enclave, que se atopa nun <strong>estado de conservaci\u00f3n \u00f3ptimo<\/strong> por estar practicamente inalterado, \u00e9 unha \u00e1rea de car\u00e1cter acid\u00f3filo, moi alongada e con pouca pendente. At\u00f3pase no fondo dun amplo cavorco, baixo un outeiro e est\u00e1 rodeado por un faial, con pi\u00f1eiros silvestres dispersos.<\/h5>\n<p>Este enclave \u00e9 un sistema <strong>mixto<\/strong> en canto \u00e1 tipolox\u00eda de h\u00e1bitats, xa que parte da auga procede do subsolo (sistema miner\u00f3xeno) mentres que tam\u00e9n ten certo compo\u00f1ente ombr\u00f3xeno (auga de chuvia). \u00c9 unha zona con baixo contido en nutrientes, flora relativamente pobre, e con abundante esfagno. O seu nivel tr\u00f3fico parece apuntar condici\u00f3ns de certo car\u00e1cter olig\u00f3trofo.<br \/>\nDentro do \u00e1mbito at\u00f3panse n\u00facleos m\u00e1is encharcados con tapices de esfagno e desenvolvemento de promontorios. A zona encharcada m\u00e1is ampla, que \u00e9 a m\u00e1is occidental, at\u00f3pase ben desenvolvida e resulta moi interesante. As comunidades vexetais disp\u00f3\u00f1ense de forma conc\u00e9ntrica nas zonas m\u00e1is encharcadas, atopando as m\u00e1is hidr\u00f3filas no centro, ata o faial no l\u00edmite do \u00e1mbito, pasando por unha orla interna composta de bidueiral e unha orla externa con pi\u00f1eiro e arando.<br \/>\nNa zona menos h\u00famida desenv\u00f3lvese un pi\u00f1eiral-bidueiral con arando e queiroga (<i>Calluna vulgaris<\/i>).<br \/>\nNo seu bordo norte at\u00f3pase un regueiro que recolle a auga do enclave.<\/p>\n<dl class=\"accordion\"><dt>VALORES M\u00c1IS RELEVANTES<\/dt><dd><p><span style=\"color: #ff0000;\"><strong>Singularidade<\/strong><\/span><br \/>\n\u00c9 un dos d\u00faas enclaves con compo\u00f1ente ombr\u00f3xeno detectados en Navarra. At\u00f3pase moi preto do l\u00edmite da definici\u00f3n de turbeira, a pesar de non superar os 45 cm de dep\u00f3sito turboso continuo.<\/p>\n<p><span style=\"color: #ff0000;\"><strong>Valores biol\u00f3xicos e ecol\u00f3xicos<\/strong><\/span><br \/>\nCase todas as comunidades vexetais presentes en Baigura son altamente singulares, destacando a presenza de <em>Pinus sylvestris var. pyrenaica<\/em> e <em>Betula pubescens <\/em><em>subsp. celtiberica,<\/em> que pode considerarse pr\u00f3ximo a unha turbeira boscosa (91D0*), e a presenza das comunidades de <i>Erica <\/i><em>tetralix<\/em> e <em>Sphagnum magellanicum<\/em> (<em>Erico tetralicis-Sphagnetum magellanic,<\/em> 7140) e as comunidades de <em>Narthecium ossifragum<\/em> e <em>Sphagnum tenellum<\/em> (<em>Narthecio ossifragi-Sphagnetum tenelli<\/em>, 7140), cuxa representaci\u00f3n m\u00e1is pr\u00f3xima a Baigura est\u00e1 en Asturias.<br \/>\nNo que respecta \u00e1s especies vexetais, hai que sinalar a presenza de <em>Salix aurita x atrocinerea, Lastrea limbosperma, Polygonatum verticillatum, Gentiana lutea, Convallaria majalis, Eriophorum angustifolium, Trichophorum caespitosum subsp. germanicum, Nardus stricta<\/em> e <em>Juncus squarrosus.<\/em> Entre os bri\u00f3fitos destacan <em>Calypogeia integristipula, Cephalozia connivens, Cladopodiella fluitans, Kurzia pauciflora, Scapania mucronata, Sphagnum magellanicum, Sphagnum rubellum<\/em> e <em>Splachnum ampullaceum.<\/em><\/p>\n<p><span style=\"color: #ff0000;\"><strong>Valores hist\u00f3ricos e paleoecol\u00f3xicos<\/strong><\/span><br \/>\nO enclave pos\u00fae un dep\u00f3sito de turba escaso e non continuo, pero consid\u00e9rase que hai actividade turb\u00f3xena, a pesar da relativa sequidade dos ver\u00e1ns.<\/p>\n<p><span style=\"color: #ff0000;\"><strong>H\u00e1bitats de Interese Comunitario<\/strong><\/span><\/p>\n<table border=\"1\" cellspacing=\"0\" cellpadding=\"0\">\n<tbody>\n<tr>\n<td valign=\"top\" width=\"56\"><strong>H\u00e1bitat<\/strong><\/td>\n<td valign=\"top\" width=\"372\"><strong>Nome<\/strong><\/td>\n<\/tr>\n<tr>\n<td valign=\"top\" width=\"56\">4010<\/td>\n<td valign=\"top\" width=\"372\">Queirogais h\u00famidos atl\u00e1nticas setentrionais de <em>Erica tetralix<\/em><\/td>\n<\/tr>\n<tr>\n<td valign=\"top\" width=\"56\">6230*<\/td>\n<td valign=\"top\" width=\"372\">Formaci\u00f3ns herb\u00e1ceas con <em>Nardus<\/em>, con numerosas especies, sobre substratos sil\u00edceos de zonas monta\u00f1osas (e de zonas submonta\u00f1osas da Europa continental)<\/td>\n<\/tr>\n<tr>\n<td valign=\"top\" width=\"56\">7140<\/td>\n<td valign=\"top\" width=\"372\">&#8216;Mires&#8217; de transici\u00f3n<\/td>\n<\/tr>\n<tr>\n<td valign=\"top\" width=\"56\">9120<\/td>\n<td valign=\"top\" width=\"372\"><b>Faiais acid\u00f3filos atl\u00e1nticos con sotobosque de <\/b><b><i>Ilex <\/i><\/b><b>e \u00e1s veces de<\/b> <em>Taxus<\/em> (<em>Quercion robori-petraeae<\/em> ou <em>Ilici-Fagenion<\/em>)<\/td>\n<\/tr>\n<tr>\n<td valign=\"top\" width=\"56\">91D0*<\/td>\n<td valign=\"top\" width=\"372\">Turbeiras boscosas<\/td>\n<\/tr>\n<\/tbody>\n<\/table>\n<p>&nbsp;<\/p>\n<p><span style=\"color: #ff0000;\"><strong>Flora<\/strong><\/span><br \/>\nRexistr\u00e1ronse 66 especies de vasculares e 39 de bri\u00f3fitos, sete deles son esfagnos.<br \/>\nEntre as vasculares, o m\u00e1is destacable floristicamente \u00e9 a presenza do mesto <em>Salix aurita x atrocinerea.<\/em> Ademais, hai que sinalar a abundancia de <em>Lastrea limbosperma<\/em> e a presenza de <em>Polygonatum verticillatum, Gentiana lutea<\/em> e <em>Convallaria majalis<\/em> nos bidueirais e faiais. Nas \u00e1reas encharcadas destaca a presenza de <em>Eriophorum angustifolium<\/em> e <em>Trichophorum caespitosum <\/em><em>subsp. germanicum,<\/em> e nos pasteiros circundantes a de <i>Nardus<\/i> <em>stricta<\/em> e <em>Juncus squarrosus<\/em>.<br \/>\nEntre os bri\u00f3fitos hai que salientar algunhas novidades para o cat\u00e1logo navarro: as hep\u00e1ticas <em>Calypogeia integristipula, Cephalozia connivens, Cladopodiella fluitans, Kurzia pauciflora<\/em> e <em>Scapania mucronata,<\/em> e os bri\u00f3ns <em>Sphagnum magellanicum, Sphagnum rubellum<\/em> e <em>Splachnum ampullaceum,<\/em> unha especie copr\u00f3fila. Especialmente relevante \u00e9 a presenza de <em>Sphagnum magellanicum,<\/em> un esfagno particularmente turb\u00f3xeno e ombr\u00f3filo.<\/p>\n<p><span style=\"color: #ff0000;\"><strong>Fauna<\/strong><\/span><br \/>\nNeste enclave at\u00f3pase o lagarto das bra\u00f1as (<em>Zootoca vivipara<\/em>), clasificada como &#8220;Case Amenazada pola UICN, e inclu\u00edda no Listado de Especies en R\u00e9xime de Protecci\u00f3n Especial a nivel nacional.<\/p>\n<\/dd><dt>ESTADO ACTUAL<\/dt><dd><p>Na actualidade, o enclave at\u00f3pase <strong>moi ben conservado, <\/strong><strong>sendo a<\/strong> intensificaci\u00f3n do <strong>uso gandeiro<\/strong> e a mellora da <strong>pista de acceso<\/strong> (co que a facilidade de chegada ao \u00e1mbito poder\u00eda supo\u00f1er), as ameazas que poder\u00eda sufrir o enclave.<\/p>\n<\/dd><dt>DIRECTRICES PARA A XESTI\u00d3N E A CONSERVACI\u00d3N<\/dt><dd><p>Para alcanzar os obxectivos de conservaci\u00f3n do enclave son necesarias a vixilancia e prevenci\u00f3n, que implica un control da presi\u00f3n gandeira, prevendo unha posible intensificaci\u00f3n do uso gandeiro, e impedindo calquera tratamento de mellora do pasto sobre a turbeira. Ademais, o establecemento dun plan de vixilancia permitir\u00eda detectar cambios negativos con rapidez.<br \/>\nDeberase protexer tam\u00e9n a <strong>hidrolox\u00eda<\/strong>, impedindo calquera iniciativa de drenaxe da zona, e os desv\u00edos dos cursos de auga naturais e o afondamento dos seus cauces. Considerarase a posibilidade de crear un per\u00edmetro de protecci\u00f3n libre das actuaci\u00f3ns forestais e de construci\u00f3n de pistas.<br \/>\nEn canto \u00e1 <strong>protecci\u00f3n do dep\u00f3sito de turba,<\/strong> este require unha protecci\u00f3n estrita que se abranguer\u00eda no plan de vixilancia.<br \/>\nPara a <strong>mellora do co\u00f1ecemento<\/strong> sobre este enclave, ser\u00eda necesario un estudio de tipo integral, posto que o enclave \u00e9 tan altamente singular que \u00e9 fundamental a realizaci\u00f3n de estudios hidrol\u00f3xicos, e valorar a posibilidade de estudios paleoecol\u00f3xicos, de qu\u00edmica e descrici\u00f3n do dep\u00f3sito de turba, as\u00ed como faun\u00edsticos.<br \/>\nPara a <strong>posta en valor<\/strong> do lugar ser\u00e1 interesante a edici\u00f3n de folletos ou tr\u00edpticos divulgativos.<\/p>\n<\/dd><dt>FOTOS<\/dt><dd><p><a href=\"http:\/\/lifetremedal.eu\/wp-content\/uploads\/Biagura-1.jpg\"><img loading=\"lazy\" decoding=\"async\" class=\"alignnone wp-image-3354 size-medium\" title=\"Aspecto xeral do claro principal do enclave. (P. Heras)\" src=\"http:\/\/lifetremedal.eu\/wp-content\/uploads\/Biagura-1.jpg\" alt=\"Aspecto xeral do claro principal do enclave. (P. Heras)\" width=\"302\" height=\"199\" \/><\/a><br \/>\nAspecto xeral do claro principal do enclave. (P. Heras)<\/p>\n<p><a href=\"http:\/\/lifetremedal.eu\/wp-content\/uploads\/Biagura-2.jpg\"><img loading=\"lazy\" decoding=\"async\" class=\"alignnone wp-image-3354 size-medium\" title=\"Aspecto do tapiz de esfagno no centro da zona encharcada. (P. Heras)\" src=\"http:\/\/lifetremedal.eu\/wp-content\/uploads\/Biagura-2.jpg\" alt=\"Aspecto do tapiz de esfagno no centro da zona encharcada. (P. Heras)\" width=\"312\" height=\"206\" \/><\/a><br \/>\nAspecto do tapiz de esfagno no centro da zona encharcada. (P. Heras)<\/p>\n<p><a href=\"http:\/\/lifetremedal.eu\/wp-content\/uploads\/Biagura-3.jpg\"><img loading=\"lazy\" decoding=\"async\" class=\"alignnone wp-image-3354 size-medium\" title=\"Bordo interno da zona encharcada (P. Heras)\" src=\"http:\/\/lifetremedal.eu\/wp-content\/uploads\/Biagura-3.jpg\" alt=\"Bordo interno da zona encharcada (P. Heras)\" width=\"308\" height=\"203\" \/><\/a><br \/>\nBordo interno da zona encharcada (P. Heras)<\/p>\n<\/dd><\/dl>","protected":false},"excerpt":{"rendered":"<p>Este enclave, que se atopa nun estado de conservaci\u00f3n \u00f3ptimo por estar practicamente inalterado, \u00e9 unha \u00e1rea de car\u00e1cter acid\u00f3filo, moi alongada e con pouca pendente. At\u00f3pase no fondo dun amplo cavorco, baixo un outeiro e est\u00e1 rodeado por un faial, con pi\u00f1eiros silvestres dispersos. Este enclave \u00e9 un sistema mixto en canto \u00e1 tipolox\u00eda [&hellip;]<\/p>\n","protected":false},"author":2,"featured_media":0,"parent":992,"menu_order":0,"comment_status":"open","ping_status":"closed","template":"page-template-left-nav.php","meta":{"footnotes":""},"class_list":["post-2398","page","type-page","status-publish","hentry"],"_links":{"self":[{"href":"https:\/\/lifetremedal.eu\/gl\/wp-json\/wp\/v2\/pages\/2398","targetHints":{"allow":["GET"]}}],"collection":[{"href":"https:\/\/lifetremedal.eu\/gl\/wp-json\/wp\/v2\/pages"}],"about":[{"href":"https:\/\/lifetremedal.eu\/gl\/wp-json\/wp\/v2\/types\/page"}],"author":[{"embeddable":true,"href":"https:\/\/lifetremedal.eu\/gl\/wp-json\/wp\/v2\/users\/2"}],"replies":[{"embeddable":true,"href":"https:\/\/lifetremedal.eu\/gl\/wp-json\/wp\/v2\/comments?post=2398"}],"version-history":[{"count":11,"href":"https:\/\/lifetremedal.eu\/gl\/wp-json\/wp\/v2\/pages\/2398\/revisions"}],"predecessor-version":[{"id":11984,"href":"https:\/\/lifetremedal.eu\/gl\/wp-json\/wp\/v2\/pages\/2398\/revisions\/11984"}],"up":[{"embeddable":true,"href":"https:\/\/lifetremedal.eu\/gl\/wp-json\/wp\/v2\/pages\/992"}],"wp:attachment":[{"href":"https:\/\/lifetremedal.eu\/gl\/wp-json\/wp\/v2\/media?parent=2398"}],"curies":[{"name":"wp","href":"https:\/\/api.w.org\/{rel}","templated":true}]}}