{"id":2396,"date":"2014-02-27T10:15:40","date_gmt":"2014-02-27T09:15:40","guid":{"rendered":"http:\/\/www.lifetremedal.eu\/?page_id=2396"},"modified":"2023-02-10T15:01:14","modified_gmt":"2023-02-10T14:01:14","slug":"azaldegi","status":"publish","type":"page","link":"https:\/\/lifetremedal.eu\/gl\/humidais\/azaldegi\/","title":{"rendered":"Azaldegi"},"content":{"rendered":"<div class=\"one_half\">\n<p><strong>Nome do enclave:<\/strong> Azaldegi<br \/>\n<strong>Categor\u00edas de protecci\u00f3n:<\/strong> ZEC Monte Alduide<br \/>\n<strong>Localizaci\u00f3n:<\/strong> Baztan<br \/>\n<strong>Rexi\u00f3n:<\/strong> Navarra<br \/>\n<strong>Coordenada de referencia:<\/strong> XN2469<br \/>\n<a href=\"http:\/\/lifetremedal.eu\/site\/wp-content\/uploads\/Navarra_TremedalEnclaves_A4_Azaldegi.pdf\">Ver mapa<\/a><\/p>\n<\/div>\n<div class=\"one_half\">\n<p><a href=\"http:\/\/lifetremedal.eu\/wp-content\/uploads\/Azaldegui.jpg\"><img loading=\"lazy\" decoding=\"async\" class=\"alignnone\" src=\"http:\/\/lifetremedal.eu\/wp-content\/uploads\/Azaldegui.jpg\" alt=\"Azaldegui\" width=\"320\" height=\"181\" \/><\/a><\/p>\n<\/div>\n<div class=\"hr hr-dotted\">&nbsp;<\/div>\n<h5><strong>Tremoal<\/strong> sen apenas pendente, de forma ovalada, valado case na s\u00faa totalidade, coa notable excepci\u00f3n das fontes que a alimentan, que se atopan ao Sur do valado, f\u00f3ra deste.<\/h5>\n<p>Desauga por un \u00fanico punto, ao desbordar un dique constru\u00eddo hai 14 anos, nun regueiro que se precipita pendente abaixo por un barranco profundo e estreito. As principais diferenzas entre as zonas que presenta d\u00e9bense \u00e1s diferentes fisionom\u00edas das comunidades vexetais que se instalaron.<\/p>\n<dl class=\"accordion\"><dt>VALORES M\u00c1IS RELEVANTES<\/dt><dd><p><span style=\"color: #ff0000;\"><strong>Singularidade<\/strong><\/span><br \/>\n\u00c9 un dos pouco tremoais acid\u00f3filos habituais, onde se deu un denso crecemento <i>Narthecium ossifragum<\/i> e tapices de esfagnos grazas \u00e1 exclusi\u00f3n do gando.<\/p>\n<p><span style=\"color: #ff0000;\"><strong>Valores biol\u00f3xicos e ecol\u00f3xicos<\/strong><\/span><br \/>\nDestaca o excelente desenvolvemento das comunidades de <i>Hypericum elodes<\/i> e <i>Viola palustris<\/i> con esfagnos; a comunidade de <i>Narthecium ossifragum<\/i> e promontorios de <i>Erico<\/i>&#8211;<i>Sphagnetum papillosi<\/i>. Pola s\u00faa escasa presenza entre as turbeiras e medios paraturbosos estudados, \u00e9 de destacar a comunidade acu\u00e1tica formada por <i>Potamogeton polygonifolius<\/i>, e a comunidade de <i>Sparganium erectum<\/i> subsp. <i>microcarpum<\/i>, que probablemente te\u00f1a mellor distribuci\u00f3n noutro tipo de ambientes palustres. Entre a flora, a destacar a presenza de <i>Sphagnum subsecundum<\/i>, raro en Navarra.<\/p>\n<p><span style=\"color: #ff0000;\"><strong>Valores hist\u00f3ricos e paleoecol\u00f3xicos<\/strong><\/span><br \/>\nO enclave non pos\u00fae un dep\u00f3sito de turba.<\/p>\n<p><span style=\"color: #ff0000;\"><strong>H\u00e1bitats de Interese Comunitario<\/strong><\/span><\/p>\n<table border=\"1\" cellspacing=\"0\" cellpadding=\"0\">\n<tbody>\n<tr>\n<td nowrap=\"nowrap\" width=\"88\"><strong>H\u00e1bitat<\/strong><\/td>\n<td width=\"312\"><strong>Nome<\/strong><\/td>\n<\/tr>\n<tr>\n<td nowrap=\"nowrap\" width=\"88\">3150<\/td>\n<td width=\"312\">Lagos eutr\u00f3ficos naturais con vexetaci\u00f3n Magnopotamion<i> <\/i>ou Hydrocharition<\/td>\n<\/tr>\n<tr>\n<td nowrap=\"nowrap\" width=\"88\">4030<\/td>\n<td width=\"312\">Queirogais secos europeos<\/td>\n<\/tr>\n<tr>\n<td nowrap=\"nowrap\" width=\"88\">6410<\/td>\n<td width=\"312\">Prados con molinias sobre substratos calcarios, turbosos ou arxilolimosos (<em>Molinion caeruleae<\/em>)<\/td>\n<\/tr>\n<tr>\n<td nowrap=\"nowrap\" width=\"88\">7140<\/td>\n<td width=\"312\">&#8216;Mires&#8217; de transici\u00f3n<\/td>\n<\/tr>\n<\/tbody>\n<\/table>\n<p>&nbsp;<\/p>\n<p><span style=\"color: #ff0000;\"><strong>H\u00e1bitats segundo outras clasificaci\u00f3ns<\/strong><\/span><\/p>\n<table border=\"1\" cellspacing=\"0\" cellpadding=\"0\">\n<tbody>\n<tr>\n<td nowrap=\"nowrap\" width=\"74\"><strong>H\u00e1bitat<\/strong><\/td>\n<td nowrap=\"nowrap\" width=\"71\"><strong>CINH<\/strong><\/td>\n<td width=\"250\"><strong>Sintax\u00f3n<\/strong><\/td>\n<\/tr>\n<tr>\n<td nowrap=\"nowrap\" width=\"74\">3150<\/td>\n<td nowrap=\"nowrap\" width=\"71\">215040*<\/td>\n<td width=\"250\"><em>Com. Potamogeton polygonifolius (Nymphaeion)<\/em><\/td>\n<\/tr>\n<tr>\n<td nowrap=\"nowrap\" width=\"74\">4030<\/td>\n<td nowrap=\"nowrap\" width=\"71\">303044<\/td>\n<td width=\"250\"><em>Erico tetralicis-Ulicetum gallii ulicetosum gallii var. t\u00edpica<\/em><\/td>\n<\/tr>\n<tr>\n<td nowrap=\"nowrap\" width=\"74\">6410<\/td>\n<td nowrap=\"nowrap\" width=\"71\">541030*<\/td>\n<td width=\"250\"><em>Com. Juncus effusus e Scutellaria minor<\/em><\/td>\n<\/tr>\n<tr>\n<td nowrap=\"nowrap\" width=\"74\">6410<\/td>\n<td nowrap=\"nowrap\" width=\"71\">541030*<\/td>\n<td width=\"250\"><em>Com. Molinia caerulea (Juncion acutiflori)<\/em><\/td>\n<\/tr>\n<tr>\n<td nowrap=\"nowrap\" width=\"74\">7140<\/td>\n<td nowrap=\"nowrap\" width=\"71\">211012<\/td>\n<td width=\"250\"><em>Hyperico elodis-Potametum oblongi<\/em><\/td>\n<\/tr>\n<tr>\n<td nowrap=\"nowrap\" width=\"74\">7140<\/td>\n<td nowrap=\"nowrap\" width=\"71\">211010*<\/td>\n<td width=\"250\"><em>Com. Viola palustris e Hypericum elodes<\/em><\/td>\n<\/tr>\n<tr>\n<td nowrap=\"nowrap\" width=\"74\">7140<\/td>\n<td nowrap=\"nowrap\" width=\"71\">211010*<\/td>\n<td width=\"250\"><em>Com. Juncus bulbosus e Callitriche stagnalis<\/em><\/td>\n<\/tr>\n<tr>\n<td nowrap=\"nowrap\" width=\"74\">7140<\/td>\n<td nowrap=\"nowrap\" width=\"71\">621231<\/td>\n<td width=\"250\"><em>Alismato-Sparganietum microcarpi<\/em><\/td>\n<\/tr>\n<tr>\n<td nowrap=\"nowrap\" width=\"74\">7140<\/td>\n<td valign=\"bottom\" nowrap=\"nowrap\" width=\"71\">613010*<\/td>\n<td width=\"250\"><em>Erico tetralicis-Sphagnetum papillosi<\/em><\/td>\n<\/tr>\n<tr>\n<td nowrap=\"nowrap\" width=\"74\">7140<\/td>\n<td valign=\"bottom\" nowrap=\"nowrap\" width=\"71\">617010*<\/td>\n<td width=\"250\"><em>Com. Narthecium ossifragum<\/em><\/td>\n<\/tr>\n<\/tbody>\n<\/table>\n<p>&nbsp;<\/p>\n<p><span style=\"color: #ff0000;\"><strong>Flora<\/strong><\/span><br \/>\nO m\u00e1is rechamante de Azaldegi \u00e9 o exuberancia que adquire <i>Narthecium ossifragum<\/i> en \u00e1reas encharcadas de gran superficie. O seu gran desenvolvemento (ata 80 cm de altura) dificulta o crecemento doutras especies propias das \u00e1reas encharcadas. As\u00ed, faltan no enclave especies moi com\u00fans nos outros enclaves euskald\u00fan orientais, como <i>Carex demissa<\/i>, <i>Carex panicea<\/i> e <i>Wahlenbergia hederacea<\/i>. Outra presenza destacable \u00e9 a de <i>Sparganium erectum<\/i> subsp. <i>microcarpum<\/i>, pero ligada a medios non turbosos, tales como unha canle e a zona encharcada creada pola presa artificial.<br \/>\nO feito de acharse valada en todo o seu per\u00edmetro leva consigo tam\u00e9n a ausencia de pasteiros, o que se reflicte na ausencia de <i>Festuca nigrescens<\/i> subsp. <i>microphylla<\/i>, <i>Danthonia decumbens<\/i> e <i>Agrotis curtisii<\/i>. As plantas da matogueira non obstante atopan refuxio nunha zona de dep\u00f3sitos de entullos preto da presa.<br \/>\nCabe salientar tam\u00e9n a presenza en aparencia crecente de <i>Salix atrocinerea<\/i>, xa que toda a zona mixta est\u00e1 cuberta por pequenos plant\u00f3ns, ademais duns cantos exemplares xa de bastante porte.<br \/>\nDetect\u00e1ronse 55 vasculares e 12 bri\u00f3fitos. Entre os bri\u00f3fitos destaca a presenza de <i>Sphagnum subsecundum<\/i>, pouco habitual nos medios turbosos navarros.<\/p>\n<p>&nbsp;<\/p>\n<\/dd><dt>AMEAZAS<\/dt><dd><p>Non se aprecian ameazas na actualidade.<br \/>\nAnte a posibilidade de recrecemento do dique, cabe sinalar que o aumento do nivel de auga no enclave propiciar\u00e1 a extensi\u00f3n de xunqueiras, comunidades de <em>Sparganium erectum <\/em><em>subsp. microcarpum<\/em> e zonas con <em>Salix atrocinerea<\/em> en detrimento probablemente das comunidades consideradas m\u00e1is singulares e valiosas de <em>Hypericum elodes<\/em> e <em>Viola palustris<\/em> con esfagnos, comunidades de <em>Molinia caerulea<\/em> e <em>Narthecium ossifragum,<\/em> e promontorios con eric\u00e1ceas sobre tapiz de esfagnos (<em>Erico-Sphagnetum papillosi<\/em>). Ser\u00eda negativo para a presevaci\u00f3n dos mellores valores do enclave<\/p>\n<\/dd><dt>DIRECTRICES PARA A XESTI\u00d3N E A CONSERVACI\u00d3N<\/dt><dd><p><strong>Para a conservaci\u00f3n \u00e9 necesario o seguinte:<\/strong><\/p>\n<ul>\n<li>Realizar un control estrito da presi\u00f3n gandeira, como ata agora, mantendo o valado en bo estado.<\/li>\n<li>Protexer da hidrolox\u00eda: Impedir calquera alteraci\u00f3n nas fontes do enclave situadas f\u00f3ra do valado. Manter a situaci\u00f3n e altura actual do dique, impedindo o seu recrecemento.<\/li>\n<\/ul>\n<p><strong>Para o afondamento do co\u00f1ecemento sobre este enclave,<\/strong> deberase realizar o seguimento de evoluci\u00f3n da zona. Este deber\u00e1 ser peri\u00f3dico, trianual posto que a evoluci\u00f3n nestes momentos non parece moi r\u00e1pida, e deber\u00e1 centrarse en particular nos seguintes aspectos:<\/p>\n<ul>\n<li>Cuantificaci\u00f3n do desenvolvemento e expansi\u00f3n de <i>Salix atrocinerea<\/i>, para comprobar a tendencia sospeitada cara ao establecemento dun salgueiral.<\/li>\n<li>Seguimento do crecemento en profundidade e evoluci\u00f3n da capa de esfagnos.<\/li>\n<li>Realizaci\u00f3n de estudios de ampliaci\u00f3n, en particular faun\u00edsticos, posto que o dique tam\u00e9n debe provocar un profundo impacto sobre os anfibios, pero tam\u00e9n insectos, etc.<\/li>\n<\/ul>\n<p><strong>Para loitar contra a falta de valoraci\u00f3n<\/strong> entre a poboaci\u00f3n local e o desco\u00f1ecemento cient\u00edfico, deberase<\/p>\n<ul>\n<li>Promover o co\u00f1ecemento cient\u00edfico do enclave, tanto nos seus aspectos bi\u00f3ticos (diversidade non s\u00f3 vexetal sen\u00f3n tam\u00e9n faun\u00edstica sen esquecer pequenos seres moi importantes no peso da biodiversidade como os insectos e as ara\u00f1as), como abi\u00f3ticos e de funcionamento dos sistemas de turbeira.<\/li>\n<li>Para a posta en valor do lugar, deberanse realizar actuaci\u00f3ns de difusi\u00f3n e divulgaci\u00f3n dos valores naturais da turbeira como: a edici\u00f3n de folletos ou tr\u00edpticos divulgativos; a colocaci\u00f3n de paneis informativos no lugar, xa que parece bastante transitado.<\/li>\n<\/ul>\n<p>&nbsp;<\/p>\n<\/dd><dt>FOTOS<\/dt><dd><p>&nbsp;<\/p>\n<p><!--<a href=\"http:\/\/lifetremedal.eu\/wp-content\/uploads\/Panor\u00e1mica_balsa-de-las-ranas2.jpg\"><img loading=\"lazy\" decoding=\"async\" class=\"alignnone size-medium wp-image-3353\" src=\"http:\/\/lifetremedal.eu\/wp-content\/uploads\/Panor\u00e1mica_balsa-de-las-ranas2-300x96.jpg\" alt=\"Panor\u00e1mica_balsa de las ranas2\" width=\"300\" height=\"96\" srcset=\"https:\/\/lifetremedal.eu\/wp-content\/uploads\/Panor\u00e1mica_balsa-de-las-ranas2-300x96.jpg 300w, https:\/\/lifetremedal.eu\/wp-content\/uploads\/Panor\u00e1mica_balsa-de-las-ranas2-1024x328.jpg 1024w, https:\/\/lifetremedal.eu\/wp-content\/uploads\/Panor\u00e1mica_balsa-de-las-ranas2.jpg 1988w\" sizes=\"auto, (max-width: 300px) 100vw, 300px\" \/><\/a>--><\/p>\n<p><a href=\"http:\/\/lifetremedal.eu\/wp-content\/uploads\/DSC00325_Balsa-de-las-ranas.jpg\"><img loading=\"lazy\" decoding=\"async\" class=\"alignnone size-medium wp-image-3354\" src=\"http:\/\/lifetremedal.eu\/wp-content\/uploads\/DSC00325_Balsa-de-las-ranas-300x225.jpg\" alt=\"DSC00325_Balsa de las ranas\" width=\"300\" height=\"225\" srcset=\"https:\/\/lifetremedal.eu\/wp-content\/uploads\/DSC00325_Balsa-de-las-ranas-300x225.jpg 300w, https:\/\/lifetremedal.eu\/wp-content\/uploads\/DSC00325_Balsa-de-las-ranas-1024x768.jpg 1024w, https:\/\/lifetremedal.eu\/wp-content\/uploads\/DSC00325_Balsa-de-las-ranas.jpg 2048w\" sizes=\"auto, (max-width: 300px) 100vw, 300px\" \/><\/a><\/p>\n<p><a href=\"http:\/\/lifetremedal.eu\/wp-content\/uploads\/DSC00328_Balsa-de-las-ranas.jpg\"><img loading=\"lazy\" decoding=\"async\" class=\"alignnone size-medium wp-image-3355\" src=\"http:\/\/lifetremedal.eu\/wp-content\/uploads\/DSC00328_Balsa-de-las-ranas-300x225.jpg\" alt=\"DSC00328_Balsa de las ranas\" width=\"300\" height=\"225\" srcset=\"https:\/\/lifetremedal.eu\/wp-content\/uploads\/DSC00328_Balsa-de-las-ranas-300x225.jpg 300w, https:\/\/lifetremedal.eu\/wp-content\/uploads\/DSC00328_Balsa-de-las-ranas-1024x768.jpg 1024w, https:\/\/lifetremedal.eu\/wp-content\/uploads\/DSC00328_Balsa-de-las-ranas.jpg 2048w\" sizes=\"auto, (max-width: 300px) 100vw, 300px\" \/><\/a><\/p>\n<p><a href=\"http:\/\/lifetremedal.eu\/wp-content\/uploads\/DSC00371.jpg\"><img loading=\"lazy\" decoding=\"async\" class=\"alignnone size-medium wp-image-3347\" src=\"http:\/\/lifetremedal.eu\/wp-content\/uploads\/DSC00371-300x225.jpg\" alt=\"DSC00371\" width=\"300\" height=\"225\" srcset=\"https:\/\/lifetremedal.eu\/wp-content\/uploads\/DSC00371-300x225.jpg 300w, https:\/\/lifetremedal.eu\/wp-content\/uploads\/DSC00371-1024x768.jpg 1024w, https:\/\/lifetremedal.eu\/wp-content\/uploads\/DSC00371.jpg 2048w\" sizes=\"auto, (max-width: 300px) 100vw, 300px\" \/><\/a><\/p>\n<p>&nbsp;<\/p>\n<\/dd><\/dl>","protected":false},"excerpt":{"rendered":"<p>Tremoal sen apenas pendente, de forma ovalada, valado case na s\u00faa totalidade, coa notable excepci\u00f3n das fontes que a alimentan, que se atopan ao Sur do valado, f\u00f3ra deste. Desauga por un \u00fanico punto, ao desbordar un dique constru\u00eddo hai 14 anos, nun regueiro que se precipita pendente abaixo por un barranco profundo e estreito. [&hellip;]<\/p>\n","protected":false},"author":2,"featured_media":0,"parent":992,"menu_order":0,"comment_status":"open","ping_status":"closed","template":"page-template-left-nav.php","meta":{"footnotes":""},"class_list":["post-2396","page","type-page","status-publish","hentry"],"_links":{"self":[{"href":"https:\/\/lifetremedal.eu\/gl\/wp-json\/wp\/v2\/pages\/2396","targetHints":{"allow":["GET"]}}],"collection":[{"href":"https:\/\/lifetremedal.eu\/gl\/wp-json\/wp\/v2\/pages"}],"about":[{"href":"https:\/\/lifetremedal.eu\/gl\/wp-json\/wp\/v2\/types\/page"}],"author":[{"embeddable":true,"href":"https:\/\/lifetremedal.eu\/gl\/wp-json\/wp\/v2\/users\/2"}],"replies":[{"embeddable":true,"href":"https:\/\/lifetremedal.eu\/gl\/wp-json\/wp\/v2\/comments?post=2396"}],"version-history":[{"count":14,"href":"https:\/\/lifetremedal.eu\/gl\/wp-json\/wp\/v2\/pages\/2396\/revisions"}],"predecessor-version":[{"id":11983,"href":"https:\/\/lifetremedal.eu\/gl\/wp-json\/wp\/v2\/pages\/2396\/revisions\/11983"}],"up":[{"embeddable":true,"href":"https:\/\/lifetremedal.eu\/gl\/wp-json\/wp\/v2\/pages\/992"}],"wp:attachment":[{"href":"https:\/\/lifetremedal.eu\/gl\/wp-json\/wp\/v2\/media?parent=2396"}],"curies":[{"name":"wp","href":"https:\/\/api.w.org\/{rel}","templated":true}]}}