{"id":2394,"date":"2014-02-27T10:05:51","date_gmt":"2014-02-27T09:05:51","guid":{"rendered":"http:\/\/www.lifetremedal.eu\/?page_id=2394"},"modified":"2023-02-10T14:58:06","modified_gmt":"2023-02-10T13:58:06","slug":"arxuri","status":"publish","type":"page","link":"https:\/\/lifetremedal.eu\/gl\/humidais\/arxuri\/","title":{"rendered":"Arxuri"},"content":{"rendered":"<div class=\"one_half\">\n<p><strong><\/strong><strong>Nome do enclave:<\/strong> Arxuri<br \/>\n<strong>Categor\u00edas de protecci\u00f3n:<\/strong> Queda recollido como Solo Non Urbanizable de Protecci\u00f3n polo seu Valor Ambiental, Humidais, no Plan de Ordenaci\u00f3n do Territorio 2 &#8220;Navarra Atl\u00e1ntica&#8221; de Navarra.<br \/>\n<strong>Localizaci\u00f3n:<\/strong> Baztan<br \/>\n<strong>Rexi\u00f3n:<\/strong> Navarra<br \/>\n<strong>Coordenada de referencia:<\/strong> 30TXN1689, 30TXN1689, 30TXN1789, 30TXN1790.<br \/>\n<strong>Superficie do humidal:<\/strong> 18,31 hect\u00e1reas.<br \/>\n<strong>Altitude:<\/strong> 475-540 m<\/p>\n<p><a href=\"http:\/\/lifetremedal.eu\/wp-content\/uploads\/Navarra_TremedalEnclaves_A3_Arxuri.pdf\">Ver mapa<\/a><\/p>\n<\/div>\n<div class=\"one_half\">\n<p><img loading=\"lazy\" decoding=\"async\" class=\"alignnone size-full wp-image-221\" alt=\"Arxuri\" src=\"http:\/\/lifetremedal.eu\/wp-content\/uploads\/Arxuri.jpg\" width=\"320\" height=\"181\" \/><\/p>\n<\/div>\n<div class=\"hr hr-dotted\">&nbsp;<\/div>\n<h5>Este enclave at\u00f3pase nunha cubeta ou val pechado no que a evacuaci\u00f3n das augas se viu dificultada. \u00c9 unha cunca semipechada, m\u00e1is aberta cara ao Leste e bordeada por un regueiro ao Sur, cara a onde baixa na pendente. Hai zonas de coluvi\u00f3n ao Oeste coas \u00e1reas maiores e m\u00e1is activas dende o pico de Pena Prata, e ao Nord\u00e9s, ambas as d\u00faas con varios ill\u00f3s.<\/h5>\n<p>A \u00e1rea do enclave incl\u00fae nas zonas m\u00e1is altas unha serie de ill\u00f3s m\u00e1is ou menos difusos e m\u00e1is ou menos activos, dende onde parten canles de fluxo de lonxitude variable; pasando a ser alg\u00fans arroios importantes m\u00e1is abaixo. Outros en cambio esv\u00e1ense e desaparecen no coluvi\u00f3n.<\/p>\n<p>Na \u00e1rea central e na revolta m\u00e1is oriental sit\u00faanse dous dep\u00f3sitos de turba, sendo o central o m\u00e1is grande, m\u00e1is profundo e o \u00fanico onde se realizou un estudio palinol\u00f3xico (Pe\u00f1alba 1989).<\/p>\n<p>A auga das canles dos ill\u00f3s, a de escorrent\u00eda e a que fl\u00fae subsuperficialmente dende os dep\u00f3sitos de turba dr\u00e9nase a trav\u00e9s de cavorcos ata alcanzar o regueiro, que fl\u00fae de Oeste a Leste. Este regueiro simula desaparecer no extremo oriental da cunca, cando subitamente afonda arredor de 1 metro entre bloques e a s\u00faa matriz arxilosa. Est\u00e1 comunicado co regueiro que fl\u00fae cara ao Leste da cunca, xa no barranco.<\/p>\n<p>Non existen l\u00e1minas de auga libre a excepci\u00f3n dunha pequena charca que recolle augas de drenaxe ao p\u00e9 de Pena Prata e en pequenos tramos do regueiro.<\/p>\n<dl class=\"accordion\"><dt>VALORES M\u00c1IS RELEVANTES<\/dt><dd><p><span style=\"color: #ff0000;\"><strong>Singularidade<\/strong><\/span><br \/>\nArxuri \u00e9 un dos enclaves que contan cun dep\u00f3sito de turba de maior entidade no conxunto de Navarra.<\/p>\n<p><span style=\"color: #ff0000;\"><strong>Valores biol\u00f3xicos e ecol\u00f3xicos<\/strong><\/span><br \/>\nRespecto \u00e1 flora vascular, hai que destacar as tres especies seguintes: <em>Rhynchospora fusca<\/em>, <em>Drosera intermedia<\/em>, <em>Pinguicula lusitanica<\/em>. Entre os h\u00e1bitats, a salientar a estendida presenza do HIC 7150.<\/p>\n<p><span style=\"color: #ff0000;\"><strong>Valores hist\u00f3ricos e paleoecol\u00f3xicos<\/strong><\/span><br \/>\nExiste un estudio palinol\u00f3xico (Pe\u00f1alba 1989), constitu\u00edndo un dos poucos arquivos hist\u00f3ricos estudados do Norte de Espa\u00f1a. Nel, descr\u00edbese un dep\u00f3sito ao p\u00e9 de Pena Prata cun m\u00e1ximo de 111 cm de profundidade. Este dep\u00f3sito situado no Centro-Norte da cunca entre dous niveis de colusi\u00f3ns, ocupa unha \u00e1rea de 0,8 ha cunha per\u00edmetro de 370 m. A zona est\u00e1 lixeira pero apeciablemente abombada, cuberta por un pasto con algunhas matas de eric\u00e1ceas e pequenas poboaci\u00f3ns de <em>Sphagnum <\/em><em>spp<\/em>. e <em>Leucobruim glaucum<\/em>. O escaso grao de encharcamento observado e a presenza destas pequenas \u00e1reas de esfagnos apuntan a posibilidade de que esta zona da turbeira estea algo activa.\u00a0 Existe outro dep\u00f3sito moito m\u00e1is pequeno no extremo oriental, con 0,19 ha e 162 m de per\u00edmetro, cun grao de encharcamento moito menor e inactivo.<\/p>\n<p><span style=\"color: #ff0000;\"><strong>H\u00e1bitats de Interese Comunitario<\/strong><\/span><\/p>\n<table width=\"430\" border=\"1\" cellspacing=\"0\" cellpadding=\"0\">\n<tbody>\n<tr>\n<td nowrap=\"nowrap\" width=\"152\"><strong>H\u00e1bitat<\/strong><\/td>\n<td width=\"278\"><strong>Nome<\/strong><\/td>\n<\/tr>\n<tr>\n<td nowrap=\"nowrap\" width=\"152\">4020*<\/td>\n<td width=\"278\">Queirogais h\u00famidos atl\u00e1nticos de zonas temperadas de <em>Erica cillaris <\/em>e <em>Erica tetralix<\/em><\/td>\n<\/tr>\n<tr>\n<td nowrap=\"nowrap\" width=\"152\">4030<\/td>\n<td width=\"278\">Queirogais secos europeos<\/td>\n<\/tr>\n<tr>\n<td nowrap=\"nowrap\" width=\"152\">6230*<\/td>\n<td width=\"278\">Formaci\u00f3ns herb\u00e1ceas con <em>Nardus<\/em>, con numerosas especies, sobre substratos sil\u00edceos de zonas monta\u00f1osas (e de zonas submonta\u00f1osas da Europa continental)<\/td>\n<\/tr>\n<tr>\n<td nowrap=\"nowrap\" width=\"152\">6410<\/td>\n<td width=\"278\">Prados con molinias sobre substratos calcarios, turbosos ou arxilolimosos<\/td>\n<\/tr>\n<tr>\n<td nowrap=\"nowrap\" width=\"152\">7140<\/td>\n<td width=\"278\">&#8216;Mires&#8217; de transici\u00f3n<\/td>\n<\/tr>\n<tr>\n<td valign=\"bottom\" nowrap=\"nowrap\" width=\"152\">7150<\/td>\n<td width=\"278\">Depresi\u00f3ns sobre substratos turbosos do <em>Rhynchosporion<\/em><\/td>\n<\/tr>\n<\/tbody>\n<\/table>\n<p>&nbsp;<\/p>\n<p><span style=\"color: #ff0000;\"><strong>Flora<\/strong><\/span><br \/>\nO m\u00e1is rechamante en Arxuri \u00e9 a abundancia de <em>Rhynchospora alba<\/em> e <em>Drosera intermedia,<\/em> pero habemos de destacar ademais a presenza de <em>Eriophorum angustifolium<\/em>, <em>Menyanthes trifoliata, Genista anglica<\/em> e <em>Dryopteris carthusiana<\/em> na cubeta, e de <em>Rhynchospora fusca<\/em>, <em>Pinguicula lusitanica<\/em> e <em>Sanguisorba officinalis<\/em> nas surxencias da ladeira. Tanto <em>Pinguicula lusitanica <\/em>como <em>Drosera intermedia <\/em>rec\u00f3llense como &#8220;sensibles \u00e1 alteraci\u00f3n do h\u00e1bitat&#8221; no Cat\u00e1logo de Flora Ameazada de Navarra.<\/p>\n<p>A riqueza flor\u00edstica \u00e1s alta, rexistr\u00e1ronse 72 especies de vasculares e 20 de bri\u00f3fitos, inclu\u00edndo 6 especies de esfagnos.<\/p>\n<p><span style=\"color: #ff0000;\"><strong>Fauna<\/strong><\/span><br \/>\nOs factores de ameaza son a destruci\u00f3n ou alteraci\u00f3n dos seus h\u00e1bitats larvarios e en particular as canalizaci\u00f3ns. D\u00e9bese manter ou restaurar a estrutura natural dos cauces, con zonas marxinais m\u00e1is ou menos encharcadas, e con pequenos brazos laterais superficiais, onde esta especie pode reproducirse. <i>Onychogomphus uncatus<\/i> (Charpentier, 1840). Atopamos a especie f\u00f3ra de transecto, nas inmediaci\u00f3ns da turbeira de Aetxuria, ligada a reguos de escaso caudal o 12 de xullo e o 25 de xullo de 2009. <i>Onychogomphus uncatus<\/i>\u2642 Se\u00f1or\u00edo de Bertiz 19-xullo-2009. Status de conservacion; Inclu\u00edda no &#8220;Libro Vermello dos Invertebrados de Espa\u00f1a&#8221; coa Categoria UICN &#8220;Vulnerable&#8221;, criterio B2ab(iii).<\/p>\n<\/dd><dt>ESTADO ACTUAL<\/dt><dd><p>O enclave at\u00f3pase nun estado de conservaci\u00f3n bo, non se aprecian signos importantes de alteraci\u00f3n da cunca (gabias de drenaxe, diques, infraestruturas, etc.). Tan s\u00f3 se detectara unha gabia pouco profunda no l\u00edmite sueste do dep\u00f3sito de turba principal.<\/p>\n<p>Nalgunhas zonas da turbeira de Arxuri prod\u00facese remoci\u00f3n do solo polo efecto do gando. Estas zonas de perturbaci\u00f3n son a que albergan o HIC 7150, no que aparecen algunhas das especies de flora m\u00e1is importantes do enclave (<i>Rhynchospora fusca<\/i>, <i>Drosera intermedia<\/i>, etc.). O mantemento do fr\u00e1xil equilibrio entre o impacto moderado e a conservaci\u00f3n do HIC 7150 \u00e9 un dos aspectos m\u00e1is destacables da xesti\u00f3n gandeira que require a turbeira de Arxuri.<\/p>\n<p>En 2011 levouse a cabo unha primeira actuaci\u00f3n de correcci\u00f3n da gabia de drenaxe mediante a instalaci\u00f3n de pequenos diques de madeira e arxila. Este proxecto executouse dentro do convenio de colaboraci\u00f3n entre Obra Social a Caixa e o Goberno de Navarra. O seguimento da evoluci\u00f3n da vexetaci\u00f3n e os h\u00e1bitas permitir\u00e1 avaliar o \u00e9xito desta actuaci\u00f3n.<\/p>\n<p>Tam\u00e9n en 2011 elaborouse unha cartograf\u00eda detallada dos h\u00e1bitats e as \u00e1reas de presenza de flora de interese, o que permitir\u00e1 avaliar o efecto do gando ao longo do tempo.<\/p>\n<p>Por \u00faltimo, lev\u00e1ronse a cabo acci\u00f3ns de posta en valor do enclave, mediante a adecuaci\u00f3n do Sendeiro Local Ibaineta as\u00ed como a edici\u00f3n de folletos explicativos. Instalouse tam\u00e9n un punto de informaci\u00f3n permanente en Elizondo con informaci\u00f3n xeral sobre a Rede Natura 2000 en Navarra e en especial dos espazos presentes no Val.<\/p>\n<p>&nbsp;<\/p>\n<\/dd><dt>DIRECTRICES PARA A XESTI\u00d3N E A CONSERVACI\u00d3N<\/dt><dd><p>Alcanzar os obxectivos de conservaci\u00f3n do enclave pasa polo establecemento de directrices de xesti\u00f3n gandeira concretas que persigan este obxectivo e o seguimento e vixilancia da evoluci\u00f3n dos h\u00e1bitats e as especies. Para a mellora das poboaci\u00f3ns dalgunhas especies pode ser interesante a instalaci\u00f3n de pequenos peches temporais de exclusi\u00f3n do gando. Xa que o enclave presenta un alto interese natural e patrimonial, e unha grande importancia para a conservaci\u00f3n de h\u00e1bitats e especies de interese europeo, ser\u00eda conveniente a s\u00faa inclusi\u00f3n no pr\u00f3ximo LIC ES2200015 Regata de Orabidea. Por \u00faltimo ser\u00eda conveniente a continuaci\u00f3n coa divulgaci\u00f3n dos valores que alberga este humidal tanto \u00e1 poboaci\u00f3n local coma aos visitantes.<\/p>\n<\/dd><dt>FOTOS<\/dt><dd><p><a href=\"http:\/\/lifetremedal.eu\/wp-content\/uploads\/P1000376.jpg\"><img loading=\"lazy\" decoding=\"async\" class=\"alignnone size-medium wp-image-3352\" alt=\"P1000376\" src=\"http:\/\/lifetremedal.eu\/wp-content\/uploads\/P1000376-300x168.jpg\" width=\"300\" height=\"168\" srcset=\"https:\/\/lifetremedal.eu\/wp-content\/uploads\/P1000376-300x168.jpg 300w, https:\/\/lifetremedal.eu\/wp-content\/uploads\/P1000376-1024x576.jpg 1024w, https:\/\/lifetremedal.eu\/wp-content\/uploads\/P1000376.jpg 1920w\" sizes=\"auto, (max-width: 300px) 100vw, 300px\" \/><\/a><\/p>\n<p><a href=\"http:\/\/lifetremedal.eu\/wp-content\/uploads\/P1000375.jpg\"><img loading=\"lazy\" decoding=\"async\" class=\"alignnone size-medium wp-image-3351\" alt=\"P1000375\" src=\"http:\/\/lifetremedal.eu\/wp-content\/uploads\/P1000375-300x225.jpg\" width=\"300\" height=\"225\" srcset=\"https:\/\/lifetremedal.eu\/wp-content\/uploads\/P1000375-300x225.jpg 300w, https:\/\/lifetremedal.eu\/wp-content\/uploads\/P1000375-1024x768.jpg 1024w\" sizes=\"auto, (max-width: 300px) 100vw, 300px\" \/><\/a><\/p>\n<p>&nbsp;<\/p>\n<p>&nbsp;<\/p>\n<p><a href=\"http:\/\/lifetremedal.eu\/wp-content\/uploads\/P1000380.jpg\"><img loading=\"lazy\" decoding=\"async\" class=\"alignnone size-medium wp-image-3349\" alt=\"P1000380\" src=\"http:\/\/lifetremedal.eu\/wp-content\/uploads\/P1000380-300x225.jpg\" width=\"300\" height=\"225\" srcset=\"https:\/\/lifetremedal.eu\/wp-content\/uploads\/P1000380-300x225.jpg 300w, https:\/\/lifetremedal.eu\/wp-content\/uploads\/P1000380-1024x768.jpg 1024w\" sizes=\"auto, (max-width: 300px) 100vw, 300px\" \/><\/a><\/p>\n<p><a href=\"http:\/\/lifetremedal.eu\/wp-content\/uploads\/P1000386.jpg\"><img loading=\"lazy\" decoding=\"async\" class=\"alignnone size-medium wp-image-3350\" alt=\"P1000386\" src=\"http:\/\/lifetremedal.eu\/wp-content\/uploads\/P1000386-300x225.jpg\" width=\"300\" height=\"225\" srcset=\"https:\/\/lifetremedal.eu\/wp-content\/uploads\/P1000386-300x225.jpg 300w, https:\/\/lifetremedal.eu\/wp-content\/uploads\/P1000386-1024x768.jpg 1024w\" sizes=\"auto, (max-width: 300px) 100vw, 300px\" \/><\/a><\/p>\n<\/dd><\/dl><p>&nbsp;<\/p>\n<p>&nbsp;<\/p>\n","protected":false},"excerpt":{"rendered":"<p>Este enclave at\u00f3pase nunha cubeta ou val pechado no que a evacuaci\u00f3n das augas se viu dificultada. \u00c9 unha cunca semipechada, m\u00e1is aberta cara ao Leste e bordeada por un regueiro ao Sur, cara a onde baixa na pendente. Hai zonas de coluvi\u00f3n ao Oeste coas \u00e1reas maiores e m\u00e1is activas dende o pico de [&hellip;]<\/p>\n","protected":false},"author":2,"featured_media":0,"parent":992,"menu_order":0,"comment_status":"open","ping_status":"closed","template":"page-template-left-nav.php","meta":{"footnotes":""},"class_list":["post-2394","page","type-page","status-publish","hentry"],"_links":{"self":[{"href":"https:\/\/lifetremedal.eu\/gl\/wp-json\/wp\/v2\/pages\/2394","targetHints":{"allow":["GET"]}}],"collection":[{"href":"https:\/\/lifetremedal.eu\/gl\/wp-json\/wp\/v2\/pages"}],"about":[{"href":"https:\/\/lifetremedal.eu\/gl\/wp-json\/wp\/v2\/types\/page"}],"author":[{"embeddable":true,"href":"https:\/\/lifetremedal.eu\/gl\/wp-json\/wp\/v2\/users\/2"}],"replies":[{"embeddable":true,"href":"https:\/\/lifetremedal.eu\/gl\/wp-json\/wp\/v2\/comments?post=2394"}],"version-history":[{"count":12,"href":"https:\/\/lifetremedal.eu\/gl\/wp-json\/wp\/v2\/pages\/2394\/revisions"}],"predecessor-version":[{"id":11979,"href":"https:\/\/lifetremedal.eu\/gl\/wp-json\/wp\/v2\/pages\/2394\/revisions\/11979"}],"up":[{"embeddable":true,"href":"https:\/\/lifetremedal.eu\/gl\/wp-json\/wp\/v2\/pages\/992"}],"wp:attachment":[{"href":"https:\/\/lifetremedal.eu\/gl\/wp-json\/wp\/v2\/media?parent=2394"}],"curies":[{"name":"wp","href":"https:\/\/api.w.org\/{rel}","templated":true}]}}