{"id":2392,"date":"2014-02-27T10:01:53","date_gmt":"2014-02-27T09:01:53","guid":{"rendered":"http:\/\/www.lifetremedal.eu\/?page_id=2392"},"modified":"2023-02-10T14:34:22","modified_gmt":"2023-02-10T13:34:22","slug":"argintzu","status":"publish","type":"page","link":"https:\/\/lifetremedal.eu\/gl\/humidais\/argintzu\/","title":{"rendered":"Argintzu"},"content":{"rendered":"<div class=\"one_half\">\n<p><strong>Nome do enclave:<\/strong> Argintzu<br \/>\n<strong>Categor\u00edas de protecci\u00f3n:<\/strong> ZEC Monte Alduide<br \/>\n<strong>Localizaci\u00f3n:<\/strong> Baztan<br \/>\n<strong>Rexi\u00f3n:<\/strong> Navarra<br \/>\n<strong>Coordenada de referencia:<\/strong> XN2368 XN2369<br \/>\n<a href=\"http:\/\/lifetremedal.eu\/wp-content\/uploads\/Navarra_TremedalEnclaves_A3_Argintzu.pdf\">Ver mapa<\/a><\/p>\n<\/div>\n<div class=\"one_half\">\n<p><img loading=\"lazy\" decoding=\"async\" alt=\"Argintzu\" src=\"http:\/\/lifetremedal.eu\/wp-content\/uploads\/Argintzu.jpg\" width=\"320\" height=\"181\" \/><\/p>\n<\/div>\n<div class=\"hr hr-dotted\">&nbsp;<\/div>\n<h5>Trampal formado por cabeceras manant\u00edas, una bastante amplia, y vaguadas con arroyuelos, en ladera de gran pendiente.<\/h5>\n<p>O enclave subdiv\u00eddese en varias \u00e1reas:<\/p>\n<ul>\n<li>A\/ Pasto acid\u00f3filo que circunda as \u00e1reas encharcadas, con solo seco pero con boa cobertura de bri\u00f3fitos e \u00e1s veces poboaci\u00f3ns de <i>Juncus squarrosus<\/i>.<\/li>\n<li>B\/ Cavorcos pouco profundos, con surxencias m\u00e1is ou menos activas, que dan lugar a fluxos discontinuos que se sumen en dolinas \u00e1 altura do outeiro (tremoais subneutr\u00f3filos).<\/li>\n<li>C\/ Plataforma principal: Cabeceira mananc\u00eda plana, tapizada por esfagno, bastante heterox\u00e9nea dende o noiro do bordo superior ata os regos de sa\u00edda (tremoais subneutr\u00f3filos a acid\u00f3filos). A destacar a presenza de <i>Menyanthes trifoliata<\/i>.<\/li>\n<li>D\/ Tremoais bas\u00f3filos, con solos encharcados con movemento lento da auga en forma de abanos, con presenza de <i>Palustriella falcata<\/i>.<\/li>\n<li>E\/ Pequena \u00e1rea mananc\u00eda con <i>Philonotis fontana<\/i> e <i>Sphagnum teres<\/i> (tremoal subneutr\u00f3filo a bas\u00f3filo)<\/li>\n<li>F\/ Zona coluvionar con bloques cementados por arxilas, onde discorren e desaparecen os arroios que saen da zona D.<\/li>\n<\/ul>\n<p>O enclave presenta gran heteroxeneidade no referente \u00e1 qu\u00edmica da auga, con surxencias de car\u00e1cter \u00e9utrofo e outras de car\u00e1cter mes\u00f3trofo<\/p>\n<dl class=\"accordion\"><dt>VALORES M\u00c1IS RELEVANTES<\/dt><dd><p><span style=\"color: #ff0000;\"><strong>Singularidade<\/strong><\/span><br \/>\nArgintzu \u00e9 o enclave estudado con maior rango de tipolox\u00edas de tremoais, inclu\u00edndo dende os acid\u00f3filos ata os bas\u00f3filos.<\/p>\n<p><span style=\"color: #ff0000;\"><strong>Valores biol\u00f3xicos e ecol\u00f3xicos<\/strong><\/span><br \/>\nRespecto \u00e1 flora vascular, hai que destacar a presenza de <i>Menyanthes trifoliata<\/i>. Entre os bri\u00f3fitos, <i>Sphagnum teres<\/i> \u00e9 unha novidade para o cat\u00e1logo briol\u00f3xico navarro, e a poboaci\u00f3n de <i>Scorpidium cossonii<\/i>, a segunda localizada en Navarra.<\/p>\n<p><span style=\"color: #ff0000;\"><strong>Valores hist\u00f3ricos e paleoecol\u00f3xicos<\/strong><\/span><br \/>\nNon hai dep\u00f3sito de turba.<\/p>\n<p><span style=\"color: #ff0000;\"><strong>H\u00e1bitats de Interese Comunitario<\/strong><\/span><\/p>\n<table border=\"1\" cellspacing=\"0\" cellpadding=\"0\">\n<tbody>\n<tr>\n<td nowrap=\"nowrap\" width=\"88\"><strong>H\u00e1bitat<\/strong><\/td>\n<td width=\"312\"><strong>Nome<\/strong><\/td>\n<\/tr>\n<tr>\n<td nowrap=\"nowrap\" width=\"88\">4030<\/td>\n<td width=\"312\">Queirogais secos europeos<\/td>\n<\/tr>\n<tr>\n<td nowrap=\"nowrap\" width=\"88\">6230<\/td>\n<td width=\"312\">Formaci\u00f3ns herb\u00e1ceas con Nardus, con numerosas especies, sobre substratos sil\u00edceos de zonas monta\u00f1osas (e de zonas submonta\u00f1osas da Europa continental)<\/td>\n<\/tr>\n<tr>\n<td nowrap=\"nowrap\" width=\"88\">6410<\/td>\n<td width=\"312\">Prados con molinias sobre substratos calcarios, turbosos ou arxilolimosas (<em>Molinion caeruleae<\/em>)<\/td>\n<\/tr>\n<tr>\n<td nowrap=\"nowrap\" width=\"88\">7140<\/td>\n<td width=\"312\">&#8216;Mires&#8217; de transici\u00f3n<\/td>\n<\/tr>\n<\/tbody>\n<\/table>\n<p>&nbsp;<\/p>\n<p><span style=\"color: #ff0000;\"><strong>H\u00e1bitats segundo outras clasificaci\u00f3ns<\/strong><\/span><\/p>\n<table width=\"366\" border=\"1\" cellspacing=\"0\" cellpadding=\"0\">\n<tbody>\n<tr>\n<td nowrap=\"nowrap\" width=\"55\"><strong>H\u00e1bitat<\/strong><\/td>\n<td nowrap=\"nowrap\" width=\"71\"><strong>CINH<\/strong><\/td>\n<td width=\"240\"><strong>Sintax\u00f3n<\/strong><\/td>\n<\/tr>\n<tr>\n<td nowrap=\"nowrap\" width=\"55\">4030<\/td>\n<td nowrap=\"nowrap\" width=\"71\">303044<\/td>\n<td width=\"240\"><em>Erico tetralicis-Ulicetum gallii ulicetosum gallii var. t\u00edpica<\/em><\/td>\n<\/tr>\n<tr>\n<td nowrap=\"nowrap\" width=\"55\">6230*<\/td>\n<td nowrap=\"nowrap\" width=\"71\">523010*<\/td>\n<td width=\"240\"><em>Carici piluliferae-Agrostietum curtisii nardetosum strictae<\/em><\/td>\n<\/tr>\n<tr>\n<td nowrap=\"nowrap\" width=\"55\">6230*<\/td>\n<td nowrap=\"nowrap\" width=\"71\">523013<\/td>\n<td width=\"240\"><em>Serratulo tinctoriae-Nardetum strictae<\/em><\/td>\n<\/tr>\n<tr>\n<td nowrap=\"nowrap\" width=\"55\">6410<\/td>\n<td nowrap=\"nowrap\" width=\"71\">541030*<\/td>\n<td width=\"240\"><em>Com. Juncus effusus e Scutellaria minor<\/em><\/td>\n<\/tr>\n<tr>\n<td nowrap=\"nowrap\" width=\"55\">7140<\/td>\n<td nowrap=\"nowrap\" width=\"71\">211012<\/td>\n<td width=\"240\"><em>Hyperico elodis-Potametum oblongi<\/em><\/td>\n<\/tr>\n<tr>\n<td nowrap=\"nowrap\" width=\"55\">7140<\/td>\n<td nowrap=\"nowrap\" width=\"71\">622010*<\/td>\n<td width=\"240\"><em>Com. Palustriella falcata<\/em><\/td>\n<\/tr>\n<tr>\n<td nowrap=\"nowrap\" width=\"55\">7140<\/td>\n<td nowrap=\"nowrap\" width=\"71\">622010*<\/td>\n<td width=\"240\"><em>Com. Philonotis fontana e Bryum pseudotriquetrum<\/em><\/td>\n<\/tr>\n<tr>\n<td nowrap=\"nowrap\" width=\"55\">7140<\/td>\n<td valign=\"bottom\" nowrap=\"nowrap\" width=\"71\">613010*<\/td>\n<td width=\"240\"><em>Erico tetralicis-Sphagnetum papillosi<\/em><\/td>\n<\/tr>\n<tr>\n<td valign=\"bottom\" nowrap=\"nowrap\" width=\"55\">7140<\/td>\n<td nowrap=\"nowrap\" width=\"71\">617011<\/td>\n<td width=\"240\"><em>Anagallido tenellae-Juncetum bulbosi<\/em><\/td>\n<\/tr>\n<tr>\n<td nowrap=\"nowrap\" width=\"55\">7140<\/td>\n<td nowrap=\"nowrap\" width=\"71\">617010*<\/td>\n<td width=\"240\"><em>Com. Sphagnum auriculatum e Narthecium ossifragum var. t\u00edpica<\/em><\/td>\n<\/tr>\n<tr>\n<td nowrap=\"nowrap\" width=\"55\">7140<\/td>\n<td valign=\"bottom\" nowrap=\"nowrap\" width=\"71\">723010*<\/td>\n<td width=\"240\"><em>Com. Sedum anglicum e Rumex angiocarpus<\/em><\/td>\n<\/tr>\n<\/tbody>\n<\/table>\n<p>&nbsp;<\/p>\n<p><span style=\"color: #ff0000;\"><strong>Flora<\/strong><\/span><br \/>\nArgintzu \u00e9 un enclave bastante t\u00edpico floristicamente no contexto dos medios paraturbosos euskald\u00fan orientais, pois non faltan as especies m\u00e1is com\u00fans destes medios. Unicamente destaca a presenza dunha poboaci\u00f3n de <i>Menyanthes trifoliata<\/i>, por outra parte bastante recomida. Podemos mencionar tam\u00e9n que <i>Huperzia selago<\/i> foi citada da zona do cumio (Balda 2002: 163).<br \/>\nDetect\u00e1ronse 69 vasculares e 33 bri\u00f3fitos. Entre os bri\u00f3fitos destaca a presenza de d\u00faas especies con tendencia continental, m\u00e1is frecuentes cara ao Leste, en Pireneos Centrais: Sphagnum teres e Scorpidium cossonii.<\/p>\n<p>&nbsp;<\/p>\n<\/dd><dt>AMEAZAS<\/dt><dd><p>Presi\u00f3n do gando: pastado, remoci\u00f3n e erosi\u00f3n do solo, e risco de afecci\u00f3n por lumes.<\/p>\n<\/dd><dt>DIRECTRICES PARA A XESTI\u00d3N E A CONSERVACI\u00d3N<\/dt><dd><p>Deberase seguir co afondamento no co\u00f1ecemento do enclave mediante a realizaci\u00f3n de estudios principalmente de tipo faun\u00edstico (catalogaci\u00f3n de vertebrados &#8211; anfibios, r\u00e9ptiles- e invertebrados.<br \/>\nPara a conservaci\u00f3n deberase establecer un programa de vixilancia e prevenci\u00f3n que permita detectar cambios negativos nun futuro. Deber\u00eda implicar as seguintes acci\u00f3ns:<\/p>\n<ul>\n<li>Vixilancia peri\u00f3dica (trianual) do enclave, en particular para detectar posibles aumentos do deterioro por efecto do gando (piso e pastado fundamentalmente).<\/li>\n<li>Prohibici\u00f3n do uso de lume<\/li>\n<li>Regulaci\u00f3n doutros usos gandeiros como rozas, etc. Non deben darse estas pr\u00e1cticas salvo nas \u00e1reas de solo seco.<\/li>\n<li>Impedir un aumento da carga gandeira do enclave.<\/li>\n<\/ul>\n<p>Para a divulgaci\u00f3n non parece necesaria a instalaci\u00f3n de paneis informativos no enclave, posto que \u00e9 pouco transitado, a\u00ednda que os cumios que o enmarcan si o sexan. Non obstante, si se deber\u00eda editar folletos ou tr\u00edpticos que poidan adquirirse nos pobos m\u00e1is pr\u00f3ximos<\/p>\n<p>&nbsp;<\/p>\n<\/dd><dt>FOTOS<\/dt><dd><div>\n<dl id=\"attachment_226\">\n<dt><img loading=\"lazy\" decoding=\"async\" alt=\"Aspecto general de la zona C, a la derecha se aprecia tambi\u00e9n la surgencia de la zona E (P. Heras).\" src=\"http:\/\/lifetremedal.eu\/wp-content\/uploads\/Argintzu-3.jpg\" width=\"360\" height=\"237\" \/><\/dt>\n<dd>Aspecto xeral da zona C, \u00e1 dereita apr\u00e9ciase tam\u00e9n a surxencia da zona E (P. Heras).<\/dd>\n<\/dl>\n<\/div>\n<div>\n<dl id=\"attachment_224\">\n<dt><img loading=\"lazy\" decoding=\"async\" alt=\"Aspecto general de la zona C. (P. Heras). \" src=\"http:\/\/lifetremedal.eu\/wp-content\/uploads\/Argintzu-1.jpg\" width=\"359\" height=\"237\" \/><\/dt>\n<dd>Aspecto xeral de la zona C. (P. Heras).<\/dd>\n<\/dl>\n<\/div>\n<div>\n<dl id=\"attachment_225\">\n<dt><img loading=\"lazy\" decoding=\"async\" alt=\"Dolina en la parte superior del enclave (Zona B). (P. Heras). \" src=\"http:\/\/lifetremedal.eu\/wp-content\/uploads\/Argintzu-2.jpg\" width=\"367\" height=\"553\" \/><\/dt>\n<dd>Dolina na parte superior do enclave (Zona B). (P. Heras).<\/dd>\n<\/dl>\n<\/div>\n<\/dd><\/dl>","protected":false},"excerpt":{"rendered":"<p>Trampal formado por cabeceras manant\u00edas, una bastante amplia, y vaguadas con arroyuelos, en ladera de gran pendiente. O enclave subdiv\u00eddese en varias \u00e1reas: A\/ Pasto acid\u00f3filo que circunda as \u00e1reas encharcadas, con solo seco pero con boa cobertura de bri\u00f3fitos e \u00e1s veces poboaci\u00f3ns de Juncus squarrosus. B\/ Cavorcos pouco profundos, con surxencias m\u00e1is ou [&hellip;]<\/p>\n","protected":false},"author":2,"featured_media":0,"parent":992,"menu_order":0,"comment_status":"open","ping_status":"closed","template":"page-template-left-nav.php","meta":{"footnotes":""},"class_list":["post-2392","page","type-page","status-publish","hentry"],"_links":{"self":[{"href":"https:\/\/lifetremedal.eu\/gl\/wp-json\/wp\/v2\/pages\/2392","targetHints":{"allow":["GET"]}}],"collection":[{"href":"https:\/\/lifetremedal.eu\/gl\/wp-json\/wp\/v2\/pages"}],"about":[{"href":"https:\/\/lifetremedal.eu\/gl\/wp-json\/wp\/v2\/types\/page"}],"author":[{"embeddable":true,"href":"https:\/\/lifetremedal.eu\/gl\/wp-json\/wp\/v2\/users\/2"}],"replies":[{"embeddable":true,"href":"https:\/\/lifetremedal.eu\/gl\/wp-json\/wp\/v2\/comments?post=2392"}],"version-history":[{"count":12,"href":"https:\/\/lifetremedal.eu\/gl\/wp-json\/wp\/v2\/pages\/2392\/revisions"}],"predecessor-version":[{"id":11975,"href":"https:\/\/lifetremedal.eu\/gl\/wp-json\/wp\/v2\/pages\/2392\/revisions\/11975"}],"up":[{"embeddable":true,"href":"https:\/\/lifetremedal.eu\/gl\/wp-json\/wp\/v2\/pages\/992"}],"wp:attachment":[{"href":"https:\/\/lifetremedal.eu\/gl\/wp-json\/wp\/v2\/media?parent=2392"}],"curies":[{"name":"wp","href":"https:\/\/api.w.org\/{rel}","templated":true}]}}