{"id":2390,"date":"2014-02-27T09:09:34","date_gmt":"2014-02-27T08:09:34","guid":{"rendered":"http:\/\/www.lifetremedal.eu\/?page_id=2390"},"modified":"2023-02-10T14:31:11","modified_gmt":"2023-02-10T13:31:11","slug":"anue","status":"publish","type":"page","link":"https:\/\/lifetremedal.eu\/gl\/humidais\/anue\/","title":{"rendered":"Anue"},"content":{"rendered":"<div class=\"one_half\">\n<p><strong><\/strong><strong>Nome do enclave:<\/strong> Turbeira de Anue<br \/>\n<strong>Categor\u00edas de protecci\u00f3n:<\/strong> Incl\u00faese no LIC ES2200018 Belate. Queda recollido como Solo Non Urbanizable de Protecci\u00f3n polo seu Valor Ambiental, Humidais, no Plan de Ordenaci\u00f3n do Territorio 3 &#8220;\u00c1rea central&#8221;.<br \/>\n<strong>Localizaci\u00f3n:<\/strong> Anue<br \/>\n<strong>Rexi\u00f3n:<\/strong> Navarra<br \/>\n<strong>Coordenada de referencia:<\/strong> 30TXN15.<br \/>\n<strong>Superficie do humidal:<\/strong> 2,74 hect\u00e1reas<br \/>\n<strong>Altitude:<\/strong> 900 m.<\/p>\n<\/div>\n<div class=\"one_half\">\n<p><a href=\"http:\/\/lifetremedal.eu\/wp-content\/uploads\/Anue-1.jpg\"><img loading=\"lazy\" decoding=\"async\" class=\"aligncenter size-medium wp-image-5208\" alt=\"Anue 1\" src=\"http:\/\/lifetremedal.eu\/wp-content\/uploads\/Anue-1-225x300.jpg\" width=\"225\" height=\"300\" srcset=\"https:\/\/lifetremedal.eu\/wp-content\/uploads\/Anue-1-225x300.jpg 225w, https:\/\/lifetremedal.eu\/wp-content\/uploads\/Anue-1-768x1024.jpg 768w, https:\/\/lifetremedal.eu\/wp-content\/uploads\/Anue-1.jpg 1152w\" sizes=\"auto, (max-width: 225px) 100vw, 225px\" \/><\/a><\/p>\n<\/div>\n<div class=\"hr hr-dotted\">&nbsp;<\/div>\n<h5>Este enclave sit\u00faase nunha zona de ladeira con orientaci\u00f3n oeste, onde se atopan as fontes de auga visibles e un relanzo que est\u00e1 ao p\u00e9 destas abas.<\/h5>\n<p>As ladeiras non son homox\u00e9neas, a zona central \u00e9 m\u00e1is seca, posiblemente debido a unha menor profundidade do solo ata a rocha subxacente, o que permite o desenvolvemento de queirogais-folgueirais con pi\u00f1eiro silvestre. En cambio, as zonas laterais son m\u00e1is h\u00famidas, con desenvolvemento de \u00e1reas encharcadas e presencia de <em>Eriophorum angustifolium<\/em>,<\/p>\n<p>O relanzo est\u00e1 cuberto por unha vexetaci\u00f3n relativamente homox\u00e9nea, con grande desenvolvemento do tapiz de esfagnos, <em>Eriophorum angustifolium<\/em> e <em>Erica tetralix<\/em>. Poden distinguirse d\u00faas zonas, a situada m\u00e1is ao sur, que \u00e9 a de maior extensi\u00f3n e m\u00e1is chaira, e onde o dep\u00f3sito de turba probablemente alcance a maior profundidade. Esta zona ten un fluxo difuso, salvo no bordo sur, onde se desenvolven xunqueiras de <em>Juncus effusus<\/em>. A zona chaira situada m\u00e1is ao norte del ocupa unha zona con algo m\u00e1is de pendente que a norte, o que permite o desenvolvemento dun cauce central de fluxo continuo. Ambas as d\u00faas \u00e1reas f\u00f3ndense cara ao W xusto antes de rematar bruscamente nun salto sobre a ladeira inferior, xa cun regueiro definido e sen \u00e1reas encharcadas.<\/p>\n<p>Existe un punto especial onde confl\u00faen augas das ladeiras e da zona central, o que fai que sempre se ache moi encharcado, e dominado polo tapiz de esfagnos.<\/p>\n<p>D\u00e9bese sinalar a presenza de pi\u00f1eiro silvestre e de bidueiro nos bordos m\u00e1is influenciados pola auga deste enclave.<\/p>\n<dl class=\"accordion\"><dt>VALORES M\u00c1IS RELEVANTES<\/dt><dd><p><span style=\"color: #ff0000;\"><strong>Singularidade<\/strong><\/span><br \/>\n\u00c9 unha das turbeiras m\u00e1is importantes de Navarra, e unha das d\u00faas inequivocamente activas.<\/p>\n<p><span style=\"color: #ff0000;\"><strong>Valores biol\u00f3xicos e ecol\u00f3xicos<\/strong><\/span><br \/>\nDestaca a vexetaci\u00f3n de \u00e1reas encharcadas, que se describe como <em>Eriophoro angustifolii<\/em>&#8211;<em>Sphagnetum rubelli<\/em>, e a presenza dunha comunidade de <em>Rhynchospora alba<\/em>. \u00c9 de salientar a presenza de <em>Pinus sylvestris<\/em> e <em>Betula pubescens<\/em> subsp. <i>celtiberica<\/i>, que poder\u00edan considerarse pr\u00f3ximos a unha turbeira boscosa (91D0*) a\u00ednda que extraordinariamente empobrecida por raz\u00f3ns de clima e orientaci\u00f3n.<\/p>\n<p>No que respecta \u00e1s especies vexetais, \u00e9 de salientar a presenza de <em>Trichophorum caespitosum<\/em> subsp. <i>germanicum<\/i>, <em>Eriophorum angustifolium<\/em> e <em>Cephalozia connivens<\/em> (hep\u00e1tica indicadora de ambientes turbosos antigos).<\/p>\n<p><span style=\"color: #ff0000;\"><strong>Valores hist\u00f3ricos e paleoecol\u00f3xicos<\/strong><\/span><br \/>\nO enclave pos\u00fae un dep\u00f3sito de turba profundo (m\u00e1is de dous metros), a\u00ednda que se atopa sen estudar.<\/p>\n<p><span style=\"color: #ff0000;\"><strong>H\u00e1bitats de Interese Comunitario<\/strong><\/span><\/p>\n<table border=\"1\" cellspacing=\"0\" cellpadding=\"0\">\n<tbody>\n<tr>\n<td valign=\"top\" width=\"56\"><strong>H\u00e1bitat<\/strong><\/td>\n<td valign=\"top\" width=\"372\"><strong>Nome<\/strong><\/td>\n<\/tr>\n<tr>\n<td valign=\"top\" width=\"56\">4010<\/td>\n<td valign=\"top\" width=\"372\">Queirogais h\u00famidos atl\u00e1nticas setentrionais de <em>Erica tetralix<\/em><\/td>\n<\/tr>\n<tr>\n<td valign=\"top\" width=\"56\">6410<\/td>\n<td valign=\"top\" width=\"372\">Prados con molinias sobre substratos calcarios, turbosos ou arxilolimosos (<em>Molinion caeruleae<\/em>)<\/td>\n<\/tr>\n<tr>\n<td valign=\"top\" width=\"56\">7140<\/td>\n<td valign=\"top\" width=\"372\">&#8216;Mires&#8217; de transici\u00f3n<\/td>\n<\/tr>\n<tr>\n<td valign=\"top\" width=\"56\">91D0*<\/td>\n<td valign=\"top\" width=\"372\">Turbeiras boscosas<\/td>\n<\/tr>\n<\/tbody>\n<\/table>\n<p>&nbsp;<\/p>\n<p><span style=\"color: #ff0000;\"><strong>Flora<\/strong><\/span><br \/>\nEste enclave \u00e9 bastante pobre en canto a diversidade de flora vascular; o m\u00e1is destacable \u00e9 a abundancia de <em>Rhynchospora alba<\/em> e <em>Eriophorum angustifolium<\/em>, e a presenza de <em>Trichophorum caespitosum<\/em> subsp. <i>germanicum<\/i> nas \u00e1reas encharcadas das ladeiras.<\/p>\n<p>Detect\u00e1ronse 31 tax\u00f3ns de corm\u00f3fitos e 8 de bri\u00f3fitos (5 deles esfagnos).<\/p>\n<p><span style=\"color: #ff0000;\"><strong>Fauna<\/strong><\/span><br \/>\nNeste enclave at\u00f3pase a lagarta das bra\u00f1as (<em>Zootoca vivipara<\/em>), clasificada como &#8220;Case Amenazada&#8221; pola UICN, e inclu\u00edda no Listado de Especies en R\u00e9xime de Protecci\u00f3n Especial a nivel estatal<\/p>\n<p>&nbsp;<\/p>\n<\/dd><dt>ESTADO ACTUAL<\/dt><dd><p>A turbeira at\u00f3pase en moi bo estado de conservaci\u00f3n e non se aprecian ameazas na actualidade<\/p>\n<\/dd><dt>DIRECTRICES PARA ALA XESTI\u00d3N E A CONSERVACI\u00d3N<\/dt><dd><p>Dado o bo estado do enclave, para conseguir os obxectivos de conservaci\u00f3n a establecer un plan de vixilancia e prevenci\u00f3n, sobre todo para evitar unha aumento da presi\u00f3n gandeira, sen permitir a intensificaci\u00f3n e calquera tratamento de mellora de pastos, e a protecci\u00f3n da hidrolox\u00eda, impedindo as iniciativas de drenaxe na zona, os desv\u00edos dos cursos de auga naturais e o afondamento das s\u00faas canles ou a construci\u00f3n de captaci\u00f3ns de auga.<\/p>\n<p>Deberase considerar tam\u00e9n a posibilidade de crear un per\u00edmetro de protecci\u00f3n libre de actuaci\u00f3ns forestais e de construci\u00f3n de pistas, ademais de proceder \u00e1 protecci\u00f3n do arquivo hist\u00f3rico do dep\u00f3sito de turba, e prohibir calquera tipo de explotaci\u00f3n do dep\u00f3sito turboso e aproveitamento da turba, mesmo as escavaci\u00f3ns ocasionais e de tipo dom\u00e9stico<\/p>\n<p>Dada a importancia e bo o estado no que se atopa o enclave, \u00e9 moi interesante a mellora do co\u00f1ecemento a trav\u00e9s da realizaci\u00f3n dun estudio integral. Este deber\u00eda inclu\u00edr estudios hidrol\u00f3xicos, paleoecol\u00f3xicos (tanto palinol\u00f3xicos como de macrorrestos), de qu\u00edmica e descrici\u00f3n do dep\u00f3sito de turba, as\u00ed como faun\u00edsticos. Deberase atender \u00e1 presenza de tapetes bacterianos que se ven nas masas de auga, polo que ser\u00eda interesante realizar estudios microbianos e bacterianos.<\/p>\n<\/dd><dt>FOTOS<\/dt><dd><p><a href=\"http:\/\/lifetremedal.eu\/wp-content\/uploads\/Anue-2.jpg\"><img loading=\"lazy\" decoding=\"async\" class=\"aligncenter size-medium wp-image-5209\" alt=\"Anue 2\" src=\"http:\/\/lifetremedal.eu\/wp-content\/uploads\/Anue-2-300x191.jpg\" width=\"300\" height=\"191\" srcset=\"https:\/\/lifetremedal.eu\/wp-content\/uploads\/Anue-2-300x191.jpg 300w, https:\/\/lifetremedal.eu\/wp-content\/uploads\/Anue-2-1024x655.jpg 1024w, https:\/\/lifetremedal.eu\/wp-content\/uploads\/Anue-2.jpg 1530w\" sizes=\"auto, (max-width: 300px) 100vw, 300px\" \/><\/a><\/p>\n<p><a href=\"http:\/\/lifetremedal.eu\/wp-content\/uploads\/Anue-3.jpg\"><img loading=\"lazy\" decoding=\"async\" class=\"aligncenter size-medium wp-image-5210\" alt=\"Anue 3\" src=\"http:\/\/lifetremedal.eu\/wp-content\/uploads\/Anue-3-300x225.jpg\" width=\"300\" height=\"225\" srcset=\"https:\/\/lifetremedal.eu\/wp-content\/uploads\/Anue-3-300x225.jpg 300w, https:\/\/lifetremedal.eu\/wp-content\/uploads\/Anue-3-1024x768.jpg 1024w, https:\/\/lifetremedal.eu\/wp-content\/uploads\/Anue-3.jpg 1536w\" sizes=\"auto, (max-width: 300px) 100vw, 300px\" \/><\/a><\/p>\n<p><a href=\"http:\/\/lifetremedal.eu\/wp-content\/uploads\/Anue-4.jpg\"><img loading=\"lazy\" decoding=\"async\" class=\"aligncenter size-medium wp-image-5211\" alt=\"Anue 4\" src=\"http:\/\/lifetremedal.eu\/wp-content\/uploads\/Anue-4-225x300.jpg\" width=\"225\" height=\"300\" srcset=\"https:\/\/lifetremedal.eu\/wp-content\/uploads\/Anue-4-225x300.jpg 225w, https:\/\/lifetremedal.eu\/wp-content\/uploads\/Anue-4-768x1024.jpg 768w, https:\/\/lifetremedal.eu\/wp-content\/uploads\/Anue-4.jpg 1152w\" sizes=\"auto, (max-width: 225px) 100vw, 225px\" \/><\/a><\/p>\n<\/dd><\/dl>","protected":false},"excerpt":{"rendered":"<p>Este enclave sit\u00faase nunha zona de ladeira con orientaci\u00f3n oeste, onde se atopan as fontes de auga visibles e un relanzo que est\u00e1 ao p\u00e9 destas abas. As ladeiras non son homox\u00e9neas, a zona central \u00e9 m\u00e1is seca, posiblemente debido a unha menor profundidade do solo ata a rocha subxacente, o que permite o desenvolvemento [&hellip;]<\/p>\n","protected":false},"author":2,"featured_media":0,"parent":992,"menu_order":0,"comment_status":"open","ping_status":"closed","template":"page-template-left-nav.php","meta":{"footnotes":""},"class_list":["post-2390","page","type-page","status-publish","hentry"],"_links":{"self":[{"href":"https:\/\/lifetremedal.eu\/gl\/wp-json\/wp\/v2\/pages\/2390","targetHints":{"allow":["GET"]}}],"collection":[{"href":"https:\/\/lifetremedal.eu\/gl\/wp-json\/wp\/v2\/pages"}],"about":[{"href":"https:\/\/lifetremedal.eu\/gl\/wp-json\/wp\/v2\/types\/page"}],"author":[{"embeddable":true,"href":"https:\/\/lifetremedal.eu\/gl\/wp-json\/wp\/v2\/users\/2"}],"replies":[{"embeddable":true,"href":"https:\/\/lifetremedal.eu\/gl\/wp-json\/wp\/v2\/comments?post=2390"}],"version-history":[{"count":12,"href":"https:\/\/lifetremedal.eu\/gl\/wp-json\/wp\/v2\/pages\/2390\/revisions"}],"predecessor-version":[{"id":11971,"href":"https:\/\/lifetremedal.eu\/gl\/wp-json\/wp\/v2\/pages\/2390\/revisions\/11971"}],"up":[{"embeddable":true,"href":"https:\/\/lifetremedal.eu\/gl\/wp-json\/wp\/v2\/pages\/992"}],"wp:attachment":[{"href":"https:\/\/lifetremedal.eu\/gl\/wp-json\/wp\/v2\/media?parent=2390"}],"curies":[{"name":"wp","href":"https:\/\/api.w.org\/{rel}","templated":true}]}}