{"id":2388,"date":"2014-02-27T09:04:21","date_gmt":"2014-02-27T08:04:21","guid":{"rendered":"http:\/\/www.lifetremedal.eu\/?page_id=2388"},"modified":"2023-02-10T14:14:57","modified_gmt":"2023-02-10T13:14:57","slug":"alkurruntz","status":"publish","type":"page","link":"https:\/\/lifetremedal.eu\/gl\/humidais\/alkurruntz\/","title":{"rendered":"Alkurruntz"},"content":{"rendered":"<div class=\"one_half\">\n<p><strong><\/strong><strong>Nome do enclave:<\/strong> Alkurruntz<br \/>\n<strong>Categor\u00edas de protecci\u00f3n:<\/strong> Incl\u00faese no LIC 22000015 Regata de Orabidea. Queda recollido como Solo Non Urbanizable de Protecci\u00f3n polo seu Valor Ambiental, Humidais, no Plan de Ordenaci\u00f3n do Territorio 3 &#8220;Navarra Atl\u00e1ntica&#8221;.<br \/>\n<strong>Localizaci\u00f3n:<\/strong> Baztan<br \/>\n<strong>Rexi\u00f3n:<\/strong> Navarra<br \/>\n<strong>Coordenada de referencia:<\/strong> 30 TXN2185, 30 TXN2186<br \/>\n<strong>Superficie do humidal:<\/strong> 2,24 hect\u00e1reas<br \/>\n<strong>Altitude:<\/strong> 550-756 m<\/p>\n<p><a href=\"http:\/\/lifetremedal.eu\/wp-content\/uploads\/Navarra_TremedalEnclaves_A4_Alkurruntz.pdf\">Ver mapa<\/a><\/p>\n<\/div>\n<div class=\"one_half\">\n<p><img loading=\"lazy\" decoding=\"async\" class=\"alignnone size-full wp-image-221\" alt=\"Alkurruntz\" src=\"http:\/\/lifetremedal.eu\/wp-content\/uploads\/Alkurruntz.jpg\" width=\"320\" height=\"181\" \/><\/p>\n<\/div>\n<div class=\"hr hr-dotted\">&nbsp;<\/div>\n<h5>Este enclave, de entorno a 2 ha, est\u00e1 situado no outeiro ao p\u00e9 do monte Alkurruntz. Acc\u00e9dese a el dende o porto de Otsondo, en Baztan.<\/h5>\n<p>O enclave comeza na s\u00faa parte superior por unha surgencia \u00e9utrofa que desauga nunha plataforma un pouco m\u00e1is abaixo. Esta plataforma \u00e1 s\u00faa vez, recibe auga de tres puntos de surxencia ademais da surxencia mencionada. As\u00ed, a plataforma non \u00e9 homox\u00e9nea: ten zonas onde o solo est\u00e1 menos encharcado que o resto e se desenvolven xunqueiras (o bordo superior e o lateral occidental), hai un resalte elevado, con solo seco cuberto por un queirogal; e a maior parte est\u00e1 moi encharcada e cuberta por un tapiz de esfagno. A plataforma desauga mediante dous regueiros que circulan polo fondo de respectivos cavorcos, perd\u00e9ndose a metade da ladeira entre o substrato.<\/p>\n<p>Por debaixo da plataforma existe unha li\u00f1a m\u00e1is ou menos horizontal de mananciais, que presentan distinta actividade e definici\u00f3n, e que dan orixe a canles de fluxo de lonxitude variable. Cara ao Leste, estes fluxos alcanzan a cuneta da pista situada no fondo; no centro, os fluxos p\u00e9rdense na ladeira, e cara ao Oeste, estes cauces desag\u00fcan no regueiro do barranco.<\/p>\n<p>A zona da plataforma est\u00e1 formada por un mosaico de zonas encharcadas con comunidades de <em>Sphagnum auriculatum <\/em>e <em>Narthecium ossifragum <\/em>e pequenos promontorios con comunidades con Erica <em>tetralix <\/em>e <em>Sphagnum papillosum<\/em>. Entre estas comunidades interc\u00e1lanse zonas con <em>Rhynchospora alba <\/em>e <em>Pinguicula lusitanica. <\/em>O regueiro principal caracter\u00edzase polas comunidades de <em>Potamogeton polygonifolius, <\/em>mentres que as zonas de fluxo m\u00e1is difuso caracter\u00edzanse pola presenza de <em>Eleocharis multicaulis. <\/em>At\u00f3panse tam\u00e9n comunidades de <em>Ranunculus ommiophyllus <\/em>en pequenas surxencias, xunqueiras con <em>Juncus acutiflorus, <\/em>as\u00ed como queirogais con Erica <em>tetralix.<\/em><\/p>\n<p>Os H\u00e1bitats naturais de Interese Comunitario(HIC) e Prioritarios (HIP) m\u00e1is representativos do enclave, son os asociados a turbeiras (7140, 7150), queirogais h\u00famidos (4020*) e xunqueiras (6410).<\/p>\n<p>&nbsp;<\/p>\n<dl class=\"accordion\"><dt>VALORES M\u00c1IS RELEVANTES<\/dt><dd><p><span style=\"color: #ff0000;\"><strong>Singularidade<\/strong><\/span><br \/>\nAlkurruntz destaca por albergar unha importante heteroxeneidade en canto a tipolox\u00eda de h\u00e1bitats a pesar da reducida extensi\u00f3n que ocupa.<\/p>\n<p><span style=\"color: #ff0000;\"><strong>Valores biol\u00f3xicos e ecol\u00f3xicos<\/strong><\/span><br \/>\nEste enclave alberga unha representaci\u00f3n importante dos H\u00e1bitats 7140 e 7150. Destaca tam\u00e9n pola presenza de flora vascular de interese.<\/p>\n<p><span style=\"color: #ff0000;\"><strong>Valores hist\u00f3ricos e paleoecol\u00f3xicos<\/strong><\/span><br \/>\nOs h\u00e1bitats higroturbosos de Alkurruntz non contan con dep\u00f3sitos relevantes dende o punto de vista paleoecol\u00f3xico.<\/p>\n<p><span style=\"color: #ff0000;\"><strong>H\u00e1bitats de Interese Comunitario<\/strong><\/span><\/p>\n<table border=\"1\" cellspacing=\"0\" cellpadding=\"0\">\n<tbody>\n<tr>\n<td valign=\"top\" width=\"55\"><strong>H\u00e1bitat<\/strong><\/td>\n<td valign=\"top\" width=\"378\"><strong>Nome<\/strong><\/td>\n<\/tr>\n<tr>\n<td valign=\"top\" width=\"55\">4020*<\/td>\n<td valign=\"top\" width=\"378\"><b>Queirogais h\u00famidos atl\u00e1nticos de zonas temperadas de <\/b><b><i>Erica ciliaris <\/i><\/b><b>e <\/b><b><i>Erica tetralix.<\/i><\/b><\/td>\n<\/tr>\n<tr>\n<td valign=\"top\" width=\"55\">4030<\/td>\n<td valign=\"top\" width=\"378\">Queirogais secos europeos<\/td>\n<\/tr>\n<tr>\n<td valign=\"top\" width=\"55\">6230*<\/td>\n<td valign=\"top\" width=\"378\">Formaci\u00f3ns herb\u00e1ceas con <em>Nardus<\/em>, con numerosas especies, sobre substratos sil\u00edceos de zonas monta\u00f1osas (e de zonas submonta\u00f1osas da Europa continental)<\/td>\n<\/tr>\n<tr>\n<td valign=\"top\" width=\"55\">6410<\/td>\n<td width=\"378\">Prados con molinias sobre substratos calcarios, turbosos ou arxilolimosos (<em>Molinion caeruleae<\/em>)<\/td>\n<\/tr>\n<tr>\n<td valign=\"top\" width=\"55\">7140<\/td>\n<td valign=\"top\" width=\"378\">&#8216;Mires&#8217; de transici\u00f3n<\/td>\n<\/tr>\n<tr>\n<td valign=\"top\" width=\"55\">7150<\/td>\n<td valign=\"top\" width=\"378\">Depresi\u00f3ns sobre substratos turbosos do <i>Rhynchosporion<\/i><\/td>\n<\/tr>\n<\/tbody>\n<\/table>\n<p>&nbsp;<\/p>\n<p><span style=\"color: #ff0000;\"><strong>Flora<\/strong><\/span><br \/>\nComo elementos flor\u00edsticos de interese destaca a presenza en Alkurruntz de <em>Rhynchospora alba,<\/em> <em>Ranunculus omiophyllus<\/em>, <em>Pinguicula lusitanica<\/em> e <em>Soldanella villosa<\/em>. <em>Pinguicula lusitanica <\/em>rec\u00f3llese como &#8220;sensible \u00e1 alteraci\u00f3n do h\u00e1bitat&#8221; no Cat\u00e1logo de Flora Ameazada de Navarra. <em>Soldanella villosa <\/em>rec\u00f3llese tam\u00e9n como &#8220;sensible \u00e1 alteraci\u00f3n do h\u00e1bitat&#8221; no Cat\u00e1logo de Flora Ameazada de Navarra e incl\u00faese ademais nos Anexos II e IV de la Directiva H\u00e1bitats.<\/p>\n<p>Entre os bri\u00f3fitos, destaca a presenza de <em>Sphagnum capillifolium<\/em>. Por outro lado, cabe destacar que est\u00e1n presentes a maior parte das especies t\u00edpicas dos medios turbosos do \u00e1mbito bioxeogr\u00e1fico Euskald\u00fan oriental.<\/p>\n<p>Rexistr\u00e1ronse un total de 60 especies de vasculares e 17 de bri\u00f3fitos, entre eles cinco esfagnos.<\/p>\n<p><span style=\"color: #ff0000;\"><strong>Fauna<\/strong><\/span><br \/>\nNon se conta con informaci\u00f3n espec\u00edfica sobre fauna asociada \u00e1 zona turbosa de Alkurruntz.<\/p>\n<p>&nbsp;<\/p>\n<\/dd><dt>ESTADO ACTUAL<\/dt><dd><p>Este enclave sufriu cambios importantes nos \u00faltimos anos. O ano 2008 instalouse un peche perimetral ao humidal que impide a entrada de gando neste. Este peche ti\u00f1a como obxectivo a protecci\u00f3n dunha toma de auga nova e do dep\u00f3sito para o almacenamento desta.<\/p>\n<p>O impacto da toma de auga, por realizarse augas abaixo da zona turbosa, e o dep\u00f3sito, por non se situar nesta, non son significativos. En cambio, a ausencia do gando no enclave debido ao peche para a protecci\u00f3n destas infraestruturas levou consigo a proliferaci\u00f3n de especies como <em>Juncus acutiflorus <\/em>e <em>Molinia caerulea <\/em>e o aumento notorio da cobertura da vexetaci\u00f3n. En consecuencia produciuse unha diminuci\u00f3n da superficie dos h\u00e1bitats de esfagnais (HIC 7140) e de vexetaci\u00f3n asociada a pequenas perturbaci\u00f3ns en turbeiras (HIC 7150).<\/p>\n<p>&nbsp;<\/p>\n<\/dd><dt>DIRECTRICES PARA ALA XESTI\u00d3N E A CONSERVACI\u00d3N<\/dt><dd><p>Para garantir unha xesti\u00f3n compatible coa conservaci\u00f3n dos valores flor\u00edsticos e dos h\u00e1bitats do humidal ser\u00e1 necesaria a instalaci\u00f3n dun sistema que permita a entrada de gando pero garanta tam\u00e9n a protecci\u00f3n da toma de auga e o dep\u00f3sito.<\/p>\n<p>As\u00ed mesmo, deberase establecer un programa de vixilancia e prevenci\u00f3n que permita detectar ou previr cambios negativos nun futuro, polo efecto do aumento da carga gandeira na zona, e regular outras actividades relacionadas cos usos gandeiros como son o uso do lume e as rozas que unicamente deber\u00edan realizarse en zonas de solo seco. Tam\u00e9n, deber\u00edase establecer un per\u00edmetro de protecci\u00f3n de mananciais para o caso de mellora ou construci\u00f3n de novas pistas.<\/p>\n<p>En canto aos obxectivos da mellora do co\u00f1ecemento, ser\u00eda interesante a realizaci\u00f3n de estudios principalmente de tipo faun\u00edstico.<\/p>\n<p>Para a divulgaci\u00f3n dos valores do enclave non parece necesaria a instalaci\u00f3n de paneis informativos no enclave, posto que \u00e9 pouco transitado (o cumio de Alkurruntz si \u00e9 co\u00f1ecido pero a senda sobe pola ladeira norte, sen chegar a verse o enclave). Non obstante, parece adecuada a edici\u00f3n de folletos ou tr\u00edpticos que poidan obterse nos pobos m\u00e1is pr\u00f3ximos para a posta en valor do lugar<\/p>\n<p>&nbsp;<\/p>\n<\/dd><dt>FOTOS<\/dt><dd><p><a href=\"http:\/\/lifetremedal.eu\/wp-content\/uploads\/DSC07291.jpg\"><img loading=\"lazy\" decoding=\"async\" alt=\"DSC07291\" src=\"http:\/\/lifetremedal.eu\/wp-content\/uploads\/DSC07291-300x225.jpg\" width=\"300\" height=\"225\" \/><\/a><\/p>\n<p><a href=\"http:\/\/lifetremedal.eu\/wp-content\/uploads\/DSC07290.jpg\"><img loading=\"lazy\" decoding=\"async\" alt=\"DSC07290\" src=\"http:\/\/lifetremedal.eu\/wp-content\/uploads\/DSC07290-300x225.jpg\" width=\"300\" height=\"225\" \/><\/a><\/p>\n<p><a href=\"http:\/\/lifetremedal.eu\/wp-content\/uploads\/DSC07295.jpg\"><img loading=\"lazy\" decoding=\"async\" alt=\"DSC07295\" src=\"http:\/\/lifetremedal.eu\/wp-content\/uploads\/DSC07295-225x300.jpg\" width=\"225\" height=\"300\" \/><\/a><\/p>\n<\/dd><\/dl>","protected":false},"excerpt":{"rendered":"<p>Este enclave, de entorno a 2 ha, est\u00e1 situado no outeiro ao p\u00e9 do monte Alkurruntz. Acc\u00e9dese a el dende o porto de Otsondo, en Baztan. O enclave comeza na s\u00faa parte superior por unha surgencia \u00e9utrofa que desauga nunha plataforma un pouco m\u00e1is abaixo. Esta plataforma \u00e1 s\u00faa vez, recibe auga de tres puntos [&hellip;]<\/p>\n","protected":false},"author":2,"featured_media":0,"parent":992,"menu_order":0,"comment_status":"open","ping_status":"closed","template":"page-template-left-nav.php","meta":{"footnotes":""},"class_list":["post-2388","page","type-page","status-publish","hentry"],"_links":{"self":[{"href":"https:\/\/lifetremedal.eu\/gl\/wp-json\/wp\/v2\/pages\/2388","targetHints":{"allow":["GET"]}}],"collection":[{"href":"https:\/\/lifetremedal.eu\/gl\/wp-json\/wp\/v2\/pages"}],"about":[{"href":"https:\/\/lifetremedal.eu\/gl\/wp-json\/wp\/v2\/types\/page"}],"author":[{"embeddable":true,"href":"https:\/\/lifetremedal.eu\/gl\/wp-json\/wp\/v2\/users\/2"}],"replies":[{"embeddable":true,"href":"https:\/\/lifetremedal.eu\/gl\/wp-json\/wp\/v2\/comments?post=2388"}],"version-history":[{"count":15,"href":"https:\/\/lifetremedal.eu\/gl\/wp-json\/wp\/v2\/pages\/2388\/revisions"}],"predecessor-version":[{"id":11967,"href":"https:\/\/lifetremedal.eu\/gl\/wp-json\/wp\/v2\/pages\/2388\/revisions\/11967"}],"up":[{"embeddable":true,"href":"https:\/\/lifetremedal.eu\/gl\/wp-json\/wp\/v2\/pages\/992"}],"wp:attachment":[{"href":"https:\/\/lifetremedal.eu\/gl\/wp-json\/wp\/v2\/media?parent=2388"}],"curies":[{"name":"wp","href":"https:\/\/api.w.org\/{rel}","templated":true}]}}