{"id":2380,"date":"2014-02-27T08:47:23","date_gmt":"2014-02-27T07:47:23","guid":{"rendered":"http:\/\/www.lifetremedal.eu\/?page_id=2380"},"modified":"2023-02-10T15:48:20","modified_gmt":"2023-02-10T14:48:20","slug":"ollos-de-begonte","status":"publish","type":"page","link":"https:\/\/lifetremedal.eu\/gl\/humidais\/ollos-de-begonte\/","title":{"rendered":"Ollos de Begonte"},"content":{"rendered":"<p><b>Nome do enclave:<\/b> Ollos de Begonte<a href=\"http:\/\/www.lifetremedal.eu\/wp-content\/uploads\/begonte03.jpg\"><img loading=\"lazy\" decoding=\"async\" class=\"alignright\" alt=\"begonte03\" src=\"http:\/\/www.lifetremedal.eu\/wp-content\/uploads\/begonte03-300x200.jpg\" width=\"315\" height=\"208\" \/><\/a><br \/>\n<b>Categor\u00edas de protecci\u00f3n:<\/b> Incl\u00faese no LIC ES1120003 Parga-Ladra-T\u00e1moga.<br \/>\n<b>Localizaci\u00f3n:<\/b> Pertencente ao termo municipal de Outeiro de Rei, provincia de Lugo.<br \/>\n<b>Rexi\u00f3n:<\/b> Galicia<br \/>\n<b>Coordenada de Referencia: <\/b>1 Km E2891N2398<br \/>\n<b>Superficie do Humidal: <\/b>1 ha.<br \/>\n<b>Altitude: <\/b>395 m<\/p>\n<p><a href=\"http:\/\/www.lifetremedal.eu\/wp-content\/uploads\/Galicia_TremedalEnclaves_A4_OllosDeBegonte.pdf\">Ver mapa<\/a><\/p>\n<div class=\"hr hr-dotted\">&nbsp;<\/div>\n<h5><b>Dentro da cunca alta do R\u00edo Mi\u00f1o \u00e9 posible visitar humidais nos que o fluxo h\u00eddrico subterr\u00e1neo ten unha importancia equivalente ou superior ao fluxo superficial. Este \u00e9 o caso das lagoas profundas de fluxo subterr\u00e1neo denominadas localmente como &#8220;Ollos&#8221;<\/b><\/h5>\n<p>O enclave co\u00f1ecido como Ollos de Begonte incl\u00fae d\u00faas lagoas de forma circular, separadas entre si 150 m, orixinadas e partir dunha sima k\u00e1rstica que ao aumentar de tama\u00f1o foi erosionando os materiais sedimentarios cenoz\u00f3icos existentes nas capas superficiais. Da complexa evoluci\u00f3n xeol\u00f3xica e xeomorfol\u00f3xica resultaron finamente d\u00faas lagoas, a maior delas de 45 metros de di\u00e1metro e unha profundidade m\u00e1xima de 18 metros.<\/p>\n<p>Outro aspecto relevante, \u00e9 que o humidal local\u00edzase preto da confluencia de dous grandes r\u00edos (o Parga e o Ladra) cuxo r\u00e9xime de inundaci\u00f3ns condiciona a hidrolox\u00eda do humidal. Durante o per\u00edodo invernal o bosque contiguo a ambos os dous cauces permanece inundado, podendo observarse unha l\u00e1mina libre de auga dende a canle do r\u00edo ata a cubeta dos Ollos de Begonte.<\/p>\n<p>A titularidade do humidal corresponde a Deputaci\u00f3n Provincial de Lugo, quen adquiriu os terreos durante o desenvolvemento dun Proxecto LIFE (LIFE 00 NAT_E_007311), establecendo como usos principais a conservaci\u00f3n dos valores ambietais e o aproveitamento do uso p\u00fablico do espazo. Todo o humidal at\u00f3pase dentro do Lugar de Importancia Comunitaria, e Zona de Especial Protecci\u00f3n dos Valores Naturais, Parga-Ladra-T\u00e1moga. Dado o seu interese para a conservaci\u00f3n, este enclave incl\u00faese dentro da Zona &#8220;\u00c1rea de Protecci\u00f3n&#8221;, tal e como se reflicte no Plan Director da Rede Natura 2000 de Galicia.<\/p>\n<p>Todo o complexo h\u00famido no que se localiza o enclave Ollos de Begonte int\u00e9grase dentro da Zona N\u00facleo da Reserva de Biosfera Terras do Mi\u00f1o.<\/p>\n<dl class=\"accordion\"><dt><b>VALORES M\u00c1IS RELEVANTES<\/b><\/dt><dd><p>Os Ollos de Begonte pola s\u00faa orixe e localizaci\u00f3n conte\u00f1en unha importante representaci\u00f3n de tipos de h\u00e1bitats ligados a medios h\u00famidos, tanto de car\u00e1cter estritamente acu\u00e1tico, como higr\u00f3filo ou turb\u00f3filo.<\/p>\n<p>Entre os h\u00e1bitats que puideron ser inventariados destacan as Turbeiras calc\u00e1reas de <i>Cladium mariscus<\/i> e con especies do <i>Caricion davallianae<\/i> (7210*) e as Augas oligomesotr\u00f3ficas calcarias con vexetaci\u00f3n b\u00e9ntica de <i>Chara<\/i> spp. (3140). Ambos os dous tipos de h\u00e1bitats son pouco frecuentes na rede de espazos protexidos de Galicia, sendo o LIC Parga-Ladra-T\u00e1moga o \u00fanico espazo galego non costeiro que ten representaci\u00f3n do h\u00e1bitat prioritario 7210 *.<\/p>\n<p>As d\u00faas lagoas dos Ollos de Begonte permaneceron rodeadas por diferentes tipo de bosques clim\u00e1cico: bosques de inundaci\u00f3n (91F0 e 91E0*) e Carballeiras galaico-portugueses de <i>Quercus robur<\/i> e <i>Q. pyrenaica<\/i> (9230) cuxas achegas de follaxe determinan o car\u00e1cter distr\u00f3fico do Ollo m\u00e1is pequeno. No per\u00edodo de inundaci\u00f3n invernal a grande cantidade de auga que se acumula na zona establece a conexi\u00f3n directa entre o lago e os principais cauces fluviais da \u00e1rea, mentres que no per\u00edodo estival e outonal a auga se reduce, permanecendo nun complexo sistema de pequenos cauces meandriformes e charcas inclu\u00eddas no seo do bosque pantanoso, albergando unha variada flora e fauna acu\u00e1tica.<\/p>\n<p><b>H\u00e1bitats de Interese Comunitario<\/b><\/p>\n<table border=\"0\" cellspacing=\"0\" cellpadding=\"0\">\n<tbody>\n<tr>\n<td valign=\"top\" width=\"47\"><b>C\u00f3digo<\/b><\/td>\n<td valign=\"top\" width=\"12\"><\/td>\n<td valign=\"top\" width=\"364\"><b>Denominaci\u00f3n<\/b><\/td>\n<\/tr>\n<tr>\n<td valign=\"top\" width=\"47\"><\/td>\n<td valign=\"top\" width=\"12\"><\/td>\n<td valign=\"top\" width=\"364\"><\/td>\n<\/tr>\n<tr>\n<td valign=\"top\" width=\"47\">3140<\/td>\n<td valign=\"top\" width=\"12\"><\/td>\n<td valign=\"top\" width=\"364\">Augas oligomesotr\u00f3ficas calc\u00e1reas con vexetaci\u00f3n b\u00e9ntica de <i>Chara <\/i>spp.<\/td>\n<\/tr>\n<tr>\n<td valign=\"top\" width=\"47\">3160<\/td>\n<td valign=\"top\" width=\"12\"><\/td>\n<td valign=\"top\" width=\"364\">Lagos e estanques distr\u00f3ficos naturais<\/td>\n<\/tr>\n<tr>\n<td valign=\"top\" width=\"47\">3270<\/td>\n<td valign=\"top\" width=\"12\"><\/td>\n<td valign=\"top\" width=\"364\">R\u00edos de ribeiras lamacentas con vexetaci\u00f3n de <i>Chenopodion rubri <\/i>p.p. e de <i>Bidention <\/i>p.p.<\/td>\n<\/tr>\n<tr>\n<td valign=\"top\" width=\"47\">6410<\/td>\n<td valign=\"top\" width=\"12\"><\/td>\n<td valign=\"top\" width=\"364\">Prados con molinias sobre substratos calcarios, turbosos ou arxilolimosos (<i>Molinion caeruleae<\/i>)<\/td>\n<\/tr>\n<tr>\n<td valign=\"top\" width=\"47\">6430<\/td>\n<td valign=\"top\" width=\"12\"><\/td>\n<td valign=\"top\" width=\"364\">Megaforbios eutrofos hidr\u00f3filos das orlas de chaira e dos pisos montano a alpino<\/td>\n<\/tr>\n<tr>\n<td valign=\"top\" width=\"47\">6510<\/td>\n<td valign=\"top\" width=\"12\"><\/td>\n<td valign=\"top\" width=\"364\">Prados pobres de sega de baixa altitude (<i>Alopecurus pratensis, Sanguisorba officinalis<\/i>)<\/td>\n<\/tr>\n<tr>\n<td valign=\"top\" width=\"47\">7210*<\/td>\n<td valign=\"top\" width=\"12\"><\/td>\n<td valign=\"top\" width=\"364\">Turbeiras calcarias do <i>Cladium mariscus <\/i>e con especies do <i>Caricion davallianae<\/i><\/td>\n<\/tr>\n<tr>\n<td valign=\"top\" width=\"47\">91E0*<\/td>\n<td valign=\"top\" width=\"12\"><\/td>\n<td valign=\"top\" width=\"364\">Bosques aluviais de <i>Alnus glutinosa <\/i>e <i>Fraxinus excelsior <\/i>(<i>Alno- Padion, Alnion incanae, Salicion albae<\/i>)<\/td>\n<\/tr>\n<tr>\n<td valign=\"top\" width=\"47\">91F0<\/td>\n<td valign=\"top\" width=\"12\"><\/td>\n<td valign=\"top\" width=\"364\">Bosques mixtos de <i>Quercus robur, Ulmus laevis, Ulmus minor, Fraxinus excelsior <\/i>ou <i>Fraxinus angustifolia, <\/i>nas ribeiras dos grandes r\u00edos (<i>Ulmenion minoris<\/i>)<\/td>\n<\/tr>\n<\/tbody>\n<\/table>\n<p>&nbsp;<\/p>\n<p><span style=\"color: #ff0000;\"><b>Fauna<\/b><\/span><br \/>\nNeste enclave at\u00f3panse poboaci\u00f3ns de invertebrados de interese para a conservaci\u00f3n polo seu grao de ameaza, como o mexill\u00f3n de r\u00edo (<i>Margaritifera margaritifera<\/i>) especie de interese comunitario recollida no Anexo II e IV da Directiva H\u00e1bitats, ou a n\u00e1iade <i>Unio pictorum<\/i> especie catalogada como Vulnerable no Cat\u00e1logo Galego de Especies Ameazadas.<\/p>\n<\/dd><dt>ESTADO ACTUAL<\/dt><dd><p>Na actualidade o enclave at\u00f3pase ben conservado dado que tanto os propios Ollos de Begonte como os terreos do seu \u00e1mbito inmediato foron adquiridos pola Deputaci\u00f3n Provincial de Lugo durante o desenvolvemento dun proxecto LIFE (LIFE 00 NAT_E_007311).<\/p>\n<p>Non obstante, este feito por si solo non garante o mantemento nun estado favorable de conservaci\u00f3n do enclave sendo necesario a correcci\u00f3n de impactos previos \u00e1 s\u00faa adquisici\u00f3n e evitar que actividades mineiras e forestais desenvolvidas no seu \u00e1mbito poidan afectar \u00e1 s\u00faa din\u00e1mica.<\/p>\n<\/dd><dt><b>DIRECTRICES PARA A XESTI\u00d3N E A CONSERVACI\u00d3N<\/b><\/dt><dd><p>Dada a titularidade p\u00fablica do terreo, as directrices de xesti\u00f3n e conservaci\u00f3n deben dirixirse a garantir a sostenibilidade da xesti\u00f3n forestal do bosque contiguo. Tendo en conta a extensi\u00f3n, fraxilidade e rareza deste humidal no contexto auton\u00f3mico, o enclave non conta con infraestruturas que faciliten o uso p\u00fablico do humidal.<\/p>\n<p>Outro dos aspectos destacables na conservaci\u00f3n do humidal deriva da necesidade de mellorar o co\u00f1ecemento sobre este tipo de enclaves, dadas os seus particulares caracter\u00edsticas no contexto auton\u00f3mico e bioxeogr\u00e1fico. Un seguimento continuada da hidrolox\u00eda do humidal xunto a an\u00e1lise dos seus compo\u00f1entes bi\u00f3ticos e abi\u00f3ticos, deben ser elementos clave \u00e1 hora de establecer futuras medidas de conservaci\u00f3n e mellora.<\/p>\n<\/dd><dt>FOTOS<\/dt><dd><p><a href=\"http:\/\/www.lifetremedal.eu\/wp-content\/uploads\/begon_01.jpg\"><img loading=\"lazy\" decoding=\"async\" alt=\"begon_01\" src=\"http:\/\/www.lifetremedal.eu\/wp-content\/uploads\/begon_01-300x200.jpg\" width=\"363\" height=\"242\" \/><\/a><\/p>\n<p><a href=\"http:\/\/www.lifetremedal.eu\/wp-content\/uploads\/begonte03.jpg\"><img loading=\"lazy\" decoding=\"async\" alt=\"begonte03\" src=\"http:\/\/www.lifetremedal.eu\/wp-content\/uploads\/begonte03-300x200.jpg\" width=\"360\" height=\"239\" \/><\/a><\/p>\n<\/dd><\/dl><p>&nbsp;<\/p>\n","protected":false},"excerpt":{"rendered":"<p>Nome do enclave: Ollos de Begonte Categor\u00edas de protecci\u00f3n: Incl\u00faese no LIC ES1120003 Parga-Ladra-T\u00e1moga. Localizaci\u00f3n: Pertencente ao termo municipal de Outeiro de Rei, provincia de Lugo. Rexi\u00f3n: Galicia Coordenada de Referencia: 1 Km E2891N2398 Superficie do Humidal: 1 ha. Altitude: 395 m Ver mapa Dentro da cunca alta do R\u00edo Mi\u00f1o \u00e9 posible visitar humidais [&hellip;]<\/p>\n","protected":false},"author":2,"featured_media":0,"parent":992,"menu_order":0,"comment_status":"open","ping_status":"closed","template":"page-template-left-nav.php","meta":{"footnotes":""},"class_list":["post-2380","page","type-page","status-publish","hentry"],"_links":{"self":[{"href":"https:\/\/lifetremedal.eu\/gl\/wp-json\/wp\/v2\/pages\/2380","targetHints":{"allow":["GET"]}}],"collection":[{"href":"https:\/\/lifetremedal.eu\/gl\/wp-json\/wp\/v2\/pages"}],"about":[{"href":"https:\/\/lifetremedal.eu\/gl\/wp-json\/wp\/v2\/types\/page"}],"author":[{"embeddable":true,"href":"https:\/\/lifetremedal.eu\/gl\/wp-json\/wp\/v2\/users\/2"}],"replies":[{"embeddable":true,"href":"https:\/\/lifetremedal.eu\/gl\/wp-json\/wp\/v2\/comments?post=2380"}],"version-history":[{"count":18,"href":"https:\/\/lifetremedal.eu\/gl\/wp-json\/wp\/v2\/pages\/2380\/revisions"}],"predecessor-version":[{"id":12070,"href":"https:\/\/lifetremedal.eu\/gl\/wp-json\/wp\/v2\/pages\/2380\/revisions\/12070"}],"up":[{"embeddable":true,"href":"https:\/\/lifetremedal.eu\/gl\/wp-json\/wp\/v2\/pages\/992"}],"wp:attachment":[{"href":"https:\/\/lifetremedal.eu\/gl\/wp-json\/wp\/v2\/media?parent=2380"}],"curies":[{"name":"wp","href":"https:\/\/api.w.org\/{rel}","templated":true}]}}