{"id":2367,"date":"2014-02-26T16:43:12","date_gmt":"2014-02-26T15:43:12","guid":{"rendered":"http:\/\/www.lifetremedal.eu\/?page_id=2367"},"modified":"2023-02-10T15:52:21","modified_gmt":"2023-02-10T14:52:21","slug":"illa-de-san-roque","status":"publish","type":"page","link":"https:\/\/lifetremedal.eu\/gl\/humidais\/illa-de-san-roque\/","title":{"rendered":"Illa de San Roque"},"content":{"rendered":"<p><b>Nome do enclave:<\/b> Illa de San Roque <a href=\"http:\/\/www.lifetremedal.eu\/wp-content\/uploads\/121125_103829.jpg\"><img loading=\"lazy\" decoding=\"async\" class=\"alignright\" alt=\"121125_103829\" src=\"http:\/\/www.lifetremedal.eu\/wp-content\/uploads\/121125_103829-300x200.jpg\" width=\"300\" height=\"200\" \/><\/a><br \/>\n<b>Categor\u00edas de protecci\u00f3n:<\/b> Incl\u00faese no LIC ES1120003 Parga-Ladra-T\u00e1moga e na Zona de Especial Protecci\u00f3n dos Valores Naturais Parga-Ladra-T\u00e1moga<br \/>\n<b>Localizaci\u00f3n:<\/b> Pertencente ao termo municipal de Outeiro de Rei e R\u00e1bade, provincia de Lugo.<br \/>\n<b>Rexi\u00f3n:<\/b> Galicia<br \/>\n<b>Coordenada de Referencia: <\/b>1 Km E2898N2392<br \/>\n<b>Superficie da Illa: <\/b>156 ha.<br \/>\n<b>Altitude:<\/b>385 m<\/p>\n<p><a href=\"http:\/\/www.lifetremedal.eu\/wp-content\/uploads\/Galicia_TremedalEnclaves_A3_IllaDeSanRoque.pdf\">Ver mapa <\/a><\/p>\n<div class=\"hr hr-dotted\">&nbsp;<\/div>\n<h5><b>Na cunca alta, o r\u00edo Mi\u00f1o formou durante os \u00faltimos 11.000 anos m\u00faltiples meandros divagantes que orixinan finalmente illas constitu\u00eddas por material terr\u00edxeno. A maior destas illas \u00e9 a de San Roque (ou de Cela) que pos\u00fae unha lonxitude de 5 km e 220 m de ancho<\/b>.<\/h5>\n<p>As peculiares condici\u00f3ns hidrodin\u00e1micas da Illa determinaron que este enclave albergue un importante conxunto de h\u00e1bitats e especies caracter\u00edsticos de ecosistemas higr\u00f3filos e acu\u00e1ticos. Durante o per\u00edodo invernal unha parte considerable das illa permanece inundada polas augas, mentres que no per\u00edodo estival, a l\u00e1mina de auga descende, situ\u00e1ndose a superficie das illa no seu tramo medio entre 120-200 cm por enriba do nivel de auga do r\u00edo.<\/p>\n<p>A titularidade do humidal corresponde \u00e1 Deputaci\u00f3n provincial de Lugo, quen adquiriu os terreos durante o desenvolvemento dun Proxecto LIFE (LIFE 00 NAT_E_007311), establecendo como usos principais a conservaci\u00f3n dos valores ambientais e o aproveitamento do uso p\u00fablico do espazo<\/p>\n<p>Todo o humidal at\u00f3pase dentro do Lugar de Importancia Comunitaria, e Zona de Especial Protecci\u00f3n dos Valores Naturais, Parga-Ladra-T\u00e1moga. Dado o seu interese para a conservaci\u00f3n, este enclave incl\u00faese dentro da Zona &#8220;\u00c1rea de Protecci\u00f3n&#8221; tal e como se reflicte no Plan Director da Rede Natura 2000 de Galicia. Ademais este enclave est\u00e1 integrado totalmente dentro da Zona N\u00facleo da Reserva de Biosfera Terras do Mi\u00f1o.<\/p>\n<p>A Illa de San Roque conta cun centro de interpretaci\u00f3n no concello de R\u00e1bade, &#8220;A Casa das \u00cdnsuas&#8221;, xestionado pola Asociaci\u00f3n Galega de Custodia do Territorio onde se pode obter informaci\u00f3n sobre este espazo e as rutas que est\u00e1n dispo\u00f1ibles para uso p\u00fablico na Illa de San Roque.<\/p>\n<dl class=\"accordion\"><dt><b>VALORES M\u00c1IS RELEVANTES<\/b><\/dt><dd><p><span style=\"color: #ff0000\"><b>Singularidade<\/b><\/span><br \/>\nA vexetaci\u00f3n acu\u00e1tica atopa neste lugar unha \u00e1rea favorable para o seu desenvolvemento, con importantes comunidades de vexetaci\u00f3n de r\u00edos oligotr\u00f3ficos dominadas por <i>Ranunculus penicillatus, Potamogeton perfoliatus, P. crispus, Sparganium emersum<\/i>, caracter\u00edsticas dos h\u00e1bitats de interese comunitario 3260 e 3270. Acompa\u00f1ando a estes h\u00e1bitats de auga doce corrente destacan outros asociados como son os diversos tipos de bosques de inundaci\u00f3n e de bosques clim\u00e1cico (91E0* e 9230), as\u00ed como diferentes tipos de prados m\u00e1is ou menos higr\u00f3filos (6410, 6430 e 6510), todos eles situados dentro da propia illa.<\/p>\n<p>Ademais destes h\u00e1bitats, tam\u00e9n est\u00e1n presentes outros m\u00e1is sensibles aos cambios de uso e \u00e1 intensificaci\u00f3n dos labores agr\u00edcolas, como son os pequenos regueiros estacionais do interior das illas, os megaforbios eutrofos dos l\u00edmites do bosque (6430), os prados de sega de baixa altitude (6510), e mesmo h\u00e1bitats acu\u00e1ticos de pequena extensi\u00f3n superficial como as charcas temporais asociadas \u00e1s enchentes do r\u00edo (3110).<\/p>\n<table border=\"0\" cellspacing=\"0\" cellpadding=\"0\">\n<tbody>\n<tr>\n<td><b>Codigo<\/b><\/td>\n<td><b>Denominaci\u00f3n<\/b><\/td>\n<\/tr>\n<tr>\n<td>3110<\/td>\n<td>Augas oligotr\u00f3ficas cun contido de minerais moi baixo das chairas areosas (<i>Littorelletalia uniflorae<\/i>)<\/td>\n<\/tr>\n<tr>\n<td>3260<\/td>\n<td>R\u00edos, de pisos de planicie a montano con vexetaci\u00f3n de <i>Ranunculion fluitantis <\/i>e de <i>Callitricho-Batrachion<\/i><\/td>\n<\/tr>\n<tr>\n<td>3270<\/td>\n<td>R\u00edos de ribeiras lamacentas con vexetaci\u00f3n de <i>Chenopodion rubri <\/i>p.p. e de <i>Bidention <\/i>p.p.<\/td>\n<\/tr>\n<tr>\n<td>4020*<\/td>\n<td>Queirogais h\u00famidas atl\u00e1nticos de zonas temperadas de <i>Erica cillaris <\/i>e <i>Erica tetralix<\/i><\/td>\n<\/tr>\n<tr>\n<td>6410<\/td>\n<td>Prados con molinias sobre substratos calcarios, turbosos ou arxilolimosos (<i>Molinion caeruleae<\/i>)<\/td>\n<\/tr>\n<tr>\n<td>6430<\/td>\n<td>Megaforbios eutrofos hidr\u00f3filos das orlas de chaira e dos pisos montano a alpino<\/td>\n<\/tr>\n<tr>\n<td>6510<\/td>\n<td>Prados pobres de sega de baixa altitude (Alopecurus pratensis, <i>Sanguisorba officinalis<\/i>)<\/td>\n<\/tr>\n<tr>\n<td>91E0*<\/td>\n<td valign=\"top\" width=\"438\">Bosques aluviais de <i>Alnus glutinosa <\/i>e <i>Fraxinus excelsior <\/i>(<i>Alno- Padion, Alnion incanae, Salicion albae<\/i>)<\/td>\n<\/tr>\n<tr>\n<td>9230<\/td>\n<td width=\"438\">Carballeiras galaico-portugueses con <i>Quercus robur <\/i>e <i>Quercus pyrenaica<\/i><\/td>\n<\/tr>\n<\/tbody>\n<\/table>\n<p>&nbsp;<\/p>\n<p>Nas augas m\u00e1is superficiais e len\u00edticas que delimitan a Illa de San Roque, poden ser observadas diversas especies de flora con destacado interese de conservaci\u00f3n, sendo consideradas como especies raras ou ameazadas de extinci\u00f3n. Asentadas sobre os bordos areosos at\u00f3panse densas poboaci\u00f3ns de <i>Isoetes fluitans<\/i>, fento acu\u00e1tico end\u00e9mico de Galicia, ou <i>Nymphoides peltata<\/i>, ambas as d\u00faas especies en perigo de extinci\u00f3n e inclu\u00eddas no Cat\u00e1logo galego de especies ameazadas. En tramos m\u00e1is tranquilos, ou nas pequenas canles que atravesan a Illa, tam\u00e9n se localizaron pequenas poboaci\u00f3ns de <i>Luronium natans<\/i>, especie de interese comunitario inclu\u00edda no Anexo II e IV da Directiva H\u00e1bitats.<\/p>\n<p>Outra das especies ligadas a medios higr\u00f3filos, que tam\u00e9n se pode atopar na Illa, \u00e9 <i>Narcissus pseudonarcissus<\/i> subsp. <i>nobilis<\/i>, que xunto a <i>Luronium natans<\/i> forma parte das especies de interese comunitario presentes neste enclave. <i>Narcissus pseudonarcissus<\/i> subsp. <i>nobilis<\/i> \u00e9 un xe\u00f3fito de grande tama\u00f1o (20-60 cm) inclu\u00eddo nos anexos II e IV da Directiva H\u00e1bitats, cuxa distribuci\u00f3n est\u00e1 restrinxida ao territorio da pen\u00ednsula ib\u00e9rica.<\/p>\n<p><span style=\"color: #ff0000\"><b>Fauna<\/b><\/span><br \/>\nEntre a fauna que pode destacarse na Illa de San Roque at\u00f3pase o mexill\u00f3n de r\u00edo (<i>Margaritifera margaritifera<\/i>), especie de interese comunitario considerada En Perigo de extinci\u00f3n polo Cat\u00e1logo Galego de Especies Ameazadas presente nas canles que rodean a illa.<\/p>\n<p>Tam\u00e9n aparecen neste enclave colonias de morcegos, detect\u00e1ndose no territorio o morcego espertello (<i>Eptesicus serotinus<\/i>), o morcego das ribeiras (<i>Myotis daubentonii<\/i>), o morcego com\u00fan (<i>Pipistrellus pipistrellus <\/i>e<i> Pipistrellus pygmaeus<\/i>) ou o orelludo com\u00fan (<i>Plecotus auritus<\/i>), todas estas especies incl\u00faense na Directiva H\u00e1bitats.<\/p>\n<\/dd><dt>ESTADO ACTUAL<\/dt><dd><p>Tanto a illa de San Roque como as pequenas illas do seu \u00e1mbito m\u00e1is inmediato foron adquiridas pola Deputaci\u00f3n provincial de Lugo co \u00fanico obxectivo de manter nun estado de conservaci\u00f3n favorable os diferentes h\u00e1bitats e especies que este enclave atesoura. Este conxunto de illas de Outeiro de Rei conta con diferentes rutas para o uso p\u00fablico do lugar, que ha de restrinxirse \u00e1s sendas habilitadas a tal fin.<\/p>\n<p>Na actualidade, o enclave at\u00f3pase ben conservado, sendo un espazo de referencia para a conservaci\u00f3n de especies que f\u00f3ra deste territorio poden acusar a intensificaci\u00f3n de uso gandeiro e agr\u00edcola.<\/p>\n<\/dd><dt><b>DIRECTRICES PARA A XESTI\u00d3N E A CONSERVACI\u00d3N<\/b><\/dt><dd><p>A consecuci\u00f3n dos obxectivos de conservaci\u00f3n establecidos para este enclave necesita de labores de vixilancia e prevenci\u00f3n dos usos que se desenvolven actualmente na illa, non permitindo a intensificaci\u00f3n da presi\u00f3n gandeira ou da actividade tur\u00edstica.<\/p>\n<\/dd><dt>FOTOS<\/dt><dd><p><a href=\"http:\/\/www.lifetremedal.eu\/wp-content\/uploads\/140809_60.jpg\"><img loading=\"lazy\" decoding=\"async\" alt=\"140809_60\" src=\"http:\/\/www.lifetremedal.eu\/wp-content\/uploads\/140809_60-300x200.jpg\" width=\"372\" height=\"248\" \/><\/a><\/p>\n<p><a href=\"http:\/\/www.lifetremedal.eu\/wp-content\/uploads\/121125_103829.jpg\"><img loading=\"lazy\" decoding=\"async\" alt=\"121125_103829\" src=\"http:\/\/www.lifetremedal.eu\/wp-content\/uploads\/121125_103829-300x200.jpg\" width=\"371\" height=\"247\" \/><\/a><\/p>\n<p><a href=\"http:\/\/www.lifetremedal.eu\/wp-content\/uploads\/130212_115733.jpg\"><img loading=\"lazy\" decoding=\"async\" alt=\"130212_115733\" src=\"http:\/\/www.lifetremedal.eu\/wp-content\/uploads\/130212_115733-300x200.jpg\" width=\"369\" height=\"244\" \/><\/a><\/p>\n<p>&nbsp;<\/p>\n<\/dd><\/dl><p>&nbsp;<\/p>\n","protected":false},"excerpt":{"rendered":"<p>Nome do enclave: Illa de San Roque Categor\u00edas de protecci\u00f3n: Incl\u00faese no LIC ES1120003 Parga-Ladra-T\u00e1moga e na Zona de Especial Protecci\u00f3n dos Valores Naturais Parga-Ladra-T\u00e1moga Localizaci\u00f3n: Pertencente ao termo municipal de Outeiro de Rei e R\u00e1bade, provincia de Lugo. Rexi\u00f3n: Galicia Coordenada de Referencia: 1 Km E2898N2392 Superficie da Illa: 156 ha. Altitude:385 m Ver [&hellip;]<\/p>\n","protected":false},"author":2,"featured_media":0,"parent":992,"menu_order":0,"comment_status":"open","ping_status":"closed","template":"page-template-left-nav.php","meta":{"footnotes":""},"class_list":["post-2367","page","type-page","status-publish","hentry"],"_links":{"self":[{"href":"https:\/\/lifetremedal.eu\/gl\/wp-json\/wp\/v2\/pages\/2367","targetHints":{"allow":["GET"]}}],"collection":[{"href":"https:\/\/lifetremedal.eu\/gl\/wp-json\/wp\/v2\/pages"}],"about":[{"href":"https:\/\/lifetremedal.eu\/gl\/wp-json\/wp\/v2\/types\/page"}],"author":[{"embeddable":true,"href":"https:\/\/lifetremedal.eu\/gl\/wp-json\/wp\/v2\/users\/2"}],"replies":[{"embeddable":true,"href":"https:\/\/lifetremedal.eu\/gl\/wp-json\/wp\/v2\/comments?post=2367"}],"version-history":[{"count":21,"href":"https:\/\/lifetremedal.eu\/gl\/wp-json\/wp\/v2\/pages\/2367\/revisions"}],"predecessor-version":[{"id":12084,"href":"https:\/\/lifetremedal.eu\/gl\/wp-json\/wp\/v2\/pages\/2367\/revisions\/12084"}],"up":[{"embeddable":true,"href":"https:\/\/lifetremedal.eu\/gl\/wp-json\/wp\/v2\/pages\/992"}],"wp:attachment":[{"href":"https:\/\/lifetremedal.eu\/gl\/wp-json\/wp\/v2\/media?parent=2367"}],"curies":[{"name":"wp","href":"https:\/\/api.w.org\/{rel}","templated":true}]}}