{"id":2365,"date":"2014-02-26T16:36:13","date_gmt":"2014-02-26T15:36:13","guid":{"rendered":"http:\/\/www.lifetremedal.eu\/?page_id=2365"},"modified":"2023-02-10T15:57:33","modified_gmt":"2023-02-10T14:57:33","slug":"veiga-de-liordes","status":"publish","type":"page","link":"https:\/\/lifetremedal.eu\/gl\/humidais\/veiga-de-liordes\/","title":{"rendered":"Veiga de Liordes"},"content":{"rendered":"<p>&nbsp;<\/p>\n<p><strong>Nome do enclave:<\/strong> Veiga de Liordes <a href=\"http:\/\/www.lifetremedal.eu\/wp-content\/uploads\/vista-general.jpg\"><img loading=\"lazy\" decoding=\"async\" class=\"alignright\" alt=\"vista general\" src=\"http:\/\/www.lifetremedal.eu\/wp-content\/uploads\/vista-general-300x225.jpg\" width=\"300\" height=\"225\" \/><\/a><br \/>\n<strong>Categor\u00edas de protecci\u00f3n:<\/strong> O enclave est\u00e1 integrado no LIC e ZEPA ES0000003 Picos de Europa (Castela e Le\u00f3n), dentro do Parque Nacional e Reserva da Biosfera dos Picos de Europa.<br \/>\n<strong>Localizaci\u00f3n:<\/strong> A Veiga de Liordes local\u00edzase no municipio de Pousada de Valde\u00f3n, provincia de Le\u00f3n.<br \/>\n<strong>Rexi\u00f3n:<\/strong> Castela e Le\u00f3n<br \/>\n<strong>Coordenada de referencia:<\/strong> 30 TUN 5079<br \/>\n<strong>Superficie do humidal:<\/strong> 35 hect\u00e1reas<br \/>\n<strong>Altitude:<\/strong> 1.880 metros<\/p>\n<p>&nbsp;<\/p>\n<div class=\"hr hr-dotted\">&nbsp;<\/div>\n<h5>A Veiga de Liordes \u00e9 unha depresi\u00f3n glaciok\u00e1rstica asociada a unha falla, rodeada de paredes calc\u00e1reas que alcanzan cotas de 2200-2400 metros de altitude. En relaci\u00f3n coa falla produc\u00edronse ascensos hidrotermais que deron lugar a dep\u00f3sitos de cinc explotados no pasado.<\/h5>\n<p>O enclave conta cun clima de monta\u00f1a, condicionado pola s\u00faa situaci\u00f3n xeogr\u00e1fica, no coraz\u00f3n dos Picos de Europa, e pola s\u00faa elevada altitude (1800 msnm).<br \/>\nA veiga at\u00f3pase no piso subalpino (termotipo orotemperado) e est\u00e1 percorrida por un pequeno regueiro, \u00fanico cauce fluvial activo no macizo central de Picos de Europa, o que permite o desenvolvemento de comunidades herb\u00e1ceas que non se agostan no per\u00edodo estival. O fondo da cubeta, de relevo suave nos bordos e plano na zona central, est\u00e1 tapizado dun extenso cervunal, salpicado de rodais de turbeiras planas desenvolvidas en torno aos regueiros. Estes pastos e humidais contrastan fortemente cos verticais pared\u00f3ns calcario que os rodean, nos que se desenvolven comunidades de gretas e repisas e matogueiras dominados polo especie end\u00e9mica <em>Genista legionensis<\/em>.<\/p>\n<dl class=\"accordion\"><dt>VALORES M\u00c1IS RELEVANTES<\/dt><dd><p><span style=\"color: #ff0000;\"><strong>Singularidade<\/strong><\/span><br \/>\nEn Liordes conc\u00e9ntrase o maior sistema de turbeiras planas eutrofas do LIC, Parque Nacional e Reserva de Biosfera Picos de Europa, e incl\u00fae unha das d\u00faas poboaci\u00f3ns co\u00f1ecidas de <em>Salix hastatella <\/em><em>subsp. picoeuropeana<\/em>, tax\u00f3n end\u00e9mico deste macizo monta\u00f1oso.<\/p>\n<p><span style=\"color: #ff0000;\"><strong>Valores biol\u00f3xicos e ecol\u00f3xicos<\/strong><\/span><br \/>\nO aspecto m\u00e1is destacable \u00e9 o conxunto de formaci\u00f3ns higr\u00f3filas e turbosas que se desenvolven en torno ao pequeno regueiro que discorre polo fondo da depresi\u00f3n c\u00e1rstico e nas zonas de surxencia de auga. Tr\u00e1tase de turbeiras planas en cuxa composici\u00f3n interve\u00f1en diversos c\u00e1rices (<em>Carex sp.pl<\/em>.) e xuncos (<em>Juncus sp.pl<\/em>.), e nas que est\u00e1n presentes varias especies end\u00e9micas, ademais de pequenas charcas con vexetaci\u00f3n acu\u00e1tica dominada por <em>Callitriche palustris<\/em>.<\/p>\n<p><span style=\"color: #ff0000;\"><strong>Valores xeomorfol\u00f3xicos<\/strong><\/span><br \/>\nO substrato xeol\u00f3xico da depresi\u00f3n de Liordes est\u00e1 constitu\u00eddo na s\u00faa totalidade por rochas de idade carbon\u00edfera: calcarias de la Formaci\u00f3n Picos de Europa, que representan as moles rochosas que rodean a cubeta, e unha formaci\u00f3n de lutitas, calcarias e arenitas denominado Fomaci\u00f3n Lebe\u00f1a, que aparece na zona central do enclave. Por a marxe norte da depresi\u00f3n discorre unha falla de direcci\u00f3n ONO-ESE, a falla de Liordes, que parece ser a responsable da elevaci\u00f3n das rochas calcarias e o desenvolvemento da cubeta.<br \/>\nO recheo da depresi\u00f3n \u00e9 variado, con dep\u00f3sitos arxilosos sobre as lutitas da zona central, mentres que nas marxes reco\u00f1ec\u00e9ronse dep\u00f3sitos de orixe glaciar, torrencial e diferentes dep\u00f3sitos de ladeira. Estes dep\u00f3sitos dan testemu\u00f1o da orixe mixta da cubeta, resultado de procesos tect\u00f3nicos, glaciares e k\u00e1rsticos.<\/p>\n<p><span style=\"color: #ff0000;\"><strong>Valores hist\u00f3ricos e paleoecol\u00f3xicos<\/strong><\/span><br \/>\nDe orixe glaciok\u00e1rstico, Liordes \u00e9 un polje orixinado polo contacto cabalgante entre as rochas calcarias e os materiais da formaci\u00f3n Lebe\u00f1a. A depresi\u00f3n orixinada at\u00f3pase rechea de arxilas de descalcificaci\u00f3n xerando solos de arxilas vermellas e solos sobre dep\u00f3sitos calc\u00e1reos (regosoles) que bordean a depresi\u00f3n.<br \/>\nRespecto \u00e1s condici\u00f3ns hidrol\u00f3xicas, a veiga de Liordes pode definirse como un <em>fen<\/em> ou turbeira que se atopa alimentada principalmente por augas fre\u00e1ticas procedentes de numerosas fontes que xorden das rochas calcarias no contacto coa falla. As augas conc\u00e9ntranse en dous regatos que se sumen nun ponor situado na parte SW. Isto leva a que case todos materiais ed\u00e1ficos est\u00e1n baixo un r\u00e9xime de solo h\u00eddrico, o que implica que o nivel fre\u00e1tico se atope entre os 0 e os 30 cm durante o per\u00edodo de crecemento das plantas en case toda a depresi\u00f3n.<\/p>\n<p><span style=\"color: #ff0000;\"><strong>H\u00e1bitats de Interese Comunitario<\/strong><\/span><\/p>\n<table border=\"1\" cellspacing=\"0\" cellpadding=\"0\">\n<tbody>\n<tr>\n<td><strong>C\u00f3digo Natura 2000<\/strong><\/td>\n<td><strong>Denominaci\u00f3n<\/strong><\/td>\n<td><strong>Prioritario<\/strong><\/td>\n<\/tr>\n<tr>\n<td>3260<\/td>\n<td><b>R\u00edos dos pisos basal a montano con vexetaci\u00f3n de <\/b><b><i>Ranunculion fluitantis <\/i><\/b>e de <em>Callitricho-Batrachion<\/em><\/td>\n<td><\/td>\n<\/tr>\n<tr>\n<td>4090<\/td>\n<td>Queirogais oromediterr\u00e1neos end\u00e9micos con toxo<\/td>\n<td><\/td>\n<\/tr>\n<tr>\n<td>6210<\/td>\n<td>Prados secos seminaturais e facies de matogueira sobre substratos calcarios (<em>Festuco-Brometalia<\/em>)<\/td>\n<td>*(Importantes sitios de orqu\u00eddeas)<\/td>\n<\/tr>\n<tr>\n<td>6230<\/td>\n<td>Formaci\u00f3ns herb\u00e1ceas con <em>Nardus<\/em>, con numerosas especies, sobre substratos sil\u00edceos de zonas monta\u00f1osas<\/td>\n<td>\n<p align=\"center\">*<\/p>\n<\/td>\n<\/tr>\n<tr>\n<td>7230<\/td>\n<td>Turbeiras baixas alcalinas<\/td>\n<td><\/td>\n<\/tr>\n<tr>\n<td>8130<\/td>\n<td>Desprendementos mediterr\u00e1neos occidentais e term\u00f3filos<\/td>\n<td><\/td>\n<\/tr>\n<tr>\n<td>8210<\/td>\n<td>Encostas rochosas calc\u00edcolas con vexetaci\u00f3n casmof\u00edtica<\/td>\n<td><\/td>\n<\/tr>\n<\/tbody>\n<\/table>\n<p>&nbsp;<\/p>\n<p><span style=\"color: #ff0000;\"><strong>H\u00e1bitats segundo outras clasificaci\u00f3ns: fitosociol\u00f3xicas ou outras<\/strong><\/span><\/p>\n<table border=\"1\" cellspacing=\"0\" cellpadding=\"0\">\n<tbody>\n<tr>\n<td><strong>C\u00f3digo Natura 2000<\/strong><\/td>\n<td><strong>C\u00f3digo INH<sup>1<\/sup><\/strong><\/td>\n<td><strong>Sintax\u00f3n<\/strong><\/td>\n<\/tr>\n<tr>\n<td>3260<\/td>\n<td>226010<\/td>\n<td><em>Ranunculion fluitantis<\/em><\/td>\n<\/tr>\n<tr>\n<td>4090<\/td>\n<td>309053<\/td>\n<td><em>Lithodoro diffusae-Genistetum legionensis<\/em><\/td>\n<\/tr>\n<tr>\n<td>6210<\/td>\n<td>521227<\/td>\n<td><em>Brachypodio rupestris-Seselietum cantabrici<\/em><\/td>\n<\/tr>\n<tr>\n<td>6230<\/td>\n<td>514021<\/td>\n<td><em>Polygalo edmundii-Nardetum<\/em><\/td>\n<\/tr>\n<tr>\n<td>6230<\/td>\n<td>51604B<\/td>\n<td><em>Luzulo carpetanae-Pedicularietum sylvaticae<\/em><\/td>\n<\/tr>\n<tr>\n<td>7230<\/td>\n<td>623016<\/td>\n<td><em>Pinguiculo grandiflorae-Caricetum lepidocarpae<\/em><\/td>\n<\/tr>\n<tr>\n<td>8130<\/td>\n<td>721190<\/td>\n<td><em>Saxifragion trifurcato-canaliculatae<\/em><\/td>\n<\/tr>\n<tr>\n<td>8210<\/td>\n<td>713080<\/td>\n<td><em>Gymnocarpion robertiani<\/em><\/td>\n<\/tr>\n<tr>\n<td>8210<\/td>\n<td>7130B0<\/td>\n<td><em>Linarion filicaulis<\/em><\/td>\n<\/tr>\n<\/tbody>\n<\/table>\n<p>&nbsp;<\/p>\n<p><span style=\"color: #ff0000;\"><strong>Flora<\/strong><\/span><br \/>\nOs h\u00e1bitats higr\u00f3filos de Liordes contan cun amplo elenco de flora de interese. As\u00ed, local\u00edzanse aqu\u00ed o salgueiro rastreiro <em>Salix hastatella <\/em><em>subsp. picoeuropeana<\/em>, endemismo dos Picos de Europa, <em>Juncus balticus <\/em><em>subsp. cantabricus<\/em>, endemismo cant\u00e1brico, e <em>Pedicularis mixta<\/em>, endemismo pirenaico-cant\u00e1brico. Ademais, existen representaci\u00f3ns de especies catalogadas a nivel rexional e nacional, como <em>Potentilla fruticosa, Callitriche palustris, Equisetum variegatum, Swertia perennis<\/em> ou <em>Astragalus danicus<\/em>.<\/p>\n<p><span style=\"color: #ff0000;\"><strong>Fauna<\/strong><\/span><br \/>\nA Veiga de Liordes at\u00f3pase a unha altitude elevada, por enriba dos 1800 metros, o que pode explicar a s\u00faa menor riqueza faun\u00edstica. Non se co\u00f1ece ben a comunidade de invertebrados e entre os vertebrados atop\u00e1ronse s\u00f3 tres especies de anfibios: limpafontes alpino (<em>Mesotriton alpestris<\/em>), sapi\u00f1o troiteiro (<em>Alytes obstetricans<\/em>) e ra vermella <em>(Rana temporaria<\/em>). O mam\u00edfero m\u00e1is abundante que pode alcanzar a zona h\u00famida \u00e9 o rebezo (<em>Rupicapra pyrenaica<\/em>).<\/p>\n<p>&nbsp;<\/p>\n<\/dd><dt>ESTADO ACTUAL<\/dt><dd><p>Un dos principais problemas de conservaci\u00f3n na Veiga de Liordes deriva da desestabilizaci\u00f3n que provoca o gando nos h\u00e1bitats higr\u00f3filos, a consecuencia tanto do piso, que provoca danos en especies e comunidades valiosas, como do fertilizado natural, que altera as condici\u00f3ns do solo.<\/p>\n<\/dd><dt>DIRECTRICES PARA A XESTI\u00d3N E A CONSERVACI\u00d3N<\/dt><dd><p>O estado de conservaci\u00f3n dos valiosos h\u00e1bitats que alberga a Veiga de Liordes est\u00e1 condicionado pola actividade gandeira que se desenvolve no enclave e o efecto que o gando exerce sobre o solo e a cuberta vexetal. \u00c9 por iso que debe formularse unha estratexia que permita conseguir unha axeitada relaci\u00f3n entre usos gandeiros e a conservaci\u00f3n.<br \/>\nAs\u00ed, un exceso de actividade gandeira producir\u00eda unha eutrofizaci\u00f3n do ecosistema, a s\u00faa destruci\u00f3n por pisoteo e ramalleo e o risco de desecamento por esgotamento dos recursos h\u00eddricos. Requirir\u00edase, polo tanto, determinar a carga gandeira do enclave e establecer mecanismos de control desta.<br \/>\nPor outra banda, deben abordarse estudios sobre a evoluci\u00f3n natural das comunidades vexetais sen a presi\u00f3n do gando, para o que habitualmente se utilizan valados experimentais nas zonas de maior interese, co fin de evitar nelas o piso, o pastoreo e a eutrofizaci\u00f3n.<br \/>\nAs\u00ed mesmo, entre as medidas de conservaci\u00f3n m\u00e1is interesantes consid\u00e9rase a recolecci\u00f3n e almacenamento de xermoplasma (sementes, prop\u00e1gulos) das especies ameazadas, para o posterior desenvolvemento de probas de xerminaci\u00f3n e viabilidade das sementes.<br \/>\nEstas medidas permitir\u00e1n analizar as causas da deterioraci\u00f3n das turbeiras e a posta en pr\u00e1ctica e avaliaci\u00f3n de actuaci\u00f3ns encami\u00f1adas \u00e1 mellora do estado de conservaci\u00f3n tanto das comunidades vexetais como da flora presente nestes fr\u00e1xiles e vulnerables ecosistemas.<\/p>\n<\/dd><dt>FOTOS<\/dt><dd><p><a href=\"http:\/\/www.lifetremedal.eu\/wp-content\/uploads\/DSC03727.jpg\"><img loading=\"lazy\" decoding=\"async\" alt=\"DSC03727\" src=\"http:\/\/www.lifetremedal.eu\/wp-content\/uploads\/DSC03727-300x225.jpg\" width=\"387\" height=\"289\" \/><\/a><\/p>\n<p><a href=\"http:\/\/www.lifetremedal.eu\/wp-content\/uploads\/caballos.jpg\"><img loading=\"lazy\" decoding=\"async\" alt=\"caballos\" src=\"http:\/\/www.lifetremedal.eu\/wp-content\/uploads\/caballos-300x225.jpg\" width=\"388\" height=\"290\" \/><\/a><\/p>\n<p><a href=\"http:\/\/www.lifetremedal.eu\/wp-content\/uploads\/arroyo.jpg\"><img loading=\"lazy\" decoding=\"async\" alt=\"arroyo\" src=\"http:\/\/www.lifetremedal.eu\/wp-content\/uploads\/arroyo-225x300.jpg\" width=\"390\" height=\"521\" \/><\/a><\/p>\n<p><a href=\"http:\/\/www.lifetremedal.eu\/wp-content\/uploads\/vista-general.jpg\"><img loading=\"lazy\" decoding=\"async\" alt=\"vista general\" src=\"http:\/\/www.lifetremedal.eu\/wp-content\/uploads\/vista-general-300x225.jpg\" width=\"401\" height=\"300\" \/><\/a><\/p>\n<p><a href=\"http:\/\/www.lifetremedal.eu\/wp-content\/uploads\/Sparganium-angustifolium-Michx.-en-la-Vega-de-Liordes-DN2010-08809.jpg\"><img loading=\"lazy\" decoding=\"async\" alt=\"Stitched Panorama\" src=\"http:\/\/www.lifetremedal.eu\/wp-content\/uploads\/Sparganium-angustifolium-Michx.-en-la-Vega-de-Liordes-DN2010-08809-300x177.jpg\" width=\"397\" height=\"233\" \/><\/a><\/p>\n<p><a href=\"http:\/\/www.lifetremedal.eu\/wp-content\/uploads\/Humedal-Vega-Liordes.jpg\"><img loading=\"lazy\" decoding=\"async\" alt=\"Humedal Vega Liordes\" src=\"http:\/\/www.lifetremedal.eu\/wp-content\/uploads\/Humedal-Vega-Liordes-300x157.jpg\" width=\"373\" height=\"194\" \/><\/a><\/p>\n<\/dd><\/dl><p>&nbsp;<\/p>\n","protected":false},"excerpt":{"rendered":"<p>&nbsp; Nome do enclave: Veiga de Liordes Categor\u00edas de protecci\u00f3n: O enclave est\u00e1 integrado no LIC e ZEPA ES0000003 Picos de Europa (Castela e Le\u00f3n), dentro do Parque Nacional e Reserva da Biosfera dos Picos de Europa. Localizaci\u00f3n: A Veiga de Liordes local\u00edzase no municipio de Pousada de Valde\u00f3n, provincia de Le\u00f3n. Rexi\u00f3n: Castela e [&hellip;]<\/p>\n","protected":false},"author":2,"featured_media":0,"parent":992,"menu_order":0,"comment_status":"open","ping_status":"closed","template":"page-template-left-nav.php","meta":{"footnotes":""},"class_list":["post-2365","page","type-page","status-publish","hentry"],"_links":{"self":[{"href":"https:\/\/lifetremedal.eu\/gl\/wp-json\/wp\/v2\/pages\/2365","targetHints":{"allow":["GET"]}}],"collection":[{"href":"https:\/\/lifetremedal.eu\/gl\/wp-json\/wp\/v2\/pages"}],"about":[{"href":"https:\/\/lifetremedal.eu\/gl\/wp-json\/wp\/v2\/types\/page"}],"author":[{"embeddable":true,"href":"https:\/\/lifetremedal.eu\/gl\/wp-json\/wp\/v2\/users\/2"}],"replies":[{"embeddable":true,"href":"https:\/\/lifetremedal.eu\/gl\/wp-json\/wp\/v2\/comments?post=2365"}],"version-history":[{"count":13,"href":"https:\/\/lifetremedal.eu\/gl\/wp-json\/wp\/v2\/pages\/2365\/revisions"}],"predecessor-version":[{"id":12092,"href":"https:\/\/lifetremedal.eu\/gl\/wp-json\/wp\/v2\/pages\/2365\/revisions\/12092"}],"up":[{"embeddable":true,"href":"https:\/\/lifetremedal.eu\/gl\/wp-json\/wp\/v2\/pages\/992"}],"wp:attachment":[{"href":"https:\/\/lifetremedal.eu\/gl\/wp-json\/wp\/v2\/media?parent=2365"}],"curies":[{"name":"wp","href":"https:\/\/api.w.org\/{rel}","templated":true}]}}