{"id":2247,"date":"2014-02-26T11:46:48","date_gmt":"2014-02-26T10:46:48","guid":{"rendered":"http:\/\/www.lifetremedal.eu\/?page_id=2247"},"modified":"2014-05-08T10:05:02","modified_gmt":"2014-05-08T08:05:02","slug":"actuacions","status":"publish","type":"page","link":"https:\/\/lifetremedal.eu\/gl\/life-tremedal-2\/actuacions\/","title":{"rendered":"Actuacions"},"content":{"rendered":"<h5><span style=\"color: #ff6600;\">A. Acci\u00f3ns preparatorias<\/span><\/h5>\n<p>Este grupo de acci\u00f3ns incl\u00fae a an\u00e1lise sobre a presenza e distribuci\u00f3n dos h\u00e1bitats de turbeira para a Rexi\u00f3n Bioxeogr\u00e1fica Atl\u00e1ntica da Pen\u00ednsula Ib\u00e9rica, a s\u00faa tipificaci\u00f3n e caracterizaci\u00f3n. Vaise realizar tam\u00e9n a avaliaci\u00f3n &#8220;ex ante&#8221; dos enclaves do proxecto e a identificaci\u00f3n dos indicadores com\u00fans de seguimento do proxecto, as\u00ed como os proxectos t\u00e9cnicos necesarios para levar a cabo as acci\u00f3ns concretas de conservaci\u00f3n<\/p>\n<dl class=\"tabs_type_1\"><dt class=\"current\">A.1. Diagnosis, an\u00e1lisis e identificaci\u00f3n de indicadores<\/dt><dd class=\"current\"><h5>Diagnose, an\u00e1lise territorial e identificaci\u00f3n de indicadores<\/h5>\n<p>Os h\u00e1bitats obxecto do proxecto son especialmente delicados polo que se fai necesario un <strong>seguimento<\/strong> moi exhaustivo da resposta que poidan ter \u00e1s acci\u00f3ns de restauraci\u00f3n levadas a cabo. Prec\u00edsase, polo tanto, contar con datos cient\u00edfico-t\u00e9cnicos que avalen os criterios de xesti\u00f3n e restauraci\u00f3n dos h\u00e1bitats de turbeiras ou higr\u00f3filos com\u00fans para toda a Rexi\u00f3n Bioxeogr\u00e1fica Atl\u00e1ntica da Pen\u00ednsula Ib\u00e9rica. Coa acci\u00f3n A1 pret\u00e9ndese reducir o grao de incerteza \u00e1 hora de establecer os pormenores dos proxectos de restauraci\u00f3n, ademais de establecer criterios de xesti\u00f3n extrapolables ao conxunto da rexi\u00f3n bioxeogr\u00e1fica.<\/p>\n<p><a href=\"http:\/\/www.lifetremedal.eu\/sobre-el-proyecto-life-tremedal\/actuaciones\/accion-a1\/\" class=\"small white tt-button\" target=\"_self\"> Ler completo <\/a><\/p>\n<\/dd><dt>A.2. Planificaci\u00f3n t\u00e9cnica<\/dt><dd><h5>Planificaci\u00f3n t\u00e9cnica das acci\u00f3ns de restauraci\u00f3n<\/h5>\n<p>As actuaci\u00f3ns de restauraci\u00f3n de h\u00e1bitats programadas no apartado C deben ser previamente proxectadas para definir os detalles espec\u00edficos: levantamentos topogr\u00e1ficos, dimensi\u00f3ns dos diques, detalle da construci\u00f3n de bebedoiros, etc.<\/p>\n<p>A tipolox\u00eda de proxectos t\u00e9cnicos que se van executar en TREMEDAL incl\u00fae as seguintes actuaci\u00f3ns:<\/p>\n<p>&nbsp;<\/p>\n<ul>\n<li>Restauraci\u00f3n hidrol\u00f3xica.<\/li>\n<li>Correcci\u00f3n e reconfiguraci\u00f3n topogr\u00e1fica.<\/li>\n<li>Realizaci\u00f3n de infraestruturas para a xesti\u00f3n gandeira sostible:\u00a0 valados m\u00f3biles, bebedoiros.<\/li>\n<li>Recuperaci\u00f3n da vexetaci\u00f3n natural.<\/li>\n<\/ul>\n<p><a href=\"http:\/\/www.lifetremedal.eu\/sobre-el-proyecto-life-tremedal\/actuaciones\/accion-a2\/\" class=\"small white tt-button\" target=\"_self\"> Ler completo <\/a><\/p>\n<\/dd><\/dl><div class=\"hr hr-dotted\">&nbsp;<\/div>\n<h5><span style=\"color: #ff6600;\">B. Compra de terreos para a restauraci\u00f3n ambiental do Lago Arreo-Caicedo Yuso (\u00c1lava<\/span><\/h5>\n<p>Dende o ano 1956 (e posiblemente dende datas anteriores) v\u00e9nse producindo unha reduci\u00f3n do <strong>humidal do Lago Arreo-Caicedo Yuso de<\/strong> polo menos un 14%, ao ser substitu\u00eddos estes h\u00e1bitats por cultivos agr\u00edcolas. Ademais da ocupaci\u00f3n do propio humidal, os cultivos circundantes xeran presi\u00f3ns importantes sobre o sistema derivadas da utilizaci\u00f3n de abonos e fitosanitarios, carrexos de materiais durante os per\u00edodos nos que os terreos carecen dunha cuberta vexetal protectora, extracci\u00f3n de auga con destino de rego, etc<\/p>\n<p><a href=\"http:\/\/www.lifetremedal.eu\/sobre-el-proyecto-life-tremedal\/actuaciones\/accion-b\/\" class=\"small white tt-button\" target=\"_self\"> Ler completo <\/a><\/p>\n<div class=\"hr hr-dotted\">&nbsp;<\/div>\n<h5><span style=\"color: #ff6600;\">C. Acci\u00f3ns concretas de conservaci\u00f3n<\/span><\/h5>\n<ul>\n<li>Actuaci\u00f3ns de restauraci\u00f3n dos h\u00e1bitats turbosos e higr\u00f3filos dun total de 11 enclaves pertencentes a 5 espazos Natura 2000 e doutros 5 enclaves que formar\u00e1n parte da Rede Natura 2000 ou contrib\u00faen a aumentar a s\u00faa coherencia ecol\u00f3xica.<\/li>\n<li>Recollida, almacenamento e conservaci\u00f3n a longo prazo do xermoplasma necesario para garantir as actuaci\u00f3ns de restauraci\u00f3n a desenvolver no proxecto.<\/li>\n<\/ul>\n<p>As\u00ed, os proxectos para executar as acci\u00f3ns concretas de conservaci\u00f3n C1 a C9 van redactarse neste apartadoActuaciones de restauraci\u00f3n de los h\u00e1bitats turbosos e higr\u00f3filos de un total de 11 enclaves pertenecientes a 5 espacios de la Red Natura 2000 y de otros 5 enclaves que formar\u00e1n parte de Natura 2000 o contribuyen a aumentar su coherencia ecol\u00f3gica.<\/p>\n<dl class=\"tabs_type_1\"><dt class=\"current\">Actuaci\u00f3n C.1. <\/dt><dd class=\"current\"><h5>Restauraci\u00f3n, prevenci\u00f3n de impactos e creaci\u00f3n de infraestruturas para unha correcta xesti\u00f3n no complexo de turbeiras e h\u00e1bitats asociados da zona atl\u00e1ntica de Navarra<\/h5>\n<p>A acci\u00f3n levarase a cabo nun total de <strong>84,52 ha<\/strong> que incl\u00faen <strong>8 enclaves:<\/strong> Alkurruntz (1,99 ha no LIC Regata de Orabidea); Arxuri (18,31 ha no LIC Regata de Orabidea); Belate (9,17 ha), Okolin (43,6 ha) e Xuriain (2,74 ha) no LIC Belate; e Lixketa (1,54 ha), Maulitx (3,06 ha) e Mendaur (4,11 ha) como &#8220;turbeiras para a conectividade&#8221;L<\/p>\n<p><a href=\"http:\/\/www.lifetremedal.eu\/sobre-el-proyecto-life-tremedal\/actuaciones\/accion-c1\/\" class=\"small white tt-button\" target=\"_self\"> Ler completo <\/a><\/p>\n<\/dd><dt>Actuaci\u00f3n C.2.<\/dt><dd><h5>\u00a0Restauraci\u00f3n dos enclaves turbosos do LIC Jaizkibel<\/h5>\n<p>Os &#8220;<b><i>trampales<\/i>&#8220;<\/b> rep\u00e1rtense por todo o LIC Jaizkibel en forma de pequenas manchas que se intercalan entre pasteiros, queirogais, pequenas reboleiras e plantaci\u00f3ns de pi\u00f1eiro.<\/p>\n<p>Aparecen en ladeiras e cavorcos orientados cara ao mar, asociados a afloramentos e zonas onde a auga de escorrent\u00eda queda retida, nun contexto litol\u00f3xico dominado polas pedras de gra<\/p>\n<p><a href=\"http:\/\/www.lifetremedal.eu\/sobre-el-proyecto-life-tremedal\/actuaciones\/accion-c2\/\" class=\"small white tt-button\" target=\"_self\"> Ler completo <\/a><\/p>\n<\/dd><dt>Actuaci\u00f3n C.3. <\/dt><dd><h5><b>Restauraci\u00f3n ambiental do LIC Lago Arreo- Caicedo Yuso<\/b><\/h5>\n<p>Como xa se expuxo na acci\u00f3n B1, o Lago Arreo- Caicedo Yuso e os ecosistemas que alberga est\u00e1n sometidos a diversas presi\u00f3ns relacionadas principalmente coa actividade agraria.<\/p>\n<p>Neste sentido, a compra de terreos e o cambio de usos posterior constit\u00faen ferramentas eficaces, pero resulta necesario complementalas con outras actuaci\u00f3ns: recuperaci\u00f3n da vexetaci\u00f3n natural, prevenci\u00f3n da erosi\u00f3n, control da fauna al\u00f3ctona e regulaci\u00f3n do uso p\u00fablico.<\/p>\n<p><a href=\"http:\/\/www.lifetremedal.eu\/sobre-el-proyecto-life-tremedal\/actuaciones\/accion-c3\/\" class=\"small white tt-button\" target=\"_self\"> Ler completo <\/a><\/p>\n<\/dd><dt>Actuaci\u00f3n C.4.<\/dt><dd><h5><b>Restauraci\u00f3n, prevenci\u00f3n de impactos e creaci\u00f3n da turbeira de Usabelartza<\/b><\/h5>\n<p>A localidade de<strong> Usabelartza<\/strong> sit\u00faase no monte Adarra, a uns 500 m do l\u00edmite do LIC R\u00edo Leizaran (ES2120013), nunha zona de cabeceira da rede fluvial inclu\u00edda neste espazo.<\/p>\n<p>Usabelartza acolle unha representaci\u00f3n de turbeiras \u00e1cidas de esfagnos, de interese pola s\u00faa superficie (superior \u00e1s 5 ha) e por inclu\u00edr <strong>dep\u00f3sitos de turba<\/strong> de certa entidade (infrecuentes a escala rexional).<\/p>\n<p><a href=\"http:\/\/www.lifetremedal.eu\/sobre-el-proyecto-life-tremedal\/actuaciones\/accion-c4\/\" class=\"small white tt-button\" target=\"_self\"> Ler completo <\/a><\/p>\n<\/dd><dt>Actuaci\u00f3n C.5.<\/dt><dd><h5><b>Infraestruturas para unha xesti\u00f3n gandeira compatible coa conservaci\u00f3n dos h\u00e1bitats dos LIC Picos de Europa de Asturias e Castela-Le\u00f3n<\/b><\/h5>\n<p>O pastoreo secular e, ata non moito tempo, excesivo das d\u00faas zonas consideradas nesta acci\u00f3n, supuxo unha mingua do estado de conservaci\u00f3n das s\u00faas turbeiras e, polo tanto, dos H\u00e1bitats de Interese Comunitario que representan. Faise necesaria a introduci\u00f3n de novos elementos na xesti\u00f3n gandeira destes enclaves que, sen prexu\u00edzo do aproveitamento dos pastos, permitan evitar a perda de superficie de turbeira e asegurar a longo prazo a funcionalidade destes sistemas turbosos<del><br \/>\n<\/del><\/p>\n<p><a href=\"http:\/\/www.lifetremedal.eu\/sobre-el-proyecto-life-tremedal\/actuaciones\/accion-c5\/\" class=\"small white tt-button\" target=\"_self\"> Ler completo <\/a><\/p>\n<\/dd><dt>Actuaci\u00f3n C.6.<\/dt><dd><h5><b>Mellora do estado de conservaci\u00f3n en humidais continentais do LIC Parga-Ladra-T\u00e1moga: h\u00e1bitats higr\u00f3filos e de encharcamento temporal en Cospeito<\/b><\/h5>\n<p>O incremento da actividade agr\u00edcola e gandeira durante o s\u00e9culo XX no territorio que agora ocupa o LIC Parga-Ladra-T\u00e1moga (Galicia) tivo como consecuencia unha dr\u00e1stica reduci\u00f3n dos medios higr\u00f3filos naturais, que se viron desprazados en favor das terras de labor ou a formaci\u00f3n de pasteiros m\u00e1is ou menos intensivos, chegando mesmo a desecalos nos anos 50.<\/p>\n<p>Ademais, o contexto actual de cambio clim\u00e1tico global, agudiza a sensibilidade e fraxilidade dos medios dependentes da auga, xa de por si m\u00e1is vulnerables, pola menor extensi\u00f3n de superficie que presentan e o consecuente prexu\u00edzo para todas aquelas especies silvestres de fauna e flora asociadas<\/p>\n<p><a href=\"http:\/\/www.lifetremedal.eu\/sobre-el-proyecto-life-tremedal\/actuaciones\/accion-c6\/\" class=\"small white tt-button\" target=\"_self\"> Ler completo <\/a><\/p>\n<\/dd><dt>Actuaci\u00f3n C.7. <\/dt><dd><h5><b>Adecuaci\u00f3n do h\u00e1bitat e reforzamento poboacional de <i>Eryngium viviparum<\/i> no LIC Parga-Ladra-T\u00e1moga<\/b><\/h5>\n<p>Asociados aos medios higroturf\u00f3filos presentes no LIC Parga-Ladra-T\u00e1moga te\u00f1en cabida unha serie de pequenas depresi\u00f3ns nos que se desenvolven medios de auga doce estacional sobre os que a especie prioritaria <i>Eryngium viviparum<\/i> atopa o h\u00e1bitat propicio para o seu desenvolvemento.<\/p>\n<p>No contexto clim\u00e1tico actual, a configuraci\u00f3n e din\u00e1mica dos humidais que albergan poboaci\u00f3ns da especie prioritaria <i>Eryngium viviparum<\/i> te\u00f1en unha importancia fundamental para a supervivencia da especie. Estas poboaci\u00f3ns dependen de ciclos regulares onde se intercalan condici\u00f3ns de inundaci\u00f3n (outono e principios de ver\u00e1n) e condici\u00f3ns de seca (ver\u00e1n). A sensibilidade da especie ao ciclo hidrol\u00f3xico \u00e9 patente, e polo tanto ao proceso de cambio clim\u00e1tico global, que provoca unha maior irregularidade estacional. Estes factores, unidos \u00e1 da cada vez maior incidencia das especies ex\u00f3ticas invasoras e a destruci\u00f3n do seu h\u00e1bitat pola acci\u00f3n humana, son os m\u00e1is relevantes dende o punto de vista da conservaci\u00f3n da especie. O reforzamento e aumento dos seus n\u00facleos poboacionais \u00e9 unha acci\u00f3n fundamental para poder conservar un tax\u00f3n de tan restrinxida distribuci\u00f3n e tan ameazado<\/p>\n<p><a href=\"http:\/\/www.lifetremedal.eu\/sobre-el-proyecto-life-tremedal\/actuaciones\/accion-c7\/\" class=\"small white tt-button\" target=\"_self\"> Ler completo <\/a><\/p>\n<\/dd><dt>Actuaci\u00f3n C.8. <\/dt><dd><h5><b>Mellora do estado de conservaci\u00f3n dos h\u00e1bitats prioritarios (7210 *:\u00a0 91E0*) no LIC Parga-Ladra-T\u00e1moga<\/b><\/h5>\n<p>Esta acci\u00f3n ten como obxectivo a mellora do estado de conservaci\u00f3n dos h\u00e1bitats prioritarios de car\u00e1cter turb\u00f3filo e hidr\u00f3filo:<\/p>\n<ul>\n<li>7210 * Turbeiras calc\u00e1reas do <i>Cladium mariscus<\/i> con especies\u00a0 do <i>Caricion davallianae<\/i>.<\/li>\n<li>91E0* Bosques aluviais de <i>Alnus glutinosa<\/i> e <i>Fraxinus excelsior<\/i> (<i>Alno-Padion, Alnion incanae, Salicion albae<\/i>).<\/li>\n<\/ul>\n<p>Neste tipo de ambientes as turbeiras funcionan como h\u00e1bitats de transici\u00f3n entre o bosque h\u00famido e a lagoa. Por este motivo acometeranse acci\u00f3ns conxuntas sobre os dous tipos de h\u00e1bitats, co obxecto de corrixir antigos desequilibrios e permitir o desenvolvemento natural dos ecosistemas.<\/p>\n<p>A acci\u00f3n levarase a cabo no enclave dos Ollos de Begonte onde se atopan representados estes tipos de h\u00e1bitats<\/p>\n<p><a href=\"http:\/\/www.lifetremedal.eu\/sobre-el-proyecto-life-tremedal\/actuaciones\/accion-c8\/\" class=\"small white tt-button\" target=\"_self\"> Ler completo <\/a><\/p>\n<\/dd><dt>Actuaci\u00f3n C.9. <\/dt><dd><h5><b>Mellora do estado de conservaci\u00f3n dos h\u00e1bitats higr\u00f3filos na Illa de San Roque (LIC Parga-Ladra-T\u00e1moga<\/b>)<\/h5>\n<p>A\u00ednda que actualmente a Illa de San Roque \u00e9 de titularidade p\u00fablica e o seu uso est\u00e1 destinado \u00e1 conservaci\u00f3n da biodiversidade, no pasado sufriu unha actividade antr\u00f3pica intensa en forma de cultivos non permanentes, que modificou en boa medida a topograf\u00eda da chaira aluvial, e polo tanto a configuraci\u00f3n dos h\u00e1bitats presentes na illa.<\/p>\n<p>Co cambio de titularidade, de propiedade privada a p\u00fablica (entre os anos 2003 e 2006), eliminouse o uso intensivo e actuouse sobre aquelas especies ex\u00f3ticas invasoras que se estableceron na Illa<\/p>\n<p><a href=\"http:\/\/www.lifetremedal.eu\/sobre-el-proyecto-life-tremedal\/actuaciones\/accion-c9\/\" class=\"small white tt-button\" target=\"_self\"> Ler completo <\/a><\/p>\n<\/dd><dt>Actuaci\u00f3n C.10.<\/dt><dd><h5><b>Recollida, almacenamento e conservaci\u00f3n a longo prazo de xermoplasma<\/b><\/h5>\n<p>\u00c9 unha acci\u00f3n transversal do proxecto que se levar\u00e1 a cabo nos enclaves que a Acci\u00f3n A1 determine a s\u00faa necesidade. Consiste na recolecci\u00f3n de sementes de plantas de turbeiras e outros medios hidr\u00f3filos nas diferentes localizaci\u00f3ns escollidas no proxecto e o seu almacenamento e conservaci\u00f3n a longo prazo no Banco de Xermoplasma Vexetal do Xard\u00edn Bot\u00e1nico Atl\u00e1ntico (BG-JBA), cuxo equipo cient\u00edfico \u00e9 persoal do INDUROT (UNIOVI).<\/p>\n<p><a href=\"http:\/\/www.lifetremedal.eu\/sobre-el-proyecto-life-tremedal\/actuaciones\/accion-c10\/\" class=\"small white tt-button\" target=\"_self\"> Ler completo <\/a><\/p>\n<\/dd><\/dl><p>Os <b>proxectos construtivos<\/b> ser\u00e1n consensuados cos concellos propietarios dos terreos e as entidades locais competentes, que ademais se encargar\u00e1n de tramitar as necesarias autorizaci\u00f3ns previas \u00e1 execuci\u00f3n<\/p>\n<div class=\"hr hr-dotted\">&nbsp;<\/div>\n<h5><span style=\"color: #ff6600;\">D. Seguimento das repercusi\u00f3ns das acci\u00f3ns<\/span><\/h5>\n<p>O seguimento das acci\u00f3ns de proxecto e das s\u00faas repercusi\u00f3ns l\u00e9vase a cabo mediante as acci\u00f3ns de seguimento das acci\u00f3ns de restauraci\u00f3n sobre os h\u00e1bitats, sobre as especies e seguimento do impacto socioecon\u00f3mico.<\/p>\n<dl class=\"tabs_type_1\"><dt class=\"current\">D.1. Seguimiento de las repercusiones del proyecto sobre los h\u00e1bitats<\/dt><dd class=\"current\"><h5>Seguimento das repercusi\u00f3ns do proxecto sobre os h\u00e1bitats<\/h5>\n<p>Esta acci\u00f3n formula facer o seguimento do impacto das acci\u00f3ns de restauraci\u00f3n executadas no proxecto. Tr\u00e1tase de medir e documentar a s\u00faa eficiencia e valorar o grao no que se alcanzaron os resultados esperados.<\/p>\n<p><a href=\"http:\/\/www.lifetremedal.eu\/sobre-el-proyecto-life-tremedal\/actuaciones\/accion-d1\/\" class=\"small white tt-button\" target=\"_self\"> Ler completo <\/a><\/p>\n<\/dd><dt>D.2. Seguimiento del las repercusiones del proyecto sobre las especies<\/dt><dd><h5><b>Seguimento das repercusi\u00f3ns do proxecto sobre as especies<\/b><\/h5>\n<p>Esta acci\u00f3n incl\u00fae o seguimento dos impactos das acci\u00f3ns C.1 e C.7 sobre as especies. No caso da Acci\u00f3n C.1 realizarase o seguimento das especies ameazadas obxecto de propagaci\u00f3n e reforzo poboacional: \u00a0<i>Carex hostiana<\/i> (en Belate e Arxuri), <i>Rhynchospora fusca<\/i> (HIC 7150) en Arxuri e <i>Spiranthes aestivalis<\/i>, (Anexo IV da Directiva &#8220;H\u00e1bitats&#8221;) tam\u00e9n en Arxuri.<\/p>\n<p>No caso da acci\u00f3n C.7 pret\u00e9ndese fomentar o incremento efectivo de individuos da especie prioritaria <i>Eryngium viviparum<\/i> dentro dos enclaves de actuaci\u00f3n do LIC Parga-Ladra-T\u00e1moga (especialmente a Lagoa de Cospeito)<\/p>\n<p><a href=\"http:\/\/www.lifetremedal.eu\/sobre-el-proyecto-life-tremedal\/actuaciones\/accion-d2\/\" class=\"small white tt-button\" target=\"_self\"> Ler completo <\/a><\/p>\n<\/dd><dt>D.3. Seguimento do impacto socioecon\u00f3mico do proxecto<\/dt><dd><h5>S<b>eguimento do impacto socioecon\u00f3mico do proxecto<\/b><\/h5>\n<p>Este proxecto, ademais de contribu\u00edr \u00e1 conservaci\u00f3n das turbeiras e outras zonas h\u00famidas, de aumentar a concienciaci\u00f3n social sobre os valores que albergan e a s\u00faa importancia na xesti\u00f3n global do territorio, busca ter unha repercusi\u00f3n positiva na poboaci\u00f3n e sobre a econom\u00eda local.<\/p>\n<p><a href=\"http:\/\/www.lifetremedal.eu\/sobre-el-proyecto-life-tremedal\/actuaciones\/accion-e\/\" class=\"small white tt-button\" target=\"_self\"> Ler completo <\/a><\/p>\n<\/dd><\/dl><div class=\"hr hr-dotted\">&nbsp;<\/div>\n<h5><span style=\"color: #ff6600;\">E. Plan de comunicaci\u00f3n<\/span><\/h5>\n<p>En relaci\u00f3n ao \u00e1mbito da comunicaci\u00f3n, o LIFE+TREMEDAL busca &#8220;<em>informar e sensibilizar o p\u00fablico en xeral sobre os valores e servizos ambientais que proporcionan os humidais continentais en xeral e os h\u00e1bitats de turbeira e medios higr\u00f3filos en particular<\/em>&#8220;<\/p>\n<p><a href=\"http:\/\/www.lifetremedal.eu\/sobre-el-proyecto-life-tremedal\/actuaciones\/accion-e\/\" class=\"small white tt-button\" target=\"_self\"> Ler completo <\/a><\/p>\n<div class=\"hr hr-dotted\">&nbsp;<\/div>\n<h5><span style=\"color: #ff6600;\">F. Xesti\u00f3n e coordinaci\u00f3n do proxecto<\/span><\/h5>\n<p>Incl\u00fae unha acci\u00f3n de xesti\u00f3n e coordinaci\u00f3n do proxecto, a constituci\u00f3n das redes con outros proxectos, a realizaci\u00f3n dunha auditoria financeira externa, e a redacci\u00f3n do Plan de conservaci\u00f3n despois do LIFE<\/p>\n<dl class=\"tabs_type_1\"><dt class=\"current\">F.1. Gesti\u00f3n y coordinaci\u00f3n del proyecto<\/dt><dd class=\"current\"><h5>Xesti\u00f3n e coordinaci\u00f3n do proxecto<\/h5>\n<p>O beneficiario coordinador (GAN) debe garantir a correcta planificaci\u00f3n, organizaci\u00f3n, comunicaci\u00f3n e xesti\u00f3n do proxecto TREMEDAL e para logralo, establ\u00e9cese unha estrutura de traballo que contar\u00e1 cos seguintes \u00f3rganos xestores:<\/p>\n<ul>\n<li><strong>Comit\u00e9 de Direcci\u00f3n\/Pilotaxe,<\/strong> responsable m\u00e1ximo da execuci\u00f3n do proxecto. Estar\u00e1 integrado polo director de proxecto de cada beneficiario. Reunirase polo menos tres veces coincidindo coas reuni\u00f3ns do Comit\u00e9 T\u00e9cnico (inicial, intermedia e final).<\/li>\n<li><strong>Comit\u00e9 T\u00e9cnico,<\/strong> responsable da correcta execuci\u00f3n das acci\u00f3ns. Estar\u00e1 integrado por un representante t\u00e9cnico de cada beneficiario. Este comit\u00e9 reunirase fisicamente en 7 ocasi\u00f3ns ao longo do proxecto (Reuni\u00f3ns de Consorcio).<\/li>\n<li><strong>Equipos de xesti\u00f3n de cada beneficiario:<\/strong> Cada beneficiario contar\u00e1 cun director de proxecto e persoal t\u00e9cnico e administrativo.<\/li>\n<li><strong>Equipo Coordinador Externo.<\/strong> A s\u00faa funci\u00f3n \u00e9 apoiar ao coordinador beneficiario nas s\u00faas tarefas de xesti\u00f3n do proxecto. Para iso subcontratarse un equipo externo &#8211; con reco\u00f1ecida experiencia en xesti\u00f3n de proxectos &#8211; que estar\u00e1 baixo o control directo do beneficiario coordinador. Encargarase de enviar os informes \u00e1 Comisi\u00f3n e ser\u00e1 a v\u00eda de contacto con esta.<\/li>\n<\/ul>\n<p><a href=\"http:\/\/www.lifetremedal.eu\/sobre-el-proyecto-life-tremedal\/actuaciones\/accion-f1\/\" class=\"small white tt-button\" target=\"_self\"> Ler completo <\/a><\/p>\n<\/dd><dt>F.2. Constituci\u00f3n de redes con otros proyectos<\/dt><dd><h5>Constituci\u00f3n de redes con otros proyectos<\/h5>\n<p>TREMEDAL propone organizar una <strong>Red de Intercambio de Informaci\u00f3n y Experiencia con otros proyectos<\/strong> (LIFE III, LIFE+, u otros que sean relevantes para los objetivos y acciones propuestos). Esta Red tambi\u00e9n incluir\u00e1 organizaciones con experiencia en la restauraci\u00f3n y gesti\u00f3n de los h\u00e1bitats objeto del proyecto.<\/p>\n<p><a href=\"http:\/\/www.lifetremedal.eu\/sobre-el-proyecto-life-tremedal\/actuaciones\/accion-f2\/\" class=\"small white tt-button\" target=\"_self\"> Ler completo <\/a><\/p>\n<\/dd><dt>F.3. Auditor\u00eda financiera externa<\/dt><dd><h5>Auditor\u00eda financeira externa<\/h5>\n<p>Un auditor independente deber\u00e1 comprobar os estados financeiros presentados \u00e1 Comisi\u00f3n no informe final do proxecto. Comprobarase que se respectara a lexislaci\u00f3n nacional e as normas contables, e certificarase que todos os gastos en que se incorrera respectan as Disposici\u00f3ns Com\u00fans de LIFE+.<\/p>\n<\/dd><dt>F.4. Plan de conservaci\u00f3n despu\u00e9s de LIFE<\/dt><dd><h5>Plan de conservaci\u00f3n despois de LIFE<\/h5>\n<p>O informe final do TREMEDAL incluir\u00e1 como cap\u00edtulo independente o Plan de Conservaci\u00f3n post-LIFE, que explicar\u00e1 como se pretende continuar as acci\u00f3ns iniciadas no proxecto nos anos posteriores, unha vez finalizado este.<\/p>\n<p><strong>O Plan de Conservaci\u00f3n post LIFE <\/strong>incluir\u00e1 informaci\u00f3n detallada sobre as acci\u00f3ns que sexa necesario levar a cabo para garantir a xesti\u00f3n destes enclaves a longo prazo (cando, quen as executar\u00e1 e cales ser\u00e1n as fontes de financiamento dispo\u00f1ibles para iso).<\/p>\n<p>\u00c9 importante resaltar que todos os espazos inclu\u00eddos no proxecto est\u00e1n baixo a xesti\u00f3n das autoridades competentes en Natura 2000, e que os co\u00f1ecementos adquiridos durante o proxecto e os resultados do seguimento das acci\u00f3ns facilitar\u00e1n a redacci\u00f3n deste Plan<\/p>\n<\/dd><\/dl>","protected":false},"excerpt":{"rendered":"<p>A. Acci\u00f3ns preparatorias Este grupo de acci\u00f3ns incl\u00fae a an\u00e1lise sobre a presenza e distribuci\u00f3n dos h\u00e1bitats de turbeira para a Rexi\u00f3n Bioxeogr\u00e1fica Atl\u00e1ntica da Pen\u00ednsula Ib\u00e9rica, a s\u00faa tipificaci\u00f3n e caracterizaci\u00f3n. Vaise realizar tam\u00e9n a avaliaci\u00f3n &#8220;ex ante&#8221; dos enclaves do proxecto e a identificaci\u00f3n dos indicadores com\u00fans de seguimento do proxecto, as\u00ed como [&hellip;]<\/p>\n","protected":false},"author":2,"featured_media":0,"parent":977,"menu_order":0,"comment_status":"open","ping_status":"closed","template":"page-template-full-width.php","meta":{"footnotes":""},"class_list":["post-2247","page","type-page","status-publish","hentry"],"_links":{"self":[{"href":"https:\/\/lifetremedal.eu\/gl\/wp-json\/wp\/v2\/pages\/2247","targetHints":{"allow":["GET"]}}],"collection":[{"href":"https:\/\/lifetremedal.eu\/gl\/wp-json\/wp\/v2\/pages"}],"about":[{"href":"https:\/\/lifetremedal.eu\/gl\/wp-json\/wp\/v2\/types\/page"}],"author":[{"embeddable":true,"href":"https:\/\/lifetremedal.eu\/gl\/wp-json\/wp\/v2\/users\/2"}],"replies":[{"embeddable":true,"href":"https:\/\/lifetremedal.eu\/gl\/wp-json\/wp\/v2\/comments?post=2247"}],"version-history":[{"count":17,"href":"https:\/\/lifetremedal.eu\/gl\/wp-json\/wp\/v2\/pages\/2247\/revisions"}],"predecessor-version":[{"id":2249,"href":"https:\/\/lifetremedal.eu\/gl\/wp-json\/wp\/v2\/pages\/2247\/revisions\/2249"}],"up":[{"embeddable":true,"href":"https:\/\/lifetremedal.eu\/gl\/wp-json\/wp\/v2\/pages\/977"}],"wp:attachment":[{"href":"https:\/\/lifetremedal.eu\/gl\/wp-json\/wp\/v2\/media?parent=2247"}],"curies":[{"name":"wp","href":"https:\/\/api.w.org\/{rel}","templated":true}]}}