{"id":3947,"date":"2014-10-03T08:32:58","date_gmt":"2014-10-03T06:32:58","guid":{"rendered":"http:\/\/www.lifetremedal.eu\/?page_id=3947"},"modified":"2015-05-13T12:37:08","modified_gmt":"2015-05-13T10:37:08","slug":"argazki-artxiboa","status":"publish","type":"page","link":"https:\/\/lifetremedal.eu\/eu\/argazki-artxiboa\/","title":{"rendered":"Argazki artxiboa"},"content":{"rendered":"<table width=\"955\" border=\"1\" cellspacing=\"0\" cellpadding=\"0\">\n<tbody>\n<tr>\n<td valign=\"top\" width=\"144\">\n<h5 style=\"text-align: center;\"><b><a title=\"Fotografikoa Nafarroako artxibo\" href=\"http:\/\/www.lifetremedal.eu\/eu\/argazki-artxiboa\/fotografikoa-nafarroako-artxibo\/\">Nafarroa<\/a><\/b><\/h5>\n<\/td>\n<td valign=\"top\" width=\"144\">\n<h5 style=\"text-align: center;\"><b><a title=\"Euskadiko Artxibo fotografikoa\" href=\"http:\/\/www.lifetremedal.eu\/eu\/argazki-artxiboa\/euskadiko-artxibo-fotografikoa\/\">Euskadi<\/a><\/b><\/h5>\n<\/td>\n<td valign=\"top\" width=\"144\">\n<h5 style=\"text-align: center;\">\u00a0<a title=\"Argazki Artxiboa PN Picos de Europa\" href=\"http:\/\/www.lifetremedal.eu\/eu\/argazki-artxiboa\/argazki-artxiboa-pn-picos-de-europa\/\">Asturias PN Picos de Europa<\/a><\/h5>\n<\/td>\n<td valign=\"top\" width=\"144\">\n<h5 style=\"text-align: center;\">\u00a0<a title=\"Argazkien Galiziako Artxiboa\" href=\"http:\/\/www.lifetremedal.eu\/eu\/argazki-artxiboa\/argazkien-galiziako-artxiboa\/\">Galizia<\/a><\/h5>\n<\/td>\n<\/tr>\n<\/tbody>\n<\/table>\n<h5>General<\/h5>\n<style type=\"text\/css\">\n\t\t\t#gallery-1 {\n\t\t\t\tmargin: auto;\n\t\t\t}\n\t\t\t#gallery-1 .gallery-item {\n\t\t\t\tfloat: left;\n\t\t\t\tmargin-top: 10px;\n\t\t\t\ttext-align: center;\n\t\t\t\twidth: 33%;\n\t\t\t}\n\t\t\t#gallery-1 img {\n\t\t\t\tborder: 2px solid #cfcfcf;\n\t\t\t}\n\t\t\t#gallery-1 .gallery-caption {\n\t\t\t\tmargin-left: 0;\n\t\t\t}\n\t\t\t\/* see gallery_shortcode() in wp-includes\/media.php *\/\n\t\t<\/style>\n<div id='gallery-1' class='gallery galleryid-3947 gallery-columns-3 gallery-size-thumbnail'>\n<dl class='gallery-item'>\n<dt class='gallery-icon landscape'>\n\t\t\t\t<a href='https:\/\/lifetremedal.eu\/wp-content\/uploads\/Reuni\u00f3n-de-trabajo-Comision-Europea-2015.jpg'><img loading=\"lazy\" decoding=\"async\" width=\"150\" height=\"150\" src=\"https:\/\/lifetremedal.eu\/wp-content\/uploads\/Reuni\u00f3n-de-trabajo-Comision-Europea-2015-150x150.jpg\" class=\"attachment-thumbnail size-thumbnail\" alt=\"\" aria-describedby=\"gallery-1-10909\" \/><\/a>\n\t\t\t<\/dt>\n<dd class='wp-caption-text gallery-caption' id='gallery-1-10909'>\n\t\t\t\tReuni\u00f3n de trabajo Comision Europea 2015\n\t\t\t\t<\/dd>\n<\/dl>\n<dl class='gallery-item'>\n<dt class='gallery-icon landscape'>\n\t\t\t\t<a href='https:\/\/lifetremedal.eu\/wp-content\/uploads\/Visita-Comison-Europeoa-grupo-2015.jpg'><img loading=\"lazy\" decoding=\"async\" width=\"150\" height=\"150\" src=\"https:\/\/lifetremedal.eu\/wp-content\/uploads\/Visita-Comison-Europeoa-grupo-2015-150x150.jpg\" class=\"attachment-thumbnail size-thumbnail\" alt=\"\" aria-describedby=\"gallery-1-10901\" \/><\/a>\n\t\t\t<\/dt>\n<dd class='wp-caption-text gallery-caption' id='gallery-1-10901'>\n\t\t\t\tVisita Comison Europea 2015 (1)\n\t\t\t\t<\/dd>\n<\/dl>\n<dl class='gallery-item'>\n<dt class='gallery-icon landscape'>\n\t\t\t\t<a href='https:\/\/lifetremedal.eu\/wp-content\/uploads\/Visita-Comision-Europea-Belate-2015.jpg'><img loading=\"lazy\" decoding=\"async\" width=\"150\" height=\"150\" src=\"https:\/\/lifetremedal.eu\/wp-content\/uploads\/Visita-Comision-Europea-Belate-2015-150x150.jpg\" class=\"attachment-thumbnail size-thumbnail\" alt=\"\" aria-describedby=\"gallery-1-10913\" \/><\/a>\n\t\t\t<\/dt>\n<dd class='wp-caption-text gallery-caption' id='gallery-1-10913'>\n\t\t\t\tVisita Comision Europea Belate 2015 (2)\n\t\t\t\t<\/dd>\n<\/dl>\n<p><br style=\"clear: both\" \/><\/p>\n<dl class='gallery-item'>\n<dt class='gallery-icon landscape'>\n\t\t\t\t<a href='https:\/\/lifetremedal.eu\/wp-content\/uploads\/Visita-Comision-Europea-Belate-2015-2.jpg'><img loading=\"lazy\" decoding=\"async\" width=\"150\" height=\"150\" src=\"https:\/\/lifetremedal.eu\/wp-content\/uploads\/Visita-Comision-Europea-Belate-2015-2-150x150.jpg\" class=\"attachment-thumbnail size-thumbnail\" alt=\"\" aria-describedby=\"gallery-1-10917\" \/><\/a>\n\t\t\t<\/dt>\n<dd class='wp-caption-text gallery-caption' id='gallery-1-10917'>\n\t\t\t\tVisita Comision Europea Belate 2015 (3)\n\t\t\t\t<\/dd>\n<\/dl>\n<dl class='gallery-item'>\n<dt class='gallery-icon landscape'>\n\t\t\t\t<a href='https:\/\/lifetremedal.eu\/wp-content\/uploads\/Visita-Comision-Europea-Belate-2015-4.jpg'><img loading=\"lazy\" decoding=\"async\" width=\"150\" height=\"150\" src=\"https:\/\/lifetremedal.eu\/wp-content\/uploads\/Visita-Comision-Europea-Belate-2015-4-150x150.jpg\" class=\"attachment-thumbnail size-thumbnail\" alt=\"\" aria-describedby=\"gallery-1-10925\" \/><\/a>\n\t\t\t<\/dt>\n<dd class='wp-caption-text gallery-caption' id='gallery-1-10925'>\n\t\t\t\tVisita Comision Europea Belate 2015 (4)\n\t\t\t\t<\/dd>\n<\/dl>\n<dl class='gallery-item'>\n<dt class='gallery-icon landscape'>\n\t\t\t\t<a href='https:\/\/lifetremedal.eu\/wp-content\/uploads\/Visita-Comision-Europea-Belate-2015-5.jpg'><img loading=\"lazy\" decoding=\"async\" width=\"150\" height=\"150\" src=\"https:\/\/lifetremedal.eu\/wp-content\/uploads\/Visita-Comision-Europea-Belate-2015-5-150x150.jpg\" class=\"attachment-thumbnail size-thumbnail\" alt=\"\" aria-describedby=\"gallery-1-10921\" \/><\/a>\n\t\t\t<\/dt>\n<dd class='wp-caption-text gallery-caption' id='gallery-1-10921'>\n\t\t\t\tVisita Comision Europea Belate 2015 (5)\n\t\t\t\t<\/dd>\n<\/dl>\n<p><br style=\"clear: both\" \/><\/p>\n<dl class='gallery-item'>\n<dt class='gallery-icon portrait'>\n\t\t\t\t<a href='https:\/\/lifetremedal.eu\/wp-content\/uploads\/Ping\u00fcicula-grandiflora.jpg'><img loading=\"lazy\" decoding=\"async\" width=\"150\" height=\"150\" src=\"https:\/\/lifetremedal.eu\/wp-content\/uploads\/Ping\u00fcicula-grandiflora-150x150.jpg\" class=\"attachment-thumbnail size-thumbnail\" alt=\"\" aria-describedby=\"gallery-1-10905\" \/><\/a>\n\t\t\t<\/dt>\n<dd class='wp-caption-text gallery-caption' id='gallery-1-10905'>\n\t\t\t\tPing\u00fcicula grandiflora\n\t\t\t\t<\/dd>\n<\/dl>\n<dl class='gallery-item'>\n<dt class='gallery-icon landscape'>\n\t\t\t\t<a href='https:\/\/lifetremedal.eu\/wp-content\/uploads\/VI-Comite-Tecnico_-Gijon-23-4-2015.jpg'><img loading=\"lazy\" decoding=\"async\" width=\"150\" height=\"150\" src=\"https:\/\/lifetremedal.eu\/wp-content\/uploads\/VI-Comite-Tecnico_-Gijon-23-4-2015-150x150.jpg\" class=\"attachment-thumbnail size-thumbnail\" alt=\"\" aria-describedby=\"gallery-1-10573\" \/><\/a>\n\t\t\t<\/dt>\n<dd class='wp-caption-text gallery-caption' id='gallery-1-10573'>\n\t\t\t\tVI Comit\u00e9 T\u00e9cnico en Gij\u00f3n 23\/04\/2015\n\t\t\t\t<\/dd>\n<\/dl>\n<dl class='gallery-item'>\n<dt class='gallery-icon landscape'>\n\t\t\t\t<a href='https:\/\/lifetremedal.eu\/wp-content\/uploads\/VI-Comite-Tecnico_-JBA-Gijon-23-4-2015.jpg'><img loading=\"lazy\" decoding=\"async\" width=\"150\" height=\"150\" src=\"https:\/\/lifetremedal.eu\/wp-content\/uploads\/VI-Comite-Tecnico_-JBA-Gijon-23-4-2015-150x150.jpg\" class=\"attachment-thumbnail size-thumbnail\" alt=\"\" aria-describedby=\"gallery-1-10577\" \/><\/a>\n\t\t\t<\/dt>\n<dd class='wp-caption-text gallery-caption' id='gallery-1-10577'>\n\t\t\t\tVI Comit\u00e9 T\u00e9cnico en Gijon 23\/04\/2015\n\t\t\t\t<\/dd>\n<\/dl>\n<p><br style=\"clear: both\" \/><\/p>\n<dl class='gallery-item'>\n<dt class='gallery-icon landscape'>\n\t\t\t\t<a href='https:\/\/lifetremedal.eu\/wp-content\/uploads\/Visita-al-tremedal-flotante-del-lago-Ercina_24-4-2015.jpg'><img loading=\"lazy\" decoding=\"async\" width=\"150\" height=\"150\" src=\"https:\/\/lifetremedal.eu\/wp-content\/uploads\/Visita-al-tremedal-flotante-del-lago-Ercina_24-4-2015-150x150.jpg\" class=\"attachment-thumbnail size-thumbnail\" alt=\"\" aria-describedby=\"gallery-1-10581\" \/><\/a>\n\t\t\t<\/dt>\n<dd class='wp-caption-text gallery-caption' id='gallery-1-10581'>\n\t\t\t\tVisita al tremedal flotante del lago Ercina 24\/04\/2015\n\t\t\t\t<\/dd>\n<\/dl>\n<dl class='gallery-item'>\n<dt class='gallery-icon landscape'>\n\t\t\t\t<a href='https:\/\/lifetremedal.eu\/wp-content\/uploads\/Entrevista-en-el-JBS_VI-Comite-Tecnico-23-4-2015.jpg'><img loading=\"lazy\" decoding=\"async\" width=\"150\" height=\"150\" src=\"https:\/\/lifetremedal.eu\/wp-content\/uploads\/Entrevista-en-el-JBS_VI-Comite-Tecnico-23-4-2015-150x150.jpg\" class=\"attachment-thumbnail size-thumbnail\" alt=\"\" aria-describedby=\"gallery-1-10585\" \/><\/a>\n\t\t\t<\/dt>\n<dd class='wp-caption-text gallery-caption' id='gallery-1-10585'>\n\t\t\t\tEntrevista VI Comit\u00e9 T\u00e9cnico 23\/04\/2015\n\t\t\t\t<\/dd>\n<\/dl>\n<dl class='gallery-item'>\n<dt class='gallery-icon portrait'>\n\t\t\t\t<a href='https:\/\/lifetremedal.eu\/wp-content\/uploads\/Visita-al-tremedal-flotante-del-lago-Ercina_24-4-2015-2.jpg'><img loading=\"lazy\" decoding=\"async\" width=\"150\" height=\"150\" src=\"https:\/\/lifetremedal.eu\/wp-content\/uploads\/Visita-al-tremedal-flotante-del-lago-Ercina_24-4-2015-2-150x150.jpg\" class=\"attachment-thumbnail size-thumbnail\" alt=\"\" aria-describedby=\"gallery-1-10589\" \/><\/a>\n\t\t\t<\/dt>\n<dd class='wp-caption-text gallery-caption' id='gallery-1-10589'>\n\t\t\t\tVisita al tremedal flotante del lago Ercina 24\/04\/2015 (2)\n\t\t\t\t<\/dd>\n<\/dl>\n<p><br style=\"clear: both\" \/><\/p>\n<dl class='gallery-item'>\n<dt class='gallery-icon landscape'>\n\t\t\t\t<a href='https:\/\/lifetremedal.eu\/wp-content\/uploads\/11-2014_LUGO-NETWORKING_01.jpg'><img loading=\"lazy\" decoding=\"async\" width=\"150\" height=\"150\" src=\"https:\/\/lifetremedal.eu\/wp-content\/uploads\/11-2014_LUGO-NETWORKING_01-150x150.jpg\" class=\"attachment-thumbnail size-thumbnail\" alt=\"\" aria-describedby=\"gallery-1-10157\" \/><\/a>\n\t\t\t<\/dt>\n<dd class='wp-caption-text gallery-caption' id='gallery-1-10157'>\n\t\t\t\tNetworking Lugo (1)\n\t\t\t\t<\/dd>\n<\/dl>\n<dl class='gallery-item'>\n<dt class='gallery-icon landscape'>\n\t\t\t\t<a href='https:\/\/lifetremedal.eu\/wp-content\/uploads\/11-2014_LUGO-NETWORKING_02.jpg'><img loading=\"lazy\" decoding=\"async\" width=\"150\" height=\"150\" src=\"https:\/\/lifetremedal.eu\/wp-content\/uploads\/11-2014_LUGO-NETWORKING_02-150x150.jpg\" class=\"attachment-thumbnail size-thumbnail\" alt=\"\" aria-describedby=\"gallery-1-10137\" \/><\/a>\n\t\t\t<\/dt>\n<dd class='wp-caption-text gallery-caption' id='gallery-1-10137'>\n\t\t\t\tNetworking Lugo (2)\n\t\t\t\t<\/dd>\n<\/dl>\n<dl class='gallery-item'>\n<dt class='gallery-icon landscape'>\n\t\t\t\t<a href='https:\/\/lifetremedal.eu\/wp-content\/uploads\/11-2014_VI-Comite-Tecnico-TREMEDAL-LUGO_01.jpg'><img loading=\"lazy\" decoding=\"async\" width=\"150\" height=\"150\" src=\"https:\/\/lifetremedal.eu\/wp-content\/uploads\/11-2014_VI-Comite-Tecnico-TREMEDAL-LUGO_01-150x150.jpg\" class=\"attachment-thumbnail size-thumbnail\" alt=\"\" aria-describedby=\"gallery-1-10141\" \/><\/a>\n\t\t\t<\/dt>\n<dd class='wp-caption-text gallery-caption' id='gallery-1-10141'>\n\t\t\t\tVI Comite Tecnico en Lugo (1)\n\t\t\t\t<\/dd>\n<\/dl>\n<p><br style=\"clear: both\" \/><\/p>\n<dl class='gallery-item'>\n<dt class='gallery-icon landscape'>\n\t\t\t\t<a href='https:\/\/lifetremedal.eu\/wp-content\/uploads\/11-2014_VI-Comite-Tecnico-TREMEDAL-LUGO_02.jpg'><img loading=\"lazy\" decoding=\"async\" width=\"150\" height=\"150\" src=\"https:\/\/lifetremedal.eu\/wp-content\/uploads\/11-2014_VI-Comite-Tecnico-TREMEDAL-LUGO_02-150x150.jpg\" class=\"attachment-thumbnail size-thumbnail\" alt=\"\" aria-describedby=\"gallery-1-10145\" \/><\/a>\n\t\t\t<\/dt>\n<dd class='wp-caption-text gallery-caption' id='gallery-1-10145'>\n\t\t\t\tVI Comite Tecnico en Lugo (2)\n\t\t\t\t<\/dd>\n<\/dl>\n<dl class='gallery-item'>\n<dt class='gallery-icon landscape'>\n\t\t\t\t<a href='https:\/\/lifetremedal.eu\/wp-content\/uploads\/11-2014_Visita-Serra-do-Xistral_01.jpg'><img loading=\"lazy\" decoding=\"async\" width=\"150\" height=\"150\" src=\"https:\/\/lifetremedal.eu\/wp-content\/uploads\/11-2014_Visita-Serra-do-Xistral_01-150x150.jpg\" class=\"attachment-thumbnail size-thumbnail\" alt=\"\" aria-describedby=\"gallery-1-10149\" \/><\/a>\n\t\t\t<\/dt>\n<dd class='wp-caption-text gallery-caption' id='gallery-1-10149'>\n\t\t\t\tVisita Serra do Xistral (1)\n\t\t\t\t<\/dd>\n<\/dl>\n<dl class='gallery-item'>\n<dt class='gallery-icon landscape'>\n\t\t\t\t<a href='https:\/\/lifetremedal.eu\/wp-content\/uploads\/11-2014_Visita-Serra-do-Xistral_02.jpg'><img loading=\"lazy\" decoding=\"async\" width=\"150\" height=\"150\" src=\"https:\/\/lifetremedal.eu\/wp-content\/uploads\/11-2014_Visita-Serra-do-Xistral_02-150x150.jpg\" class=\"attachment-thumbnail size-thumbnail\" alt=\"\" aria-describedby=\"gallery-1-10153\" \/><\/a>\n\t\t\t<\/dt>\n<dd class='wp-caption-text gallery-caption' id='gallery-1-10153'>\n\t\t\t\tVisita Serra do Xistral (2)\n\t\t\t\t<\/dd>\n<\/dl>\n<p><br style=\"clear: both\" \/><\/p>\n<dl class='gallery-item'>\n<dt class='gallery-icon landscape'>\n\t\t\t\t<a href='https:\/\/lifetremedal.eu\/wp-content\/uploads\/Comite-Tecnico-en-Caicedo-Yuso-Arreo-1.jpg'><img loading=\"lazy\" decoding=\"async\" width=\"150\" height=\"150\" src=\"https:\/\/lifetremedal.eu\/wp-content\/uploads\/Comite-Tecnico-en-Caicedo-Yuso-Arreo-1-150x150.jpg\" class=\"attachment-thumbnail size-thumbnail\" alt=\"\" aria-describedby=\"gallery-1-9753\" \/><\/a>\n\t\t\t<\/dt>\n<dd class='wp-caption-text gallery-caption' id='gallery-1-9753'>\n\t\t\t\tComit\u00e9 T\u00e9cnico en Caicedo-Yuso-Arreo (1)\n\t\t\t\t<\/dd>\n<\/dl>\n<dl class='gallery-item'>\n<dt class='gallery-icon landscape'>\n\t\t\t\t<a href='https:\/\/lifetremedal.eu\/wp-content\/uploads\/Comite-Tecnico-en-Caicedo-Yuso-Arreo-2.jpg'><img loading=\"lazy\" decoding=\"async\" width=\"150\" height=\"150\" src=\"https:\/\/lifetremedal.eu\/wp-content\/uploads\/Comite-Tecnico-en-Caicedo-Yuso-Arreo-2-150x150.jpg\" class=\"attachment-thumbnail size-thumbnail\" alt=\"\" aria-describedby=\"gallery-1-9757\" \/><\/a>\n\t\t\t<\/dt>\n<dd class='wp-caption-text gallery-caption' id='gallery-1-9757'>\n\t\t\t\tComit\u00e9 T\u00e9cnico en Caicedo-Yuso-Arreo (2)\n\t\t\t\t<\/dd>\n<\/dl>\n<dl class='gallery-item'>\n<dt class='gallery-icon landscape'>\n\t\t\t\t<a href='https:\/\/lifetremedal.eu\/wp-content\/uploads\/Comite-Tecnico-en-Caicedo-Yuso-Arreo-3.jpg'><img loading=\"lazy\" decoding=\"async\" width=\"150\" height=\"150\" src=\"https:\/\/lifetremedal.eu\/wp-content\/uploads\/Comite-Tecnico-en-Caicedo-Yuso-Arreo-3-150x150.jpg\" class=\"attachment-thumbnail size-thumbnail\" alt=\"\" aria-describedby=\"gallery-1-9761\" \/><\/a>\n\t\t\t<\/dt>\n<dd class='wp-caption-text gallery-caption' id='gallery-1-9761'>\n\t\t\t\tComit\u00e9 T\u00e9cnico en Caicedo-Yuso-Arreo (3)\n\t\t\t\t<\/dd>\n<\/dl>\n<p><br style=\"clear: both\" \/><\/p>\n<dl class='gallery-item'>\n<dt class='gallery-icon landscape'>\n\t\t\t\t<a href='https:\/\/lifetremedal.eu\/wp-content\/uploads\/Comite-Tecnico-en-Caicedo-Yuso-Arreo.jpg'><img loading=\"lazy\" decoding=\"async\" width=\"150\" height=\"150\" src=\"https:\/\/lifetremedal.eu\/wp-content\/uploads\/Comite-Tecnico-en-Caicedo-Yuso-Arreo-150x150.jpg\" class=\"attachment-thumbnail size-thumbnail\" alt=\"\" aria-describedby=\"gallery-1-9765\" \/><\/a>\n\t\t\t<\/dt>\n<dd class='wp-caption-text gallery-caption' id='gallery-1-9765'>\n\t\t\t\tComit\u00e9 T\u00e9cnico en Caicedo-Yuso-Arreo\n\t\t\t\t<\/dd>\n<\/dl>\n<dl class='gallery-item'>\n<dt class='gallery-icon landscape'>\n\t\t\t\t<a href='https:\/\/lifetremedal.eu\/wp-content\/uploads\/Comite-Tecnico-en-Comeya-1.jpg'><img loading=\"lazy\" decoding=\"async\" width=\"150\" height=\"150\" src=\"https:\/\/lifetremedal.eu\/wp-content\/uploads\/Comite-Tecnico-en-Comeya-1-150x150.jpg\" class=\"attachment-thumbnail size-thumbnail\" alt=\"\" aria-describedby=\"gallery-1-9769\" \/><\/a>\n\t\t\t<\/dt>\n<dd class='wp-caption-text gallery-caption' id='gallery-1-9769'>\n\t\t\t\tComit\u00e9 T\u00e9cnico en Comeya (1)\n\t\t\t\t<\/dd>\n<\/dl>\n<dl class='gallery-item'>\n<dt class='gallery-icon landscape'>\n\t\t\t\t<a href='https:\/\/lifetremedal.eu\/wp-content\/uploads\/Comite-Tecnico-en-Comeya-2.jpg'><img loading=\"lazy\" decoding=\"async\" width=\"150\" height=\"150\" src=\"https:\/\/lifetremedal.eu\/wp-content\/uploads\/Comite-Tecnico-en-Comeya-2-150x150.jpg\" class=\"attachment-thumbnail size-thumbnail\" alt=\"\" aria-describedby=\"gallery-1-9773\" \/><\/a>\n\t\t\t<\/dt>\n<dd class='wp-caption-text gallery-caption' id='gallery-1-9773'>\n\t\t\t\tComit\u00e9 T\u00e9cnico en Comeya (2)\n\t\t\t\t<\/dd>\n<\/dl>\n<p><br style=\"clear: both\" \/><\/p>\n<dl class='gallery-item'>\n<dt class='gallery-icon landscape'>\n\t\t\t\t<a href='https:\/\/lifetremedal.eu\/wp-content\/uploads\/Comite-Tecnico-en-Comeya-3.jpg'><img loading=\"lazy\" decoding=\"async\" width=\"150\" height=\"150\" src=\"https:\/\/lifetremedal.eu\/wp-content\/uploads\/Comite-Tecnico-en-Comeya-3-150x150.jpg\" class=\"attachment-thumbnail size-thumbnail\" alt=\"\" aria-describedby=\"gallery-1-9777\" \/><\/a>\n\t\t\t<\/dt>\n<dd class='wp-caption-text gallery-caption' id='gallery-1-9777'>\n\t\t\t\tComit\u00e9 T\u00e9cnico en Comeya (3)\n\t\t\t\t<\/dd>\n<\/dl>\n<dl class='gallery-item'>\n<dt class='gallery-icon landscape'>\n\t\t\t\t<a href='https:\/\/lifetremedal.eu\/wp-content\/uploads\/Comite-Tecnico-en-Comeya.jpg'><img loading=\"lazy\" decoding=\"async\" width=\"150\" height=\"150\" src=\"https:\/\/lifetremedal.eu\/wp-content\/uploads\/Comite-Tecnico-en-Comeya-150x150.jpg\" class=\"attachment-thumbnail size-thumbnail\" alt=\"\" aria-describedby=\"gallery-1-9781\" \/><\/a>\n\t\t\t<\/dt>\n<dd class='wp-caption-text gallery-caption' id='gallery-1-9781'>\n\t\t\t\tComit\u00e9 T\u00e9cnico en Comeya\n\t\t\t\t<\/dd>\n<\/dl>\n<dl class='gallery-item'>\n<dt class='gallery-icon landscape'>\n\t\t\t\t<a href='https:\/\/lifetremedal.eu\/wp-content\/uploads\/Comite-Tecnico-en-el-JBA-1.jpg'><img loading=\"lazy\" decoding=\"async\" width=\"150\" height=\"150\" src=\"https:\/\/lifetremedal.eu\/wp-content\/uploads\/Comite-Tecnico-en-el-JBA-1-150x150.jpg\" class=\"attachment-thumbnail size-thumbnail\" alt=\"\" aria-describedby=\"gallery-1-9785\" \/><\/a>\n\t\t\t<\/dt>\n<dd class='wp-caption-text gallery-caption' id='gallery-1-9785'>\n\t\t\t\tComit\u00e9 T\u00e9cnico en el JBA (1)\n\t\t\t\t<\/dd>\n<\/dl>\n<p><br style=\"clear: both\" \/><\/p>\n<dl class='gallery-item'>\n<dt class='gallery-icon landscape'>\n\t\t\t\t<a href='https:\/\/lifetremedal.eu\/wp-content\/uploads\/Comite-Tecnico-en-el-JBA-2.jpg'><img loading=\"lazy\" decoding=\"async\" width=\"150\" height=\"150\" src=\"https:\/\/lifetremedal.eu\/wp-content\/uploads\/Comite-Tecnico-en-el-JBA-2-150x150.jpg\" class=\"attachment-thumbnail size-thumbnail\" alt=\"\" aria-describedby=\"gallery-1-9789\" \/><\/a>\n\t\t\t<\/dt>\n<dd class='wp-caption-text gallery-caption' id='gallery-1-9789'>\n\t\t\t\tComit\u00e9 T\u00e9cnico en el JBA (2)\n\t\t\t\t<\/dd>\n<\/dl>\n<dl class='gallery-item'>\n<dt class='gallery-icon landscape'>\n\t\t\t\t<a href='https:\/\/lifetremedal.eu\/wp-content\/uploads\/Comite-Tecnico-en-el-JBA-3.jpg'><img loading=\"lazy\" decoding=\"async\" width=\"150\" height=\"150\" src=\"https:\/\/lifetremedal.eu\/wp-content\/uploads\/Comite-Tecnico-en-el-JBA-3-150x150.jpg\" class=\"attachment-thumbnail size-thumbnail\" alt=\"\" aria-describedby=\"gallery-1-9793\" \/><\/a>\n\t\t\t<\/dt>\n<dd class='wp-caption-text gallery-caption' id='gallery-1-9793'>\n\t\t\t\tComit\u00e9 T\u00e9cnico en el JBA (3)\n\t\t\t\t<\/dd>\n<\/dl>\n<dl class='gallery-item'>\n<dt class='gallery-icon landscape'>\n\t\t\t\t<a href='https:\/\/lifetremedal.eu\/wp-content\/uploads\/Comite-Tecnico-en-el-JBA.jpg'><img loading=\"lazy\" decoding=\"async\" width=\"150\" height=\"150\" src=\"https:\/\/lifetremedal.eu\/wp-content\/uploads\/Comite-Tecnico-en-el-JBA-150x150.jpg\" class=\"attachment-thumbnail size-thumbnail\" alt=\"\" aria-describedby=\"gallery-1-9797\" \/><\/a>\n\t\t\t<\/dt>\n<dd class='wp-caption-text gallery-caption' id='gallery-1-9797'>\n\t\t\t\tComit\u00e9 T\u00e9cnico en el JBA\n\t\t\t\t<\/dd>\n<\/dl>\n<p><br style=\"clear: both\" \/><\/p>\n<dl class='gallery-item'>\n<dt class='gallery-icon landscape'>\n\t\t\t\t<a href='https:\/\/lifetremedal.eu\/wp-content\/uploads\/Detalles-de-la-visita-del-Comite-Tecnico-a-Comeya-4.jpg'><img loading=\"lazy\" decoding=\"async\" width=\"150\" height=\"150\" src=\"https:\/\/lifetremedal.eu\/wp-content\/uploads\/Detalles-de-la-visita-del-Comite-Tecnico-a-Comeya-4-150x150.jpg\" class=\"attachment-thumbnail size-thumbnail\" alt=\"\" aria-describedby=\"gallery-1-9801\" \/><\/a>\n\t\t\t<\/dt>\n<dd class='wp-caption-text gallery-caption' id='gallery-1-9801'>\n\t\t\t\tDetalles de la visita del Comit\u00e9 T\u00e9cnico a Comeya (4)\n\t\t\t\t<\/dd>\n<\/dl>\n<dl class='gallery-item'>\n<dt class='gallery-icon landscape'>\n\t\t\t\t<a href='https:\/\/lifetremedal.eu\/wp-content\/uploads\/Detalles-de-la-visita-del-Comite-Tecnico-a-Comeya-5.jpg'><img loading=\"lazy\" decoding=\"async\" width=\"150\" height=\"150\" src=\"https:\/\/lifetremedal.eu\/wp-content\/uploads\/Detalles-de-la-visita-del-Comite-Tecnico-a-Comeya-5-150x150.jpg\" class=\"attachment-thumbnail size-thumbnail\" alt=\"\" aria-describedby=\"gallery-1-9805\" \/><\/a>\n\t\t\t<\/dt>\n<dd class='wp-caption-text gallery-caption' id='gallery-1-9805'>\n\t\t\t\tDetalles de la visita del Comit\u00e9 T\u00e9cnico a Comeya (5)\n\t\t\t\t<\/dd>\n<\/dl>\n<dl class='gallery-item'>\n<dt class='gallery-icon landscape'>\n\t\t\t\t<a href='https:\/\/lifetremedal.eu\/wp-content\/uploads\/Detalles-de-la-visita-del-Comite-Tecnico-a-Comeya-6.jpg'><img loading=\"lazy\" decoding=\"async\" width=\"150\" height=\"150\" src=\"https:\/\/lifetremedal.eu\/wp-content\/uploads\/Detalles-de-la-visita-del-Comite-Tecnico-a-Comeya-6-150x150.jpg\" class=\"attachment-thumbnail size-thumbnail\" alt=\"\" aria-describedby=\"gallery-1-9809\" \/><\/a>\n\t\t\t<\/dt>\n<dd class='wp-caption-text gallery-caption' id='gallery-1-9809'>\n\t\t\t\tDetalles de la visita del Comit\u00e9 T\u00e9cnico a Comeya (6)\n\t\t\t\t<\/dd>\n<\/dl>\n<p><br style=\"clear: both\" \/><\/p>\n<dl class='gallery-item'>\n<dt class='gallery-icon landscape'>\n\t\t\t\t<a href='https:\/\/lifetremedal.eu\/wp-content\/uploads\/Detalles-de-la-visita-del-Comite-Tecnico-a-Comeya-7.jpg'><img loading=\"lazy\" decoding=\"async\" width=\"150\" height=\"150\" src=\"https:\/\/lifetremedal.eu\/wp-content\/uploads\/Detalles-de-la-visita-del-Comite-Tecnico-a-Comeya-7-150x150.jpg\" class=\"attachment-thumbnail size-thumbnail\" alt=\"\" aria-describedby=\"gallery-1-9813\" \/><\/a>\n\t\t\t<\/dt>\n<dd class='wp-caption-text gallery-caption' id='gallery-1-9813'>\n\t\t\t\tDetalles de la visita del Comit\u00e9 T\u00e9cnico a Comeya (7)\n\t\t\t\t<\/dd>\n<\/dl>\n<dl class='gallery-item'>\n<dt class='gallery-icon landscape'>\n\t\t\t\t<a href='https:\/\/lifetremedal.eu\/wp-content\/uploads\/Detalles-de-la-visita-del-Comite-Tecnico-a-Comeya-8.jpg'><img loading=\"lazy\" decoding=\"async\" width=\"150\" height=\"150\" src=\"https:\/\/lifetremedal.eu\/wp-content\/uploads\/Detalles-de-la-visita-del-Comite-Tecnico-a-Comeya-8-150x150.jpg\" class=\"attachment-thumbnail size-thumbnail\" alt=\"\" aria-describedby=\"gallery-1-9817\" \/><\/a>\n\t\t\t<\/dt>\n<dd class='wp-caption-text gallery-caption' id='gallery-1-9817'>\n\t\t\t\tDetalles de la visita del Comit\u00e9 T\u00e9cnico a Comeya (8)\n\t\t\t\t<\/dd>\n<\/dl>\n<dl class='gallery-item'>\n<dt class='gallery-icon landscape'>\n\t\t\t\t<a href='https:\/\/lifetremedal.eu\/wp-content\/uploads\/Detalles-de-la-visita-del-Comite-Tecnico-a-Comeya-9.jpg'><img loading=\"lazy\" decoding=\"async\" width=\"150\" height=\"150\" src=\"https:\/\/lifetremedal.eu\/wp-content\/uploads\/Detalles-de-la-visita-del-Comite-Tecnico-a-Comeya-9-150x150.jpg\" class=\"attachment-thumbnail size-thumbnail\" alt=\"\" aria-describedby=\"gallery-1-9821\" \/><\/a>\n\t\t\t<\/dt>\n<dd class='wp-caption-text gallery-caption' id='gallery-1-9821'>\n\t\t\t\tDetalles de la visita del Comit\u00e9 T\u00e9cnico a Comeya (9)\n\t\t\t\t<\/dd>\n<\/dl>\n<p><br style=\"clear: both\" \/><\/p>\n<dl class='gallery-item'>\n<dt class='gallery-icon landscape'>\n\t\t\t\t<a href='https:\/\/lifetremedal.eu\/wp-content\/uploads\/Detalles-de-la-visita-del-Comite-Tecnico-a-Comeya-10.jpg'><img loading=\"lazy\" decoding=\"async\" width=\"150\" height=\"150\" src=\"https:\/\/lifetremedal.eu\/wp-content\/uploads\/Detalles-de-la-visita-del-Comite-Tecnico-a-Comeya-10-150x150.jpg\" class=\"attachment-thumbnail size-thumbnail\" alt=\"\" aria-describedby=\"gallery-1-9825\" \/><\/a>\n\t\t\t<\/dt>\n<dd class='wp-caption-text gallery-caption' id='gallery-1-9825'>\n\t\t\t\tDetalles de la visita del Comit\u00e9 T\u00e9cnico a Comeya (10)\n\t\t\t\t<\/dd>\n<\/dl>\n<dl class='gallery-item'>\n<dt class='gallery-icon landscape'>\n\t\t\t\t<a href='https:\/\/lifetremedal.eu\/wp-content\/uploads\/Detalles-de-la-visita-del-Comite-Tecnico-a-Comeya-11.jpg'><img loading=\"lazy\" decoding=\"async\" width=\"150\" height=\"150\" src=\"https:\/\/lifetremedal.eu\/wp-content\/uploads\/Detalles-de-la-visita-del-Comite-Tecnico-a-Comeya-11-150x150.jpg\" class=\"attachment-thumbnail size-thumbnail\" alt=\"\" aria-describedby=\"gallery-1-9829\" \/><\/a>\n\t\t\t<\/dt>\n<dd class='wp-caption-text gallery-caption' id='gallery-1-9829'>\n\t\t\t\tDetalles de la visita del Comit\u00e9 T\u00e9cnico a Comeya (11)\n\t\t\t\t<\/dd>\n<\/dl>\n<dl class='gallery-item'>\n<dt class='gallery-icon landscape'>\n\t\t\t\t<a href='https:\/\/lifetremedal.eu\/wp-content\/uploads\/El-Comite-Tecnico-visita-la-turabera-de-la-Vega-de-Comeya.jpg'><img loading=\"lazy\" decoding=\"async\" width=\"150\" height=\"150\" src=\"https:\/\/lifetremedal.eu\/wp-content\/uploads\/El-Comite-Tecnico-visita-la-turabera-de-la-Vega-de-Comeya-150x150.jpg\" class=\"attachment-thumbnail size-thumbnail\" alt=\"\" aria-describedby=\"gallery-1-9833\" \/><\/a>\n\t\t\t<\/dt>\n<dd class='wp-caption-text gallery-caption' id='gallery-1-9833'>\n\t\t\t\tEl Comit\u00e9 T\u00e9cnico visita la turabera de la Vega de Comeya\n\t\t\t\t<\/dd>\n<\/dl>\n<p><br style=\"clear: both\" \/>\n\t\t<\/div>\n","protected":false},"excerpt":{"rendered":"<p>Nafarroa Euskadi \u00a0Asturias PN Picos de Europa \u00a0Galizia General<\/p>\n","protected":false},"author":2,"featured_media":0,"parent":0,"menu_order":0,"comment_status":"open","ping_status":"closed","template":"","meta":{"footnotes":""},"class_list":["post-3947","page","type-page","status-publish","hentry"],"_links":{"self":[{"href":"https:\/\/lifetremedal.eu\/eu\/wp-json\/wp\/v2\/pages\/3947","targetHints":{"allow":["GET"]}}],"collection":[{"href":"https:\/\/lifetremedal.eu\/eu\/wp-json\/wp\/v2\/pages"}],"about":[{"href":"https:\/\/lifetremedal.eu\/eu\/wp-json\/wp\/v2\/types\/page"}],"author":[{"embeddable":true,"href":"https:\/\/lifetremedal.eu\/eu\/wp-json\/wp\/v2\/users\/2"}],"replies":[{"embeddable":true,"href":"https:\/\/lifetremedal.eu\/eu\/wp-json\/wp\/v2\/comments?post=3947"}],"version-history":[{"count":8,"href":"https:\/\/lifetremedal.eu\/eu\/wp-json\/wp\/v2\/pages\/3947\/revisions"}],"predecessor-version":[{"id":6256,"href":"https:\/\/lifetremedal.eu\/eu\/wp-json\/wp\/v2\/pages\/3947\/revisions\/6256"}],"wp:attachment":[{"href":"https:\/\/lifetremedal.eu\/eu\/wp-json\/wp\/v2\/media?parent=3947"}],"curies":[{"name":"wp","href":"https:\/\/api.w.org\/{rel}","templated":true}]}}