{"id":1791,"date":"2013-10-22T14:31:26","date_gmt":"2013-10-22T12:31:26","guid":{"rendered":"http:\/\/www.lifetremedal.eu\/?page_id=1791"},"modified":"2023-02-10T15:22:45","modified_gmt":"2023-02-10T14:22:45","slug":"lixketa","status":"publish","type":"page","link":"https:\/\/lifetremedal.eu\/eu\/hezeguneak\/lixketa\/","title":{"rendered":"Lixketa"},"content":{"rendered":"<div class=\"one_half\">\n<p><strong>Kokagunearen izena: <\/strong>Lixketa<br \/>\n<strong>Babes kategoriak: <\/strong>Bere ingurumen balioagatik babeseko lurzoru urbanizaezin gisa jasota dago, hezeguneen artean, \u201cNafarroa atlantikoa&#8221; izeneko Lurraldearen Antolamenduko 1. Planean.<br \/>\n<strong>Kokagunea: <\/strong>Baztan udalerrian kokatzen da.<br \/>\n<strong>Eskualdea: <\/strong>Nafarroa<br \/>\n<strong>Erreferentziazko koordenatua: <\/strong>30TXN2270<br \/>\n<strong>Hezegunearen azalera: <\/strong>1,54 hektarea.<br \/>\n<strong>Altitudea: <\/strong>675 metro.<\/p>\n<p><a href=\"http:\/\/www.lifetremedal.eu\/wp-content\/uploads\/Navarra_TremedalEnclaves_A4_Lixketa.pdf\">Ikusi mapa<\/a><\/p>\n<\/div>\n<div class=\"one_half\">\n<p><img loading=\"lazy\" decoding=\"async\" class=\"alignnone size-medium wp-image-321\" alt=\"Lixketa\" src=\"http:\/\/www.lifetremedal.eu\/wp-content\/uploads\/Lixketa-300x169.jpg\" width=\"300\" height=\"169\" srcset=\"https:\/\/lifetremedal.eu\/wp-content\/uploads\/Lixketa-300x169.jpg 300w, https:\/\/lifetremedal.eu\/wp-content\/uploads\/Lixketa.jpg 320w\" sizes=\"auto, (max-width: 300px) 100vw, 300px\" \/><\/p>\n<\/div>\n<div class=\"hr hr-dotted\">&nbsp;<\/div>\n<h5>Toki hau, 1,54 hektarea ingurukoa, Argintzu mendiaren iparraldeko hegalean kokatzen da eta pagadiz inguratuta dago. Bertan gune nagusi bat dago, handigoa eta zertxobait heterogeneoa, hainbat iturbegirekin, eta beste gune batzuk, ekialderantz kokatzen direnak, txikiagoak, lur hezearekin eta <em>Salix atrocinerea<\/em> espeziearen sahastiez osatuak.<\/h5>\n<p>Gunerik zabalenean daude esfagno tapizak. Bertan, argi eta garbi bereiz daitezke, batetik, urak iparralderantz isurtzen dituen partea, emari etena duen ibilgu txiki baina nahiko markatuarekin, pagadian filtratzen dena, eta, bestetik, urak mendebalderantz isurtzen dituen partea, alboko larrearen bidez. Bigarren zati honek hainbat iturburu txikiren ura jasotzen du eta partzialki eraldatuta dago, drainatze zangak kausa. Gune zabalago honetako pagadiarekin harremanetan, <em>Salix atrocinerea<\/em> eta <em>Alnus glutinosa<\/em> espezieen sahasti bat garatzen da. Gainera, gune hezeak larrean barrena jarraitzen du, nahiz eta floraren osaera aldatu egiten den, belardiko landareak nagusi direla.<\/p>\n<dl class=\"accordion\"><dt>BALIORIK ESANGURATSUENAK<\/dt><dd><p><span style=\"color: #ff0000;\"><strong>Berezitasuna<\/strong><\/span><br \/>\nLixketa berezia da bere oligotrofiagatik eta izaera azidofilo nabarmenagatik.<\/p>\n<p><span style=\"color: #ff0000;\"><strong>Balio biologiko eta ekologikoak<\/strong><\/span><br \/>\nLixketa zohikaztegiko txilardun esfagno tapizek eta \u201c6410 <em>Molinia caerulea<\/em>dun larreak, substratu karetsu, zohikaztsu edo buztintsu-limotsuetan (<em>Molinion caeruleae<\/em>)\u201d eta \u201c7140 Trantsizio zohikaztegiak\u201d izeneko Batasunaren Intereseko Habitatetako berezko beste espezie bereizgarri batzuek okupatzen duten azaleragatik gailentzen da. Era berean, flora berezia dauka, <em>Dryopteris carthusiana<\/em> iratzea eta <em>Odontoschisma sphagni hepatika <\/em>gailentzen direlarik.<\/p>\n<p><span style=\"color: #ff0000;\"><strong>Balio historiko eta paleoekologikoak<\/strong><\/span><br \/>\nLos h\u00e1bitats higroturbosos del enclave de Lixketa no cuentan con dep\u00f3sitos relevantes desde el punto de vista paleoecol\u00f3gico.<\/p>\n<p><span style=\"color: #ff0000;\"><strong>Batasunaren Intereseko Habitatak<\/strong><\/span><\/p>\n<table width=\"437\" border=\"1\" cellspacing=\"0\" cellpadding=\"0\">\n<tbody>\n<tr>\n<td valign=\"top\" width=\"56\"><strong>Habitata<\/strong><\/td>\n<td valign=\"top\" width=\"381\"><\/td>\n<\/tr>\n<tr>\n<td valign=\"top\" width=\"56\">4020*<\/td>\n<td valign=\"top\" width=\"381\"><em>Erica ciliaris<\/em> eta <em>Erica tetralixen <\/em>gune epeletako txilardi heze atlantikoak<\/td>\n<\/tr>\n<tr>\n<td valign=\"top\" width=\"56\">6410<\/td>\n<td valign=\"top\" width=\"381\"><em>Molinia caerulea<\/em>dun larreak, substratu karetsu, zohikaztsu edo buztintsu-limotsuetan (<em>Molinion caeruleae<\/em>)<\/td>\n<\/tr>\n<tr>\n<td valign=\"top\" width=\"56\">7140<\/td>\n<td valign=\"top\" width=\"381\">Trantsizio zohikaztegiak<\/td>\n<\/tr>\n<\/tbody>\n<\/table>\n<p>&nbsp;<\/p>\n<p><span style=\"color: #ff0000;\"><strong>Flora<\/strong><\/span><br \/>\nLixketan <em>Narthecium ossifragum <\/em>espeziearen garapen handia nabarmena da, nahiz eta kasu honetan ez den Azaldegin bezain ikusgarria. Flora elementurik esanguratsuena, hala ere, <em>Dryopteris carthusiana<\/em> iratzea da. Urez betetako gunerik eutrofoetako berezko espezieen falta nabarmena da, <em>Anagallis tenella, Carex demissa, C. panicea, Juncus articulatus<\/em> eta <em>Pinguicula grandiflora <\/em>espezieena, esaterako. Bestalde, <em>Molinia caerulea,<\/em> inguru paraturbosoetan nahiko ugaria dena, bai urez betetako guneetan, bai gailur eta txilardietan, urria da Lixketan.<br \/>\nBriofitoen artean <em>Odontoschisma sphagni hepatika<\/em>ren presentzia azpimarratzekoa da.<br \/>\nLandare baskularren 51 espezie eta briofitoen 20 espezie erregistratu dira, horien artean zazpi esfagno.<\/p>\n<p><span style=\"color: #ff0000;\"><strong>Fauna<\/strong><\/span><br \/>\nLixketako habitat higroturbosoen artean orain arte ez da egiaztatu fauna espezie esanguratsurik dagoenik.<\/p>\n<\/dd><dt>EGUNGO EGOERA<\/dt><dd><p>Toki hau kontserbazio egoera onean dago, baina hezegunearen funtzionamendu hidrologikoak aldaketa txikiak jasan ditu, drainatze zangen bidez.<br \/>\nDrainatzearen ondoriozko aldaketez gain, mendebaldetik kokagunea 100 metro ingurutan inguratzen duen pista bat dago. Pista hau hobetuz gero, tokia nahiko aldatuko litzateke.<br \/>\nAzkenik, abeltzaintzaren presioa igoko balitz, tokiaren kontserbazioa arriskuan jarri ahalko litzateke, artzaintza jarduerak, lurra mugitzeak eta higatzeak, ur hartuneak jartzeak eta sua erabiltzeak dituzten ondorioengatik.<\/p>\n<\/dd><dt>KUDEAKETA ETA KONTSERBAZIORAKO ZUZENTARAUAK<\/dt><dd><p>Tokiko kontserbazio helburuak lortzeko, zaintza eta prebentziorako programa bat ezarri beharko litzateke, aldaketa negatiboak antzeman edo prebenitu ahal izateko.<br \/>\nPrograma honetan abeltzaintza erabileraren jarraipena egingo litzateke, bai abeltzaintza kargarena, berau igo ez dadin eta zapalketak eta artzaintzak eragiten duten eragina saihestu dadin, bai horrek eragiten dituen jarduerena: erretzeak eta sastraka garbiketak, baldin eta lur lehorretan egiten ez badira.<br \/>\nTokia mendebaldetik mugatzen duen pistarako irtenbide bat aurreikusi eta dauden drainatze zangak zuzendu beharko lirateke.<\/p>\n<p>&nbsp;<\/p>\n<\/dd><dt>FOTOS ARGAZKIAK<\/dt><dd><p><div id=\"attachment_331\" style=\"width: 401px\" class=\"wp-caption alignnone\"><img loading=\"lazy\" decoding=\"async\" aria-describedby=\"caption-attachment-331\" class=\"size-full wp-image-331\" alt=\"A Gunearen ikuspegi orokorra mendebalderantz (P. Heras)\" src=\"http:\/\/www.lifetremedal.eu\/wp-content\/uploads\/Lixketa-1.jpg\" width=\"391\" height=\"258\" srcset=\"https:\/\/lifetremedal.eu\/wp-content\/uploads\/Lixketa-1.jpg 587w, https:\/\/lifetremedal.eu\/wp-content\/uploads\/Lixketa-1-300x198.jpg 300w\" sizes=\"auto, (max-width: 391px) 100vw, 391px\" \/><\/p>\n<p id=\"caption-attachment-331\" class=\"wp-caption-text\">A Gunearen ikuspegi orokorra mendebalderantz (P. Heras)<\/p>\n<\/div>\n<p><div id=\"attachment_338\" style=\"width: 414px\" class=\"wp-caption alignnone\"><img loading=\"lazy\" decoding=\"async\" aria-describedby=\"caption-attachment-338\" class=\"size-full wp-image-338\" alt=\"  A Gunearen itxura orokorra hegoalderantz, Salix atrocinerea espeziearen ertzaren sakonean, lehenengo planoan, ibarra - irteera erreka (P. Heras).\" src=\"http:\/\/www.lifetremedal.eu\/wp-content\/uploads\/Lixketa-4.jpg\" width=\"404\" height=\"267\" srcset=\"https:\/\/lifetremedal.eu\/wp-content\/uploads\/Lixketa-4.jpg 587w, https:\/\/lifetremedal.eu\/wp-content\/uploads\/Lixketa-4-300x198.jpg 300w\" sizes=\"auto, (max-width: 404px) 100vw, 404px\" \/><\/p>\n<p id=\"caption-attachment-338\" class=\"wp-caption-text\">A Gunearen itxura orokorra hegoalderantz, <em>Salix atrocinerea<\/em> espeziearen ertzaren sakonean, lehenengo planoan, ibarra &#8211; irteera erreka (P. Heras)<\/p>\n<\/div>\n<p><div id=\"attachment_332\" style=\"width: 404px\" class=\"wp-caption alignnone\"><img loading=\"lazy\" decoding=\"async\" aria-describedby=\"caption-attachment-332\" class=\"size-full wp-image-332\" alt=\" Txilardi esfagnoduna. (P. Heras)\" src=\"http:\/\/www.lifetremedal.eu\/wp-content\/uploads\/Lixketa-2.jpg\" width=\"394\" height=\"260\" srcset=\"https:\/\/lifetremedal.eu\/wp-content\/uploads\/Lixketa-2.jpg 587w, https:\/\/lifetremedal.eu\/wp-content\/uploads\/Lixketa-2-300x198.jpg 300w\" sizes=\"auto, (max-width: 394px) 100vw, 394px\" \/><\/p>\n<p id=\"caption-attachment-332\" class=\"wp-caption-text\">Txilardi esfagnoduna. (P. Heras)<\/p>\n<\/div>\n<p><div id=\"attachment_333\" style=\"width: 597px\" class=\"wp-caption alignnone\"><img loading=\"lazy\" decoding=\"async\" aria-describedby=\"caption-attachment-333\" class=\"size-full wp-image-333\" alt=\" Txilardi esfagnodunaren xehetasuna, Erico-Sphagnetum papillosi (P. Heras)\" src=\"http:\/\/www.lifetremedal.eu\/wp-content\/uploads\/Lixketa-3.jpg\" width=\"587\" height=\"388\" srcset=\"https:\/\/lifetremedal.eu\/wp-content\/uploads\/Lixketa-3.jpg 587w, https:\/\/lifetremedal.eu\/wp-content\/uploads\/Lixketa-3-300x198.jpg 300w\" sizes=\"auto, (max-width: 587px) 100vw, 587px\" \/><\/p>\n<p id=\"caption-attachment-333\" class=\"wp-caption-text\">Txilardi esfagnodunaren xehetasuna, <em>Erico-Sphagnetum papillosi<\/em> (P. Heras)<\/p>\n<\/div>\n<\/dd><\/dl>","protected":false},"excerpt":{"rendered":"<p>Toki hau, 1,54 hektarea ingurukoa, Argintzu mendiaren iparraldeko hegalean kokatzen da eta pagadiz inguratuta dago. Bertan gune nagusi bat dago, handigoa eta zertxobait heterogeneoa, hainbat iturbegirekin, eta beste gune batzuk, ekialderantz kokatzen direnak, txikiagoak, lur hezearekin eta Salix atrocinerea espeziearen sahastiez osatuak. Gunerik zabalenean daude esfagno tapizak. Bertan, argi eta garbi bereiz daitezke, batetik, urak [&hellip;]<\/p>\n","protected":false},"author":2,"featured_media":0,"parent":1016,"menu_order":0,"comment_status":"open","ping_status":"closed","template":"page-template-left-nav.php","meta":{"footnotes":""},"class_list":["post-1791","page","type-page","status-publish","hentry"],"_links":{"self":[{"href":"https:\/\/lifetremedal.eu\/eu\/wp-json\/wp\/v2\/pages\/1791","targetHints":{"allow":["GET"]}}],"collection":[{"href":"https:\/\/lifetremedal.eu\/eu\/wp-json\/wp\/v2\/pages"}],"about":[{"href":"https:\/\/lifetremedal.eu\/eu\/wp-json\/wp\/v2\/types\/page"}],"author":[{"embeddable":true,"href":"https:\/\/lifetremedal.eu\/eu\/wp-json\/wp\/v2\/users\/2"}],"replies":[{"embeddable":true,"href":"https:\/\/lifetremedal.eu\/eu\/wp-json\/wp\/v2\/comments?post=1791"}],"version-history":[{"count":18,"href":"https:\/\/lifetremedal.eu\/eu\/wp-json\/wp\/v2\/pages\/1791\/revisions"}],"predecessor-version":[{"id":12009,"href":"https:\/\/lifetremedal.eu\/eu\/wp-json\/wp\/v2\/pages\/1791\/revisions\/12009"}],"up":[{"embeddable":true,"href":"https:\/\/lifetremedal.eu\/eu\/wp-json\/wp\/v2\/pages\/1016"}],"wp:attachment":[{"href":"https:\/\/lifetremedal.eu\/eu\/wp-json\/wp\/v2\/media?parent=1791"}],"curies":[{"name":"wp","href":"https:\/\/api.w.org\/{rel}","templated":true}]}}