{"id":904,"date":"2017-02-02T11:23:23","date_gmt":"2017-02-02T10:23:23","guid":{"rendered":"http:\/\/www.lifetremedal.eu\/?page_id=904"},"modified":"2017-03-08T14:50:03","modified_gmt":"2017-03-08T13:50:03","slug":"press","status":"publish","type":"page","link":"https:\/\/lifetremedal.eu\/en\/press\/","title":{"rendered":"Press"},"content":{"rendered":"<h3>Press articles related with the Life + Tremedal project<\/h3>\n<div class=\"one_third\">\n<h4>2017<\/h4>\n<p><a href=\"http:\/\/www.lifetremedal.eu\/site\/wp-content\/uploads\/20-minutos-La-Universidad-conmemora-la-Convencion-Internacional-sobre-los-Humedales-con-un-acto-en-Mieres.pdf\">[PDF] 01-02-2017 20 minutos<\/a><br \/>\n<a href=\"http:\/\/www.lifetremedal.eu\/site\/wp-content\/uploads\/Europa-Press-La-Universidad-conmemora-la-Convencion-Internacional-sobre-los-Humedales-con-un-acto-en-Mieres.pdf\">[PDF] 01-02-2017 Europa Press<\/a><br \/>\n<a href=\"http:\/\/www.lifetremedal.eu\/site\/wp-content\/uploads\/La-Vanguardia-La-Universidad-conmemora-la-Convenci\u00f3n-Internacional-sobre-los-Humedales-con-un-acto-en-Mieres.pdf\"> [PDF] 01-02-2017 La Vanguardia<\/a><br \/>\n<a href=\"http:\/\/www.lifetremedal.eu\/site\/wp-content\/uploads\/El-Comercio-El-campus-de-Mieres-analiza-los-trabajos-sobre-la-conservacion-de-los-humedales.pdf\">[PDF] 02-02-2017 El Comercio<\/a><br \/>\n<a href=\"http:\/\/www.lifetremedal.eu\/site\/wp-content\/uploads\/El-Comercio-Los-humedales-fragiles-aunque-vitales.pdf\">[PDF] 03-02-2017 El Comercio<\/a><br \/>\n<a href=\"http:\/\/www.lifetremedal.eu\/site\/wp-content\/uploads\/Indurot-Noticias-D\u00eda-Mundial-de-los-Humedales-Acto-en-el-Campus-de-Mieres.pdf\">[PDF] 02-02-2017 Indurot<\/a><br \/>\n<a href=\"http:\/\/www.lifetremedal.eu\/site\/wp-content\/uploads\/lne-El-campus-de-Mieres-estudia-los-humedales-del-norte-de-Espa\u00f1a.pdf\">[PDF] 02-02-2017 lne<\/a><\/p>\n<h4>2016<\/h4>\n<p><a href=\"http:\/\/www.lifetremedal.eu\/site\/wp-content\/uploads\/Conocer-Navarra.pdf\">[PDF] 13-01-2016 Conocer Navarra<\/a><br \/>\n<a href=\"http:\/\/www.lifetremedal.eu\/site\/wp-content\/uploads\/El-Correo-Caicedo.pdf\">[PDF] 10-01-2016 El Correo<\/a><\/p>\n<h4>2015<\/h4>\n<p><a href=\"https:\/\/vimeo.com\/143992222\">[URL] 23-10-2015 Xaloa Telebista<\/a><br \/>\n<a href=\"https:\/\/vimeo.com\/143973100\">[URL] 22-10-2015 Xaloa Telebista<\/a><br \/>\n<a href=\"http:\/\/www.lifetremedal.eu\/site\/wp-content\/uploads\/20150500-varios.pdf\">[PDF] 30-05-2015 Varios<\/a><\/p>\n<p><a href=\"http:\/\/www.lifetremedal.eu\/site\/wp-content\/uploads\/20150522-nota-prensa-GN.pdf\">[PDF] 22-05-2015 Nota prensa GN<\/a><a href=\"http:\/\/www.iagua.es\/noticias\/espana\/agencia-vasca-agua\/15\/05\/13\/tremedal-ce-inspecciona-humedales-caicedo-yuso-arreo  \"><br \/>\n<\/a><a href=\"http:\/\/www.iagua.es\/noticias\/espana\/agencia-vasca-agua\/15\/05\/13\/tremedal-ce-inspecciona-humedales-caicedo-yuso-arreo\">[URL] 15-05-2015 Iagua.es<\/a><br \/>\n<a href=\"http:\/\/www.lifetremedal.eu\/site\/wp-content\/uploads\/20150425-conocer-navarra-BELATE-4-2015.pdf\">[PDF] 25-04-2015 Conocer navarra<\/a><br \/>\n<a href=\"http:\/\/www.lifetremedal.eu\/site\/wp-content\/uploads\/20150208-D\u00eda-Mundial-de-los-Humedales-en-Navarra.pdf\">[PDF] 08-02-2015 Tremedal<\/a><br \/>\n<a href=\"http:\/\/www.lifetremedal.eu\/site\/wp-content\/uploads\/20150203-El-progreso-celebracion_dia_humidais_xunta.pdf\">[PDF] 03-02-2015 El progreso<\/a><br \/>\n<a href=\"http:\/\/www.lifetremedal.eu\/site\/wp-content\/uploads\/20150203-Ibadercelebracion_dia_humidais.pdf\"> [PDF] 03-02-2015 Ibader<\/a><br \/>\n<a href=\"http:\/\/www.lifetremedal.eu\/site\/wp-content\/uploads\/20150203-La-Voz-celebracion_dia_humidais_xunta.pdf\">[PDF] 03-02-2015 La Voz<\/a><br \/>\n<a href=\"http:\/\/www.lifetremedal.eu\/site\/wp-content\/uploads\/20150202-USC-celebracion_dia_humidais.pdf\">[PDF] 02-02-2015 USC<\/a><br \/>\n<a href=\"http:\/\/www.lifetremedal.eu\/site\/wp-content\/uploads\/20150131-Xunta-celebracion_dia_humidais.pdf\">[PDF] 31-01-2015 Xunta<\/a><a href=\"http:\/\/www.lifetremedal.eu\/site\/wp-content\/uploads\/20150107-Ibader-Reforzo_bosque_aluvial.pdf\"><br \/>\n<\/a><a href=\"http:\/\/www.lifetremedal.eu\/site\/wp-content\/uploads\/20150130-Ayuntamiento-Gasteiz-Dia-mundial-de-los-humedales.pdf\">[PDF] 30-01-2015 Ayuntamiento Gasteiz<\/a><br \/>\n<a href=\"http:\/\/www.lifetremedal.eu\/site\/wp-content\/uploads\/20150107-Ibader-Reforzo_bosque_aluvial.pdf\">[PDF] 07-01-2015 Ibader<\/a><\/p>\n<\/div>\n<div class=\"one_third\">\n<h4>2014<\/h4>\n<p><a href=\"http:\/\/www.lifetremedal.eu\/site\/wp-content\/uploads\/20141211-USC-prensa-japon.pdf\">[PDF] 11-12-2014 USC<\/a><br \/>\n<a href=\"http:\/\/www.lifetremedal.eu\/site\/wp-content\/uploads\/20141009-Ibader-Tremedal-en-radio-cerna.pdf\">[PDF] 09-10-2014 Ibader<\/a><br \/>\n<a href=\"http:\/\/www.lifetremedal.eu\/site\/wp-content\/uploads\/20140715-El-progreso-curso.pdf\">[PDF] 15-07-2014 El progreso<\/a><br \/>\n<a href=\"http:\/\/www.lifetremedal.eu\/site\/wp-content\/uploads\/20140701-Ibader-celebracion-comision.pdf\">[PDF] 01-07-2014 Ibader<\/a><br \/>\n<a href=\"http:\/\/www.lifetremedal.eu\/site\/wp-content\/uploads\/20140700-Magrama-curso-verano.pdf\">[PDF] 01-07-2014 Magrama<\/a><br \/>\n<a href=\"http:\/\/www.lifetremedal.eu\/site\/wp-content\/uploads\/20140602-EH-zuzenean.mp4\">[MP4] 02-06-2014 EH-zuzenean<\/a><br \/>\n<a href=\"http:\/\/www.lifetremedal.eu\/site\/wp-content\/uploads\/20140600-Ibader-boletin01.pdf\">[PDF] 01-06-2014 Ibader<\/a><br \/>\n<a href=\"http:\/\/www.lifetremedal.eu\/site\/wp-content\/uploads\/20140529-Noticias-de-Alava-Guerra-sin-cuartel-a-las-especies-invasoras.pdf\">[PDF] 29-05-2014 Noticias de \u00c1lava<\/a><br \/>\n<a href=\"http:\/\/www.lifetremedal.eu\/site\/wp-content\/uploads\/20140529-NOTICIAS-ALAVA-captura-cangrejo-lago-caicedo.pdf\">[PDF] 29-05-2014 Noticias de \u00c1lava<\/a><br \/>\n<a href=\"http:\/\/www.lifetremedal.eu\/site\/wp-content\/uploads\/20140529-Basqueresearch-Thousands-of-specimens-of-crayfish-to-be-eliminated-from-the-Caicedo-Yuso\u2013Arreo-lake.pdf\">[PDF] 29-05-2014 Basqueresearch-EN<\/a><br \/>\n<a href=\"http:\/\/www.lifetremedal.eu\/site\/wp-content\/uploads\/20140529-Basqueresearch-Miles-de-ejemplares-de-cangrejo-rojo-ser\u00e1n-retirados-del-lago-Caicedo-Yuso-Arreo.pdf\">[PDF] 29-05-2014 Basqueresearch-ES<\/a><br \/>\n<a href=\"http:\/\/www.lifetremedal.eu\/site\/wp-content\/uploads\/20140529-Basqueresearch-Karramarro-gorriaren-milaka-ale-aterako-dituzte-Arreo-Caicedo-Yusoko-lakutik.pdf\">[PDF] 29-05-2014 Basqueresearch-EU<\/a><br \/>\n<a href=\"http:\/\/www.lifetremedal.eu\/site\/wp-content\/uploads\/20140528-Onda-Vasca-Hazi-Cangrejo-Caicedo.mp3\">[MP3] 28-05-2014 Onda Vasca &#8211; Hazi<\/a><br \/>\n<a href=\"http:\/\/www.lifetremedal.eu\/site\/wp-content\/uploads\/20140528-Iagua.es-El-proyecto-LIFE+-TREMEDAL-retirar\u00e1-miles-de-ejemplares-de-cangrejo-rojo-del-lago-Caicedo-Yuso-Arreo.pdf\">[PDF] 28-05-2014 Iagua.es<\/a><br \/>\n<a href=\"http:\/\/www.lifetremedal.eu\/site\/wp-content\/uploads\/20140528-iagua.es-captura-cangrejo-lago-caicedoaigua-mayo-2014.pdf\">[PDF] 28-05-2014 Iagua.es<\/a><br \/>\n<a href=\"http:\/\/www.lifetremedal.eu\/site\/wp-content\/uploads\/20140528-Hazi-Miles-de-ejemplares-de-cangrejo-rojo-ser\u00e1n-retirados-del-lago-Caicedo-Yuso-Arreo.pdf\">[PDF] 28-05-2014 Hazi-ES<\/a><br \/>\n<a href=\"http:\/\/www.lifetremedal.eu\/site\/wp-content\/uploads\/20140528-Hazi-Karramarro-gorriaren-mila-ale-aterako-dira-Arreo-Caicedo-Yusoko-lakutik.pdf\">[PDF] 28-05-2014 Hazi-EU<\/a><br \/>\n<a href=\"http:\/\/www.lifetremedal.eu\/site\/wp-content\/uploads\/20140528-EFE-Verde-Pondr\u00e1n-trampas-para-capturar-a-los-cangrejos-invasores-en-un-lago-de-\u00c1lava.pdf\">[PDF] 28-05-2014 EFE verde<\/a><br \/>\n<a href=\"http:\/\/www.lifetremedal.eu\/site\/wp-content\/uploads\/20140528-EFE-verde-captura-cangrejo-lago-caicedo.pdf\">[PDF] 28-05-2014 EFE verde<\/a><br \/>\n<a href=\"http:\/\/www.lifetremedal.eu\/site\/wp-content\/uploads\/20140521-NOTA-PRENSA-TREMEDAL-Miles-de-ejemplares-de-cangrejo-rojo-ser\u00e1n-retiradas-del-lago-Caicedo-Yuso-Arreo.pdf\">[PDF] 21-05-2014 TREMEDAL<\/a><br \/>\n<a href=\"http:\/\/www.lifetremedal.eu\/site\/wp-content\/uploads\/20140500-Ibader-paneles.pdf\">[PDF] 01-05-2014 Ibader<\/a><br \/>\n<a href=\"http:\/\/www.lifetremedal.eu\/site\/wp-content\/uploads\/20140500-Ibader-curso-verano.pdf\">[PDF] 01-05-2014 Ibader<\/a><br \/>\n<a href=\"http:\/\/www.lifetremedal.eu\/site\/wp-content\/uploads\/20140313-Diario-de-Navarra-recorte.pdf\">[PDF] 13-03-2014 Diario de Navarra<\/a><br \/>\n<a href=\"http:\/\/www.lifetremedal.eu\/site\/wp-content\/uploads\/20140313-Diario-de-Navarra.pdf\">[PDF] 13-03-2014 Diario de Navarra<\/a><br \/>\n<a href=\"http:\/\/www.lifetremedal.eu\/site\/wp-content\/uploads\/20140312-20-minutos.pdf\">[PDF] 12-03-2014 20 minutos<\/a><br \/>\n<a href=\"http:\/\/www.lifetremedal.eu\/site\/wp-content\/uploads\/12-03-2014-iagua.es_.pdf\" target=\"_blank\">[PDF] 12-03-2014 iagua.es<\/a><br \/>\n<a href=\"http:\/\/www.lifetremedal.eu\/site\/wp-content\/uploads\/13-3-2014-NewsEsp.pdf\" target=\"_blank\">[PDF] 12-03-2014 diariodenavarra.es<\/a><br \/>\n<a href=\"http:\/\/www.lifetremedal.eu\/site\/wp-content\/uploads\/13-3-2014-NewsEsp.pdf\" target=\"_blank\">[PDF] 12-03-2014 NewsEsp.es<\/a><br \/>\n<a href=\"http:\/\/www.lifetremedal.eu\/site\/wp-content\/uploads\/11-03-2014-Navarra.es_.pdf\" target=\"_blank\">[PDF] 12-03-2014 navarra.es<\/a><br \/>\n<a href=\"http:\/\/www.lifetremedal.eu\/site\/wp-content\/uploads\/10-03-2014-Ttipi.net_.pdf\" target=\"_blank\">[PDF] 10-03-2014 Ttipi.net<\/a><br \/>\n<a href=\"http:\/\/www.lifetremedal.eu\/site\/wp-content\/uploads\/10-3-2014-WEB-AYTO-BAZTAN.pdf\" target=\"_blank\">[PDF] 10-03-2014 baztangoudala.eu\/es<\/a><br \/>\n<a href=\"http:\/\/www.lifetremedal.eu\/site\/wp-content\/uploads\/La-agricultura-y-los-humedales-4-2-2014.pdf\" target=\"_blank\">[PDF] 03-02-2014 econoticias.com<br \/>\n<\/a><a href=\"http:\/\/www.lifetremedal.eu\/site\/wp-content\/uploads\/20140300-Ibader-actuaciones-insua.pdf\">[PDF] 01-03-2014 Ibader<\/a><br \/>\n<a href=\"http:\/\/www.lifetremedal.eu\/site\/wp-content\/uploads\/20140213-USC-dia-humidais.pdf\">[PDF] 13-02-2014 USC<\/a><br \/>\n<a href=\"http:\/\/www.lifetremedal.eu\/site\/wp-content\/uploads\/20140213-Ibader-dia-humidais.pdf\">[PDF] 13-02-2014 Ibader<\/a><br \/>\n<a href=\"http:\/\/www.lifetremedal.eu\/site\/wp-content\/uploads\/20140213-El-Progreso-dia-humidais.pdf\">[PDF] 13-02-2014 El Progreso<\/a><br \/>\n<a href=\"http:\/\/www.lifetremedal.eu\/site\/wp-content\/uploads\/20140213-Deputaciondia-humidais.pdf\">[PDF] 13-02-2014 Deputacion<\/a><br \/>\n<a href=\"http:\/\/www.lifetremedal.eu\/site\/wp-content\/uploads\/20140203-Picos-Econoticias_La-agricultura-y-los-humedales.pdf\">[PDF] 03-02-2014 Picos<\/a><br \/>\n<a href=\"http:\/\/www.lifetremedal.eu\/site\/wp-content\/uploads\/20140203-La-Raz\u00f3n.es_El-Parque-Nacional-de-Picos-de-Europa-celebra-el-D\u00eda-Mundial-de-los-Humedales.pdf\">[PDF] 03-02-2014 La Raz\u00f3n.es<\/a><br \/>\n<a href=\"http:\/\/www.lifetremedal.eu\/site\/wp-content\/uploads\/20140202-La-Nueva-Espa\u00f1a_El-proyecto-del-humedal-de-la-Vega-de-Comeya.pdf\">[PDF] 02-02-2014 La Nueva Espa\u00f1a<\/a><br \/>\n<a href=\"http:\/\/www.lifetremedal.eu\/site\/wp-content\/uploads\/20140201-TPA-noticias.mpg\">[MPG] 01-02-2014 TPA noticias<\/a><br \/>\n<a href=\"http:\/\/www.lifetremedal.eu\/site\/wp-content\/uploads\/20140201-La-Nueva-Espana_Cangas-de-On\u00eds-de-convenci\u00f3n.pdf\">[PDF] 01-02-2014 La Nueva Espa\u00f1a<\/a><br \/>\n<a href=\"http:\/\/www.lifetremedal.eu\/site\/wp-content\/uploads\/20140201-El-Comercio_Picos-de-Europa-celebra-hoy-el-D\u00eda-Mundial-de-los-Humedales.pdf\">[PDF] 01-02-2014 El Comercio<\/a><br \/>\n<a href=\"http:\/\/www.lifetremedal.eu\/site\/wp-content\/uploads\/20140201-Diario-de-Le\u00f3n_El-parque-nacional-acoge-hoy-un-acto-sobre-el-D\u00eda-de-los-Humedales.pdf\">[PDF] 01-02-2014 Diario de Le\u00f3n<\/a><br \/>\n<a href=\"http:\/\/www.lifetremedal.eu\/site\/wp-content\/uploads\/20140131-Segovia-al-dia.es_Picos-de-Europa-celebra-el-D\u00eda-Mundial.pdf\">[PDF] 31-01-2014 Segovia al d\u00eda.es<\/a><br \/>\n<a href=\"http:\/\/www.lifetremedal.eu\/site\/wp-content\/uploads\/20140131-Picos_La-estrecha-relacion-entre-agricultura-y-humedales.pdf\">[PDF] 31-01-2014 Picos<\/a><br \/>\n<a href=\"http:\/\/www.lifetremedal.eu\/site\/wp-content\/uploads\/20140131-Le\u00f3n-7-D\u00edas_El-Parque-Nacional-de-Picos-de-Europa-celebra-el-DOEa-Mundial-de-los-Humedales.pdf\">[PDF] 31-01-2014 Le\u00f3n 7 D\u00edas<\/a><br \/>\n<a href=\"http:\/\/www.lifetremedal.eu\/site\/wp-content\/uploads\/20140131-La-Voz-Libre_El-Parque-Nacional-de-Picos-de-Europa-celebra-este-s\u00e1bado-el-D\u00eda-Mundial-de-los-Humedales.pdf\">[PDF] 31-01-2014 La Voz Libre<\/a><br \/>\n<a href=\"http:\/\/www.lifetremedal.eu\/site\/wp-content\/uploads\/20140131-La-estrecha-relacion-ent-re-agricultura-y-humedales.pdf\">[PDF] 31-01-2014 Dicyt.com<\/a><br \/>\n<a href=\"http:\/\/www.lifetremedal.eu\/site\/wp-content\/uploads\/20140131-Informacion-de-Leon_Picos-de-Europa-celebra-entre-Leon-y-Asturias-el-Dia-Mundial-de-los-Humedales.pdf\">[PDF] 31-01-2014 Informaci\u00f3n de Le\u00f3n<\/a><br \/>\n<a href=\"http:\/\/www.lifetremedal.eu\/site\/wp-content\/uploads\/20140131-Europa-Press_Picos-de-Europa-celebra-el-D\u00eda-Mundial-de-los-Humedales.pdf\">[PDF] 31-01-2014 Europa Press<\/a><br \/>\n<a href=\"http:\/\/www.lifetremedal.eu\/site\/wp-content\/uploads\/20140131-Duo-Uniovi_Acto-con-motivo-del-D\u00eda-Mundial-de-los-Humedales.pdf\">[PDF] 31-01-2014 Duo (Uniovi)<\/a><br \/>\n<a href=\"http:\/\/www.lifetremedal.eu\/site\/wp-content\/uploads\/20140131-Desde-Soria.es_El-Parque-Nacional-de-Picos-de-Europa-celebra-el-D\u00eda-Mundial-de-los-Humedales.pdf\">[PDF] 31-01-2014 Desde Soria.es<\/a><br \/>\n<a href=\"http:\/\/www.lifetremedal.eu\/site\/wp-content\/uploads\/20140131-Agencia-de-Noticias-de-Castilla-y-Le\u00f3n_El-Parque-Nacional-de-Picos-de-Europa-celebra-entre-Le\u00f3n-y-Asturias-el-D\u00eda-Mundial-de-los-Humedales.pdf\">[PDF] 31-01-2014 Agencia de Noticias de Castilla y Le\u00f3n<\/a><\/p>\n<\/div>\n<div class=\"one_third\">\n<h4>2013<\/h4>\n<p><a href=\"http:\/\/www.lifetremedal.eu\/site\/wp-content\/uploads\/01-12-13-Navarra.es_.pdf\" target=\"_blank\">[PDF] 01-12-2013 navarra.es <\/a><br \/>\n<a href=\"http:\/\/www.lifetremedal.eu\/site\/wp-content\/uploads\/20-02-2013-LavozdeGalicia.es_.pdf\">[PDF] 20-02-2013 lavozdegalicia.es<\/a><br \/>\n<a href=\"http:\/\/www.lifetremedal.eu\/site\/wp-content\/uploads\/08-02-2013-Diario-de-Navarra.pdf\">[PDF] 08-02-2013 Diario de Navarra<\/a><br \/>\n<a href=\"http:\/\/www.lifetremedal.eu\/site\/wp-content\/uploads\/03-02-2013-Elcomercio.pdf\"> [PDF] 03-02-2013 El Comercio<\/a><br \/>\n<a href=\"http:\/\/www.lifetremedal.eu\/site\/wp-content\/uploads\/03-02-2013-Lne.es_.pdf\">[PDF] 03-02-2013 lne.es<\/a><br \/>\n<a href=\"http:\/\/www.eitb.com\/es\/videos\/detalle\/1246422\/video--los-humedales-habitats-protegidos-su-gran-diversidad\/\" target=\"_blank\">[URL] 03-02-2013 ETB (Euskal Telebista)<\/a><br \/>\n<a href=\"http:\/\/www.lifetremedal.eu\/site\/wp-content\/uploads\/02-02-2013-asturiasmundial.com_.pdf\">[PDF] 02-02-2013 asturiasmundial.com<\/a><br \/>\n<a href=\"http:\/\/www.lifetremedal.eu\/site\/wp-content\/uploads\/02-02-2013-botanico.gijon_.es_.pdf\">[PDF] 02-02-2013 botanico.gijon.es<\/a><br \/>\n<a href=\"http:\/\/www.lifetremedal.eu\/site\/wp-content\/uploads\/01-02-2013-Ihobe.net_.pdf\">[PDF] 01-02-2013 ihobe.net<\/a><br \/>\n<a href=\"http:\/\/www.lifetremedal.eu\/site\/wp-content\/uploads\/01-02-2013-irekia.euskadi.net_.pdf\">[PDF] 01-02-2013 irekia.euskadi.net<\/a><br \/>\n<a href=\"http:\/\/www.lifetremedal.eu\/site\/wp-content\/uploads\/01-02-2013-Universidad-de-Oviedo.pdf\">[PDF] 01-02-2013 Universidad de Oviedo<\/a><br \/>\n<a href=\"http:\/\/www.lifetremedal.eu\/site\/wp-content\/uploads\/01-02-13-RNE-emitida-060213.mp3\" target=\"_blank\">[MP3] 01-02-2013 RNE (emitida el 6\/2\/2013<\/a><br \/>\n<a href=\"http:\/\/www.lifetremedal.eu\/site\/wp-content\/uploads\/31-01-2013-Diario-de-Navarra.pdf\">[PDF] 31-01-2013 Diario de Navarra<\/a><br \/>\n<a href=\"http:\/\/www.lifetremedal.eu\/site\/wp-content\/uploads\/25-01-2013-lagunadeviana.es_.pdf\">[PDF] 25-01-2013 lagunadeviana.es<\/a><br \/>\n<a href=\"http:\/\/www.lifetremedal.eu\/site\/wp-content\/uploads\/24-01-2013-diariodenavarra.es_.pdf\">[PDF] 24-01-2013 diariodenavarra.es<\/a><br \/>\n<a href=\"http:\/\/www.lifetremedal.eu\/site\/wp-content\/uploads\/24-01-2013-eleconomista.es_.pdf\">[PDF] 24-01-2013 eleconomista.es<\/a><br \/>\n<a href=\"http:\/\/www.lifetremedal.eu\/site\/wp-content\/uploads\/24-01-2013-europapress.es_.pdf\">[PDF] 24-01-2013 europapress.es<\/a><br \/>\n<a href=\"http:\/\/www.lifetremedal.eu\/site\/wp-content\/uploads\/24-01-2013-lavanguardia.com_.pdf\">[PDF] 24-01-2013 lavanguardia.com<\/a><br \/>\n<a href=\"http:\/\/www.lifetremedal.eu\/site\/wp-content\/uploads\/24-01-2013-navarra.es_.pdf\">[PDF] 24-01-2013 navarra.es<\/a><br \/>\n<a href=\"http:\/\/www.lifetremedal.eu\/site\/wp-content\/uploads\/24-01-2013-teinteresa.es_.pdf\">[PDF] 24-01-2013 teinteresa.es<\/a><\/p>\n<\/div>\n<div class=\"one_third\">\n<\/div>\n","protected":false},"excerpt":{"rendered":"<p>Press articles related with the Life + Tremedal project<\/p>\n","protected":false},"author":2,"featured_media":0,"parent":0,"menu_order":0,"comment_status":"open","ping_status":"closed","template":"page-template-full-width.php","meta":{"footnotes":""},"class_list":["post-904","page","type-page","status-publish","hentry"],"_links":{"self":[{"href":"https:\/\/lifetremedal.eu\/en\/wp-json\/wp\/v2\/pages\/904","targetHints":{"allow":["GET"]}}],"collection":[{"href":"https:\/\/lifetremedal.eu\/en\/wp-json\/wp\/v2\/pages"}],"about":[{"href":"https:\/\/lifetremedal.eu\/en\/wp-json\/wp\/v2\/types\/page"}],"author":[{"embeddable":true,"href":"https:\/\/lifetremedal.eu\/en\/wp-json\/wp\/v2\/users\/2"}],"replies":[{"embeddable":true,"href":"https:\/\/lifetremedal.eu\/en\/wp-json\/wp\/v2\/comments?post=904"}],"version-history":[{"count":37,"href":"https:\/\/lifetremedal.eu\/en\/wp-json\/wp\/v2\/pages\/904\/revisions"}],"predecessor-version":[{"id":6835,"href":"https:\/\/lifetremedal.eu\/en\/wp-json\/wp\/v2\/pages\/904\/revisions\/6835"}],"wp:attachment":[{"href":"https:\/\/lifetremedal.eu\/en\/wp-json\/wp\/v2\/media?parent=904"}],"curies":[{"name":"wp","href":"https:\/\/api.w.org\/{rel}","templated":true}]}}