{"id":4841,"date":"2014-10-01T08:00:46","date_gmt":"2014-10-01T06:00:46","guid":{"rendered":"http:\/\/www.lifetremedal.eu\/?page_id=4841"},"modified":"2023-02-10T15:54:37","modified_gmt":"2023-02-10T14:54:37","slug":"vega-de-comeya","status":"publish","type":"page","link":"https:\/\/lifetremedal.eu\/en\/wetlands\/vega-de-comeya\/","title":{"rendered":"Vega de Comeya"},"content":{"rendered":"<p><strong>Enclave Name:<\/strong> Comeya Plain\u00a0\u00a0<a href=\"http:\/\/www.lifetremedal.eu\/wp-content\/uploads\/Panorama-Comeya1.jpg\"><img loading=\"lazy\" decoding=\"async\" class=\"alignright\" alt=\"Panorama Comeya1\" src=\"http:\/\/www.lifetremedal.eu\/wp-content\/uploads\/Panorama-Comeya1-300x133.jpg\" width=\"300\" height=\"133\" \/><\/a><br \/>\n<strong>Categories of protection:<\/strong> The enclave is built into the SCI and SPA ES1200001 Picos de Europa (Asturias), within the National Park and Biosphere Reserve of the Picos de Europa.<br \/>\n<strong>Location:<\/strong> La Vega de Comeya is located in the Asturian municipality of Cangas de Onis.<br \/>\n<strong>Region:<\/strong> Asturias.<br \/>\n<strong>Coordinate Reference:<\/strong> 30TUN3894<br \/>\n<strong>Wetland area:<\/strong> 59 hectares<br \/>\n<strong>Altitude:<\/strong>\u00a0840 meters<\/p>\n<p>&nbsp;<\/p>\n<div class=\"hr hr-dotted\">&nbsp;<\/div>\n<h5><b>La Vega de Comeya is a closed basin surrounded by steep slopes, which rests on a fairly waterproof substrate. It is a polje that adapts to the area\u2019s tectonic structures, preparing its major axis parallel to the direction of the fault<\/b>.<\/h5>\n<p>A small stream runs by the plain, which collects water from the surrounding hillsides and valleys and flows into a gulley in the Northwestern end of the valley.<br \/>\nThe geographical position of Comeya establishes a climatology marked by a strong annual precipitation (2000 l) with an even distribution of rain throughout the year, except for a slight inflection in the summer, heavy snow in the winter and frequent fog in the summer, which determine low insolation and thermal insufficiency. Moreover, the intense karstification in the massif coordinates with the availability of water in some areas of the plain.<br \/>\nBiogeographically, this enclave is located in the transition between the territories of oceanic influence (Cantabrian-Atlantic subprovince) and more continentalized areas of the Cantabrian Mountains (subprovince Orocantabrica), although the presence of species and\u00a0 as <i>Erica mackaiana <\/i>and communities such as\u00a0 <i>Erico mackaianae-Sphagnetum papillosi<\/i> allows consideration as Cantabrian-Atlantic areas.<br \/>\nMost of the environment consists of rocky slopes of\u00a0 carboniferous limestone covered by\u00a0 gorse of <i>Genista occidentalis<\/i> and G. legionensis, while the Northern flank of the polje is a quartzite hillside carpeted with heather, among which cervunales\u00a0 develop and peaty areas which reach zones with increased surface runoff. The flat bottom of the basin is occupied by more or less flooded grasslands, small ponds and sphagnum bogs.<\/p>\n<dl class=\"accordion\"><dt>MORE RELEVANT FEATURES<\/dt><dd><p><strong><span style=\"color: #ff0000;\">Singularity<\/span><\/strong><br \/>\nThe Comeya peatlands constitute the largest peat-bog system of the Picos de Europa National Park.<\/p>\n<p><span style=\"color: #ff0000;\"><strong>Biologic and Ecologic Features<\/strong><\/span><br \/>\nThe most prominent element of the environment system is the bog system that developes in the central zone of the Comeya basin, constituted, together with other hygrophilous communities, by sphagnum bogs includible in the <i>Erico mackaianae-Sphagnetum papillosi<\/i> association. These peatlands, the most extensive in the LIC, and Picos de Europa National Park and Biosphere Reserve, represent the habitat 7130 Peatlands of coverage, of priority in this enclave for their conditions as active peatlands.<\/p>\n<p><span style=\"color: #ff0000;\"><strong>Geomorphological Features<\/strong><\/span><br \/>\nThe Comeya basin is modeled mainly on limestone rocks of carboniferous age (Valdeteja and Picos de Europa formations), some superior coal- producing clastic materials (So\u00f1\u00edn Formation) and, on the North bank, on a unit of quartzites the Ordov\u00edcida age (Barrios Formation). The origin of basin is associated with a network of fractures, including two direction errors WNW-ESE that constitute the Northern and Southern limits of the basin that elevate the Northern and Southern margins of the basin. Karst processes have been developed around this tectonic model and glaciers giving the current configuration of the form, which can be defined as polje, characterized by the presence of a small channel whose waters discharge into a sump or ponor.<\/p>\n<p><strong><span style=\"color: #ff0000;\">Historic and Paleo-ecological Features<\/span><\/strong><br \/>\nThe Comeya basin is filled with up to 57 m of sediments contained in a depression whose substrate is composed of limestone, clay and quartzite rock. The floors are of different nature responding to the complex history of the basin. Thus, much of the filler is made of red clay from the dissolution of limestone, occupying the central area of the tray. The moraine gravel carried by the torrent of Enol have generated stony soils (regosols) in the Southern area of the basin, while developed quartzite hillside colluvium on the Northern flank generated brown soils. Peat deposits, which reach 5m thick, are located in the central zone of the basin and generate a surface of histosols. The speed with which the mountain ecosystems respond, particularly lakes and peat depressions, to fluctuations in temperature and humidity make them an invaluable archive for studying the changes in climate. In particular, the lacustrine facies of the Comeya filler save data on episodes of erosion and runoff associated with deglaciation. Previous surveys show the existence of burned vegetation, dated at 40,000 years old, 35 feet deep and covered by lacustrine deposits. Moreover, the base of the peat at depth of 5 m has been dated to 8,350 years, when the basin ceased to be a lake.<\/p>\n<p><strong><span style=\"color: #ff0000;\">Habitats of Community Interest<\/span><\/strong><\/p>\n<table border=\"1\" cellspacing=\"0\" cellpadding=\"0\">\n<tbody>\n<tr>\n<td><strong>C\u00f3digo Natura 2000<\/strong><\/td>\n<td><strong>Denominaci\u00f3n<\/strong><\/td>\n<td><strong>Prioritario<\/strong><\/td>\n<\/tr>\n<tr>\n<td>4020<\/td>\n<td>Brezales h\u00famedos atl\u00e1nticos de zonas templadas de\u00a0<em>Erica ciliaris<\/em>\u00a0y\u00a0<em>Erica tetralix<\/em><\/td>\n<td>*<\/td>\n<\/tr>\n<tr>\n<td>4030<\/td>\n<td>Brezales secos europeos<\/td>\n<td><\/td>\n<\/tr>\n<tr>\n<td>4090<\/td>\n<td>Brezales oromediterr\u00e1neos end\u00e9micos con aulagas<\/td>\n<td><\/td>\n<\/tr>\n<tr>\n<td>6210<\/td>\n<td>Prados secos seminaturales y facies de matorral sobre sustratos calc\u00e1reos (<i>Festuco-Brometalia<\/i>)<\/td>\n<td>*(Importantes sitios de orqu\u00eddeas)<\/td>\n<\/tr>\n<tr>\n<td>6230<\/td>\n<td>Formaciones herbosas con\u00a0<i>Nardus<\/i>, con numerosas especies, sobre sustratos sil\u00edceos de zonas monta\u00f1osas<\/td>\n<td>*<\/td>\n<\/tr>\n<tr>\n<td>7130<\/td>\n<td>Turberas de cobertura<\/td>\n<td>*(Turberas activas)<\/td>\n<\/tr>\n<tr>\n<td>7140<\/td>\n<td>Ci\u00e9nagas de transici\u00f3n y tremedales<\/td>\n<td><\/td>\n<\/tr>\n<tr>\n<td>8210<\/td>\n<td>Laderas rocosas calc\u00e1reas con vegetaci\u00f3n casmof\u00edtica<\/td>\n<td><\/td>\n<\/tr>\n<\/tbody>\n<\/table>\n<p>&nbsp;<\/p>\n<p><strong><span style=\"color: #ff0000;\">Habitats According to Other Classifications: Phytosociological or Others<\/span><\/strong><\/p>\n<table border=\"1\" cellspacing=\"0\" cellpadding=\"0\">\n<tbody>\n<tr>\n<td><strong>C\u00f3digo Natura 2000<\/strong><\/td>\n<td><strong>C\u00f3digo INH<\/strong><\/td>\n<td><strong>Sintax\u00f3n<\/strong><\/td>\n<\/tr>\n<tr>\n<td>4020<\/td>\n<td>302023<\/td>\n<td><em>Gentiano pneumonanthes-Ericetum mackaianae<\/em><\/td>\n<\/tr>\n<tr>\n<td>4030<\/td>\n<td>303043<\/td>\n<td><em>Daboecio cantabricae-Ulicetum gallii<\/em><\/td>\n<\/tr>\n<tr>\n<td>4090<\/td>\n<td>309053<\/td>\n<td><em>Lithodoro diffusae-Genistetum legionensis<\/em><\/td>\n<\/tr>\n<tr>\n<td>4090<\/td>\n<td>309054<\/td>\n<td><em>Lithodoro diffusae-Genistetum occidentalis<\/em><\/td>\n<\/tr>\n<tr>\n<td>6210<\/td>\n<td>521227<\/td>\n<td><em>Brachypodio rupestris-Seselietum cantabrici<\/em><\/td>\n<\/tr>\n<tr>\n<td>6230<\/td>\n<td>523012<\/td>\n<td><i>Nardo strictae-Caricetum binervis<\/i><\/td>\n<\/tr>\n<tr>\n<td>7130<\/td>\n<td>613012<\/td>\n<td><em>Calluno vulgaris-Sphagnetum capillifolii<\/em><\/td>\n<\/tr>\n<tr>\n<td>7130<\/td>\n<td>613016<\/td>\n<td><em>Erico mackaianae-Sphagnetum papillosi<\/em><\/td>\n<\/tr>\n<tr>\n<td>7140<\/td>\n<td>614010<\/td>\n<td><em>Rhynchosporion albae<\/em><\/td>\n<\/tr>\n<tr>\n<td>8210<\/td>\n<td>72119D<\/td>\n<td><em>Saxifragetum paniculato-trifurcatae<\/em><\/td>\n<\/tr>\n<\/tbody>\n<\/table>\n<p>&nbsp;<\/p>\n<p><strong><span style=\"color: #ff0000;\">Flora<\/span><\/strong><br \/>\nIn the floristic aspect it is worthwhile to mention various types of sphagnum (Sphagnum mosses) that structure the peat bog and the presence of arnica (Arnica montana subsp. Atlantica), as all of them are recorded in the Habitats Directive as species that may be object of management.<\/p>\n<p><strong><span style=\"color: #ff0000;\">Fauna<\/span><\/strong><br \/>\nSome of the taxocene of the Comeya meadow have been inventoried, as with leeches , of which two species can be found: <i>Haemopis sanguisuga<\/i> and <i>Trocheta bykowskii<\/i>. 10 species of dragonflies have also been found, including <i>Aeshna juncea<\/i>, listed as a vulnerable species statewide. The crayfish <i>Austropotamobius italicus<\/i> has been artificially introduced into the streams of the meadow but it seems to have disappeared from it few years ago. There are also artificially introduced trout and minnows. Most natural seems to be the amphibian taxocene in which five species are highlighted: the spotted salamander (<i>Salamandra salamandra lavish \/ bernardezi<\/i>), the alpine newt (<i>Mesotriton alpestris<\/i>), the palmate newt (<i>Lissotriton helveticus<\/i>), the common toad (<i>Alytes obstetricans<\/i>) and the common frog (<i>Rana temporaria<\/i>). Common lizards (Lacerta vivipara) are also found in this habitat and among the birds which most directly use the peat land, the common teal (<i>Anas crecca<\/i>) and snipe (<i>Gallinago gallinago<\/i>) stand out. Aside from the livestock, the mammal that can most affect the conservation of the peat land is the boar although it enters the wetland little.<\/p>\n<\/dd><dt>PHOTOS<\/dt><dd><p><a href=\"http:\/\/www.lifetremedal.eu\/wp-content\/uploads\/Panoramica-Comeya.jpg\"><img loading=\"lazy\" decoding=\"async\" alt=\"Panoramica Comeya\" src=\"http:\/\/www.lifetremedal.eu\/wp-content\/uploads\/Panoramica-Comeya-300x137.jpg\" width=\"408\" height=\"186\" \/><\/a><\/p>\n<p>&nbsp;<\/p>\n<p><a href=\"http:\/\/www.lifetremedal.eu\/wp-content\/uploads\/Panorama-Comeya1.jpg\"><img loading=\"lazy\" decoding=\"async\" alt=\"Panorama Comeya1\" src=\"http:\/\/www.lifetremedal.eu\/wp-content\/uploads\/Panorama-Comeya1-300x133.jpg\" width=\"399\" height=\"177\" \/><\/a><\/p>\n<p><a href=\"http:\/\/www.lifetremedal.eu\/wp-content\/uploads\/Erica-mackaiana.jpg\"><img loading=\"lazy\" decoding=\"async\" alt=\"Erica mackaiana\" src=\"http:\/\/www.lifetremedal.eu\/wp-content\/uploads\/Erica-mackaiana-300x199.jpg\" width=\"406\" height=\"268\" \/><\/a><\/p>\n<\/dd><\/dl>","protected":false},"excerpt":{"rendered":"<p>Enclave Name: Comeya Plain\u00a0\u00a0 Categories of protection: The enclave is built into the SCI and SPA ES1200001 Picos de Europa (Asturias), within the National Park and Biosphere Reserve of the Picos de Europa. Location: La Vega de Comeya is located in the Asturian municipality of Cangas de Onis. Region: Asturias. Coordinate Reference: 30TUN3894 Wetland area: [&hellip;]<\/p>\n","protected":false},"author":2,"featured_media":0,"parent":921,"menu_order":0,"comment_status":"open","ping_status":"closed","template":"page-template-left-nav.php","meta":{"footnotes":""},"class_list":["post-4841","page","type-page","status-publish","hentry"],"_links":{"self":[{"href":"https:\/\/lifetremedal.eu\/en\/wp-json\/wp\/v2\/pages\/4841","targetHints":{"allow":["GET"]}}],"collection":[{"href":"https:\/\/lifetremedal.eu\/en\/wp-json\/wp\/v2\/pages"}],"about":[{"href":"https:\/\/lifetremedal.eu\/en\/wp-json\/wp\/v2\/types\/page"}],"author":[{"embeddable":true,"href":"https:\/\/lifetremedal.eu\/en\/wp-json\/wp\/v2\/users\/2"}],"replies":[{"embeddable":true,"href":"https:\/\/lifetremedal.eu\/en\/wp-json\/wp\/v2\/comments?post=4841"}],"version-history":[{"count":8,"href":"https:\/\/lifetremedal.eu\/en\/wp-json\/wp\/v2\/pages\/4841\/revisions"}],"predecessor-version":[{"id":12087,"href":"https:\/\/lifetremedal.eu\/en\/wp-json\/wp\/v2\/pages\/4841\/revisions\/12087"}],"up":[{"embeddable":true,"href":"https:\/\/lifetremedal.eu\/en\/wp-json\/wp\/v2\/pages\/921"}],"wp:attachment":[{"href":"https:\/\/lifetremedal.eu\/en\/wp-json\/wp\/v2\/media?parent=4841"}],"curies":[{"name":"wp","href":"https:\/\/api.w.org\/{rel}","templated":true}]}}