{"id":4782,"date":"2014-10-01T08:00:41","date_gmt":"2014-10-01T06:00:41","guid":{"rendered":"http:\/\/www.lifetremedal.eu\/?page_id=4782"},"modified":"2023-02-10T15:48:38","modified_gmt":"2023-02-10T14:48:38","slug":"ollos-de-begonte","status":"publish","type":"page","link":"https:\/\/lifetremedal.eu\/en\/wetlands\/ollos-de-begonte\/","title":{"rendered":"Ollos de Begonte"},"content":{"rendered":"<p><strong>Enclave Name:<\/strong> Ollos de Begonte<a href=\"http:\/\/www.lifetremedal.eu\/wp-content\/uploads\/begonte03.jpg\"><img loading=\"lazy\" decoding=\"async\" class=\"alignright\" alt=\"begonte03\" src=\"http:\/\/www.lifetremedal.eu\/wp-content\/uploads\/begonte03-300x200.jpg\" width=\"342\" height=\"227\" \/><\/a><br \/>\n<strong>Protection Category:<\/strong> Included LIC ES1120003 Parga-Ladra-T\u00e1moga.<br \/>\n<strong>Location:<\/strong> Pertaining to the municipality of Outeiro de Rei, Lugo.<br \/>\n<strong>Region:<\/strong> Galicia<br \/>\n<strong>Reference Coordinate:<\/strong> 1Km E2891N2398<br \/>\n<strong>Wetland Surface:<\/strong> 1 ha<br \/>\n<strong>Altitude:<\/strong> 395 m<\/p>\n<p><a href=\"http:\/\/www.lifetremedal.eu\/wp-content\/uploads\/Galicia_TremedalEnclaves_A4_OllosDeBegonte.pdf\">Ver PDF map<\/a><\/p>\n<div class=\"hr hr-dotted\">&nbsp;<\/div>\n<h5>Within the upper basin of the Mi\u00f1o River it is possible to visit wetlands in which the underground water flow has an equal or higher importance to the overland flow. This is the case of deep lagoons of underground water flow known locally as &#8220;Ollos&#8221;.<\/h5>\n<p>The enclave known as Ollos de Begonte includes two circular ponds, 150m apart, originated from a karst gulf, which upon increase in size was eroding cenozoic sedimentary materials in the surface layers. From the complex geological and geomorphological evolution two lagoons emerged, the largest of which is 45 meters in diameter and a maximum depth of 18 meters.<\/p>\n<p>Another important aspect is that the wetland is located near the confluence of two great rivers (the Parga and Ladra) whose flood regimen affects the hydrology of the wetland. During the winter period the adjoining forest remains flooded on both channels, making fa ree sheet of water observable from the river channel to the basin of the Ollos de Begonte.<\/p>\n<p>The ownership of the wetland corresponds to the County Council of Lugo, who acquired the land for the development of a LIFE project (LIFE 00 NAT_E_007311), establishing the main uses the conservation of environmental assets and the use of public space. All the wetland is within the Site of Community Importance and Natural Assets Special Protection Area, Parga &#8211; Ladra &#8211; T\u00e1moga. Given its conservation interest, this enclave is included within the Area &#8220;Protection Area&#8221; as reflected in the Master Plan for the Natura 2000 network of Galicia.<\/p>\n<p>The whole complex in which the enclave Ollos de Begonte is integrated is located within the core zone of the Biosphere Reserve Terras do Mi\u00f1o.<\/p>\n<dl class=\"accordion\"><dt>MORE RELEVANT FEATURES<\/dt><dd><p>For its origin and location the Ollos de Begonte contain a significant representation habitats types linked to wet environments, both strictly aquatic character, as hygrophilous or peatland.<\/p>\n<p>Among the habitats that have been inventoried the calcareous fens of\u00a0 Cladium species mariscus and Caricion davallianae ( 7210 *) and oligo-mesotrophic waters with calcareous benthic vegetation of Chara spp. ( 3140 ) stand out. Both habitat types are rare in the network of protected areas in Galicia , with the SCI Parga &#8211; Ladra T\u00e1moga the only non &#8211; coastal Galicia having a representation of priority habitat 7210 * .<\/p>\n<p>The two lagoons in the Ollos de Begonte have been surrounded by different kinds of climatic forests : forests of flood ( 91F0 and 91E0 *) and Galician- Portuguese forests of <i>Quercus robur<\/i> and <i>Q. pyrenaica<\/i> ( 9230 ) with fallen leaf inputs determine the dystrophic character the smaller part. In the winter period the large amount of flood water that collects in the area provides a direct connection between the lake and the main river channel area , while in the summer and autumn period the water is reduced, remaining in a complex system of meandering channels and small ponds included within the swamp forest, hosting a diverse aquatic flora and fauna.<\/p>\n<p><span style=\"color: #ff0000;\"><strong>Habitats of Community Interest<\/strong><\/span><\/p>\n<table border=\"0\" cellspacing=\"0\" cellpadding=\"0\">\n<tbody>\n<tr>\n<td valign=\"top\" width=\"47\"><strong>C\u00f3digo<\/strong><\/td>\n<td valign=\"top\" width=\"12\"><\/td>\n<td colspan=\"2\" valign=\"top\" width=\"364\"><strong>Denominaci\u00f3n<\/strong><\/td>\n<\/tr>\n<tr>\n<td valign=\"top\" width=\"47\"><\/td>\n<td valign=\"top\" width=\"12\"><\/td>\n<td colspan=\"2\" valign=\"top\" width=\"364\"><\/td>\n<\/tr>\n<tr>\n<td valign=\"top\" width=\"47\">3140<\/td>\n<td valign=\"top\" width=\"12\"><\/td>\n<td colspan=\"2\" valign=\"top\" width=\"364\">Aguas oligomesotr\u00f3ficas calc\u00e1reas con vegetaci\u00f3n b\u00e9ntica de\u00a0<em>Chara\u00a0<\/em>spp.<\/td>\n<\/tr>\n<tr>\n<td valign=\"top\" width=\"47\">3160<\/td>\n<td valign=\"top\" width=\"12\"><\/td>\n<td colspan=\"2\" valign=\"top\" width=\"364\">Lagos y estanques distr\u00f3ficos naturales<\/td>\n<\/tr>\n<tr>\n<td valign=\"top\" width=\"47\">3270<\/td>\n<td valign=\"top\" width=\"12\"><\/td>\n<td colspan=\"2\" valign=\"top\" width=\"364\">R\u00edos de orillas fangosas con vegetaci\u00f3n de\u00a0<em>Chenopodion rubri\u00a0<\/em>p.p. y de\u00a0<em>Bidention\u00a0<\/em>p.p.<\/td>\n<\/tr>\n<tr>\n<td valign=\"top\" width=\"47\">6410<\/td>\n<td valign=\"top\" width=\"12\"><\/td>\n<td colspan=\"2\" valign=\"top\" width=\"364\">Prados con molinias sobre sustratos calc\u00e1reos, turbosos o arcillo-lim\u00f3nicos (<em>Molinion caeruleae<\/em>)<\/td>\n<\/tr>\n<tr>\n<td valign=\"top\" width=\"47\">6430<\/td>\n<td valign=\"top\" width=\"12\"><\/td>\n<td colspan=\"2\" valign=\"top\" width=\"364\">Megaforbios eutrofos hidr\u00f3filos de las orlas de llanura y de los pisos montano a alpino<\/td>\n<\/tr>\n<tr>\n<td valign=\"top\" width=\"47\">6510<\/td>\n<td valign=\"top\" width=\"12\"><\/td>\n<td colspan=\"2\" valign=\"top\" width=\"364\">Prados pobres de siega de baja altitud (<em>Alopecurus pratensis, Sanguisorba officinalis<\/em>)<\/td>\n<\/tr>\n<tr>\n<td valign=\"top\" width=\"47\">7210*<\/td>\n<td valign=\"top\" width=\"12\"><\/td>\n<td colspan=\"2\" valign=\"top\" width=\"364\">Turberas calc\u00e1reas del\u00a0<em>Cladium mariscus\u00a0<\/em>y con especies del\u00a0<em>Caricion davallianae<\/em><\/td>\n<\/tr>\n<tr>\n<td valign=\"top\" width=\"47\">91E0*<\/td>\n<td valign=\"top\" width=\"12\"><\/td>\n<td colspan=\"2\" valign=\"top\" width=\"364\">Bosques aluviales de\u00a0<em>Alnus glutinosa\u00a0<\/em>y\u00a0<em>Fraxinus excelsior\u00a0<\/em>(<em>Alno- Padion, Alnion incanae, Salicion albae<\/em>)<\/td>\n<\/tr>\n<tr>\n<td valign=\"top\" width=\"47\">91F0<\/td>\n<td valign=\"top\" width=\"12\"><\/td>\n<td colspan=\"2\" valign=\"top\" width=\"364\">Bosques mixtos de\u00a0<em>Quercus robur, Ulmus laevis, Ulmus minor, Fraxinus excelsior\u00a0<\/em>o\u00a0<em>Fraxinus angustifolia,\u00a0<\/em>en las riberas de los grandes r\u00edos (<em>Ulmenion minoris<\/em>)<\/td>\n<\/tr>\n<\/tbody>\n<\/table>\n<p>&nbsp;<\/p>\n<p><strong><span style=\"color: #ff0000;\">Fauna<\/span><\/strong><br \/>\nIn this enclave are invertebrate populations of conservation concern for their degree of threat, such as the pearl mussel (Margaritifera margaritifera) species of community interest shown in Annex II and IV of the Habitats Directive, or Naiad pictorum Unio, species classified as Vulnerable in the Galician Endangered Species List.<\/p>\n<\/dd><dt>PHOTOS<\/dt><dd><p><a href=\"http:\/\/www.lifetremedal.eu\/wp-content\/uploads\/begon_01.jpg\"><img loading=\"lazy\" decoding=\"async\" alt=\"begon_01\" src=\"http:\/\/www.lifetremedal.eu\/wp-content\/uploads\/begon_01-300x200.jpg\" width=\"363\" height=\"242\" \/><\/a><\/p>\n<p><a href=\"http:\/\/www.lifetremedal.eu\/wp-content\/uploads\/begonte03.jpg\"><img loading=\"lazy\" decoding=\"async\" alt=\"begonte03\" src=\"http:\/\/www.lifetremedal.eu\/wp-content\/uploads\/begonte03-300x200.jpg\" width=\"360\" height=\"239\" \/><\/a><\/p>\n<\/dd><\/dl>","protected":false},"excerpt":{"rendered":"<p>Enclave Name: Ollos de Begonte Protection Category: Included LIC ES1120003 Parga-Ladra-T\u00e1moga. Location: Pertaining to the municipality of Outeiro de Rei, Lugo. Region: Galicia Reference Coordinate: 1Km E2891N2398 Wetland Surface: 1 ha Altitude: 395 m Ver PDF map Within the upper basin of the Mi\u00f1o River it is possible to visit wetlands in which the underground [&hellip;]<\/p>\n","protected":false},"author":2,"featured_media":0,"parent":921,"menu_order":0,"comment_status":"open","ping_status":"closed","template":"page-template-left-nav.php","meta":{"footnotes":""},"class_list":["post-4782","page","type-page","status-publish","hentry"],"_links":{"self":[{"href":"https:\/\/lifetremedal.eu\/en\/wp-json\/wp\/v2\/pages\/4782","targetHints":{"allow":["GET"]}}],"collection":[{"href":"https:\/\/lifetremedal.eu\/en\/wp-json\/wp\/v2\/pages"}],"about":[{"href":"https:\/\/lifetremedal.eu\/en\/wp-json\/wp\/v2\/types\/page"}],"author":[{"embeddable":true,"href":"https:\/\/lifetremedal.eu\/en\/wp-json\/wp\/v2\/users\/2"}],"replies":[{"embeddable":true,"href":"https:\/\/lifetremedal.eu\/en\/wp-json\/wp\/v2\/comments?post=4782"}],"version-history":[{"count":9,"href":"https:\/\/lifetremedal.eu\/en\/wp-json\/wp\/v2\/pages\/4782\/revisions"}],"predecessor-version":[{"id":12071,"href":"https:\/\/lifetremedal.eu\/en\/wp-json\/wp\/v2\/pages\/4782\/revisions\/12071"}],"up":[{"embeddable":true,"href":"https:\/\/lifetremedal.eu\/en\/wp-json\/wp\/v2\/pages\/921"}],"wp:attachment":[{"href":"https:\/\/lifetremedal.eu\/en\/wp-json\/wp\/v2\/media?parent=4782"}],"curies":[{"name":"wp","href":"https:\/\/api.w.org\/{rel}","templated":true}]}}