{"id":4771,"date":"2014-10-01T08:00:27","date_gmt":"2014-10-01T06:00:27","guid":{"rendered":"http:\/\/www.lifetremedal.eu\/?page_id=4771"},"modified":"2023-02-10T15:50:29","modified_gmt":"2023-02-10T14:50:29","slug":"cospeito-lake","status":"publish","type":"page","link":"https:\/\/lifetremedal.eu\/en\/wetlands\/cospeito-lake\/","title":{"rendered":"Cospeito Lake"},"content":{"rendered":"<p><strong>Enclave Name:<\/strong>\u00a0Cospeito Lake.<a href=\"http:\/\/www.lifetremedal.eu\/wp-content\/uploads\/cospeito_01.jpg\"><img loading=\"lazy\" decoding=\"async\" class=\"alignright\" alt=\"cospeito_01\" src=\"http:\/\/www.lifetremedal.eu\/wp-content\/uploads\/cospeito_01-300x199.jpg\" width=\"295\" height=\"196\" \/><\/a><br \/>\n<strong>Protection Categories:<\/strong> Included in the SCI Parga-Ladra-ES1120003 T\u00e1moga and the Special Protection Area of Parga-Ladra-T\u00e1moga Natural Assets.<br \/>\n<strong>Location:<\/strong> It belongs to the municipality of Cospeito province of Lugo.<br \/>\n<strong>Region:<\/strong> Galicia<br \/>\n<strong>Reference Coordinate:<\/strong> 1Km E2906N2403<br \/>\n<strong>Surface of the Wetland:<\/strong> 70 ha<br \/>\n<strong>Altitude:<\/strong> 397m<\/p>\n<p><a href=\"http:\/\/www.lifetremedal.eu\/wp-content\/uploads\/Galicia_TremedalEnclaves_A3_LagoaCospeito.pdf\">See PDF map<\/a><\/p>\n<div class=\"hr hr-dotted\">&nbsp;<\/div>\n<h5>Extensive wetland located in the floodplain of the Guisande River that remains connected by a system of gates built in 1991, eh year in which\u00a0 the restoration of the original wetland ended, which had been desiccated in middle of the last century as a result of the activities of the\u00a0 Agricultural Institute of Colonization.<\/h5>\n<p>The Cospeito Lagoon wetland is composed of three major ecologic environments. An environment of stagnant water, represented by two bodies of standing water and a patchwork of temporary ponds. An environment of running water, formed by the Guisande River and small waterways that flow through the wetland. And finally, a semi-terrestrial or hygrphilous environment, encompassing communities with a varying degree of naturalness (woodland and wet scrub, reedbeds , meadows , etc.).<\/p>\n<p>Due to the confluence of rainwater and river inputs, an extensive sheet of shallow water is configured with a high rate of renewal. In the spring and summer period, the contributions of water descend progressively, being exempt surfaces midsummer allows the development of medium-sized herbaceous formations, thus configuring an intricate mosaic where small depressions that keep the sheet of water are inserted until the end of spring period.<\/p>\n<p>The ownership of the wetland corresponds the Xunta de Galicia, who establishes the conservation of environmental assets and the use of public space as the principal uses. The whole wetland is within a Site of Community Importance and Special Protection Area of Parga &#8211; Ladra &#8211; T\u00e1moga Natural assets. Given its conservation interest it is included in this enclave of the Zone &#8220;Protection Area&#8221; as reflected in the Master Plan for the Natura 2000 network of Galicia.<\/p>\n<p>Cospeito Lagoon is part of the core zone of the Reserve Terras do Mi\u00f1o Biosphere, having an information center for visitors and delimited paths for public use and enjoyment of this place well.<\/p>\n<dl class=\"accordion\"><dt>MORE RELEVANT FEATURES<\/dt><dd><p>The environments present in the wetlands of the Cospeito lagoon harbor a great diversity of natural habitats characteristic of wetlands in the Atlantic biogeographic region, eleven of which are considered to be of community interest. Also represented along with these natural habitats are habitats whose origin, configuration and maintenance are directly linked to human activity.<\/p>\n<p>The natural habitats of community interest that reach further extension are included within the group of freshwater habitats, either standing or running, temporary or permanent. Based on these variables and on the trophic level\u00a0 within the wetland up to four types of stagnant freshwater habitats ( 3110 , 3120 , 3130 and 3150 ) and two current freshwater habitats ( 3260 and 3270 ) can be distinguished .<\/p>\n<p>It is precisely in the standing water environments and areas of transition to semi-terrestrial environments where the most important features \u200b\u200bof wetland, stressing above all a stable population of individuals of <i>Eryngium viviparum Gay<\/i>, umbelliferous listed in Annex II of the\u00a0 Habitats Directive and are identified as a priority species. Another species of flora listed in Annex II of the Community Directive and present\u00a0 in the wetland, is<i> Luronium natans<\/i> (L. ) Rafin, an aquatic plant that lives on the edges of ponds and lagoons and backwaters of rivers and in shallow beds.<\/p>\n<p><strong><span style=\"color: #ff0000;\">Habitats of Community Interest<\/span><\/strong><\/p>\n<table border=\"0\" cellspacing=\"0\" cellpadding=\"0\">\n<tbody>\n<tr>\n<td valign=\"top\" width=\"47\"><strong>C\u00f3digo<\/strong><\/td>\n<td valign=\"top\" width=\"12\"><\/td>\n<td colspan=\"2\" valign=\"top\" width=\"364\"><strong>Denominaci\u00f3n<\/strong><\/td>\n<\/tr>\n<tr>\n<td valign=\"top\" width=\"47\"><\/td>\n<td valign=\"top\" width=\"12\"><\/td>\n<td colspan=\"2\" valign=\"top\" width=\"364\"><\/td>\n<\/tr>\n<tr>\n<td valign=\"top\" width=\"47\">3110<\/td>\n<td valign=\"top\" width=\"12\"><\/td>\n<td colspan=\"2\" valign=\"top\" width=\"364\">Aguas oligotr\u00f3ficas con un contenido de minerales muy bajo de las llanuras arenosas (<em>Littorelletalia uniflorae<\/em>)<\/td>\n<\/tr>\n<tr>\n<td valign=\"top\" width=\"47\">3120<\/td>\n<td valign=\"top\" width=\"12\"><\/td>\n<td colspan=\"2\" valign=\"top\" width=\"364\">Aguas oligotr\u00f3ficas con un contenido de minerales muy bajo sobre suelos generalmente arenosos del mediterr\u00e1neo occidental con\u00a0<em>Isoete<\/em>s spp.<\/td>\n<\/tr>\n<tr>\n<td valign=\"top\" width=\"47\">3130<\/td>\n<td valign=\"top\" width=\"12\"><\/td>\n<td colspan=\"2\" valign=\"top\" width=\"364\">Aguas estancadas, oligotr\u00f3ficas o mesotr\u00f3ficas con vegetaci\u00f3n de\u00a0<em>Littorelletea uniflorae\u00a0<\/em>y\/o Iso\u00ebto<em>-Nanojuncetea<\/em><\/td>\n<\/tr>\n<tr>\n<td valign=\"top\" width=\"47\">3150<\/td>\n<td valign=\"top\" width=\"12\"><\/td>\n<td colspan=\"2\" valign=\"top\" width=\"364\">Lagos eutr\u00f3ficos naturales con vegetaci\u00f3n\u00a0<em>Magnopotamion\u00a0<\/em>o\u00a0<em>Hydrocharition<\/em><\/td>\n<\/tr>\n<tr>\n<td valign=\"top\" width=\"47\">3260<\/td>\n<td valign=\"top\" width=\"12\"><\/td>\n<td colspan=\"2\" valign=\"top\" width=\"364\">R\u00edos, de pisos de planicie a montano con vegetaci\u00f3n de\u00a0<em>Ranunculion fluitantis\u00a0<\/em>y de\u00a0<em>Callitricho-Batrachion<\/em><\/td>\n<\/tr>\n<tr>\n<td valign=\"top\" width=\"47\">3270<\/td>\n<td valign=\"top\" width=\"12\"><\/td>\n<td colspan=\"2\" valign=\"top\" width=\"364\">R\u00edos de orillas fangosas con vegetaci\u00f3n de\u00a0<em>Chenopodion rubri\u00a0<\/em>p.p. y de\u00a0<em>Bidention\u00a0<\/em>p.p.<\/td>\n<\/tr>\n<tr>\n<td valign=\"top\" width=\"47\">4020*<\/td>\n<td valign=\"top\" width=\"12\"><\/td>\n<td colspan=\"2\" valign=\"top\" width=\"364\">Brezales h\u00famedos atl\u00e1nticos de zonas templadas de\u00a0<em>Erica cillaris\u00a0<\/em>y\u00a0<em>Erica tetralix<\/em><\/td>\n<\/tr>\n<tr>\n<td valign=\"top\" width=\"47\">4030<\/td>\n<td valign=\"top\" width=\"12\"><\/td>\n<td colspan=\"2\" valign=\"top\" width=\"364\">Brezales secos europeos<\/td>\n<\/tr>\n<tr>\n<td valign=\"top\" width=\"47\">6410<\/td>\n<td valign=\"top\" width=\"12\"><\/td>\n<td colspan=\"2\" valign=\"top\" width=\"364\">Prados con molinias sobre sustratos calc\u00e1reos, turbosos o arcillo-lim\u00f3nicos (<em>Molinion caeruleae<\/em>)<\/td>\n<\/tr>\n<tr>\n<td valign=\"top\" width=\"47\">6430<\/td>\n<td valign=\"top\" width=\"12\"><\/td>\n<td colspan=\"2\" valign=\"top\" width=\"364\">Megaforbios eutrofos hidr\u00f3filos de las orlas de llanura y de los pisos montano a alpino<\/td>\n<\/tr>\n<tr>\n<td valign=\"top\" width=\"47\">6510<\/td>\n<td valign=\"top\" width=\"12\"><\/td>\n<td colspan=\"2\" valign=\"top\" width=\"364\">Prados pobres de siega de baja altitud (Alopecurus pratensis, S<em>anguisorba officinalis<\/em>)<\/td>\n<\/tr>\n<tr>\n<td valign=\"top\" width=\"47\">91E0*<\/td>\n<td valign=\"top\" width=\"12\"><\/td>\n<td colspan=\"2\" valign=\"top\" width=\"364\">Bosques aluviales de\u00a0<em>Alnus glutinosa\u00a0<\/em>y\u00a0<em>Fraxinus excelsior\u00a0<\/em>(<em>Alno- Padion, Alnion incanae, Salicion albae<\/em>)<\/td>\n<\/tr>\n<\/tbody>\n<\/table>\n<p>&nbsp;<\/p>\n<p><strong><span style=\"color: #ff0000;\">Fauna<\/span><\/strong><br \/>\nIn the wetlands of Laguna Cospeito about half a hundred different species of waterfowl can be observed throughout the year, for which it is considered one of the main sites of inner Galicia in the conservation of this fauna group. Standing out for their number is the lapwing (<i>Vanellus Vanellus<\/i>) or European golden plover (<i>Pluvialis apricaria<\/i>). Also in the case of lapwing, breeding populations were confirmed in the site. Other species of interest that can be found in this enclave are the Bittern (<i>Botaurus stellaris<\/i>) or aquatic warbler (<i>Acrocephalus paludicola<\/i>).<\/p>\n<p>Also here the colonies of amphibians can be noted, being among other species of San Ant\u00f3n frog (<i>Hyla arborea<\/i>) and the Iberian painted frog (<i>Discoglossus galganoi<\/i>), both species of community interest. Also located in this wetland is the otter (Lutra lutra), a species listed in Annex II and IV of the Habitats Directive.<\/p>\n<\/dd><dt>PHOTOS<\/dt><dd><p><a href=\"http:\/\/www.lifetremedal.eu\/wp-content\/uploads\/cospeito_01.jpg\"><img loading=\"lazy\" decoding=\"async\" alt=\"cospeito_01\" src=\"http:\/\/www.lifetremedal.eu\/wp-content\/uploads\/cospeito_01-300x199.jpg\" width=\"317\" height=\"210\" \/><\/a><\/p>\n<p><a href=\"http:\/\/www.lifetremedal.eu\/wp-content\/uploads\/cospeito_03.jpg\"><img loading=\"lazy\" decoding=\"async\" alt=\"cospeito_03\" src=\"http:\/\/www.lifetremedal.eu\/wp-content\/uploads\/cospeito_03-300x199.jpg\" width=\"322\" height=\"213\" \/><\/a><\/p>\n<p><a href=\"http:\/\/www.lifetremedal.eu\/wp-content\/uploads\/100708_62.jpg\"><img loading=\"lazy\" decoding=\"async\" alt=\"100708_62\" src=\"http:\/\/www.lifetremedal.eu\/wp-content\/uploads\/100708_62-300x120.jpg\" width=\"322\" height=\"128\" \/><\/a><\/p>\n<\/dd><\/dl><p>&nbsp;<\/p>\n","protected":false},"excerpt":{"rendered":"<p>Enclave Name:\u00a0Cospeito Lake. Protection Categories: Included in the SCI Parga-Ladra-ES1120003 T\u00e1moga and the Special Protection Area of Parga-Ladra-T\u00e1moga Natural Assets. Location: It belongs to the municipality of Cospeito province of Lugo. Region: Galicia Reference Coordinate: 1Km E2906N2403 Surface of the Wetland: 70 ha Altitude: 397m See PDF map Extensive wetland located in the floodplain of [&hellip;]<\/p>\n","protected":false},"author":2,"featured_media":0,"parent":921,"menu_order":0,"comment_status":"open","ping_status":"closed","template":"page-template-left-nav.php","meta":{"footnotes":""},"class_list":["post-4771","page","type-page","status-publish","hentry"],"_links":{"self":[{"href":"https:\/\/lifetremedal.eu\/en\/wp-json\/wp\/v2\/pages\/4771","targetHints":{"allow":["GET"]}}],"collection":[{"href":"https:\/\/lifetremedal.eu\/en\/wp-json\/wp\/v2\/pages"}],"about":[{"href":"https:\/\/lifetremedal.eu\/en\/wp-json\/wp\/v2\/types\/page"}],"author":[{"embeddable":true,"href":"https:\/\/lifetremedal.eu\/en\/wp-json\/wp\/v2\/users\/2"}],"replies":[{"embeddable":true,"href":"https:\/\/lifetremedal.eu\/en\/wp-json\/wp\/v2\/comments?post=4771"}],"version-history":[{"count":15,"href":"https:\/\/lifetremedal.eu\/en\/wp-json\/wp\/v2\/pages\/4771\/revisions"}],"predecessor-version":[{"id":12076,"href":"https:\/\/lifetremedal.eu\/en\/wp-json\/wp\/v2\/pages\/4771\/revisions\/12076"}],"up":[{"embeddable":true,"href":"https:\/\/lifetremedal.eu\/en\/wp-json\/wp\/v2\/pages\/921"}],"wp:attachment":[{"href":"https:\/\/lifetremedal.eu\/en\/wp-json\/wp\/v2\/media?parent=4771"}],"curies":[{"name":"wp","href":"https:\/\/api.w.org\/{rel}","templated":true}]}}