{"id":4689,"date":"2014-10-01T08:00:15","date_gmt":"2014-10-01T06:00:15","guid":{"rendered":"http:\/\/www.lifetremedal.eu\/?page_id=4689"},"modified":"2023-02-12T05:02:19","modified_gmt":"2023-02-12T04:02:19","slug":"argintzu","status":"publish","type":"page","link":"https:\/\/lifetremedal.eu\/en\/wetlands\/argintzu\/","title":{"rendered":"Argintzu"},"content":{"rendered":"<div class=\"one_half\">\n<p><strong>Enclave Name:<\/strong> Argintzu<br \/>\n<strong>Protection Categories:<\/strong> ZEC Monte Alduide<br \/>\n<strong>Location:<\/strong> Baztan<br \/>\n<strong>Region:<\/strong> Navarra<br \/>\n<strong>Reference Coordinate:<\/strong> XN2368 XN 2369<br \/>\n<a href=\"http:\/\/lifetremedal.eu\/wp-content\/uploads\/Navarra_TremedalEnclaves_A3_Argintzu.pdf\">See PDF map<\/a><\/p>\n<\/div>\n<div class=\"one_half\">\n<p><img loading=\"lazy\" decoding=\"async\" alt=\"Argintzu\" src=\"http:\/\/lifetremedal.eu\/wp-content\/uploads\/Argintzu.jpg\" width=\"320\" height=\"181\" \/><\/p>\n<\/div>\n<div class=\"hr hr-dotted\">&nbsp;<\/div>\n<p>The site is divided into several areas:<\/p>\n<p>A \/ Acidophilus pasture surrounding the flooded areas with dry soil but with good coverage of bryophytes and sometimes <i>Juncus squarrosus<\/i> populations .<\/p>\n<p>B \/ Shallow riverbeds, with more or less active upwelling, leading to discontinuous flows which gather in sinkholes at the height of the hill (subneutrophilus swamps ) .<\/p>\n<p>C \/ Principal platform: Flat stream source, lined with sphagnum, quite heterogeneous from the slope of the top edge to the irrigation channel outlet\u00a0 ( subneutrophious to\u00a0 acidophilus swamps ). Note the\u00a0 presence of <i>Menyanthes trifoliata<\/i>.<\/p>\n<p>D \/ Basophilus swamps, waterlogged soils with slow movement of water in the form of fans , with the presence of <i>Palustriella falcata<\/i>.<\/p>\n<p>E \/ Small stream area with <i>Philonotis fontana<\/i> and Sphagnum teres (subneutrophilus to basophilus swamp)<\/p>\n<p>F \/ Colluvium area with blocks cemented by clay where the streams that come out of zone D run and disappear.<\/p>\n<p>The site has great heterogeneity in terms of water chemistry, with upwellings of eutrophic character and others of mesotrophic character.<\/p>\n<dl class=\"accordion\"><dt>MORE RELEVANT VALUES<\/dt><dd><p><strong><span style=\"color: #ff0000\">Singularity<\/span><\/strong><br \/>\nArgintzu is the studied enclave with the largest range of swamp typologies, including acidophilus to basophils.<\/p>\n<p><strong><span style=\"color: #ff0000\">Biologic and Ecologic Features<\/span><\/strong><br \/>\nRegarding the vascular flora, the presence of <i>Menyanthes trifoliata<\/i> must be noted. Among the bryophytes, <i>Sphagnum teres<\/i> is new to the bryologic catalog of Navarra, and the population of <i>Scorpidium cossonii<\/i>, the second located in Navarra.<\/p>\n<p><strong><span style=\"color: #ff0000\">Historic and Paleo-ecologic Features<\/span><\/strong><br \/>\nNo peat deposit<\/p>\n<p><strong><span style=\"color: #ff0000\">Habitats of Community Interest<\/span><\/strong><\/p>\n<table border=\"1\" cellspacing=\"0\" cellpadding=\"0\">\n<tbody>\n<tr>\n<td nowrap=\"nowrap\" width=\"88\"><strong>Habitat<\/strong><\/td>\n<td width=\"312\"><strong>Nombre<\/strong><\/td>\n<\/tr>\n<tr>\n<td nowrap=\"nowrap\" width=\"88\">4030<\/td>\n<td width=\"312\">Brezales secos europeos<\/td>\n<\/tr>\n<tr>\n<td nowrap=\"nowrap\" width=\"88\">6230<\/td>\n<td width=\"312\">Formaciones herbosas con Nardus, con numerosas especies, sobre sustratos sil\u00edceos de zonas monta\u00f1osas (y de zonas submonta\u00f1osas de la Europa continental)<\/td>\n<\/tr>\n<tr>\n<td nowrap=\"nowrap\" width=\"88\">6410<\/td>\n<td width=\"312\">Prados con molinias sobre sustratos calc\u00e1reos, turbosos o arcillo-lim\u00f3nicos (<em>Molinion caeruleae<\/em>)<\/td>\n<\/tr>\n<tr>\n<td nowrap=\"nowrap\" width=\"88\">7140<\/td>\n<td width=\"312\">\u00abMires\u00bb de transici\u00f3n<\/td>\n<\/tr>\n<\/tbody>\n<\/table>\n<p>&nbsp;<\/p>\n<p><strong><span style=\"color: #ff0000\">Habitats According to Other Classifications<\/span><\/strong><\/p>\n<table width=\"366\" border=\"1\" cellspacing=\"0\" cellpadding=\"0\">\n<tbody>\n<tr>\n<td nowrap=\"nowrap\" width=\"55\"><strong>Habitat<\/strong><\/td>\n<td nowrap=\"nowrap\" width=\"71\"><strong>CINH<\/strong><\/td>\n<td width=\"240\"><strong>Sintax\u00f3n<\/strong><\/td>\n<\/tr>\n<tr>\n<td nowrap=\"nowrap\" width=\"55\">4030<\/td>\n<td nowrap=\"nowrap\" width=\"71\">303044<\/td>\n<td width=\"240\"><em>Erico tetralicis-Ulicetum gallii ulicetosum gallii var. T\u00edpica<\/em><\/td>\n<\/tr>\n<tr>\n<td nowrap=\"nowrap\" width=\"55\">6230*<\/td>\n<td nowrap=\"nowrap\" width=\"71\">523010*<\/td>\n<td width=\"240\"><em>Carici piluliferae-Agrostietum curtisii nardetosum strictae<\/em><\/td>\n<\/tr>\n<tr>\n<td nowrap=\"nowrap\" width=\"55\">6230*<\/td>\n<td nowrap=\"nowrap\" width=\"71\">523013<\/td>\n<td width=\"240\"><em>Serratulo tinctoriae-Nardetum strictae<\/em><\/td>\n<\/tr>\n<tr>\n<td nowrap=\"nowrap\" width=\"55\">6410<\/td>\n<td nowrap=\"nowrap\" width=\"71\">541030*<\/td>\n<td width=\"240\"><em>Com. Juncus effusus y Scutellaria minor<\/em><\/td>\n<\/tr>\n<tr>\n<td nowrap=\"nowrap\" width=\"55\">7140<\/td>\n<td nowrap=\"nowrap\" width=\"71\">211012<\/td>\n<td width=\"240\"><em>Hyperico elodis-Potametum oblongi<\/em><\/td>\n<\/tr>\n<tr>\n<td nowrap=\"nowrap\" width=\"55\">7140<\/td>\n<td nowrap=\"nowrap\" width=\"71\">622010*<\/td>\n<td width=\"240\"><em>Com. Palustriella falcata<\/em><\/td>\n<\/tr>\n<tr>\n<td nowrap=\"nowrap\" width=\"55\">7140<\/td>\n<td nowrap=\"nowrap\" width=\"71\">622010*<\/td>\n<td width=\"240\"><em>Com. Philonotis fontana y Bryum pseudotriquetrum<\/em><\/td>\n<\/tr>\n<tr>\n<td nowrap=\"nowrap\" width=\"55\">7140<\/td>\n<td valign=\"bottom\" nowrap=\"nowrap\" width=\"71\">613010*<\/td>\n<td width=\"240\"><em>Erico tetralicis-Sphagnetum papillosi<\/em><\/td>\n<\/tr>\n<tr>\n<td valign=\"bottom\" nowrap=\"nowrap\" width=\"55\">7140<\/td>\n<td nowrap=\"nowrap\" width=\"71\">617011<\/td>\n<td width=\"240\"><em>Anagallido tenellae-Juncetum bulbosi<\/em><\/td>\n<\/tr>\n<tr>\n<td nowrap=\"nowrap\" width=\"55\">7140<\/td>\n<td nowrap=\"nowrap\" width=\"71\">617010*<\/td>\n<td width=\"240\"><em>Com. Sphagnum auriculatum y Narthecium ossifragum var. t\u00edpica<\/em><\/td>\n<\/tr>\n<tr>\n<td nowrap=\"nowrap\" width=\"55\">7140<\/td>\n<td valign=\"bottom\" nowrap=\"nowrap\" width=\"71\">723010*<\/td>\n<td width=\"240\"><em>Com. Sedum anglicum y Rumex angiocarpus<\/em><\/td>\n<\/tr>\n<\/tbody>\n<\/table>\n<p>&nbsp;<\/p>\n<p><strong><span style=\"color: #ff0000\">Flora<\/span><\/strong><br \/>\nArgintzu is an enclave fairly typical floristically in the context of the Eastern Basque para-peatland environments, because there are plenty of the species most common to thses environments. Only the presence of a population of <i>Menyanthes trifoliata<\/i> is notable, on the other hand quite harvested. We can also mention that <i>Huperzia selago<\/i> has been cited in the peak area (Balda 2002: 163).<\/p>\n<p>69 vasculares and 33 brophytes have been detected. Among the bryophytes the presence of two species with continental tendency, more frequent towards the East, Central Pyrenees: <i>Sphagnum teres<\/i> and <i>Scorpidium cossonii <\/i>are noted.<\/p>\n<\/dd><dt>PHOTOS<\/dt><dd><p><div id=\"attachment_226\" style=\"width: 398px\" class=\"wp-caption aligncenter\"><img loading=\"lazy\" decoding=\"async\" aria-describedby=\"caption-attachment-226\" class=\"size-full wp-image-226\" alt=\"Aspecto general de la zona C, a la derecha se aprecia tambi\u00e9n la surgencia de la zona E (P. Heras).\" src=\"http:\/\/lifetremedal.eu\/wp-content\/uploads\/Argintzu-3.jpg\" width=\"388\" height=\"256\" \/><\/p>\n<p id=\"caption-attachment-226\" class=\"wp-caption-text\">General aspect of zone C, to the right the emergence of zone E is apprciated (P. Heras).<\/p>\n<\/div>\n<p><div id=\"attachment_224\" style=\"width: 432px\" class=\"wp-caption aligncenter\"><img loading=\"lazy\" decoding=\"async\" aria-describedby=\"caption-attachment-224\" class=\"size-full wp-image-224\" alt=\"Aspecto general de la zona C. (P. Heras). \" src=\"http:\/\/lifetremedal.eu\/wp-content\/uploads\/Argintzu-1.jpg\" width=\"422\" height=\"278\" \/><\/p>\n<p id=\"caption-attachment-224\" class=\"wp-caption-text\">General aspect of zone C. (P. Heras).<\/p>\n<\/div>\n<p><div id=\"attachment_225\" style=\"width: 362px\" class=\"wp-caption aligncenter\"><img loading=\"lazy\" decoding=\"async\" aria-describedby=\"caption-attachment-225\" class=\"size-full wp-image-225\" alt=\"Dolina en la parte superior del enclave (Zona B). (P. Heras). \" src=\"http:\/\/lifetremedal.eu\/wp-content\/uploads\/Argintzu-2.jpg\" width=\"352\" height=\"531\" \/><\/p>\n<p id=\"caption-attachment-225\" class=\"wp-caption-text\">Dolina on the upper part of the enclave (Zone B). (P. Heras).<\/p>\n<\/div>\n<\/dd><\/dl>","protected":false},"excerpt":{"rendered":"<p>The site is divided into several areas: A \/ Acidophilus pasture surrounding the flooded areas with dry soil but with good coverage of bryophytes and sometimes Juncus squarrosus populations . B \/ Shallow riverbeds, with more or less active upwelling, leading to discontinuous flows which gather in sinkholes at the height of the hill (subneutrophilus [&hellip;]<\/p>\n","protected":false},"author":2,"featured_media":0,"parent":921,"menu_order":0,"comment_status":"open","ping_status":"closed","template":"page-template-left-nav.php","meta":{"footnotes":""},"class_list":["post-4689","page","type-page","status-publish","hentry"],"_links":{"self":[{"href":"https:\/\/lifetremedal.eu\/en\/wp-json\/wp\/v2\/pages\/4689","targetHints":{"allow":["GET"]}}],"collection":[{"href":"https:\/\/lifetremedal.eu\/en\/wp-json\/wp\/v2\/pages"}],"about":[{"href":"https:\/\/lifetremedal.eu\/en\/wp-json\/wp\/v2\/types\/page"}],"author":[{"embeddable":true,"href":"https:\/\/lifetremedal.eu\/en\/wp-json\/wp\/v2\/users\/2"}],"replies":[{"embeddable":true,"href":"https:\/\/lifetremedal.eu\/en\/wp-json\/wp\/v2\/comments?post=4689"}],"version-history":[{"count":12,"href":"https:\/\/lifetremedal.eu\/en\/wp-json\/wp\/v2\/pages\/4689\/revisions"}],"predecessor-version":[{"id":11974,"href":"https:\/\/lifetremedal.eu\/en\/wp-json\/wp\/v2\/pages\/4689\/revisions\/11974"}],"up":[{"embeddable":true,"href":"https:\/\/lifetremedal.eu\/en\/wp-json\/wp\/v2\/pages\/921"}],"wp:attachment":[{"href":"https:\/\/lifetremedal.eu\/en\/wp-json\/wp\/v2\/media?parent=4689"}],"curies":[{"name":"wp","href":"https:\/\/api.w.org\/{rel}","templated":true}]}}