{"id":4676,"date":"2014-10-01T08:00:15","date_gmt":"2014-10-01T06:00:15","guid":{"rendered":"http:\/\/www.lifetremedal.eu\/?page_id=4676"},"modified":"2023-02-10T14:14:16","modified_gmt":"2023-02-10T13:14:16","slug":"alkurruntz","status":"publish","type":"page","link":"https:\/\/lifetremedal.eu\/en\/wetlands\/alkurruntz\/","title":{"rendered":"Alkurruntz"},"content":{"rendered":"<div class=\"one_half\">\n<p><strong>Enclave Name:<\/strong> Alkurruntz<br \/>\n<strong>Protection Categories:<\/strong> Included in LIC 22000015 Orabidea Regatta. It is show as Undevelopable Land of Protection for Environmental Value, Wetlands in Spatial Plan 3 &#8220;Navarra Atlantic&#8221;.<br \/>\n<strong>Location:<\/strong> Baztan<br \/>\n<strong>Region:<\/strong> Navarra<br \/>\n<strong>Wetland Surface:<\/strong> 2.24 hect\u00e1reas<br \/>\n<strong>Altitude:<\/strong> 550-756 m<\/p>\n<p><a href=\"http:\/\/lifetremedal.eu\/wp-content\/uploads\/Navarra_TremedalEnclaves_A4_Alkurruntz.pdf\">See PDF map<\/a><\/p>\n<\/div>\n<div class=\"one_half\">\n<p><img loading=\"lazy\" decoding=\"async\" class=\"alignnone size-full wp-image-221\" alt=\"Alkurruntz\" src=\"http:\/\/lifetremedal.eu\/wp-content\/uploads\/Alkurruntz.jpg\" width=\"320\" height=\"181\" \/><\/p>\n<\/div>\n<div class=\"hr hr-dotted\">&nbsp;<\/div>\n<h5><b>This enclave of around 2 ha, is located on the hill at the foot of Mount Alkurruntz. It is accessed from the port of Otsondo in Baztan<\/b>.<\/h5>\n<p>The site starts at the top with an upwelling eutrophy that flows into a platform a bit further down. The platform in turn, receives water\u00a0 from three points of upwelling\u00a0 in addition to\u00a0 the previously mention upwelling . Thus, the platform is not homogeneous : it has areas where the soil is less waterlogged than the rest and develop rushes (the top edge and the Western side), there is a high shoulder, dry soil covered by gorse ; and the larger part is very waterlogged and covered by a carpet of sphagnum. The platform is drained into two streams flowing through the back of respective watering troughs, missing half of the slope between the substrate .<\/p>\n<p>Below the platform there is a more or less horizontal line of streams, which exhibit different activity and definition, and which give rise to channels with flow of variable length. To the East, these flows reach the side of the ditch of the track in the back; in the center, the flows end on the hillside, and towards the West, these channels drain into the creek canyon .<\/p>\n<p>The area of \u200b\u200bthe platform consists of a mosaic of flooded areas with Sphagnum communities and <i>Narthecium ossifragum auriculatum<\/i> promontories and small communities with Sphagnum and <i>Erica tetralix papillosum<\/i>. Among these communities and areas with <i>Rhynchospora alba<\/i> and <i>Pinguicula lusitanica<\/i> interspersed. The main stream is characterized by <i>Potamogeton polygonifolius<\/i> communities , while more diffusive flow zones are characterized by the presence of <i>Eleocharis multicaulis<\/i>. <i>Ommiophyllus Ranunculus<\/i> communities in small emergences, rushes with <i>Juncus acutiflorus<\/i> and heaths with <i>Erica tetralix<\/i> are also found .<\/p>\n<p>The Natural Habitats of Community Interest (HIC) and Habitats of Priority (HIP) most representative of the enclave, are associated with peat (7140, 7150), peat moors (4020 *) and rushes (6410).<\/p>\n<dl class=\"accordion\"><dt>MORE RELEVANT FEATURES<\/dt><dd><p><strong><span style=\"color: #ff0000;\">Singularity<\/span><\/strong><br \/>\nAlkurruntz is known for hosting an important heterogeneity in terms of habitat type despite the small size it occupies.<\/p>\n<p><strong><span style=\"color: #ff0000;\">Biologic and Ecologic Features<\/span><\/strong><br \/>\nThis enclave has a significant representation of the Habitats 7140 and 7150. It is also known for the presence of vascular flora of interest.<\/p>\n<p><strong><span style=\"color: #ff0000;\">Historic and Paleo-ecologic Feature<\/span><\/strong><br \/>\nThe peat habitats Alkurruntz do not have relevant deposits from the paleo-ecologicalpoint of view.<\/p>\n<p><strong><span style=\"color: #ff0000;\">Habitats of Community Interest<\/span><\/strong><\/p>\n<table border=\"1\" cellspacing=\"0\" cellpadding=\"0\">\n<tbody>\n<tr>\n<td valign=\"top\" width=\"55\"><strong>H\u00e1bitat<\/strong><\/td>\n<td valign=\"top\" width=\"378\"><strong>Nombre<\/strong><\/td>\n<\/tr>\n<tr>\n<td valign=\"top\" width=\"55\">4020*<\/td>\n<td valign=\"top\" width=\"378\">Brezales h\u00famedos atl\u00e1nticos de zonas templadas de\u00a0<em>Erica cillaris<\/em>\u00a0y\u00a0<em>Erica tetralix<\/em><\/td>\n<\/tr>\n<tr>\n<td valign=\"top\" width=\"55\">4030<\/td>\n<td valign=\"top\" width=\"378\">Brezales secos europeos<\/td>\n<\/tr>\n<tr>\n<td valign=\"top\" width=\"55\">6230*<\/td>\n<td valign=\"top\" width=\"378\">Formaciones herbosas con\u00a0<em>Nardus<\/em>, con numerosas especies, sobre sustratos sil\u00edceos de zonas monta\u00f1osas (y de zonas submonta\u00f1osas de la Europa continental)<\/td>\n<\/tr>\n<tr>\n<td valign=\"top\" width=\"55\">6410<\/td>\n<td width=\"378\">Prados con molinias sobre sustratos calc\u00e1reos, turbosos o arcillo-lim\u00f3nicos (<em>Molinion caeruleae<\/em>)<\/td>\n<\/tr>\n<tr>\n<td valign=\"top\" width=\"55\">7140<\/td>\n<td valign=\"top\" width=\"378\">\u201cMires\u201d de transici\u00f3n<\/td>\n<\/tr>\n<tr>\n<td valign=\"top\" width=\"55\">7150<\/td>\n<td valign=\"top\" width=\"378\">Depresiones sobre sustratos turbosos<\/td>\n<\/tr>\n<\/tbody>\n<\/table>\n<p>&nbsp;<\/p>\n<p><strong><span style=\"color: #ff0000;\">Flora<\/span><\/strong><br \/>\nAs floristic elements of interest the presence of <i>Rhynchospora alba Alkurruntz<\/i>, <i>Ranunculus omiophyllus<\/i>, <i>Pinguicula lusitanica<\/i> and <i>Soldanella villosa<\/i> stand out. Pinguicula lusitanica is recorded as &#8220;sensitive to habitat alteration&#8221; in the Catalogue of Threatened Flora of Navarra. <i>Soldanella villosa <\/i>is also recorded as &#8220;sensitive to habitat alteration&#8221; in the Catalogue of Threatened Flora of Navarra and is also included in Annexes II and IV of the Habitats Directive.<\/p>\n<p>Among the bryophytes, the presence of Sphagnum capillifolium stands out. On the other hand, it can be noted that most of the typical species of the peat environments of Eastern Basque biogeographic realm are present.<\/p>\n<p>There have been a total of 60 species of vasculars and 17 of bryophytes, including five sphagnum.<\/p>\n<p><strong><span style=\"color: #ff0000;\">Fauna<\/span><\/strong><br \/>\nThere is no specific information associated with the fauna Alkurruntz peat area.<\/p>\n<\/dd><dt>PHOTOS<\/dt><dd><p><a href=\"http:\/\/lifetremedal.eu\/wp-content\/uploads\/DSC07291.jpg\"><img loading=\"lazy\" decoding=\"async\" alt=\"DSC07291\" src=\"http:\/\/lifetremedal.eu\/wp-content\/uploads\/DSC07291-300x225.jpg\" width=\"300\" height=\"225\" \/><\/a><\/p>\n<p><a href=\"http:\/\/lifetremedal.eu\/wp-content\/uploads\/DSC07290.jpg\"><img loading=\"lazy\" decoding=\"async\" alt=\"DSC07290\" src=\"http:\/\/lifetremedal.eu\/wp-content\/uploads\/DSC07290-300x225.jpg\" width=\"300\" height=\"225\" \/><\/a><\/p>\n<p><a href=\"http:\/\/lifetremedal.eu\/wp-content\/uploads\/DSC07295.jpg\"><img loading=\"lazy\" decoding=\"async\" alt=\"DSC07295\" src=\"http:\/\/lifetremedal.eu\/wp-content\/uploads\/DSC07295-225x300.jpg\" width=\"225\" height=\"300\" \/><\/a><\/p>\n<\/dd><\/dl>","protected":false},"excerpt":{"rendered":"<p>This enclave of around 2 ha, is located on the hill at the foot of Mount Alkurruntz. It is accessed from the port of Otsondo in Baztan. The site starts at the top with an upwelling eutrophy that flows into a platform a bit further down. The platform in turn, receives water\u00a0 from three points [&hellip;]<\/p>\n","protected":false},"author":2,"featured_media":0,"parent":921,"menu_order":0,"comment_status":"open","ping_status":"closed","template":"page-template-left-nav.php","meta":{"footnotes":""},"class_list":["post-4676","page","type-page","status-publish","hentry"],"_links":{"self":[{"href":"https:\/\/lifetremedal.eu\/en\/wp-json\/wp\/v2\/pages\/4676","targetHints":{"allow":["GET"]}}],"collection":[{"href":"https:\/\/lifetremedal.eu\/en\/wp-json\/wp\/v2\/pages"}],"about":[{"href":"https:\/\/lifetremedal.eu\/en\/wp-json\/wp\/v2\/types\/page"}],"author":[{"embeddable":true,"href":"https:\/\/lifetremedal.eu\/en\/wp-json\/wp\/v2\/users\/2"}],"replies":[{"embeddable":true,"href":"https:\/\/lifetremedal.eu\/en\/wp-json\/wp\/v2\/comments?post=4676"}],"version-history":[{"count":16,"href":"https:\/\/lifetremedal.eu\/en\/wp-json\/wp\/v2\/pages\/4676\/revisions"}],"predecessor-version":[{"id":11966,"href":"https:\/\/lifetremedal.eu\/en\/wp-json\/wp\/v2\/pages\/4676\/revisions\/11966"}],"up":[{"embeddable":true,"href":"https:\/\/lifetremedal.eu\/en\/wp-json\/wp\/v2\/pages\/921"}],"wp:attachment":[{"href":"https:\/\/lifetremedal.eu\/en\/wp-json\/wp\/v2\/media?parent=4676"}],"curies":[{"name":"wp","href":"https:\/\/api.w.org\/{rel}","templated":true}]}}