{"id":4391,"date":"2014-10-01T08:00:06","date_gmt":"2014-10-01T06:00:06","guid":{"rendered":"http:\/\/www.lifetremedal.eu\/?page_id=4391"},"modified":"2023-02-10T15:31:54","modified_gmt":"2023-02-10T14:31:54","slug":"okolin","status":"publish","type":"page","link":"https:\/\/lifetremedal.eu\/en\/wetlands\/okolin\/","title":{"rendered":"Okolin"},"content":{"rendered":"<div class=\"one_half\">\n<p><strong>Name of the site:<\/strong> Okolin<br \/>\n<strong>Protection categories:<\/strong> The site is included in SCI ES 220018 Belate.<br \/>\n<strong>Location:<\/strong> Baztan and Anue<br \/>\n<strong>Region:<\/strong> Navarre<br \/>\n<strong>Coordinate reference:<\/strong> 30TXN1466, 30TXN1566, 30TXN1567, 30TXN1467<br \/>\n<strong>Surface area of the wetland:<\/strong> The site has a number of hillside springs in a large area of around 40 hectares.<br \/>\n<strong>Altitude:<\/strong> 1,060 \u2013 1,020 m<\/p>\n<p><a href=\"http:\/\/www.lifetremedal.eu\/wp-content\/uploads\/Navarra_TremedalEnclaves_A3_Okolin.pdf\">See PDF map<\/a><\/p>\n<\/div>\n<div class=\"one_half\">\n<p><img loading=\"lazy\" decoding=\"async\" class=\"alignnone size-full wp-image-221\" alt=\"Okolin\" src=\"http:\/\/www.lifetremedal.eu\/wp-content\/uploads\/Okolin.jpg\" width=\"320\" height=\"181\" \/><\/p>\n<\/div>\n<div class=\"hr hr-dotted\">&nbsp;<\/div>\n<h5>The site consists of a set of small mires on the west-facing slopes of Monte Okolin and the southwest slope of Monte Gartzaga.<\/h5>\n<p>Two types of spring can be identified at the site: some linked with slate and others with colluvium, the former being slightly larger than the latter.<\/p>\n<p>In these hillside outflows, there are communities of <em>Sphagnum auriculatum <\/em>and <em>Narthecium ossifragum, <\/em>with <em>Viola palustris <\/em><em>in the brooks. <\/em>In the larger emergences, there also grow communities of <em>Erica tetralix <\/em>and <em>Sphagnum papillosum,<\/em> while communities of <em>Sphagnum auriculatum <\/em>meet matgrass (<em>Nardus stricta<\/em>) in the smaller outflows. Atlantic acidophilous grasslands consisting of <em>Agrostis curtisii <\/em>take up most of the slopes. Areas of <em>Ulex gallii <\/em>are peppered in amongst these grasslands in the less grazed areas.<\/p>\n<dl class=\"accordion\"><dt>MOST IMPORTANT VALUES<\/dt><dd><p><span style=\"color: #ff0000\"><strong>Uniqueness<\/strong><\/span><br \/>\nThis site includes the small peat-forming areas on the slopes of Monte Okolin and Monte Gartzaga.<\/p>\n<p><span style=\"color: #ff0000\"><strong>Biological and ecological values<\/strong><\/span><br \/>\nAlthough the peat-forming areas at the site are small, they are home to interesting flora. The presence of <em>Nardia compressa<\/em> and <em>Warnstorfia exannulata <\/em><em>is notable<\/em>, given that they have not been found at other Navarrese sites.<\/p>\n<p><span style=\"color: #ff0000\"><strong>Historical and paleoecological values<\/strong><\/span><br \/>\nOkolin does not possess any unique features worthy of mention in this respect.<\/p>\n<p><span style=\"color: #ff0000\"><strong>Habitats of Community Interest<\/strong><\/span><\/p>\n<table border=\"1\" cellspacing=\"0\" cellpadding=\"0\">\n<tbody>\n<tr>\n<td nowrap=\"nowrap\" width=\"99\"><strong>H\u00e1bitat<\/strong><\/td>\n<td width=\"346\">\u00a0<strong><\/strong><\/td>\n<\/tr>\n<tr>\n<td nowrap=\"nowrap\" width=\"99\">4030<\/td>\n<td width=\"346\">Brezales secos europeos<\/td>\n<\/tr>\n<tr>\n<td nowrap=\"nowrap\" width=\"99\">6230*<\/td>\n<td width=\"346\">Formaciones herbosas con\u00a0<em>Nardus<\/em>, con numerosas especies, sobre sustratos sil\u00edceos de zonas monta\u00f1osas (y de zonas submonta\u00f1osas de la Europa continental)<\/td>\n<\/tr>\n<tr>\n<td nowrap=\"nowrap\" width=\"99\">6410<\/td>\n<td width=\"346\">Prados con molinias sobre sustratos calc\u00e1reos, turbosos o arcillo-lim\u00f3nicos (<em>Molinion caeruleae<\/em>)<\/td>\n<\/tr>\n<tr>\n<td nowrap=\"nowrap\" width=\"99\">7140<\/td>\n<td width=\"346\">\u00abMires\u00bb de transici\u00f3n<\/td>\n<\/tr>\n<\/tbody>\n<\/table>\n<p>&nbsp;<\/p>\n<p><span style=\"color: #ff0000\"><strong>Flora<\/strong><\/span><br \/>\nCited findings of <em>Trichophorum caespitosum subsp. germanicum <\/em><em>are noteworthy, <\/em><em>although the source is relatively old and has not been confirmed since<\/em>.<\/p>\n<p>48 species of vascular plant and 22 bryophyte species have been recorded, of which the presence of <em>Gymnocolea inflata<\/em>, <em>Marsupella sphacelata, Nardia compressa, Straminergon stramineum <\/em><em>and Warnstorfia exannulata<\/em> (of which there are very few populations in Navarre) is noteworthy. The presence of five sphagnum species has also been noted.<\/p>\n<p><span style=\"color: #ff0000\"><strong>Fauna<\/strong><\/span><br \/>\nNo specific information regarding the fauna at the Okolin emergences is available.<\/p>\n<\/dd><dt>PHOTOS<\/dt><dd><p><a href=\"http:\/\/www.lifetremedal.eu\/wp-content\/uploads\/Okolin.jpg\"><img loading=\"lazy\" decoding=\"async\" src=\"http:\/\/www.lifetremedal.eu\/wp-content\/uploads\/Okolin-300x225.jpg\" alt=\"Okolin\" width=\"300\" height=\"225\" class=\"aligncenter size-medium wp-image-4972\" srcset=\"https:\/\/lifetremedal.eu\/wp-content\/uploads\/Okolin-300x225.jpg 300w, https:\/\/lifetremedal.eu\/wp-content\/uploads\/Okolin-1024x768.jpg 1024w, https:\/\/lifetremedal.eu\/wp-content\/uploads\/Okolin.jpg 2048w\" sizes=\"auto, (max-width: 300px) 100vw, 300px\" \/><\/a><\/p>\n<\/dd><\/dl>","protected":false},"excerpt":{"rendered":"<p>The site consists of a set of small mires on the west-facing slopes of Monte Okolin and the southwest slope of Monte Gartzaga. Two types of spring can be identified at the site: some linked with slate and others with colluvium, the former being slightly larger than the latter. In these hillside outflows, there are [&hellip;]<\/p>\n","protected":false},"author":2,"featured_media":0,"parent":921,"menu_order":0,"comment_status":"open","ping_status":"closed","template":"page-template-left-nav.php","meta":{"footnotes":""},"class_list":["post-4391","page","type-page","status-publish","hentry"],"_links":{"self":[{"href":"https:\/\/lifetremedal.eu\/en\/wp-json\/wp\/v2\/pages\/4391","targetHints":{"allow":["GET"]}}],"collection":[{"href":"https:\/\/lifetremedal.eu\/en\/wp-json\/wp\/v2\/pages"}],"about":[{"href":"https:\/\/lifetremedal.eu\/en\/wp-json\/wp\/v2\/types\/page"}],"author":[{"embeddable":true,"href":"https:\/\/lifetremedal.eu\/en\/wp-json\/wp\/v2\/users\/2"}],"replies":[{"embeddable":true,"href":"https:\/\/lifetremedal.eu\/en\/wp-json\/wp\/v2\/comments?post=4391"}],"version-history":[{"count":12,"href":"https:\/\/lifetremedal.eu\/en\/wp-json\/wp\/v2\/pages\/4391\/revisions"}],"predecessor-version":[{"id":12043,"href":"https:\/\/lifetremedal.eu\/en\/wp-json\/wp\/v2\/pages\/4391\/revisions\/12043"}],"up":[{"embeddable":true,"href":"https:\/\/lifetremedal.eu\/en\/wp-json\/wp\/v2\/pages\/921"}],"wp:attachment":[{"href":"https:\/\/lifetremedal.eu\/en\/wp-json\/wp\/v2\/media?parent=4391"}],"curies":[{"name":"wp","href":"https:\/\/api.w.org\/{rel}","templated":true}]}}