{"id":4371,"date":"2014-10-01T08:00:57","date_gmt":"2014-10-01T06:00:57","guid":{"rendered":"http:\/\/www.lifetremedal.eu\/?page_id=4371"},"modified":"2023-02-10T15:25:00","modified_gmt":"2023-02-10T14:25:00","slug":"maulitx","status":"publish","type":"page","link":"https:\/\/lifetremedal.eu\/en\/wetlands\/maulitx\/","title":{"rendered":"Maulitx"},"content":{"rendered":"<div class=\"one_half\">\n<p><strong>Name of the site:<\/strong> Maulitx<br \/>\n<strong>Protection categories:<\/strong> Listed as Protected Non-developable Land due to its Environmental Value, Wetlands, in Navarre\u2019s Land Planning Programme 2 \u201cAtlantic Navarre\u201d.<br \/>\n<strong>Location:<\/strong> Baztan<br \/>\n<strong>Region:<\/strong> Navarre<br \/>\n<strong>Coordinate reference:<\/strong> 30TXN2377, 30TXN2477<br \/>\n<strong>Surface area of the wetland:<\/strong> 3.06 hectares<br \/>\n<strong>Altitude:<\/strong> 610-650 m<\/p>\n<p><a href=\"http:\/\/www.lifetremedal.eu\/wp-content\/uploads\/Navarra_TremedalEnclaves_A3_Maultiz.pdf\">See PDF map<\/a><\/p>\n<\/div>\n<div class=\"one_half\">\n<p><img loading=\"lazy\" decoding=\"async\" class=\"alignnone size-full wp-image-221\" alt=\"Maulitx\" src=\"http:\/\/www.lifetremedal.eu\/wp-content\/uploads\/Maulitx.jpg\" width=\"320\" height=\"181\" \/><\/p>\n<\/div>\n<div class=\"hr hr-dotted\">&nbsp;<\/div>\n<h5>This site is located in the municipality of Baztan and covers 3.06 ha. It has several, varyingly diffuse outflows and its flow channels on the slopes lead to a stream at the bottom of the gully.<\/h5>\n<p>It has two chief zones of flowing spring water, which emerge from vegetation dominated by heath consisting of <em>Erica tetralix <\/em>in a mosaic with <em>Agrostis curtisii <\/em>grasslands<em>. <\/em><\/p>\n<p>The site has two distinct zones:<\/p>\n<p>One is larger, more diverse and more complex. Different zones of waterlogged soil can be identified in this area, in which heath prevails on the dry soil:<\/p>\n<ul>\n<li>Zone in which the most alkaline outflow is located, with species such as <em>Illecebrum verticillatum<\/em>, <em>Juncus bulbosus<\/em>, <em>Ranunculus flammula<\/em>, <em>Anagallis tenella<\/em>, <em>Philonotis fontana<\/em>, <em>Bryum pseudotriquetrum<\/em>, <em>Hypericum elodes<\/em>, <em>Stellaria alsine<\/em>, <em>Carex demissa<\/em> (highly grazed), <em>Eleocharis multicaulis<\/em>, <em>Montia fontana<\/em>, <em>Carex echinata<\/em> and <em>Potamogeton polygonifolius<\/em>. The spring and its flow channel are edged with a fairly unstructured reed bed made up of <em>Juncus effusus<\/em>, <em>Sphagnum auriculatum<\/em> and <em>Wahlenbergia hederacea<\/em>. At the exit from this zone, alongside the track, there is a population of <em>Pinguicula lusitanica<\/em>.<\/li>\n<li>Zone with two or three extremely diffuse spring outflows, whose flow channels finally join up and then meet up with the channel from the previous sub-zone. In the zones in which water emerges diffusely, one can find <em>Rhynchospora fusca<\/em> and <em>Lycopodiella inundata<\/em>. In the network of channels, promontories displaying ombrotrophication have formed, with <em>Racomitrium lanuginosum<\/em>, <em>Leucobryum glaucum<\/em> and <em>Sphagnum spp<\/em>. This sub-zone is suddenly sectioned at its southeast boundary by a track.<\/li>\n<li>Zone of fairly inactive and, consequently, barely visible spring flows. There is a population of <em>Lycopodiella inundata<\/em> and shallow grassland consisting of <em>Eleocharis multicaulis<\/em> and <em>Narthecium ossifragum<\/em>. The edges towards the heath are covered with <em>Sphagnum compactum<\/em>. It does not cover a large area and fails to reach the main stream in the gully.<\/li>\n<li>Zone in which the stream created by the channels from the previous zones descends in a fairly diffuse manner over the fenced-off meadow lower down, after crossing the track, until it reaches the stream in the main gully, with a community of <em>Narthecium ossifragum<\/em> and <em>Sphagnum auriculatum<\/em>, with promontories and small channels with <em>Hypericum elodes<\/em> in amongst it.<\/li>\n<\/ul>\n<p>Another area with a well defined spring outflow and other fairly inactive points, one of which is rather eutrophic, with a population of <em>Campylium stellatum <\/em><em>growing in the middle<\/em>. The flow channel from this outflow leads to an extremely waterlogged area, partly dammed off by the incline of the track and home to a small population of <em>Lycopodiella inundata<\/em> and mats of <em>Sphagnum spp<\/em>.<\/p>\n<p>From the perspective of Habitats of Community Interest, the area stands out because it has a significant representation of Habitat 7150, which includes the primocolonizing communities specific to mire.<\/p>\n<dl class=\"accordion\"><dt>MOST IMPORTANT VALUES<\/dt><dd><p><span style=\"color: #ff0000;\"><strong>Uniqueness<\/strong><\/span><br \/>\nThere is a significant presence of species that colonise waterlogged soil in Maulitx.<\/p>\n<p><span style=\"color: #ff0000;\"><strong>Biological and ecological values<\/strong><\/span><br \/>\nIn terms of vascular flora, one of the extremely rare populations of <em>Rhynchospora fusca <\/em><em>found <\/em><em>on the Iberian peninsula is noteworthy<\/em>. Other relevant species include <em>Lycopodiella inundata<\/em>, <em>Illecebrum verticillatum<\/em> and <em>Pinguicula lusitanica<\/em> (the last two listed, respectively, as vulnerable and sensitive to changes in its habitat in the Catalogue of Navarre). As for bryophytes, the presence of hepatics typical to mire environments, such as <em>Odontoschisma sphagni<\/em> and <em>Kurzia pauciflora<\/em>, and the large number of sphagnums, with seven species, are relevant.<\/p>\n<p><span style=\"color: #ff0000;\"><strong>Historical and paleoecological values<\/strong><\/span><br \/>\nThe peat-forming habitats in Maulitx do not possess significant deposits from a paleoecological point of view.<\/p>\n<p><span style=\"color: #ff0000;\"><strong>Habitats of Community Interest<\/strong><\/span><\/p>\n<table width=\"446\" border=\"1\" cellspacing=\"0\" cellpadding=\"0\">\n<tbody>\n<tr>\n<td valign=\"top\" width=\"56\"><strong>H\u00e1bitat<\/strong><\/td>\n<td valign=\"top\" width=\"390\"><strong>Nombre<\/strong><\/td>\n<\/tr>\n<tr>\n<td valign=\"top\" width=\"56\">4020*<\/td>\n<td valign=\"top\" width=\"390\">Brezales h\u00famedos atl\u00e1nticos de zonas templadas de\u00a0<em>Erica cillaris\u00a0<\/em>y\u00a0<em>Erica tetralix<\/em><\/td>\n<\/tr>\n<tr>\n<td valign=\"top\" width=\"56\">4030<\/td>\n<td valign=\"top\" width=\"390\">Brezales secos europeos<\/td>\n<\/tr>\n<tr>\n<td valign=\"top\" width=\"56\">6230*<\/td>\n<td valign=\"top\" width=\"390\">Formaciones herbosas con\u00a0<em>Nardus<\/em>, con numerosas especies, sobre sustratos sil\u00edceos de zonas monta\u00f1osas (y de zonas submonta\u00f1osas de la Europa continental)<\/td>\n<\/tr>\n<tr>\n<td valign=\"top\" width=\"56\">6410<\/td>\n<td valign=\"top\" width=\"390\">Prados con molinias sobre sustratos calc\u00e1reos, turbosos o arcillo-lim\u00f3nicos (<em>Molinion caeruleae<\/em>)<\/td>\n<\/tr>\n<tr>\n<td valign=\"top\" width=\"56\">7140<\/td>\n<td valign=\"top\" width=\"390\">\u00abMires\u00bb de transici\u00f3n<\/td>\n<\/tr>\n<tr>\n<td valign=\"top\" width=\"56\">7150<\/td>\n<td valign=\"top\" width=\"390\">Depresiones sobre sustratos turbosos del\u00a0<em>Rhynchosporion<\/em><\/td>\n<\/tr>\n<\/tbody>\n<\/table>\n<p>&nbsp;<\/p>\n<p><span style=\"color: #ff0000;\"><strong>Flora<\/strong><\/span><br \/>\n64 species of vascular plant and 23 bryophyte species have been recorded.<\/p>\n<p>Of the vascular species found in Maulitx, the most noteworthy are several pioneer species in waterlogged sandy soils, such as <em>Rhynchospora alba<\/em>, <em>R. fusca<\/em>, <em>Lycopodiella inundata<\/em>, <em>Illecebrum verticillatum<\/em> and <em>Pinguicula lusitanica<\/em>. <em>Pinguicula lusitanica <\/em>is listed as \u201csensitive to changes in its habitat\u201d in the Catalogue of Endangered Flora in Navarre, while <em>Illecebrum verticillatum <\/em><em>is listed as \u201cvulnerable<\/em><i>\u201d.<\/i> <em>Lycopodiella inundata <\/em>is listed in Annex V of the Habitats Directive.<\/p>\n<p>In terms of bryophytes, the presence of hepatics typical to mires, such as <em>Odontoschisma sphagni<\/em> and <em>Kurzia pauciflora<\/em>, and the large number of sphagnums, with seven species, are relevant.<\/p>\n<p><span style=\"color: #ff0000;\"><strong>Fauna<\/strong><\/span><br \/>\nSpecific information regarding the fauna at the Maulitx mire is not available.<\/p>\n<\/dd><dt>PHOTOS<\/dt><dd><p><a href=\"http:\/\/www.lifetremedal.eu\/wp-content\/uploads\/P9070015_Illecebrum-verticillatum.jpg\"><img loading=\"lazy\" decoding=\"async\" alt=\"OLYMPUS DIGITAL CAMERA\" src=\"http:\/\/www.lifetremedal.eu\/wp-content\/uploads\/P9070015_Illecebrum-verticillatum-300x225.jpg\" width=\"300\" height=\"225\" \/><\/a><\/p>\n<p><a href=\"http:\/\/www.lifetremedal.eu\/wp-content\/uploads\/P9070008_Pinlus_habitat.jpg\"><img loading=\"lazy\" decoding=\"async\" alt=\"OLYMPUS DIGITAL CAMERA\" src=\"http:\/\/www.lifetremedal.eu\/wp-content\/uploads\/P9070008_Pinlus_habitat-300x225.jpg\" width=\"300\" height=\"225\" \/><\/a><\/p>\n<p><a href=\"http:\/\/www.lifetremedal.eu\/wp-content\/uploads\/P9070028.jpg\"><img loading=\"lazy\" decoding=\"async\" alt=\"OLYMPUS DIGITAL CAMERA\" src=\"http:\/\/www.lifetremedal.eu\/wp-content\/uploads\/P9070028-300x225.jpg\" width=\"300\" height=\"225\" \/><\/a><\/p>\n<p>&nbsp;<\/p>\n<p>&nbsp;<\/p>\n<\/dd><\/dl><p>&nbsp;<\/p>\n","protected":false},"excerpt":{"rendered":"<p>This site is located in the municipality of Baztan and covers 3.06 ha. It has several, varyingly diffuse outflows and its flow channels on the slopes lead to a stream at the bottom of the gully. It has two chief zones of flowing spring water, which emerge from vegetation dominated by heath consisting of Erica [&hellip;]<\/p>\n","protected":false},"author":2,"featured_media":0,"parent":921,"menu_order":0,"comment_status":"open","ping_status":"closed","template":"page-template-left-nav.php","meta":{"footnotes":""},"class_list":["post-4371","page","type-page","status-publish","hentry"],"_links":{"self":[{"href":"https:\/\/lifetremedal.eu\/en\/wp-json\/wp\/v2\/pages\/4371","targetHints":{"allow":["GET"]}}],"collection":[{"href":"https:\/\/lifetremedal.eu\/en\/wp-json\/wp\/v2\/pages"}],"about":[{"href":"https:\/\/lifetremedal.eu\/en\/wp-json\/wp\/v2\/types\/page"}],"author":[{"embeddable":true,"href":"https:\/\/lifetremedal.eu\/en\/wp-json\/wp\/v2\/users\/2"}],"replies":[{"embeddable":true,"href":"https:\/\/lifetremedal.eu\/en\/wp-json\/wp\/v2\/comments?post=4371"}],"version-history":[{"count":9,"href":"https:\/\/lifetremedal.eu\/en\/wp-json\/wp\/v2\/pages\/4371\/revisions"}],"predecessor-version":[{"id":12016,"href":"https:\/\/lifetremedal.eu\/en\/wp-json\/wp\/v2\/pages\/4371\/revisions\/12016"}],"up":[{"embeddable":true,"href":"https:\/\/lifetremedal.eu\/en\/wp-json\/wp\/v2\/pages\/921"}],"wp:attachment":[{"href":"https:\/\/lifetremedal.eu\/en\/wp-json\/wp\/v2\/media?parent=4371"}],"curies":[{"name":"wp","href":"https:\/\/api.w.org\/{rel}","templated":true}]}}