{"id":4268,"date":"2014-10-01T08:00:31","date_gmt":"2014-10-01T06:00:31","guid":{"rendered":"http:\/\/www.lifetremedal.eu\/?page_id=4268"},"modified":"2023-02-10T15:13:09","modified_gmt":"2023-02-10T14:13:09","slug":"baigura","status":"publish","type":"page","link":"https:\/\/lifetremedal.eu\/en\/wetlands\/baigura\/","title":{"rendered":"Baigura"},"content":{"rendered":"<div class=\"one_half\">\n<p><strong>Name of the site:<\/strong> Baigura<br \/>\n<strong>Protection categories:<\/strong> The environment in which this site lies is included in SCI ES0000129 Sierra de Artxuga, Zarikieta and Montes de Areta, and it is listed as Protected Non-developable Land due to its Environmental Value, Wetlands, in Navarre\u2019s Land Planning Programme 1 \u201cPyrenees\u201d.<br \/>\n<strong>Location:<\/strong> The site is located on the boundary between the municipalities of Abaurrea Baja and Abaurrea Alta.<br \/>\n<strong>Region:<\/strong> Navarre<br \/>\n<strong>Coordinate reference:<\/strong> XN4449<br \/>\n<strong>Surface area of the wetland:<\/strong> 3.44 hectares<br \/>\n<strong>Altitude:<\/strong> 1,200 m<\/p>\n<p><a href=\"http:\/\/lifetremedal.eu\/wp-content\/uploads\/Navarra_TremedalEnclaves_A3_Baigura.pdf\">See PDF map<\/a><\/p>\n<\/div>\n<div class=\"one_half\">\n<a href=\"http:\/\/lifetremedal.eu\/wp-content\/uploads\/Biagura.jpg\"><img loading=\"lazy\" decoding=\"async\" class=\"alignnone\" src=\"http:\/\/lifetremedal.eu\/wp-content\/uploads\/Biagura.jpg\" alt=\"Biagura\" width=\"320\" height=\"181\" \/><\/a>\n<\/div>\n<div class=\"hr hr-dotted\">&nbsp;<\/div>\n<h5>This site, which, being practically unaltered, is in an optimum state of conservation, is a very long, acid area without much of a slope. It is at the bottom of a large stream bed beneath a pass and is surrounded by beech trees, peppered with the odd Scots Pine.<\/h5>\n<p>This site is a <b>mixed<\/b> system as far as habitat types are concerned, part of the water coming from underground (minerogenous system), while also having an ombrogenous component (rainwater). The area has a low nutrient content, relatively poor flora and a lot of sphagnum. Its trophic level would seem to indicate conditions of a certain oligotrophic nature.<br \/>\nIn the environs, there are more waterlogged nuclei with mats of sphagnum and the development of promontories. The largest waterlogged part, which is the westernmost area, is well developed and of great interest. The plant communities adopt a concentric formation in the more waterlogged areas, with the most hydrophilic species in the centre and beech trees on the boundary of the site, passing through an internal ring of birch trees and an external ring of pine trees and bilberries.<br \/>\nIn the drier part, woodland with pine and birch trees, bilberries and heather (Calluna vulgaris) is growing.<br \/>\nOn the northernmost edge of the site, there is a stream which collects the water from it.<\/p>\n<dl class=\"accordion\"><dt>MOST IMPORTANT VALUES<\/dt><dd><p><span style=\"color: #ff0000;\"><strong>Uniqueness<\/strong><\/span><br \/>\nThis is one of the only two sites found in Navarre with an ombrogenous component. It borders on the very limit of the definition of peatland, even though its continuous peat deposit does not exceed 45 cm.<\/p>\n<p><span style=\"color: #ff0000;\"><strong>Biological and ecological values<\/strong><\/span><br \/>\nAlmost all the plant communities present at Baigura are rather unique and the presence of <em>Pinus sylvestris var. pyrenaica<\/em> and <em>Betula pubescens subsp. celtiberica,<\/em> which draw it close to the status of bog woodland (91D0*), and that of communities of <em>Erica tetralix<\/em> and <em>Sphagnum magellanicum<\/em> (<em>Erico tetralicis-Sphagnetum magellanic,<\/em> 7140) and communities of <em>Narthecium ossifragum<\/em> and <em>Sphagnum tenellum<\/em> (<em>Narthecio ossifragi-Sphagnetum tenelli<\/em>, 7140), the nearest counterparts of which are to be found in Asturias, should all be highlighted.<br \/>\nAs far as plant species are concerned, the presence of <em>Salix aurita x atrocinerea, Lastrea limbosperma, Polygonatum verticillatum, Gentiana lutea, Convallaria majalis, Eriophorum angustifolium, Trichophorum caespitosum subsp. germanicum, Nardus stricta<\/em> and <em>Juncus squarrosus <\/em><em>should be stressed.<\/em> The most noteworthy bryophytes include <em>Calypogeia integristipula, Cephalozia connivens, Cladopodiella fluitans, Kurzia pauciflora, Scapania mucronata, Sphagnum magellanicum, Sphagnum rubellum<\/em> and <em>Splachnum ampullaceum.<\/em><\/p>\n<p><span style=\"color: #ff0000;\"><strong>Historical and paleoecological values<\/strong><\/span><br \/>\nThe site has a poor, non-continuous deposit of peat, but it is believed that peat-forming activity is under way, despite relatively dry summers.<\/p>\n<p><span style=\"color: #ff0000;\"><strong>Habitats of Community Interest<\/strong><\/span><\/p>\n<table border=\"1\" cellspacing=\"0\" cellpadding=\"0\">\n<tbody>\n<tr>\n<td valign=\"top\" width=\"56\"><strong>H\u00e1bitat<\/strong><\/td>\n<td valign=\"top\" width=\"372\"><strong>Nombre<\/strong><\/td>\n<\/tr>\n<tr>\n<td valign=\"top\" width=\"56\">4010<\/td>\n<td valign=\"top\" width=\"372\">Brezales h\u00famedos atl\u00e1nticos septentrionales de\u00a0<em>Erica tetralix<\/em><\/td>\n<\/tr>\n<tr>\n<td valign=\"top\" width=\"56\">6230*<\/td>\n<td valign=\"top\" width=\"372\">Formaciones herbosas con\u00a0<em>Nardus<\/em>, con numerosas especies, sobre sustratos sil\u00edceos de zonas monta\u00f1osas (y de zonas submonta\u00f1osas de la Europa continental)<\/td>\n<\/tr>\n<tr>\n<td valign=\"top\" width=\"56\">7140<\/td>\n<td valign=\"top\" width=\"372\">\u00abMires\u00bb de transici\u00f3n<\/td>\n<\/tr>\n<tr>\n<td valign=\"top\" width=\"56\">9120<\/td>\n<td valign=\"top\" width=\"372\">Hayedos acid\u00f3filos atl\u00e1nticos con sotobosque de\u00a0<em>Ilex<\/em>\u00a0y a veces de\u00a0<em>Taxus<\/em>\u00a0(<em>Quercion robori-petraeae<\/em>\u00a0o\u00a0<em>Ilici-Fagenion<\/em>)<\/td>\n<\/tr>\n<tr>\n<td valign=\"top\" width=\"56\">91D0*<\/td>\n<td valign=\"top\" width=\"372\">Turberas boscosas<\/td>\n<\/tr>\n<\/tbody>\n<\/table>\n<p>&nbsp;<\/p>\n<p><span style=\"color: #ff0000;\"><strong>Flora<\/strong><\/span><br \/>\n66 species of vascular plant and 39 bryophyte species, seven of which are sphagnums, have been recorded.<br \/>\nOf the vascular plants, the most noteworthy presence is that of the hybrid <em>Salix aurita x atrocinerea.<\/em> The great abundance of <em>Lastrea limbosperma<\/em> and the presence of <em>Polygonatum verticillatum, Gentiana lutea<\/em> and <em>Convallaria majalis<\/em> amongst the birch and beech trees should also be underscored. In the waterlogged areas, the presence of <em>Eriophorum angustifolium<\/em> and <em>Trichophorum caespitosum subsp. germanicum <\/em><em>is notable,<\/em> as is that of <em>Nardus stricta<\/em> and <em>Juncus squarrosus <\/em><em>in the surrounding grasslands<\/em>.<br \/>\nAs for bryophytes, a few novelties for the catalogue of Navarre are worthy of mention: the hepatics <em>Calypogeia integristipula, Cephalozia connivens, Cladopodiella fluitans, Kurzia pauciflora<\/em> and <em>Scapania mucronata,<\/em> and the mosses <em>Sphagnum magellanicum, Sphagnum rubellum<\/em> and <em>Splachnum ampullaceum,<\/em> a dung moss. The presence of <em>Sphagnum magellanicum,<\/em> a particularly peat-forming and ombrophilous sphagnum, is particularly relevant.<\/p>\n<p><span style=\"color: #ff0000;\"><strong>Fauna<\/strong><\/span><br \/>\nThe site is home to the viviparous lizard (<em>Zootoca vivipara<\/em>), listed as \u201cNear Threatened\u201d by the IUCN and included in Spain\u2019s List of Specially Protected Species.<\/p>\n<\/dd><dt>PHOTOS<\/dt><dd><p><div id=\"attachment_238\" style=\"width: 388px\" class=\"wp-caption alignnone\"><a href=\"http:\/\/lifetremedal.eu\/wp-content\/uploads\/Biagura-1.jpg\"><img loading=\"lazy\" decoding=\"async\" aria-describedby=\"caption-attachment-238\" class=\"wp-image-238 size-full\" src=\"http:\/\/lifetremedal.eu\/wp-content\/uploads\/Biagura-1.jpg\" alt=\"Aspecto general del claro principal del enclave. (P. Heras). \" width=\"378\" height=\"249\" \/><\/a><\/p>\n<p id=\"caption-attachment-238\" class=\"wp-caption-text\">General view of the main clearing at the site. (P. Heras).<\/p>\n<\/div>\n<p><div id=\"attachment_239\" style=\"width: 401px\" class=\"wp-caption alignnone\"><a href=\"http:\/\/lifetremedal.eu\/wp-content\/uploads\/Biagura-2.jpg\"><img loading=\"lazy\" decoding=\"async\" aria-describedby=\"caption-attachment-239\" class=\"wp-image-239 size-full\" src=\"http:\/\/lifetremedal.eu\/wp-content\/uploads\/Biagura-2.jpg\" alt=\"Aspecto del tapiz de esfagno en el centro de la zona encharcada. (P. Heras). \" width=\"391\" height=\"257\" \/><\/a><\/p>\n<p id=\"caption-attachment-239\" class=\"wp-caption-text\">View of the mat of sphagnum in the middle of the waterlogged area (P. Heras).<\/p>\n<\/div>\n<p><div id=\"attachment_240\" style=\"width: 417px\" class=\"wp-caption alignnone\"><a href=\"http:\/\/lifetremedal.eu\/wp-content\/uploads\/Biagura-3.jpg\"><img loading=\"lazy\" decoding=\"async\" aria-describedby=\"caption-attachment-240\" class=\"wp-image-240 size-full\" src=\"http:\/\/lifetremedal.eu\/wp-content\/uploads\/Biagura-3.jpg\" alt=\"Borde interno de la zona encharcada (P. Heras). \" width=\"407\" height=\"269\" \/><\/a><\/p>\n<p id=\"caption-attachment-240\" class=\"wp-caption-text\">Internal border of the waterlogged area (P. Heras).<\/p>\n<\/div>\n<\/dd><\/dl>","protected":false},"excerpt":{"rendered":"<p>This site, which, being practically unaltered, is in an optimum state of conservation, is a very long, acid area without much of a slope. It is at the bottom of a large stream bed beneath a pass and is surrounded by beech trees, peppered with the odd Scots Pine. This site is a mixed system [&hellip;]<\/p>\n","protected":false},"author":2,"featured_media":0,"parent":921,"menu_order":0,"comment_status":"open","ping_status":"closed","template":"page-template-left-nav.php","meta":{"footnotes":""},"class_list":["post-4268","page","type-page","status-publish","hentry"],"_links":{"self":[{"href":"https:\/\/lifetremedal.eu\/en\/wp-json\/wp\/v2\/pages\/4268","targetHints":{"allow":["GET"]}}],"collection":[{"href":"https:\/\/lifetremedal.eu\/en\/wp-json\/wp\/v2\/pages"}],"about":[{"href":"https:\/\/lifetremedal.eu\/en\/wp-json\/wp\/v2\/types\/page"}],"author":[{"embeddable":true,"href":"https:\/\/lifetremedal.eu\/en\/wp-json\/wp\/v2\/users\/2"}],"replies":[{"embeddable":true,"href":"https:\/\/lifetremedal.eu\/en\/wp-json\/wp\/v2\/comments?post=4268"}],"version-history":[{"count":18,"href":"https:\/\/lifetremedal.eu\/en\/wp-json\/wp\/v2\/pages\/4268\/revisions"}],"predecessor-version":[{"id":11986,"href":"https:\/\/lifetremedal.eu\/en\/wp-json\/wp\/v2\/pages\/4268\/revisions\/11986"}],"up":[{"embeddable":true,"href":"https:\/\/lifetremedal.eu\/en\/wp-json\/wp\/v2\/pages\/921"}],"wp:attachment":[{"href":"https:\/\/lifetremedal.eu\/en\/wp-json\/wp\/v2\/media?parent=4268"}],"curies":[{"name":"wp","href":"https:\/\/api.w.org\/{rel}","templated":true}]}}