{"id":4194,"date":"2014-10-01T08:00:58","date_gmt":"2014-10-01T06:00:58","guid":{"rendered":"http:\/\/www.lifetremedal.eu\/?page_id=4194"},"modified":"2023-02-10T14:57:26","modified_gmt":"2023-02-10T13:57:26","slug":"arxuri","status":"publish","type":"page","link":"https:\/\/lifetremedal.eu\/en\/wetlands\/arxuri\/","title":{"rendered":"Arxuri"},"content":{"rendered":"<div class=\"one_half\">\n<p><strong>Name of the site:<\/strong> Arxuri<br \/>\n<strong>Protection categories:<\/strong> Listed as Protected Non-developable Land due to its Environmental Value, Wetlands, in Navarre\u2019s Land Planning Programme 2 \u201cAtlantic Navarre\u201d.<br \/>\n<strong>Location:<\/strong> Baztan<br \/>\n<strong>Region:<\/strong> Navarre<br \/>\n<strong>Coordinate reference:<\/strong> 30TXN1689, 30TXN1689, 30TXN1789, 30TXN1790.<br \/>\n<strong>Surface area of the wetland:<\/strong> 18.31 hectares.<br \/>\n<strong>Altitude:<\/strong> 475- 540 m.<\/p>\n<p><a href=\"http:\/\/lifetremedal.eu\/wp-content\/uploads\/Navarra_TremedalEnclaves_A3_Arxuri.pdf\">See PDF map<\/a><\/p>\n<\/div>\n<div class=\"one_half\">\n<p><a href=\"http:\/\/lifetremedal.eu\/wp-content\/uploads\/Arxuri.jpg\"><img loading=\"lazy\" decoding=\"async\" class=\"alignnone wp-image-221 size-full\" src=\"http:\/\/lifetremedal.eu\/wp-content\/uploads\/Arxuri.jpg\" alt=\"Arxuri\" width=\"320\" height=\"181\" \/><\/a><\/p>\n<\/div>\n<div class=\"hr hr-dotted\">&nbsp;<\/div>\n<h5><a href=\"http:\/\/lifetremedal.eu\/wp-content\/uploads\/panoramica-turbera-arxuri.jpg\"><img loading=\"lazy\" decoding=\"async\" src=\"http:\/\/lifetremedal.eu\/wp-content\/uploads\/panoramica-turbera-arxuri-300x57.jpg\" alt=\"panoramica turbera arxuri\" width=\"461\" height=\"87\" \/><\/a><\/h5>\n<h5>This site is located in a basin or enclosed valley in which water drainage is hindered. The basin is semi-enclosed, being more open to the East, and is bordered by a stream to the South, towards which it slopes down. There are colluvial areas both to the West, the largest and most active areas descending from the peak of Pe\u00f1a Plata, and to the Northeast, both areas having several points of running spring water.<\/h5>\n<p>At its highest points, the site area has a number of points of running spring water, both diffuse and active to varying degrees, from which flowing channels of different lengths emerge, some of which form significant streams lower down. Others, meanwhile, fade out and disappear in the colluvium.<\/p>\n<p>There are two peat deposits in the central area and on the eastern-most bend, the one in the middle being the largest and deepest, and the only one to have been subjected to palynological study (Pe\u00f1alba 1989).<\/p>\n<p>The water in the channels from springs, runoff water and water flowing under the surface from the peat deposits drains through stream beds to the brook, which flows from West to East. The brook seems to disappear at the western-most edge of the basin, where it suddenly delves down about 1 metre in between blocks of rock and their loamy matrix. It communicates with the brook that flows towards the East of the basin in the gully.<\/p>\n<p>There are no free layers of water except a small pool which collects the water draining from Pe\u00f1a Plata and a few small sections of brook.<\/p>\n<dl class=\"accordion\"><dt>MOST IMPORTANT VALUES<\/dt><dd><p><span style=\"color: #ff0000;\"><strong>Uniqueness<\/strong><\/span><br \/>\nArxuri is one of the sites with the largest peat deposits in Navarre.<\/p>\n<p><span style=\"color: #ff0000;\"><strong>Biological and ecological values<\/strong><\/span><br \/>\nOf the vascular plants, the following three species should be highlighted: <em>Rhynchospora fusca<\/em>, <em>Drosera intermedia<\/em>, <em>Pinguicula lusitanica<\/em>. HCI 7150 is the most noteworthy habitat.<\/p>\n<p><span style=\"color: #ff0000;\"><strong>Historical and paleoecological values<\/strong><\/span><br \/>\nThere exists a palynological study (Pe\u00f1alba 1989), which is one of the few historical studies to be found on the north of Spain. It describes a deposit with a maximum depth of 111 cm at the foot of Pe\u00f1a Plata. This deposit, located between two levels of colluvium in the Centre-North of the basin, covers an area of 0.8 ha and has a perimeter measuring 370 m. The area is slightly, but noticeably convex, covered with herbage with a few <i>Ericaceae<\/i> shrubs and small populations of <em>Sphagnum spp<\/em>. and <em>Leucobryum glaucum<\/em>. The low level of waterlogging observed and the presence of these small areas of Sphagnum would seem to indicate the possibility that this part of the peatland is still, to an extent, active. There is another, far smaller deposit at the easternmost point, covering 0.19 ha and with a perimeter of 162 m. This area is much less waterlogged and inactive.<\/p>\n<p><span style=\"color: #ff0000;\"><strong>Habitats of Community Interest<\/strong><\/span><\/p>\n<table border=\"1\" width=\"430\" cellspacing=\"0\" cellpadding=\"0\">\n<tbody>\n<tr>\n<td nowrap=\"nowrap\" width=\"152\"><strong>H\u00e1bitat<\/strong><\/td>\n<td width=\"278\"><strong>Nombre<\/strong><\/td>\n<\/tr>\n<tr>\n<td nowrap=\"nowrap\" width=\"152\">4020*<\/td>\n<td width=\"278\">Brezales h\u00famedos atl\u00e1nticos de zonas templadas de\u00a0<em>Erica cillaris\u00a0<\/em>y\u00a0<em>Erica tetralix<\/em><\/td>\n<\/tr>\n<tr>\n<td nowrap=\"nowrap\" width=\"152\">4030<\/td>\n<td width=\"278\">Brezales secos europeos<\/td>\n<\/tr>\n<tr>\n<td nowrap=\"nowrap\" width=\"152\">6230*<\/td>\n<td width=\"278\">Formaciones herbosas con\u00a0<em>Nardus<\/em>, con numerosas especies, sobre sustratos sil\u00edceos de zonas monta\u00f1osas (y de zonas submonta\u00f1osas de la Europa continental)<\/td>\n<\/tr>\n<tr>\n<td nowrap=\"nowrap\" width=\"152\">6410<\/td>\n<td width=\"278\">Prados con molinias sobre sustratos calc\u00e1reos, turbosos o arcillo- lim\u00f3nicos (<em>Molinion caerulae<\/em>)<\/td>\n<\/tr>\n<tr>\n<td nowrap=\"nowrap\" width=\"152\">7140<\/td>\n<td width=\"278\">\u00abMires\u00bb de transici\u00f3n<\/td>\n<\/tr>\n<tr>\n<td valign=\"bottom\" nowrap=\"nowrap\" width=\"152\">7150<\/td>\n<td width=\"278\">Depresiones sobre sustratos turbosos del\u00a0<em>Rhynchosporion<\/em><\/td>\n<\/tr>\n<\/tbody>\n<\/table>\n<p><span style=\"color: #ff0000;\"><strong>Flora<\/strong><\/span><br \/>\nThe most striking feature of Arxuri is the abundance of <em>Rhynchospora alba<\/em> and <em>Drosera intermedia,<\/em> although the presence of <em>Eriophorum angustifolium<\/em>, <em>Menyanthes trifoliata, Genista anglica<\/em> and <em>Dryopteris carthusiana<\/em> in the basin is also worthy of note, as is the presence of <em>Rhynchospora fusca<\/em>, <em>Pinguicula lusitanica<\/em> and <em>Sanguisorba officinalis<\/em> on the outflows on the slope. Both <em>Pinguicula lusitanica <\/em>and <em>Drosera intermedia <\/em>are listed as \u201csensitive to changes in their habitats\u201d in the Catalogue of Endangered Flora in Navarre.<\/p>\n<p>The wealth of flora is great, 72 species of vascular plant and 20 species of bryophyte, including 6 species of sphagnum, having been recorded.<\/p>\n<p><span style=\"color: #ff0000;\"><strong>Fauna<\/strong><\/span><br \/>\nThe threat factors are the destruction or alteration of its larval habitats and, particularly, water channels. The natural structure of the channels should be maintained or restored, with marginal areas waterlogged to varying degrees and small, shallow branches on the sides, where the species can reproduce. Onychogomphus uncatus (Charpentier, 1840). We found the species out of the transect, near the peatland of Arxuri, in an area with very small brooks, on the 12<sup>th<\/sup> and the 25<sup>th<\/sup> of July 2009. Onychogomphus uncatus \u2642 Senorio de Bertiz 19-July-2009. Conservation status: Included in the \u201cRed Book of Invertebrates of Spain\u201d in the IUCN Category \u201cVulnerable\u201d, criterion B2ab(iii).<\/p>\n<\/dd><dt>PHOTOS<\/dt><dd><p><a href=\"http:\/\/lifetremedal.eu\/wp-content\/uploads\/P1000376.jpg\"><img loading=\"lazy\" decoding=\"async\" src=\"http:\/\/lifetremedal.eu\/wp-content\/uploads\/P1000376-300x168.jpg\" alt=\"P1000376\" width=\"300\" height=\"168\" \/><\/a><\/p>\n<p><a href=\"http:\/\/lifetremedal.eu\/wp-content\/uploads\/P1000375.jpg\"><img loading=\"lazy\" decoding=\"async\" src=\"http:\/\/lifetremedal.eu\/wp-content\/uploads\/P1000375-300x225.jpg\" alt=\"P1000375\" width=\"300\" height=\"225\" \/><\/a><\/p>\n<p>&nbsp;<\/p>\n<p>&nbsp;<\/p>\n<p><a href=\"http:\/\/lifetremedal.eu\/wp-content\/uploads\/P1000380.jpg\"><img loading=\"lazy\" decoding=\"async\" src=\"http:\/\/lifetremedal.eu\/wp-content\/uploads\/P1000380-300x225.jpg\" alt=\"P1000380\" width=\"300\" height=\"225\" \/><\/a><\/p>\n<p><a href=\"http:\/\/lifetremedal.eu\/wp-content\/uploads\/P1000386.jpg\"><img loading=\"lazy\" decoding=\"async\" src=\"http:\/\/lifetremedal.eu\/wp-content\/uploads\/P1000386-300x225.jpg\" alt=\"P1000386\" width=\"300\" height=\"225\" \/><\/a><\/p>\n<\/dd><\/dl>","protected":false},"excerpt":{"rendered":"<p>This site is located in a basin or enclosed valley in which water drainage is hindered. The basin is semi-enclosed, being more open to the East, and is bordered by a stream to the South, towards which it slopes down. There are colluvial areas both to the West, the largest and most active areas descending [&hellip;]<\/p>\n","protected":false},"author":2,"featured_media":0,"parent":921,"menu_order":0,"comment_status":"open","ping_status":"closed","template":"page-template-left-nav.php","meta":{"footnotes":""},"class_list":["post-4194","page","type-page","status-publish","hentry"],"_links":{"self":[{"href":"https:\/\/lifetremedal.eu\/en\/wp-json\/wp\/v2\/pages\/4194","targetHints":{"allow":["GET"]}}],"collection":[{"href":"https:\/\/lifetremedal.eu\/en\/wp-json\/wp\/v2\/pages"}],"about":[{"href":"https:\/\/lifetremedal.eu\/en\/wp-json\/wp\/v2\/types\/page"}],"author":[{"embeddable":true,"href":"https:\/\/lifetremedal.eu\/en\/wp-json\/wp\/v2\/users\/2"}],"replies":[{"embeddable":true,"href":"https:\/\/lifetremedal.eu\/en\/wp-json\/wp\/v2\/comments?post=4194"}],"version-history":[{"count":22,"href":"https:\/\/lifetremedal.eu\/en\/wp-json\/wp\/v2\/pages\/4194\/revisions"}],"predecessor-version":[{"id":11978,"href":"https:\/\/lifetremedal.eu\/en\/wp-json\/wp\/v2\/pages\/4194\/revisions\/11978"}],"up":[{"embeddable":true,"href":"https:\/\/lifetremedal.eu\/en\/wp-json\/wp\/v2\/pages\/921"}],"wp:attachment":[{"href":"https:\/\/lifetremedal.eu\/en\/wp-json\/wp\/v2\/media?parent=4194"}],"curies":[{"name":"wp","href":"https:\/\/api.w.org\/{rel}","templated":true}]}}