{"id":3945,"date":"2014-10-03T08:31:34","date_gmt":"2014-10-03T06:31:34","guid":{"rendered":"http:\/\/www.lifetremedal.eu\/?page_id=3945"},"modified":"2015-05-13T12:37:16","modified_gmt":"2015-05-13T10:37:16","slug":"photo-archive","status":"publish","type":"page","link":"https:\/\/lifetremedal.eu\/en\/photo-archive\/","title":{"rendered":"Photo archive"},"content":{"rendered":"<table width=\"955\" border=\"1\" cellspacing=\"0\" cellpadding=\"0\">\n<tbody>\n<tr>\n<td valign=\"top\" width=\"144\">\n<h5 style=\"text-align: center;\"><b><a title=\"Photographic archive of Navarre\" href=\"http:\/\/www.lifetremedal.eu\/en\/photo-archive\/photographic-archive-of-navarre\/\">Navarre<\/a><\/b><\/h5>\n<\/td>\n<td valign=\"top\" width=\"144\">\n<h5 style=\"text-align: center;\"><b><a title=\"Photographic Archives of the Basque country\" href=\"http:\/\/www.lifetremedal.eu\/en\/photo-archive\/photographic-archives-of-the-basque-country\/\">Basque country<\/a><\/b><\/h5>\n<\/td>\n<td valign=\"top\" width=\"144\">\n<h5 style=\"text-align: center;\">\u00a0<a title=\"Photographic Archives of the Natural Park of Europe peaks\" href=\"http:\/\/www.lifetremedal.eu\/en\/photo-archive\/photographic-archives-of-the-natural-park-of-europe-peaks\/\">Asturias PN Picos de Europa<\/a><\/h5>\n<\/td>\n<td valign=\"top\" width=\"144\">\n<h5 style=\"text-align: center;\">\u00a0<a title=\"Photographic Archive of Galicia\" href=\"http:\/\/www.lifetremedal.eu\/en\/photo-archive\/photographic-archive-of-galicia\/\">Galicia<\/a><\/h5>\n<\/td>\n<\/tr>\n<\/tbody>\n<\/table>\n<h5>General<\/h5>\n<style type=\"text\/css\">\n\t\t\t#gallery-1 {\n\t\t\t\tmargin: auto;\n\t\t\t}\n\t\t\t#gallery-1 .gallery-item {\n\t\t\t\tfloat: left;\n\t\t\t\tmargin-top: 10px;\n\t\t\t\ttext-align: center;\n\t\t\t\twidth: 33%;\n\t\t\t}\n\t\t\t#gallery-1 img {\n\t\t\t\tborder: 2px solid #cfcfcf;\n\t\t\t}\n\t\t\t#gallery-1 .gallery-caption {\n\t\t\t\tmargin-left: 0;\n\t\t\t}\n\t\t\t\/* see gallery_shortcode() in wp-includes\/media.php *\/\n\t\t<\/style>\n<div id='gallery-1' class='gallery galleryid-3945 gallery-columns-3 gallery-size-thumbnail'>\n<dl class='gallery-item'>\n<dt class='gallery-icon landscape'>\n\t\t\t\t<a href='https:\/\/lifetremedal.eu\/wp-content\/uploads\/Reuni\u00f3n-de-trabajo-Comision-Europea-2015.jpg'><img loading=\"lazy\" decoding=\"async\" width=\"150\" height=\"150\" src=\"https:\/\/lifetremedal.eu\/wp-content\/uploads\/Reuni\u00f3n-de-trabajo-Comision-Europea-2015-150x150.jpg\" class=\"attachment-thumbnail size-thumbnail\" alt=\"\" aria-describedby=\"gallery-1-10910\" \/><\/a>\n\t\t\t<\/dt>\n<dd class='wp-caption-text gallery-caption' id='gallery-1-10910'>\n\t\t\t\tReuni\u00f3n de trabajo Comision Europea 2015\n\t\t\t\t<\/dd>\n<\/dl>\n<dl class='gallery-item'>\n<dt class='gallery-icon landscape'>\n\t\t\t\t<a href='https:\/\/lifetremedal.eu\/wp-content\/uploads\/Visita-Comison-Europeoa-grupo-2015.jpg'><img loading=\"lazy\" decoding=\"async\" width=\"150\" height=\"150\" src=\"https:\/\/lifetremedal.eu\/wp-content\/uploads\/Visita-Comison-Europeoa-grupo-2015-150x150.jpg\" class=\"attachment-thumbnail size-thumbnail\" alt=\"\" aria-describedby=\"gallery-1-10902\" \/><\/a>\n\t\t\t<\/dt>\n<dd class='wp-caption-text gallery-caption' id='gallery-1-10902'>\n\t\t\t\tVisita Comison Europea 2015 (1)\n\t\t\t\t<\/dd>\n<\/dl>\n<dl class='gallery-item'>\n<dt class='gallery-icon landscape'>\n\t\t\t\t<a href='https:\/\/lifetremedal.eu\/wp-content\/uploads\/Visita-Comision-Europea-Belate-2015.jpg'><img loading=\"lazy\" decoding=\"async\" width=\"150\" height=\"150\" src=\"https:\/\/lifetremedal.eu\/wp-content\/uploads\/Visita-Comision-Europea-Belate-2015-150x150.jpg\" class=\"attachment-thumbnail size-thumbnail\" alt=\"\" aria-describedby=\"gallery-1-10914\" \/><\/a>\n\t\t\t<\/dt>\n<dd class='wp-caption-text gallery-caption' id='gallery-1-10914'>\n\t\t\t\tVisita Comision Europea Belate 2015 (2)\n\t\t\t\t<\/dd>\n<\/dl>\n<p><br style=\"clear: both\" \/><\/p>\n<dl class='gallery-item'>\n<dt class='gallery-icon landscape'>\n\t\t\t\t<a href='https:\/\/lifetremedal.eu\/wp-content\/uploads\/Visita-Comision-Europea-Belate-2015-2.jpg'><img loading=\"lazy\" decoding=\"async\" width=\"150\" height=\"150\" src=\"https:\/\/lifetremedal.eu\/wp-content\/uploads\/Visita-Comision-Europea-Belate-2015-2-150x150.jpg\" class=\"attachment-thumbnail size-thumbnail\" alt=\"\" aria-describedby=\"gallery-1-10918\" \/><\/a>\n\t\t\t<\/dt>\n<dd class='wp-caption-text gallery-caption' id='gallery-1-10918'>\n\t\t\t\tVisita Comision Europea Belate 2015 (3)\n\t\t\t\t<\/dd>\n<\/dl>\n<dl class='gallery-item'>\n<dt class='gallery-icon landscape'>\n\t\t\t\t<a href='https:\/\/lifetremedal.eu\/wp-content\/uploads\/Visita-Comision-Europea-Belate-2015-4.jpg'><img loading=\"lazy\" decoding=\"async\" width=\"150\" height=\"150\" src=\"https:\/\/lifetremedal.eu\/wp-content\/uploads\/Visita-Comision-Europea-Belate-2015-4-150x150.jpg\" class=\"attachment-thumbnail size-thumbnail\" alt=\"\" aria-describedby=\"gallery-1-10926\" \/><\/a>\n\t\t\t<\/dt>\n<dd class='wp-caption-text gallery-caption' id='gallery-1-10926'>\n\t\t\t\tVisita Comision Europea Belate 2015 (4)\n\t\t\t\t<\/dd>\n<\/dl>\n<dl class='gallery-item'>\n<dt class='gallery-icon landscape'>\n\t\t\t\t<a href='https:\/\/lifetremedal.eu\/wp-content\/uploads\/Visita-Comision-Europea-Belate-2015-5.jpg'><img loading=\"lazy\" decoding=\"async\" width=\"150\" height=\"150\" src=\"https:\/\/lifetremedal.eu\/wp-content\/uploads\/Visita-Comision-Europea-Belate-2015-5-150x150.jpg\" class=\"attachment-thumbnail size-thumbnail\" alt=\"\" aria-describedby=\"gallery-1-10922\" \/><\/a>\n\t\t\t<\/dt>\n<dd class='wp-caption-text gallery-caption' id='gallery-1-10922'>\n\t\t\t\tVisita Comision Europea Belate 2015 (5)\n\t\t\t\t<\/dd>\n<\/dl>\n<p><br style=\"clear: both\" \/><\/p>\n<dl class='gallery-item'>\n<dt class='gallery-icon portrait'>\n\t\t\t\t<a href='https:\/\/lifetremedal.eu\/wp-content\/uploads\/Ping\u00fcicula-grandiflora.jpg'><img loading=\"lazy\" decoding=\"async\" width=\"150\" height=\"150\" src=\"https:\/\/lifetremedal.eu\/wp-content\/uploads\/Ping\u00fcicula-grandiflora-150x150.jpg\" class=\"attachment-thumbnail size-thumbnail\" alt=\"\" aria-describedby=\"gallery-1-10906\" \/><\/a>\n\t\t\t<\/dt>\n<dd class='wp-caption-text gallery-caption' id='gallery-1-10906'>\n\t\t\t\tPing\u00fcicula grandiflora\n\t\t\t\t<\/dd>\n<\/dl>\n<dl class='gallery-item'>\n<dt class='gallery-icon landscape'>\n\t\t\t\t<a href='https:\/\/lifetremedal.eu\/wp-content\/uploads\/VI-Comite-Tecnico_-Gijon-23-4-2015.jpg'><img loading=\"lazy\" decoding=\"async\" width=\"150\" height=\"150\" src=\"https:\/\/lifetremedal.eu\/wp-content\/uploads\/VI-Comite-Tecnico_-Gijon-23-4-2015-150x150.jpg\" class=\"attachment-thumbnail size-thumbnail\" alt=\"\" aria-describedby=\"gallery-1-10574\" \/><\/a>\n\t\t\t<\/dt>\n<dd class='wp-caption-text gallery-caption' id='gallery-1-10574'>\n\t\t\t\tVI Comit\u00e9 T\u00e9cnico en Gij\u00f3n 23\/04\/2015\n\t\t\t\t<\/dd>\n<\/dl>\n<dl class='gallery-item'>\n<dt class='gallery-icon landscape'>\n\t\t\t\t<a href='https:\/\/lifetremedal.eu\/wp-content\/uploads\/VI-Comite-Tecnico_-JBA-Gijon-23-4-2015.jpg'><img loading=\"lazy\" decoding=\"async\" width=\"150\" height=\"150\" src=\"https:\/\/lifetremedal.eu\/wp-content\/uploads\/VI-Comite-Tecnico_-JBA-Gijon-23-4-2015-150x150.jpg\" class=\"attachment-thumbnail size-thumbnail\" alt=\"\" aria-describedby=\"gallery-1-10578\" \/><\/a>\n\t\t\t<\/dt>\n<dd class='wp-caption-text gallery-caption' id='gallery-1-10578'>\n\t\t\t\tVI Comit\u00e9 T\u00e9cnico en Gijon 23\/04\/2015\n\t\t\t\t<\/dd>\n<\/dl>\n<p><br style=\"clear: both\" \/><\/p>\n<dl class='gallery-item'>\n<dt class='gallery-icon landscape'>\n\t\t\t\t<a href='https:\/\/lifetremedal.eu\/wp-content\/uploads\/Visita-al-tremedal-flotante-del-lago-Ercina_24-4-2015.jpg'><img loading=\"lazy\" decoding=\"async\" width=\"150\" height=\"150\" src=\"https:\/\/lifetremedal.eu\/wp-content\/uploads\/Visita-al-tremedal-flotante-del-lago-Ercina_24-4-2015-150x150.jpg\" class=\"attachment-thumbnail size-thumbnail\" alt=\"\" aria-describedby=\"gallery-1-10582\" \/><\/a>\n\t\t\t<\/dt>\n<dd class='wp-caption-text gallery-caption' id='gallery-1-10582'>\n\t\t\t\tVisita al tremedal flotante del lago Ercina 24\/04\/2015\n\t\t\t\t<\/dd>\n<\/dl>\n<dl class='gallery-item'>\n<dt class='gallery-icon landscape'>\n\t\t\t\t<a href='https:\/\/lifetremedal.eu\/wp-content\/uploads\/Entrevista-en-el-JBS_VI-Comite-Tecnico-23-4-2015.jpg'><img loading=\"lazy\" decoding=\"async\" width=\"150\" height=\"150\" src=\"https:\/\/lifetremedal.eu\/wp-content\/uploads\/Entrevista-en-el-JBS_VI-Comite-Tecnico-23-4-2015-150x150.jpg\" class=\"attachment-thumbnail size-thumbnail\" alt=\"\" aria-describedby=\"gallery-1-10586\" \/><\/a>\n\t\t\t<\/dt>\n<dd class='wp-caption-text gallery-caption' id='gallery-1-10586'>\n\t\t\t\tEntrevista VI Comit\u00e9 T\u00e9cnico 23\/04\/2015\n\t\t\t\t<\/dd>\n<\/dl>\n<dl class='gallery-item'>\n<dt class='gallery-icon portrait'>\n\t\t\t\t<a href='https:\/\/lifetremedal.eu\/wp-content\/uploads\/Visita-al-tremedal-flotante-del-lago-Ercina_24-4-2015-2.jpg'><img loading=\"lazy\" decoding=\"async\" width=\"150\" height=\"150\" src=\"https:\/\/lifetremedal.eu\/wp-content\/uploads\/Visita-al-tremedal-flotante-del-lago-Ercina_24-4-2015-2-150x150.jpg\" class=\"attachment-thumbnail size-thumbnail\" alt=\"\" aria-describedby=\"gallery-1-10590\" \/><\/a>\n\t\t\t<\/dt>\n<dd class='wp-caption-text gallery-caption' id='gallery-1-10590'>\n\t\t\t\tVisita al tremedal flotante del lago Ercina 24\/04\/2015 (2)\n\t\t\t\t<\/dd>\n<\/dl>\n<p><br style=\"clear: both\" \/><\/p>\n<dl class='gallery-item'>\n<dt class='gallery-icon landscape'>\n\t\t\t\t<a href='https:\/\/lifetremedal.eu\/wp-content\/uploads\/11-2014_LUGO-NETWORKING_01.jpg'><img loading=\"lazy\" decoding=\"async\" width=\"150\" height=\"150\" src=\"https:\/\/lifetremedal.eu\/wp-content\/uploads\/11-2014_LUGO-NETWORKING_01-150x150.jpg\" class=\"attachment-thumbnail size-thumbnail\" alt=\"\" aria-describedby=\"gallery-1-10158\" \/><\/a>\n\t\t\t<\/dt>\n<dd class='wp-caption-text gallery-caption' id='gallery-1-10158'>\n\t\t\t\tNetworking Lugo (1)\n\t\t\t\t<\/dd>\n<\/dl>\n<dl class='gallery-item'>\n<dt class='gallery-icon landscape'>\n\t\t\t\t<a href='https:\/\/lifetremedal.eu\/wp-content\/uploads\/11-2014_LUGO-NETWORKING_02.jpg'><img loading=\"lazy\" decoding=\"async\" width=\"150\" height=\"150\" src=\"https:\/\/lifetremedal.eu\/wp-content\/uploads\/11-2014_LUGO-NETWORKING_02-150x150.jpg\" class=\"attachment-thumbnail size-thumbnail\" alt=\"\" aria-describedby=\"gallery-1-10138\" \/><\/a>\n\t\t\t<\/dt>\n<dd class='wp-caption-text gallery-caption' id='gallery-1-10138'>\n\t\t\t\tNetworking Lugo (2)\n\t\t\t\t<\/dd>\n<\/dl>\n<dl class='gallery-item'>\n<dt class='gallery-icon landscape'>\n\t\t\t\t<a href='https:\/\/lifetremedal.eu\/wp-content\/uploads\/11-2014_VI-Comite-Tecnico-TREMEDAL-LUGO_01.jpg'><img loading=\"lazy\" decoding=\"async\" width=\"150\" height=\"150\" src=\"https:\/\/lifetremedal.eu\/wp-content\/uploads\/11-2014_VI-Comite-Tecnico-TREMEDAL-LUGO_01-150x150.jpg\" class=\"attachment-thumbnail size-thumbnail\" alt=\"\" aria-describedby=\"gallery-1-10142\" \/><\/a>\n\t\t\t<\/dt>\n<dd class='wp-caption-text gallery-caption' id='gallery-1-10142'>\n\t\t\t\tVI Comite Tecnico en Lugo (1)\n\t\t\t\t<\/dd>\n<\/dl>\n<p><br style=\"clear: both\" \/><\/p>\n<dl class='gallery-item'>\n<dt class='gallery-icon landscape'>\n\t\t\t\t<a href='https:\/\/lifetremedal.eu\/wp-content\/uploads\/11-2014_VI-Comite-Tecnico-TREMEDAL-LUGO_02.jpg'><img loading=\"lazy\" decoding=\"async\" width=\"150\" height=\"150\" src=\"https:\/\/lifetremedal.eu\/wp-content\/uploads\/11-2014_VI-Comite-Tecnico-TREMEDAL-LUGO_02-150x150.jpg\" class=\"attachment-thumbnail size-thumbnail\" alt=\"\" aria-describedby=\"gallery-1-10146\" \/><\/a>\n\t\t\t<\/dt>\n<dd class='wp-caption-text gallery-caption' id='gallery-1-10146'>\n\t\t\t\tVI Comite Tecnico en Lugo (2)\n\t\t\t\t<\/dd>\n<\/dl>\n<dl class='gallery-item'>\n<dt class='gallery-icon landscape'>\n\t\t\t\t<a href='https:\/\/lifetremedal.eu\/wp-content\/uploads\/11-2014_Visita-Serra-do-Xistral_01.jpg'><img loading=\"lazy\" decoding=\"async\" width=\"150\" height=\"150\" src=\"https:\/\/lifetremedal.eu\/wp-content\/uploads\/11-2014_Visita-Serra-do-Xistral_01-150x150.jpg\" class=\"attachment-thumbnail size-thumbnail\" alt=\"\" aria-describedby=\"gallery-1-10150\" \/><\/a>\n\t\t\t<\/dt>\n<dd class='wp-caption-text gallery-caption' id='gallery-1-10150'>\n\t\t\t\tVisita Serra do Xistral (1)\n\t\t\t\t<\/dd>\n<\/dl>\n<dl class='gallery-item'>\n<dt class='gallery-icon landscape'>\n\t\t\t\t<a href='https:\/\/lifetremedal.eu\/wp-content\/uploads\/11-2014_Visita-Serra-do-Xistral_02.jpg'><img loading=\"lazy\" decoding=\"async\" width=\"150\" height=\"150\" src=\"https:\/\/lifetremedal.eu\/wp-content\/uploads\/11-2014_Visita-Serra-do-Xistral_02-150x150.jpg\" class=\"attachment-thumbnail size-thumbnail\" alt=\"\" aria-describedby=\"gallery-1-10154\" \/><\/a>\n\t\t\t<\/dt>\n<dd class='wp-caption-text gallery-caption' id='gallery-1-10154'>\n\t\t\t\tVisita Serra do Xistral (2)\n\t\t\t\t<\/dd>\n<\/dl>\n<p><br style=\"clear: both\" \/><\/p>\n<dl class='gallery-item'>\n<dt class='gallery-icon landscape'>\n\t\t\t\t<a href='https:\/\/lifetremedal.eu\/wp-content\/uploads\/Comite-Tecnico-en-Caicedo-Yuso-Arreo-1.jpg'><img loading=\"lazy\" decoding=\"async\" width=\"150\" height=\"150\" src=\"https:\/\/lifetremedal.eu\/wp-content\/uploads\/Comite-Tecnico-en-Caicedo-Yuso-Arreo-1-150x150.jpg\" class=\"attachment-thumbnail size-thumbnail\" alt=\"\" aria-describedby=\"gallery-1-9754\" \/><\/a>\n\t\t\t<\/dt>\n<dd class='wp-caption-text gallery-caption' id='gallery-1-9754'>\n\t\t\t\tComit\u00e9 T\u00e9cnico en Caicedo-Yuso-Arreo (1)\n\t\t\t\t<\/dd>\n<\/dl>\n<dl class='gallery-item'>\n<dt class='gallery-icon landscape'>\n\t\t\t\t<a href='https:\/\/lifetremedal.eu\/wp-content\/uploads\/Comite-Tecnico-en-Caicedo-Yuso-Arreo-2.jpg'><img loading=\"lazy\" decoding=\"async\" width=\"150\" height=\"150\" src=\"https:\/\/lifetremedal.eu\/wp-content\/uploads\/Comite-Tecnico-en-Caicedo-Yuso-Arreo-2-150x150.jpg\" class=\"attachment-thumbnail size-thumbnail\" alt=\"\" aria-describedby=\"gallery-1-9758\" \/><\/a>\n\t\t\t<\/dt>\n<dd class='wp-caption-text gallery-caption' id='gallery-1-9758'>\n\t\t\t\tComit\u00e9 T\u00e9cnico en Caicedo-Yuso-Arreo (2)\n\t\t\t\t<\/dd>\n<\/dl>\n<dl class='gallery-item'>\n<dt class='gallery-icon landscape'>\n\t\t\t\t<a href='https:\/\/lifetremedal.eu\/wp-content\/uploads\/Comite-Tecnico-en-Caicedo-Yuso-Arreo-3.jpg'><img loading=\"lazy\" decoding=\"async\" width=\"150\" height=\"150\" src=\"https:\/\/lifetremedal.eu\/wp-content\/uploads\/Comite-Tecnico-en-Caicedo-Yuso-Arreo-3-150x150.jpg\" class=\"attachment-thumbnail size-thumbnail\" alt=\"\" aria-describedby=\"gallery-1-9762\" \/><\/a>\n\t\t\t<\/dt>\n<dd class='wp-caption-text gallery-caption' id='gallery-1-9762'>\n\t\t\t\tComit\u00e9 T\u00e9cnico en Caicedo-Yuso-Arreo (3)\n\t\t\t\t<\/dd>\n<\/dl>\n<p><br style=\"clear: both\" \/><\/p>\n<dl class='gallery-item'>\n<dt class='gallery-icon landscape'>\n\t\t\t\t<a href='https:\/\/lifetremedal.eu\/wp-content\/uploads\/Comite-Tecnico-en-Caicedo-Yuso-Arreo.jpg'><img loading=\"lazy\" decoding=\"async\" width=\"150\" height=\"150\" src=\"https:\/\/lifetremedal.eu\/wp-content\/uploads\/Comite-Tecnico-en-Caicedo-Yuso-Arreo-150x150.jpg\" class=\"attachment-thumbnail size-thumbnail\" alt=\"\" aria-describedby=\"gallery-1-9766\" \/><\/a>\n\t\t\t<\/dt>\n<dd class='wp-caption-text gallery-caption' id='gallery-1-9766'>\n\t\t\t\tComit\u00e9 T\u00e9cnico en Caicedo-Yuso-Arreo\n\t\t\t\t<\/dd>\n<\/dl>\n<dl class='gallery-item'>\n<dt class='gallery-icon landscape'>\n\t\t\t\t<a href='https:\/\/lifetremedal.eu\/wp-content\/uploads\/Comite-Tecnico-en-Comeya-1.jpg'><img loading=\"lazy\" decoding=\"async\" width=\"150\" height=\"150\" src=\"https:\/\/lifetremedal.eu\/wp-content\/uploads\/Comite-Tecnico-en-Comeya-1-150x150.jpg\" class=\"attachment-thumbnail size-thumbnail\" alt=\"\" aria-describedby=\"gallery-1-9770\" \/><\/a>\n\t\t\t<\/dt>\n<dd class='wp-caption-text gallery-caption' id='gallery-1-9770'>\n\t\t\t\tComit\u00e9 T\u00e9cnico en Comeya (1)\n\t\t\t\t<\/dd>\n<\/dl>\n<dl class='gallery-item'>\n<dt class='gallery-icon landscape'>\n\t\t\t\t<a href='https:\/\/lifetremedal.eu\/wp-content\/uploads\/Comite-Tecnico-en-Comeya-2.jpg'><img loading=\"lazy\" decoding=\"async\" width=\"150\" height=\"150\" src=\"https:\/\/lifetremedal.eu\/wp-content\/uploads\/Comite-Tecnico-en-Comeya-2-150x150.jpg\" class=\"attachment-thumbnail size-thumbnail\" alt=\"\" aria-describedby=\"gallery-1-9774\" \/><\/a>\n\t\t\t<\/dt>\n<dd class='wp-caption-text gallery-caption' id='gallery-1-9774'>\n\t\t\t\tComit\u00e9 T\u00e9cnico en Comeya (2)\n\t\t\t\t<\/dd>\n<\/dl>\n<p><br style=\"clear: both\" \/><\/p>\n<dl class='gallery-item'>\n<dt class='gallery-icon landscape'>\n\t\t\t\t<a href='https:\/\/lifetremedal.eu\/wp-content\/uploads\/Comite-Tecnico-en-Comeya-3.jpg'><img loading=\"lazy\" decoding=\"async\" width=\"150\" height=\"150\" src=\"https:\/\/lifetremedal.eu\/wp-content\/uploads\/Comite-Tecnico-en-Comeya-3-150x150.jpg\" class=\"attachment-thumbnail size-thumbnail\" alt=\"\" aria-describedby=\"gallery-1-9778\" \/><\/a>\n\t\t\t<\/dt>\n<dd class='wp-caption-text gallery-caption' id='gallery-1-9778'>\n\t\t\t\tComit\u00e9 T\u00e9cnico en Comeya (3)\n\t\t\t\t<\/dd>\n<\/dl>\n<dl class='gallery-item'>\n<dt class='gallery-icon landscape'>\n\t\t\t\t<a href='https:\/\/lifetremedal.eu\/wp-content\/uploads\/Comite-Tecnico-en-Comeya.jpg'><img loading=\"lazy\" decoding=\"async\" width=\"150\" height=\"150\" src=\"https:\/\/lifetremedal.eu\/wp-content\/uploads\/Comite-Tecnico-en-Comeya-150x150.jpg\" class=\"attachment-thumbnail size-thumbnail\" alt=\"\" aria-describedby=\"gallery-1-9782\" \/><\/a>\n\t\t\t<\/dt>\n<dd class='wp-caption-text gallery-caption' id='gallery-1-9782'>\n\t\t\t\tComit\u00e9 T\u00e9cnico en Comeya\n\t\t\t\t<\/dd>\n<\/dl>\n<dl class='gallery-item'>\n<dt class='gallery-icon landscape'>\n\t\t\t\t<a href='https:\/\/lifetremedal.eu\/wp-content\/uploads\/Comite-Tecnico-en-el-JBA-1.jpg'><img loading=\"lazy\" decoding=\"async\" width=\"150\" height=\"150\" src=\"https:\/\/lifetremedal.eu\/wp-content\/uploads\/Comite-Tecnico-en-el-JBA-1-150x150.jpg\" class=\"attachment-thumbnail size-thumbnail\" alt=\"\" aria-describedby=\"gallery-1-9786\" \/><\/a>\n\t\t\t<\/dt>\n<dd class='wp-caption-text gallery-caption' id='gallery-1-9786'>\n\t\t\t\tComit\u00e9 T\u00e9cnico en el JBA (1)\n\t\t\t\t<\/dd>\n<\/dl>\n<p><br style=\"clear: both\" \/><\/p>\n<dl class='gallery-item'>\n<dt class='gallery-icon landscape'>\n\t\t\t\t<a href='https:\/\/lifetremedal.eu\/wp-content\/uploads\/Comite-Tecnico-en-el-JBA-2.jpg'><img loading=\"lazy\" decoding=\"async\" width=\"150\" height=\"150\" src=\"https:\/\/lifetremedal.eu\/wp-content\/uploads\/Comite-Tecnico-en-el-JBA-2-150x150.jpg\" class=\"attachment-thumbnail size-thumbnail\" alt=\"\" aria-describedby=\"gallery-1-9790\" \/><\/a>\n\t\t\t<\/dt>\n<dd class='wp-caption-text gallery-caption' id='gallery-1-9790'>\n\t\t\t\tComit\u00e9 T\u00e9cnico en el JBA (2)\n\t\t\t\t<\/dd>\n<\/dl>\n<dl class='gallery-item'>\n<dt class='gallery-icon landscape'>\n\t\t\t\t<a href='https:\/\/lifetremedal.eu\/wp-content\/uploads\/Comite-Tecnico-en-el-JBA-3.jpg'><img loading=\"lazy\" decoding=\"async\" width=\"150\" height=\"150\" src=\"https:\/\/lifetremedal.eu\/wp-content\/uploads\/Comite-Tecnico-en-el-JBA-3-150x150.jpg\" class=\"attachment-thumbnail size-thumbnail\" alt=\"\" aria-describedby=\"gallery-1-9794\" \/><\/a>\n\t\t\t<\/dt>\n<dd class='wp-caption-text gallery-caption' id='gallery-1-9794'>\n\t\t\t\tComit\u00e9 T\u00e9cnico en el JBA (3)\n\t\t\t\t<\/dd>\n<\/dl>\n<dl class='gallery-item'>\n<dt class='gallery-icon landscape'>\n\t\t\t\t<a href='https:\/\/lifetremedal.eu\/wp-content\/uploads\/Comite-Tecnico-en-el-JBA.jpg'><img loading=\"lazy\" decoding=\"async\" width=\"150\" height=\"150\" src=\"https:\/\/lifetremedal.eu\/wp-content\/uploads\/Comite-Tecnico-en-el-JBA-150x150.jpg\" class=\"attachment-thumbnail size-thumbnail\" alt=\"\" aria-describedby=\"gallery-1-9798\" \/><\/a>\n\t\t\t<\/dt>\n<dd class='wp-caption-text gallery-caption' id='gallery-1-9798'>\n\t\t\t\tComit\u00e9 T\u00e9cnico en el JBA\n\t\t\t\t<\/dd>\n<\/dl>\n<p><br style=\"clear: both\" \/><\/p>\n<dl class='gallery-item'>\n<dt class='gallery-icon landscape'>\n\t\t\t\t<a href='https:\/\/lifetremedal.eu\/wp-content\/uploads\/Detalles-de-la-visita-del-Comite-Tecnico-a-Comeya-4.jpg'><img loading=\"lazy\" decoding=\"async\" width=\"150\" height=\"150\" src=\"https:\/\/lifetremedal.eu\/wp-content\/uploads\/Detalles-de-la-visita-del-Comite-Tecnico-a-Comeya-4-150x150.jpg\" class=\"attachment-thumbnail size-thumbnail\" alt=\"\" aria-describedby=\"gallery-1-9802\" \/><\/a>\n\t\t\t<\/dt>\n<dd class='wp-caption-text gallery-caption' id='gallery-1-9802'>\n\t\t\t\tDetalles de la visita del Comit\u00e9 T\u00e9cnico a Comeya (4)\n\t\t\t\t<\/dd>\n<\/dl>\n<dl class='gallery-item'>\n<dt class='gallery-icon landscape'>\n\t\t\t\t<a href='https:\/\/lifetremedal.eu\/wp-content\/uploads\/Detalles-de-la-visita-del-Comite-Tecnico-a-Comeya-5.jpg'><img loading=\"lazy\" decoding=\"async\" width=\"150\" height=\"150\" src=\"https:\/\/lifetremedal.eu\/wp-content\/uploads\/Detalles-de-la-visita-del-Comite-Tecnico-a-Comeya-5-150x150.jpg\" class=\"attachment-thumbnail size-thumbnail\" alt=\"\" aria-describedby=\"gallery-1-9806\" \/><\/a>\n\t\t\t<\/dt>\n<dd class='wp-caption-text gallery-caption' id='gallery-1-9806'>\n\t\t\t\tDetalles de la visita del Comit\u00e9 T\u00e9cnico a Comeya (5)\n\t\t\t\t<\/dd>\n<\/dl>\n<dl class='gallery-item'>\n<dt class='gallery-icon landscape'>\n\t\t\t\t<a href='https:\/\/lifetremedal.eu\/wp-content\/uploads\/Detalles-de-la-visita-del-Comite-Tecnico-a-Comeya-6.jpg'><img loading=\"lazy\" decoding=\"async\" width=\"150\" height=\"150\" src=\"https:\/\/lifetremedal.eu\/wp-content\/uploads\/Detalles-de-la-visita-del-Comite-Tecnico-a-Comeya-6-150x150.jpg\" class=\"attachment-thumbnail size-thumbnail\" alt=\"\" aria-describedby=\"gallery-1-9810\" \/><\/a>\n\t\t\t<\/dt>\n<dd class='wp-caption-text gallery-caption' id='gallery-1-9810'>\n\t\t\t\tDetalles de la visita del Comit\u00e9 T\u00e9cnico a Comeya (6)\n\t\t\t\t<\/dd>\n<\/dl>\n<p><br style=\"clear: both\" \/><\/p>\n<dl class='gallery-item'>\n<dt class='gallery-icon landscape'>\n\t\t\t\t<a href='https:\/\/lifetremedal.eu\/wp-content\/uploads\/Detalles-de-la-visita-del-Comite-Tecnico-a-Comeya-7.jpg'><img loading=\"lazy\" decoding=\"async\" width=\"150\" height=\"150\" src=\"https:\/\/lifetremedal.eu\/wp-content\/uploads\/Detalles-de-la-visita-del-Comite-Tecnico-a-Comeya-7-150x150.jpg\" class=\"attachment-thumbnail size-thumbnail\" alt=\"\" aria-describedby=\"gallery-1-9814\" \/><\/a>\n\t\t\t<\/dt>\n<dd class='wp-caption-text gallery-caption' id='gallery-1-9814'>\n\t\t\t\tDetalles de la visita del Comit\u00e9 T\u00e9cnico a Comeya (7)\n\t\t\t\t<\/dd>\n<\/dl>\n<dl class='gallery-item'>\n<dt class='gallery-icon landscape'>\n\t\t\t\t<a href='https:\/\/lifetremedal.eu\/wp-content\/uploads\/Detalles-de-la-visita-del-Comite-Tecnico-a-Comeya-8.jpg'><img loading=\"lazy\" decoding=\"async\" width=\"150\" height=\"150\" src=\"https:\/\/lifetremedal.eu\/wp-content\/uploads\/Detalles-de-la-visita-del-Comite-Tecnico-a-Comeya-8-150x150.jpg\" class=\"attachment-thumbnail size-thumbnail\" alt=\"\" aria-describedby=\"gallery-1-9818\" \/><\/a>\n\t\t\t<\/dt>\n<dd class='wp-caption-text gallery-caption' id='gallery-1-9818'>\n\t\t\t\tDetalles de la visita del Comit\u00e9 T\u00e9cnico a Comeya (8)\n\t\t\t\t<\/dd>\n<\/dl>\n<dl class='gallery-item'>\n<dt class='gallery-icon landscape'>\n\t\t\t\t<a href='https:\/\/lifetremedal.eu\/wp-content\/uploads\/Detalles-de-la-visita-del-Comite-Tecnico-a-Comeya-9.jpg'><img loading=\"lazy\" decoding=\"async\" width=\"150\" height=\"150\" src=\"https:\/\/lifetremedal.eu\/wp-content\/uploads\/Detalles-de-la-visita-del-Comite-Tecnico-a-Comeya-9-150x150.jpg\" class=\"attachment-thumbnail size-thumbnail\" alt=\"\" aria-describedby=\"gallery-1-9822\" \/><\/a>\n\t\t\t<\/dt>\n<dd class='wp-caption-text gallery-caption' id='gallery-1-9822'>\n\t\t\t\tDetalles de la visita del Comit\u00e9 T\u00e9cnico a Comeya (9)\n\t\t\t\t<\/dd>\n<\/dl>\n<p><br style=\"clear: both\" \/><\/p>\n<dl class='gallery-item'>\n<dt class='gallery-icon landscape'>\n\t\t\t\t<a href='https:\/\/lifetremedal.eu\/wp-content\/uploads\/Detalles-de-la-visita-del-Comite-Tecnico-a-Comeya-10.jpg'><img loading=\"lazy\" decoding=\"async\" width=\"150\" height=\"150\" src=\"https:\/\/lifetremedal.eu\/wp-content\/uploads\/Detalles-de-la-visita-del-Comite-Tecnico-a-Comeya-10-150x150.jpg\" class=\"attachment-thumbnail size-thumbnail\" alt=\"\" aria-describedby=\"gallery-1-9826\" \/><\/a>\n\t\t\t<\/dt>\n<dd class='wp-caption-text gallery-caption' id='gallery-1-9826'>\n\t\t\t\tDetalles de la visita del Comit\u00e9 T\u00e9cnico a Comeya (10)\n\t\t\t\t<\/dd>\n<\/dl>\n<dl class='gallery-item'>\n<dt class='gallery-icon landscape'>\n\t\t\t\t<a href='https:\/\/lifetremedal.eu\/wp-content\/uploads\/Detalles-de-la-visita-del-Comite-Tecnico-a-Comeya-11.jpg'><img loading=\"lazy\" decoding=\"async\" width=\"150\" height=\"150\" src=\"https:\/\/lifetremedal.eu\/wp-content\/uploads\/Detalles-de-la-visita-del-Comite-Tecnico-a-Comeya-11-150x150.jpg\" class=\"attachment-thumbnail size-thumbnail\" alt=\"\" aria-describedby=\"gallery-1-9830\" \/><\/a>\n\t\t\t<\/dt>\n<dd class='wp-caption-text gallery-caption' id='gallery-1-9830'>\n\t\t\t\tDetalles de la visita del Comit\u00e9 T\u00e9cnico a Comeya (11)\n\t\t\t\t<\/dd>\n<\/dl>\n<dl class='gallery-item'>\n<dt class='gallery-icon landscape'>\n\t\t\t\t<a href='https:\/\/lifetremedal.eu\/wp-content\/uploads\/El-Comite-Tecnico-visita-la-turabera-de-la-Vega-de-Comeya.jpg'><img loading=\"lazy\" decoding=\"async\" width=\"150\" height=\"150\" src=\"https:\/\/lifetremedal.eu\/wp-content\/uploads\/El-Comite-Tecnico-visita-la-turabera-de-la-Vega-de-Comeya-150x150.jpg\" class=\"attachment-thumbnail size-thumbnail\" alt=\"\" aria-describedby=\"gallery-1-9834\" \/><\/a>\n\t\t\t<\/dt>\n<dd class='wp-caption-text gallery-caption' id='gallery-1-9834'>\n\t\t\t\tEl Comit\u00e9 T\u00e9cnico visita la turabera de la Vega de Comeya\n\t\t\t\t<\/dd>\n<\/dl>\n<p><br style=\"clear: both\" \/>\n\t\t<\/div>\n","protected":false},"excerpt":{"rendered":"<p>Navarre Basque country \u00a0Asturias PN Picos de Europa \u00a0Galicia General<\/p>\n","protected":false},"author":2,"featured_media":0,"parent":0,"menu_order":0,"comment_status":"open","ping_status":"closed","template":"","meta":{"footnotes":""},"class_list":["post-3945","page","type-page","status-publish","hentry"],"_links":{"self":[{"href":"https:\/\/lifetremedal.eu\/en\/wp-json\/wp\/v2\/pages\/3945","targetHints":{"allow":["GET"]}}],"collection":[{"href":"https:\/\/lifetremedal.eu\/en\/wp-json\/wp\/v2\/pages"}],"about":[{"href":"https:\/\/lifetremedal.eu\/en\/wp-json\/wp\/v2\/types\/page"}],"author":[{"embeddable":true,"href":"https:\/\/lifetremedal.eu\/en\/wp-json\/wp\/v2\/users\/2"}],"replies":[{"embeddable":true,"href":"https:\/\/lifetremedal.eu\/en\/wp-json\/wp\/v2\/comments?post=3945"}],"version-history":[{"count":9,"href":"https:\/\/lifetremedal.eu\/en\/wp-json\/wp\/v2\/pages\/3945\/revisions"}],"predecessor-version":[{"id":6257,"href":"https:\/\/lifetremedal.eu\/en\/wp-json\/wp\/v2\/pages\/3945\/revisions\/6257"}],"wp:attachment":[{"href":"https:\/\/lifetremedal.eu\/en\/wp-json\/wp\/v2\/media?parent=3945"}],"curies":[{"name":"wp","href":"https:\/\/api.w.org\/{rel}","templated":true}]}}